{"id":32957,"date":"2020-06-04T22:21:22","date_gmt":"2020-06-04T22:21:22","guid":{"rendered":"https:\/\/www.labeljoy.com\/?page_id=32957"},"modified":"2024-08-20T15:47:51","modified_gmt":"2024-08-20T15:47:51","slug":"gerar-codigo-de-barras-e-codigo-qr","status":"publish","type":"page","link":"https:\/\/www.labeljoy.com\/pt-pt\/video\/gerar-codigo-de-barras-e-codigo-qr\/","title":{"rendered":"Gerar c\u00f3digo de barras e c\u00f3digo QR"},"content":{"rendered":"<h2>Como Gerar C\u00f3digos de Barras e QRcode<\/h2>\n<p>Labeljoy permite-lhe criar automaticamente 26 tipos diferentes de\u00a0<strong>c\u00f3digos de barras lineares e 2D<\/strong>, para mais informa\u00e7\u00e3o pode ler o nosso\u00a0<a title=\"guia de c\u00f3digo de barras\" href=\"http:\/\/www.labeljoy.com\/pt-pt\/suporte\/guia-codigo-de-barras\/\">guia de c\u00f3digo de barras<\/a>\u00a0e o\u00a0<a title=\"guia de QR code\" href=\"http:\/\/www.labeljoy.com\/pt-pt\/suporte\/guia-codigo-qr\/\">guia de QR code<\/a>. Este v\u00eddeo mostra como \u00e9 f\u00e1cil adicionar c\u00f3digos ou texto que ser\u00e3o codificados em s\u00edmbolos de c\u00f3digo de barras pelo software. Para facilitar o seu trabalho pode\u00a0<a title=\"importar informa\u00e7\u00f5es de bases de dados externas\" href=\"http:\/\/www.labeljoy.com\/pt-pt\/video-soporte\/conectar-dados-externos\/\">importar informa\u00e7\u00f5es de bases de dados externas<\/a>\u00a0e gerar c\u00f3digos de barras com facilidade e rapidez. A &#8220;pr\u00e9-visualiza\u00e7\u00e3o&#8221; tamb\u00e9m permite detectar se o texto inserido est\u00e1 em conformidade com as especifica\u00e7\u00f5es da simbologia que selecionou.<\/p>\n<p>Fa\u00e7a o download do nosso\u00a0<a title=\"modelo de etiquetas de c\u00f3digos de barras\" href=\"http:\/\/www.labeljoy.com\/pt-pt\/modelos\/etiqueta-preco-codigo-barras\/\">modelo de etiquetas de c\u00f3digos de barras de pre\u00e7os<\/a>\u00a0para descobrir o qu\u00e3o f\u00e1cil \u00e9 criar as suas pr\u00f3prias etiquetas personalizadas.<\/p>\n<div class=\"lyte-wrapper\" title=\"Labeljoy 6 - Generate barcodes and QR codes\" style=\"width:640px;max-width:100%;margin:5px;\"><div class=\"lyMe\" id=\"WYL_xMjmSpCD9GM\" itemprop=\"video\" itemscope itemtype=\"https:\/\/schema.org\/VideoObject\"><div><meta itemprop=\"thumbnailUrl\" content=\"https:\/\/www.labeljoy.com\/wp-content\/plugins\/wp-youtube-lyte\/lyteCache.php?origThumbUrl=https%3A%2F%2Fi.ytimg.com%2Fvi%2FxMjmSpCD9GM%2Fhqdefault.jpg\" \/><meta itemprop=\"embedURL\" content=\"https:\/\/www.youtube.com\/embed\/xMjmSpCD9GM\" \/><meta itemprop=\"duration\" content=\"PT2M25S\" \/><meta itemprop=\"uploadDate\" content=\"2018-03-07T22:33:08Z\" \/><\/div><div id=\"lyte_xMjmSpCD9GM\" data-src=\"https:\/\/www.labeljoy.com\/wp-content\/plugins\/wp-youtube-lyte\/lyteCache.php?origThumbUrl=https%3A%2F%2Fi.ytimg.com%2Fvi%2FxMjmSpCD9GM%2Fhqdefault.jpg\" class=\"pL\"><div class=\"tC\"><div class=\"tT\" itemprop=\"name\">Labeljoy 6 - Generate barcodes and QR codes<\/div><\/div><div class=\"play\"><\/div><div class=\"ctrl\"><div class=\"Lctrl\"><\/div><div class=\"Rctrl\"><\/div><\/div><\/div><noscript><a href=\"https:\/\/youtu.be\/xMjmSpCD9GM\" rel=\"nofollow\"><img decoding=\"async\" src=\"https:\/\/www.labeljoy.com\/wp-content\/plugins\/wp-youtube-lyte\/lyteCache.php?origThumbUrl=https%3A%2F%2Fi.ytimg.com%2Fvi%2FxMjmSpCD9GM%2F0.jpg\" alt=\"Labeljoy 6 - Generate barcodes and QR codes\" width=\"640\" height=\"340\" \/><br \/>Watch this video on YouTube<\/a><\/noscript><meta itemprop=\"description\" content=\"Labeljoy allows you to automatically create 26 different types of linear and 2D barcodes. This video shows how to add codes or text to be transformed into barcode symbols by the software. You can also import data from external data sources to generate barcodes automatically, in bulk. The software automatically detects if the text or code you entered complies with the specifications of the selected symbology. Download our barcode price tag template to find out how easily you can create custom labels. https:\/\/www.labeljoy.com\/templates\/barcode-label\/ For more information, please refer to our Barcode guide and our QR code guide: https:\/\/www.labeljoy.com\/help-lj6\/managing-barcodes\/\"><\/div><\/div><div class=\"lL\" style=\"max-width:100%;width:640px;margin:5px;\"><\/div>\n<div class=\"lj-video-button hide\">\n  <a href=\"https:\/\/www.youtube.com\/embed\/xMjmSpCD9GM?rel=0&autoplay=1\" data-featherlight=\"iframe\" data-featherlight-iframe-width=\"800\" data-featherlight-iframe-height=\"610\" data-featherlight-iframe-frameborder=\"0\" data-featherlight-iframe-allow=\"autoplay; encrypted-media\" data-featherlight-iframe-allowfullscreen=\"true\" title=\"Reproduza o tutorial em v\u00eddeo\">Reproduza o tutorial em v\u00eddeo <i class=\"fa fa-play-circle fa-2x\"><\/i><\/a>\n<\/div>\n<p style=\"text-align:center\">Veja tamb\u00e9m o tutorial:<\/p>\n<ul class=\"lp-2013 clearfix\">\n<li style=\"float:none\">\n<a style=\"margin: 0 auto\" title=\"Gerar c\u00f3digos de barras GS1-128\" href=\"http:\/\/www.labeljoy.com\/pt-pt\/suporte\/como-fazer\/gerar-codigos-de-barras-gs1-128\/\"> <span class=\"lp-2013-title\">Gerar c\u00f3digos GS1-128<\/span><span class=\"lp-2013-description\">&#8211; Gera\u00e7\u00e3o autom\u00e1tica<br \/>&#8211; N\u00famero GTIN<br \/>&#8211; Importar do Excel<\/span><img decoding=\"async\" width=\"48\" height=\"48\" src=\"http:\/\/www.labeljoy.com\/images\/how-to\/icons\/gs1-128.png\" alt=\"gs1 barcode icon\"><\/a>\n<\/li>\n<\/ul>\n","protected":false},"excerpt":{"rendered":"<p>Como Gerar C\u00f3digos de Barras e QRcode Labeljoy permite-lhe criar automaticamente tipos diferentes de\u00a0c\u00f3digos de barras lineares e 2D, para mais informa\u00e7\u00e3o pode ler o nosso\u00a0guia de c\u00f3digo de barras\u00a0e o\u00a0guia de QR code. Este v\u00eddeo mostra como \u00e9 f\u00e1cil adicionar c\u00f3digos ou texto que ser\u00e3o codificados em s\u00edmbolos de c\u00f3digo de barras pelo software. &#8230; <a title=\"Gerar c\u00f3digo de barras e c\u00f3digo QR\" class=\"read-more\" href=\"https:\/\/www.labeljoy.com\/pt-pt\/video\/gerar-codigo-de-barras-e-codigo-qr\/\" aria-label=\"Leia mais sobre Gerar c\u00f3digo de barras e c\u00f3digo QR\">Read more<\/a><\/p>\n","protected":false},"author":12,"featured_media":0,"parent":32926,"menu_order":0,"comment_status":"closed","ping_status":"closed","template":"","meta":{"inline_featured_image":false,"_monsterinsights_skip_tracking":false,"_monsterinsights_sitenote_active":false,"_monsterinsights_sitenote_note":"","_monsterinsights_sitenote_category":0,"footnotes":""},"class_list":{"0":"post-32957","1":"page","2":"type-page","3":"status-publish","5":"infinite-scroll-item"},"aioseo_notices":[],"_links":{"self":[{"href":"https:\/\/www.labeljoy.com\/pt-pt\/wp-json\/wp\/v2\/pages\/32957","targetHints":{"allow":["GET"]}}],"collection":[{"href":"https:\/\/www.labeljoy.com\/pt-pt\/wp-json\/wp\/v2\/pages"}],"about":[{"href":"https:\/\/www.labeljoy.com\/pt-pt\/wp-json\/wp\/v2\/types\/page"}],"author":[{"embeddable":true,"href":"https:\/\/www.labeljoy.com\/pt-pt\/wp-json\/wp\/v2\/users\/12"}],"replies":[{"embeddable":true,"href":"https:\/\/www.labeljoy.com\/pt-pt\/wp-json\/wp\/v2\/comments?post=32957"}],"version-history":[{"count":3,"href":"https:\/\/www.labeljoy.com\/pt-pt\/wp-json\/wp\/v2\/pages\/32957\/revisions"}],"predecessor-version":[{"id":41390,"href":"https:\/\/www.labeljoy.com\/pt-pt\/wp-json\/wp\/v2\/pages\/32957\/revisions\/41390"}],"up":[{"embeddable":true,"href":"https:\/\/www.labeljoy.com\/pt-pt\/wp-json\/wp\/v2\/pages\/32926"}],"wp:attachment":[{"href":"https:\/\/www.labeljoy.com\/pt-pt\/wp-json\/wp\/v2\/media?parent=32957"}],"curies":[{"name":"wp","href":"https:\/\/api.w.org\/{rel}","templated":true}]}}