{"id":32961,"date":"2020-06-04T22:23:43","date_gmt":"2020-06-04T22:23:43","guid":{"rendered":"https:\/\/www.labeljoy.com\/?page_id=32961"},"modified":"2021-05-24T12:35:09","modified_gmt":"2021-05-24T12:35:09","slug":"atualizar-dados-ligados-a-etiquetas","status":"publish","type":"page","link":"https:\/\/www.labeljoy.com\/pt-pt\/video\/atualizar-dados-ligados-a-etiquetas\/","title":{"rendered":"Actualiza\u00e7\u00e3o din\u00e2mica de dados"},"content":{"rendered":"<h2>Actualiza\u00e7\u00e3o din\u00e2mica de dados<\/h2>\n<p>Labeljoy permite-lhe<strong>\u00a0facilmente actualizar<\/strong>\u00a0a informa\u00e7\u00e3o ligada a uma base de dados externa. A fun\u00e7\u00e3o de actualiza\u00e7\u00e3o de dados permite poupar tempo e simplifica o seu trabalho.<\/p>\n<div class=\"lyte-wrapper\" title=\"Labeljoy 6 - Dynamic data update\" style=\"width:640px;max-width:100%;margin:5px;\"><div class=\"lyMe\" id=\"WYL_2fbBWQg0L_c\" itemprop=\"video\" itemscope itemtype=\"https:\/\/schema.org\/VideoObject\"><div><meta itemprop=\"thumbnailUrl\" content=\"https:\/\/www.labeljoy.com\/wp-content\/plugins\/wp-youtube-lyte\/lyteCache.php?origThumbUrl=https%3A%2F%2Fi.ytimg.com%2Fvi%2F2fbBWQg0L_c%2Fhqdefault.jpg\" \/><meta itemprop=\"embedURL\" content=\"https:\/\/www.youtube.com\/embed\/2fbBWQg0L_c\" \/><meta itemprop=\"duration\" content=\"PT1M49S\" \/><meta itemprop=\"uploadDate\" content=\"2018-02-28T23:03:24Z\" \/><\/div><div id=\"lyte_2fbBWQg0L_c\" data-src=\"https:\/\/www.labeljoy.com\/wp-content\/plugins\/wp-youtube-lyte\/lyteCache.php?origThumbUrl=https%3A%2F%2Fi.ytimg.com%2Fvi%2F2fbBWQg0L_c%2Fhqdefault.jpg\" class=\"pL\"><div class=\"tC\"><div class=\"tT\" itemprop=\"name\">Labeljoy 6 - Dynamic data update<\/div><\/div><div class=\"play\"><\/div><div class=\"ctrl\"><div class=\"Lctrl\"><\/div><div class=\"Rctrl\"><\/div><\/div><\/div><noscript><a href=\"https:\/\/youtu.be\/2fbBWQg0L_c\" rel=\"nofollow\"><img decoding=\"async\" src=\"https:\/\/www.labeljoy.com\/wp-content\/plugins\/wp-youtube-lyte\/lyteCache.php?origThumbUrl=https%3A%2F%2Fi.ytimg.com%2Fvi%2F2fbBWQg0L_c%2F0.jpg\" alt=\"Labeljoy 6 - Dynamic data update\" width=\"640\" height=\"340\" \/><br \/>Watch this video on YouTube<\/a><\/noscript><meta itemprop=\"description\" content=\"Labeljoy enables you to easily update the data linked to an external database. The data update feature saves you time and simplifies your work. More information in our user guide: https:\/\/www.labeljoy.com\/help-lj6\/updating-the-data-source\/\"><\/div><\/div><div class=\"lL\" style=\"max-width:100%;width:640px;margin:5px;\"><\/div>\n<div class=\"lj-video-button hide\">\n  <a href=\"https:\/\/www.youtube.com\/embed\/2fbBWQg0L_c?rel=0&autoplay=1\" data-featherlight=\"iframe\" data-featherlight-iframe-width=\"800\" data-featherlight-iframe-height=\"610\" data-featherlight-iframe-frameborder=\"0\" data-featherlight-iframe-allow=\"autoplay; encrypted-media\" data-featherlight-iframe-allowfullscreen=\"true\" title=\"Reproduza o tutorial em v\u00eddeo\">Reproduza o tutorial em v\u00eddeo <i class=\"fa fa-play-circle fa-2x\"><\/i><\/a>\n<\/div>\n","protected":false},"excerpt":{"rendered":"<p>Actualiza\u00e7\u00e3o din\u00e2mica de dados Labeljoy permite-lhe\u00a0facilmente actualizar\u00a0a informa\u00e7\u00e3o ligada a uma base de dados externa. A fun\u00e7\u00e3o de actualiza\u00e7\u00e3o de dados permite poupar tempo e simplifica o seu trabalho.<\/p>\n","protected":false},"author":12,"featured_media":0,"parent":32926,"menu_order":0,"comment_status":"open","ping_status":"closed","template":"page-template-left-sidebar.php","meta":{"inline_featured_image":false,"_monsterinsights_skip_tracking":false,"_monsterinsights_sitenote_active":false,"_monsterinsights_sitenote_note":"","_monsterinsights_sitenote_category":0,"footnotes":""},"class_list":{"0":"post-32961","1":"page","2":"type-page","3":"status-publish","5":"infinite-scroll-item"},"aioseo_notices":[],"_links":{"self":[{"href":"https:\/\/www.labeljoy.com\/pt-pt\/wp-json\/wp\/v2\/pages\/32961","targetHints":{"allow":["GET"]}}],"collection":[{"href":"https:\/\/www.labeljoy.com\/pt-pt\/wp-json\/wp\/v2\/pages"}],"about":[{"href":"https:\/\/www.labeljoy.com\/pt-pt\/wp-json\/wp\/v2\/types\/page"}],"author":[{"embeddable":true,"href":"https:\/\/www.labeljoy.com\/pt-pt\/wp-json\/wp\/v2\/users\/12"}],"replies":[{"embeddable":true,"href":"https:\/\/www.labeljoy.com\/pt-pt\/wp-json\/wp\/v2\/comments?post=32961"}],"version-history":[{"count":3,"href":"https:\/\/www.labeljoy.com\/pt-pt\/wp-json\/wp\/v2\/pages\/32961\/revisions"}],"predecessor-version":[{"id":35840,"href":"https:\/\/www.labeljoy.com\/pt-pt\/wp-json\/wp\/v2\/pages\/32961\/revisions\/35840"}],"up":[{"embeddable":true,"href":"https:\/\/www.labeljoy.com\/pt-pt\/wp-json\/wp\/v2\/pages\/32926"}],"wp:attachment":[{"href":"https:\/\/www.labeljoy.com\/pt-pt\/wp-json\/wp\/v2\/media?parent=32961"}],"curies":[{"name":"wp","href":"https:\/\/api.w.org\/{rel}","templated":true}]}}