{"id":32965,"date":"2020-06-04T22:26:13","date_gmt":"2020-06-04T22:26:13","guid":{"rendered":"https:\/\/www.labeljoy.com\/?page_id=32965"},"modified":"2021-05-24T12:36:06","modified_gmt":"2021-05-24T12:36:06","slug":"contadores-incrementais","status":"publish","type":"page","link":"https:\/\/www.labeljoy.com\/pt-pt\/video\/contadores-incrementais\/","title":{"rendered":"Contadores incrementais"},"content":{"rendered":"<h2>Como usar Contadores Incrementais<\/h2>\n<p>Neste v\u00eddeo pode aprender a usar\u00a0<strong>contadores incrementais<\/strong> e fun\u00e7\u00f5es de\u00a0<strong>texto din\u00e2mico<\/strong>. Por exemplo, inserir a data, horas, n\u00famero de p\u00e1ginas ou n\u00famero de etiquetas em apenas alguns cliques. Estas\u00a0<a title=\"fun\u00e7\u00f5es\" href=\"http:\/\/www.labeljoy.com\/pt-pt\/funcionalidades\/\">fun\u00e7\u00f5es<\/a>\u00a0permitem-no personalizar facilmente etiquetas profissionais e criar o seu projecto mais r\u00e1pido.<\/p>\n<div class=\"lyte-wrapper\" title=\"Labeljoy 6 - How to use incremental counters\" style=\"width:640px;max-width:100%;margin:5px;\"><div class=\"lyMe\" id=\"WYL_F3fo19ZKPLs\" itemprop=\"video\" itemscope itemtype=\"https:\/\/schema.org\/VideoObject\"><div><meta itemprop=\"thumbnailUrl\" content=\"https:\/\/www.labeljoy.com\/wp-content\/plugins\/wp-youtube-lyte\/lyteCache.php?origThumbUrl=https%3A%2F%2Fi.ytimg.com%2Fvi%2FF3fo19ZKPLs%2Fhqdefault.jpg\" \/><meta itemprop=\"embedURL\" content=\"https:\/\/www.youtube.com\/embed\/F3fo19ZKPLs\" \/><meta itemprop=\"duration\" content=\"PT2M8S\" \/><meta itemprop=\"uploadDate\" content=\"2018-03-01T00:18:35Z\" \/><\/div><div id=\"lyte_F3fo19ZKPLs\" data-src=\"https:\/\/www.labeljoy.com\/wp-content\/plugins\/wp-youtube-lyte\/lyteCache.php?origThumbUrl=https%3A%2F%2Fi.ytimg.com%2Fvi%2FF3fo19ZKPLs%2Fhqdefault.jpg\" class=\"pL\"><div class=\"tC\"><div class=\"tT\" itemprop=\"name\">Labeljoy 6 - How to use incremental counters<\/div><\/div><div class=\"play\"><\/div><div class=\"ctrl\"><div class=\"Lctrl\"><\/div><div class=\"Rctrl\"><\/div><\/div><\/div><noscript><a href=\"https:\/\/youtu.be\/F3fo19ZKPLs\" rel=\"nofollow\"><img decoding=\"async\" src=\"https:\/\/www.labeljoy.com\/wp-content\/plugins\/wp-youtube-lyte\/lyteCache.php?origThumbUrl=https%3A%2F%2Fi.ytimg.com%2Fvi%2FF3fo19ZKPLs%2F0.jpg\" alt=\"Labeljoy 6 - How to use incremental counters\" width=\"640\" height=\"340\" \/><br \/>Watch this video on YouTube<\/a><\/noscript><meta itemprop=\"description\" content=\"This video shows you how to use incremental counters and the dynamic text feature in text or barcode items. With incremental counters, you can print hundreds of barcode labels in succession without typing the codes manually. If you want to learn more, take a look at this tutorial: https:\/\/www.labeljoy.com\/support\/how-to\/incremental-counters\/\"><\/div><\/div><div class=\"lL\" style=\"max-width:100%;width:640px;margin:5px;\"><\/div>\n<div class=\"lj-video-button hide\">\n  <a href=\"https:\/\/www.youtube.com\/embed\/F3fo19ZKPLs?rel=0&autoplay=1\" data-featherlight=\"iframe\" data-featherlight-iframe-width=\"800\" data-featherlight-iframe-height=\"610\" data-featherlight-iframe-frameborder=\"0\" data-featherlight-iframe-allow=\"autoplay; encrypted-media\" data-featherlight-iframe-allowfullscreen=\"true\" title=\"Reproduza o tutorial em v\u00eddeo\">Reproduza o tutorial em v\u00eddeo <i class=\"fa fa-play-circle fa-2x\"><\/i><\/a>\n<\/div>\n<div style=\"text-align:center\">\nVeja tamb\u00e9m:<\/p>\n<p><a target=\"_self\" class=\"jumbo grey tt-button\" href=\"http:\/\/www.labeljoy.com\/help\/manage-counters\/\" title=\"Contadores incrementais\" rel=\"noopener noreferrer\">Guia de ajuda &#8211; Contadores incrementais <\/a>\n<\/div>\n","protected":false},"excerpt":{"rendered":"<p>Como usar Contadores Incrementais Neste v\u00eddeo pode aprender a usar\u00a0contadores incrementais e fun\u00e7\u00f5es de\u00a0texto din\u00e2mico. Por exemplo, inserir a data, horas, n\u00famero de p\u00e1ginas ou n\u00famero de etiquetas em apenas alguns cliques. Estas\u00a0fun\u00e7\u00f5es\u00a0permitem-no personalizar facilmente etiquetas profissionais e criar o seu projecto mais r\u00e1pido. Veja tamb\u00e9m: Guia de ajuda &#8211; Contadores incrementais<\/p>\n","protected":false},"author":12,"featured_media":0,"parent":32926,"menu_order":0,"comment_status":"open","ping_status":"closed","template":"page-template-left-sidebar.php","meta":{"inline_featured_image":false,"_monsterinsights_skip_tracking":false,"_monsterinsights_sitenote_active":false,"_monsterinsights_sitenote_note":"","_monsterinsights_sitenote_category":0,"footnotes":""},"class_list":{"0":"post-32965","1":"page","2":"type-page","3":"status-publish","5":"infinite-scroll-item"},"aioseo_notices":[],"_links":{"self":[{"href":"https:\/\/www.labeljoy.com\/pt-pt\/wp-json\/wp\/v2\/pages\/32965","targetHints":{"allow":["GET"]}}],"collection":[{"href":"https:\/\/www.labeljoy.com\/pt-pt\/wp-json\/wp\/v2\/pages"}],"about":[{"href":"https:\/\/www.labeljoy.com\/pt-pt\/wp-json\/wp\/v2\/types\/page"}],"author":[{"embeddable":true,"href":"https:\/\/www.labeljoy.com\/pt-pt\/wp-json\/wp\/v2\/users\/12"}],"replies":[{"embeddable":true,"href":"https:\/\/www.labeljoy.com\/pt-pt\/wp-json\/wp\/v2\/comments?post=32965"}],"version-history":[{"count":4,"href":"https:\/\/www.labeljoy.com\/pt-pt\/wp-json\/wp\/v2\/pages\/32965\/revisions"}],"predecessor-version":[{"id":35842,"href":"https:\/\/www.labeljoy.com\/pt-pt\/wp-json\/wp\/v2\/pages\/32965\/revisions\/35842"}],"up":[{"embeddable":true,"href":"https:\/\/www.labeljoy.com\/pt-pt\/wp-json\/wp\/v2\/pages\/32926"}],"wp:attachment":[{"href":"https:\/\/www.labeljoy.com\/pt-pt\/wp-json\/wp\/v2\/media?parent=32965"}],"curies":[{"name":"wp","href":"https:\/\/api.w.org\/{rel}","templated":true}]}}