{"id":32969,"date":"2020-06-04T22:28:29","date_gmt":"2020-06-04T22:28:29","guid":{"rendered":"https:\/\/www.labeljoy.com\/?page_id=32969"},"modified":"2021-05-24T12:36:40","modified_gmt":"2021-05-24T12:36:40","slug":"definir-o-numero-de-etiquetas-da-fonte-de-dados","status":"publish","type":"page","link":"https:\/\/www.labeljoy.com\/pt-pt\/video\/definir-o-numero-de-etiquetas-da-fonte-de-dados\/","title":{"rendered":"Definir o n\u00famero de etiquetas do ficheiro de origem dos dados"},"content":{"rendered":"<h2>Como Definir o n\u00famero de etiquetas do ficheiro de origem dos dados<\/h2>\n<p>Esta fun\u00e7\u00e3o \u00e9 \u00fatil quando o <strong>n\u00famero de etiquetas a serem impressas \u00e9 armazenado na base de dados<\/strong> que precisa importar. A qualquer momento voc\u00ea pode, de forma din\u00e2mica, atualizar o n\u00famero de etiquetas, alterando diretamente o valor na base de dados.<\/p>\n<p>Para mais informa\u00e7\u00f5es veja o v\u00eddeo tutorial <a href=\"http:\/\/www.labeljoy.com\/pt-pt\/video-soporte\/conectar-dados-externos\/\" title=\"Conectar fontes de dados externas\">como conectar a bases de dados externas<\/a> e <a href=\"http:\/\/www.labeljoy.com\/pt-pt\/video-soporte\/actualizacao-dinamica\/\" title=\"Atualizar dados ligados a etiquetas\">como actualizar os campos de etiqueta dinamicamente<\/a>.<\/p>\n<div class=\"lyte-wrapper\" title=\"Labeljoy 6 - How to set number of labels from data source file\" style=\"width:640px;max-width:100%;margin:5px;\"><div class=\"lyMe\" id=\"WYL_HEUCSRqX6Iw\" itemprop=\"video\" itemscope itemtype=\"https:\/\/schema.org\/VideoObject\"><div><meta itemprop=\"thumbnailUrl\" content=\"https:\/\/www.labeljoy.com\/wp-content\/plugins\/wp-youtube-lyte\/lyteCache.php?origThumbUrl=https%3A%2F%2Fi.ytimg.com%2Fvi%2FHEUCSRqX6Iw%2Fhqdefault.jpg\" \/><meta itemprop=\"embedURL\" content=\"https:\/\/www.youtube.com\/embed\/HEUCSRqX6Iw\" \/><meta itemprop=\"duration\" content=\"PT2M49S\" \/><meta itemprop=\"uploadDate\" content=\"2018-02-27T23:19:49Z\" \/><\/div><div id=\"lyte_HEUCSRqX6Iw\" data-src=\"https:\/\/www.labeljoy.com\/wp-content\/plugins\/wp-youtube-lyte\/lyteCache.php?origThumbUrl=https%3A%2F%2Fi.ytimg.com%2Fvi%2FHEUCSRqX6Iw%2Fhqdefault.jpg\" class=\"pL\"><div class=\"tC\"><div class=\"tT\" itemprop=\"name\">Labeljoy 6 - How to set number of labels from data source file<\/div><\/div><div class=\"play\"><\/div><div class=\"ctrl\"><div class=\"Lctrl\"><\/div><div class=\"Rctrl\"><\/div><\/div><\/div><noscript><a href=\"https:\/\/youtu.be\/HEUCSRqX6Iw\" rel=\"nofollow\"><img decoding=\"async\" src=\"https:\/\/www.labeljoy.com\/wp-content\/plugins\/wp-youtube-lyte\/lyteCache.php?origThumbUrl=https%3A%2F%2Fi.ytimg.com%2Fvi%2FHEUCSRqX6Iw%2F0.jpg\" alt=\"Labeljoy 6 - How to set number of labels from data source file\" width=\"640\" height=\"340\" \/><br \/>Watch this video on YouTube<\/a><\/noscript><meta itemprop=\"description\" content=\"This function is useful when the number of labels to be printed is stored in the database you need to import. At any time you can dynamically update the number of labels, directly changing the value on the database. For more information, please see here: https:\/\/www.labeljoy.com\/help-lj6\/linking-a-set-to-a-data-source\/\"><\/div><\/div><div class=\"lL\" style=\"max-width:100%;width:640px;margin:5px;\"><\/div>\n<div class=\"lj-video-button hide\">\n  <a href=\"https:\/\/www.youtube.com\/embed\/HEUCSRqX6Iw?rel=0&autoplay=1\" data-featherlight=\"iframe\" data-featherlight-iframe-width=\"800\" data-featherlight-iframe-height=\"610\" data-featherlight-iframe-frameborder=\"0\" data-featherlight-iframe-allow=\"autoplay; encrypted-media\" data-featherlight-iframe-allowfullscreen=\"true\" title=\"Reproduza o tutorial em v\u00eddeo\">Reproduza o tutorial em v\u00eddeo <i class=\"fa fa-play-circle fa-2x\"><\/i><\/a>\n<\/div>\n","protected":false},"excerpt":{"rendered":"<p>Como Definir o n\u00famero de etiquetas do ficheiro de origem dos dados Esta fun\u00e7\u00e3o \u00e9 \u00fatil quando o n\u00famero de etiquetas a serem impressas \u00e9 armazenado na base de dados que precisa importar. A qualquer momento voc\u00ea pode, de forma din\u00e2mica, atualizar o n\u00famero de etiquetas, alterando diretamente o valor na base de dados. Para &#8230; <a title=\"Definir o n\u00famero de etiquetas do ficheiro de origem dos dados\" class=\"read-more\" href=\"https:\/\/www.labeljoy.com\/pt-pt\/video\/definir-o-numero-de-etiquetas-da-fonte-de-dados\/\" aria-label=\"Leia mais sobre Definir o n\u00famero de etiquetas do ficheiro de origem dos dados\">Read more<\/a><\/p>\n","protected":false},"author":12,"featured_media":0,"parent":32926,"menu_order":0,"comment_status":"open","ping_status":"closed","template":"page-template-left-sidebar.php","meta":{"inline_featured_image":false,"_monsterinsights_skip_tracking":false,"_monsterinsights_sitenote_active":false,"_monsterinsights_sitenote_note":"","_monsterinsights_sitenote_category":0,"footnotes":""},"class_list":{"0":"post-32969","1":"page","2":"type-page","3":"status-publish","5":"infinite-scroll-item"},"aioseo_notices":[],"_links":{"self":[{"href":"https:\/\/www.labeljoy.com\/pt-pt\/wp-json\/wp\/v2\/pages\/32969","targetHints":{"allow":["GET"]}}],"collection":[{"href":"https:\/\/www.labeljoy.com\/pt-pt\/wp-json\/wp\/v2\/pages"}],"about":[{"href":"https:\/\/www.labeljoy.com\/pt-pt\/wp-json\/wp\/v2\/types\/page"}],"author":[{"embeddable":true,"href":"https:\/\/www.labeljoy.com\/pt-pt\/wp-json\/wp\/v2\/users\/12"}],"replies":[{"embeddable":true,"href":"https:\/\/www.labeljoy.com\/pt-pt\/wp-json\/wp\/v2\/comments?post=32969"}],"version-history":[{"count":3,"href":"https:\/\/www.labeljoy.com\/pt-pt\/wp-json\/wp\/v2\/pages\/32969\/revisions"}],"predecessor-version":[{"id":35843,"href":"https:\/\/www.labeljoy.com\/pt-pt\/wp-json\/wp\/v2\/pages\/32969\/revisions\/35843"}],"up":[{"embeddable":true,"href":"https:\/\/www.labeljoy.com\/pt-pt\/wp-json\/wp\/v2\/pages\/32926"}],"wp:attachment":[{"href":"https:\/\/www.labeljoy.com\/pt-pt\/wp-json\/wp\/v2\/media?parent=32969"}],"curies":[{"name":"wp","href":"https:\/\/api.w.org\/{rel}","templated":true}]}}