{"id":32977,"date":"2020-06-04T22:33:45","date_gmt":"2020-06-04T22:33:45","guid":{"rendered":"https:\/\/www.labeljoy.com\/?page_id=32977"},"modified":"2021-05-24T12:38:06","modified_gmt":"2021-05-24T12:38:06","slug":"importar-datas-da-area-de-transferencia","status":"publish","type":"page","link":"https:\/\/www.labeljoy.com\/pt-pt\/video\/importar-datas-da-area-de-transferencia\/","title":{"rendered":"Importa\u00e7\u00e3o de dados da prancheta para as etiquetas"},"content":{"rendered":"<h2>Como importar dados da prancheta para as etiquetas<\/h2>\n<p>V\u00eddeo tutorial mostra como <strong>importar dados da \u00e1rea de transfer\u00eancia no Windows<\/strong> para r\u00f3tulos. Basta copiar o texto selecionado, siga as instru\u00e7\u00f5es do assistente para importar datas, e entrar no campo de r\u00f3tulos.<\/p>\n<div class=\"lyte-wrapper\" title=\"Labeljoy 6 - Import data from the clipboard\" style=\"width:640px;max-width:100%;margin:5px;\"><div class=\"lyMe\" id=\"WYL_rDDaldiCxY4\" itemprop=\"video\" itemscope itemtype=\"https:\/\/schema.org\/VideoObject\"><div><meta itemprop=\"thumbnailUrl\" content=\"https:\/\/www.labeljoy.com\/wp-content\/plugins\/wp-youtube-lyte\/lyteCache.php?origThumbUrl=https%3A%2F%2Fi.ytimg.com%2Fvi%2FrDDaldiCxY4%2Fhqdefault.jpg\" \/><meta itemprop=\"embedURL\" content=\"https:\/\/www.youtube.com\/embed\/rDDaldiCxY4\" \/><meta itemprop=\"duration\" content=\"PT1M34S\" \/><meta itemprop=\"uploadDate\" content=\"2018-02-28T00:15:23Z\" \/><\/div><div id=\"lyte_rDDaldiCxY4\" data-src=\"https:\/\/www.labeljoy.com\/wp-content\/plugins\/wp-youtube-lyte\/lyteCache.php?origThumbUrl=https%3A%2F%2Fi.ytimg.com%2Fvi%2FrDDaldiCxY4%2Fhqdefault.jpg\" class=\"pL\"><div class=\"tC\"><div class=\"tT\" itemprop=\"name\">Labeljoy 6 - Import data from the clipboard<\/div><\/div><div class=\"play\"><\/div><div class=\"ctrl\"><div class=\"Lctrl\"><\/div><div class=\"Rctrl\"><\/div><\/div><\/div><noscript><a href=\"https:\/\/youtu.be\/rDDaldiCxY4\" rel=\"nofollow\"><img decoding=\"async\" src=\"https:\/\/www.labeljoy.com\/wp-content\/plugins\/wp-youtube-lyte\/lyteCache.php?origThumbUrl=https%3A%2F%2Fi.ytimg.com%2Fvi%2FrDDaldiCxY4%2F0.jpg\" alt=\"Labeljoy 6 - Import data from the clipboard\" width=\"640\" height=\"340\" \/><br \/>Watch this video on YouTube<\/a><\/noscript><meta itemprop=\"description\" content=\"This video tutorial shows you how to import data from the pasted to the Windows clipboard and link it to your labels. Copy the selected text, follow the instructions in the data source wizard, and add the fields to the label. Learn more here: https:\/\/www.labeljoy.com\/help-lj6\/linking-a-set-to-a-data-source\/\"><\/div><\/div><div class=\"lL\" style=\"max-width:100%;width:640px;margin:5px;\"><\/div>\n<div class=\"lj-video-button hide\">\n  <a href=\"https:\/\/www.youtube.com\/embed\/rDDaldiCxY4?rel=0&autoplay=1\" data-featherlight=\"iframe\" data-featherlight-iframe-width=\"800\" data-featherlight-iframe-height=\"610\" data-featherlight-iframe-frameborder=\"0\" data-featherlight-iframe-allow=\"autoplay; encrypted-media\" data-featherlight-iframe-allowfullscreen=\"true\" title=\"Reproduza o tutorial em v\u00eddeo\">Reproduza o tutorial em v\u00eddeo <i class=\"fa fa-play-circle fa-2x\"><\/i><\/a>\n<\/div>\n","protected":false},"excerpt":{"rendered":"<p>Como importar dados da prancheta para as etiquetas V\u00eddeo tutorial mostra como importar dados da \u00e1rea de transfer\u00eancia no Windows para r\u00f3tulos. Basta copiar o texto selecionado, siga as instru\u00e7\u00f5es do assistente para importar datas, e entrar no campo de r\u00f3tulos.<\/p>\n","protected":false},"author":12,"featured_media":0,"parent":32926,"menu_order":0,"comment_status":"open","ping_status":"closed","template":"page-template-left-sidebar.php","meta":{"inline_featured_image":false,"_monsterinsights_skip_tracking":false,"_monsterinsights_sitenote_active":false,"_monsterinsights_sitenote_note":"","_monsterinsights_sitenote_category":0,"footnotes":""},"class_list":{"0":"post-32977","1":"page","2":"type-page","3":"status-publish","5":"infinite-scroll-item"},"aioseo_notices":[],"_links":{"self":[{"href":"https:\/\/www.labeljoy.com\/pt-pt\/wp-json\/wp\/v2\/pages\/32977","targetHints":{"allow":["GET"]}}],"collection":[{"href":"https:\/\/www.labeljoy.com\/pt-pt\/wp-json\/wp\/v2\/pages"}],"about":[{"href":"https:\/\/www.labeljoy.com\/pt-pt\/wp-json\/wp\/v2\/types\/page"}],"author":[{"embeddable":true,"href":"https:\/\/www.labeljoy.com\/pt-pt\/wp-json\/wp\/v2\/users\/12"}],"replies":[{"embeddable":true,"href":"https:\/\/www.labeljoy.com\/pt-pt\/wp-json\/wp\/v2\/comments?post=32977"}],"version-history":[{"count":3,"href":"https:\/\/www.labeljoy.com\/pt-pt\/wp-json\/wp\/v2\/pages\/32977\/revisions"}],"predecessor-version":[{"id":35845,"href":"https:\/\/www.labeljoy.com\/pt-pt\/wp-json\/wp\/v2\/pages\/32977\/revisions\/35845"}],"up":[{"embeddable":true,"href":"https:\/\/www.labeljoy.com\/pt-pt\/wp-json\/wp\/v2\/pages\/32926"}],"wp:attachment":[{"href":"https:\/\/www.labeljoy.com\/pt-pt\/wp-json\/wp\/v2\/media?parent=32977"}],"curies":[{"name":"wp","href":"https:\/\/api.w.org\/{rel}","templated":true}]}}