{"id":32981,"date":"2020-06-04T22:36:04","date_gmt":"2020-06-04T22:36:04","guid":{"rendered":"https:\/\/www.labeljoy.com\/?page_id=32981"},"modified":"2021-05-24T12:39:55","modified_gmt":"2021-05-24T12:39:55","slug":"referencias","status":"publish","type":"page","link":"https:\/\/www.labeljoy.com\/pt-pt\/video\/referencias\/","title":{"rendered":"Criar refer\u00eancias nas etiquetas"},"content":{"rendered":"<h2>Como criar refer\u00eancias nas etiquetas<\/h2>\n<p>Este v\u00eddeo mostra como inserir refer\u00eancias a data, nomes de arquivos, nomes de grupos as nossas etiquetas. Cria facilmente etiquetas profissionais sem ter de introduzir dados manualmente.<\/p>\n<div class=\"lyte-wrapper\" title=\"Labeljoy 6 - How to enter references on labels\" style=\"width:640px;max-width:100%;margin:5px;\"><div class=\"lyMe\" id=\"WYL_WefFnyLdhBM\" itemprop=\"video\" itemscope itemtype=\"https:\/\/schema.org\/VideoObject\"><div><meta itemprop=\"thumbnailUrl\" content=\"https:\/\/www.labeljoy.com\/wp-content\/plugins\/wp-youtube-lyte\/lyteCache.php?origThumbUrl=https%3A%2F%2Fi.ytimg.com%2Fvi%2FWefFnyLdhBM%2Fhqdefault.jpg\" \/><meta itemprop=\"embedURL\" content=\"https:\/\/www.youtube.com\/embed\/WefFnyLdhBM\" \/><meta itemprop=\"duration\" content=\"PT2M6S\" \/><meta itemprop=\"uploadDate\" content=\"2018-02-27T23:11:22Z\" \/><\/div><div id=\"lyte_WefFnyLdhBM\" data-src=\"https:\/\/www.labeljoy.com\/wp-content\/plugins\/wp-youtube-lyte\/lyteCache.php?origThumbUrl=https%3A%2F%2Fi.ytimg.com%2Fvi%2FWefFnyLdhBM%2Fhqdefault.jpg\" class=\"pL\"><div class=\"tC\"><div class=\"tT\" itemprop=\"name\">Labeljoy 6 - How to enter references on labels<\/div><\/div><div class=\"play\"><\/div><div class=\"ctrl\"><div class=\"Lctrl\"><\/div><div class=\"Rctrl\"><\/div><\/div><\/div><noscript><a href=\"https:\/\/youtu.be\/WefFnyLdhBM\" rel=\"nofollow\"><img decoding=\"async\" src=\"https:\/\/www.labeljoy.com\/wp-content\/plugins\/wp-youtube-lyte\/lyteCache.php?origThumbUrl=https%3A%2F%2Fi.ytimg.com%2Fvi%2FWefFnyLdhBM%2F0.jpg\" alt=\"Labeljoy 6 - How to enter references on labels\" width=\"640\" height=\"340\" \/><br \/>Watch this video on YouTube<\/a><\/noscript><meta itemprop=\"description\" content=\"This video shows how to enter references to date, file names, and group names on our labels. Easily create professional labels without having to enter data manually. Learn more about references: https:\/\/www.labeljoy.com\/help-lj6\/manage-references\/\"><\/div><\/div><div class=\"lL\" style=\"max-width:100%;width:640px;margin:5px;\"><\/div>\n<div class=\"lj-video-button hide\">\n  <a href=\"https:\/\/www.youtube.com\/embed\/WefFnyLdhBM?rel=0&autoplay=1\" data-featherlight=\"iframe\" data-featherlight-iframe-width=\"800\" data-featherlight-iframe-height=\"610\" data-featherlight-iframe-frameborder=\"0\" data-featherlight-iframe-allow=\"autoplay; encrypted-media\" data-featherlight-iframe-allowfullscreen=\"true\" title=\"Reproduza o tutorial em v\u00eddeo\">Reproduza o tutorial em v\u00eddeo <i class=\"fa fa-play-circle fa-2x\"><\/i><\/a>\n<\/div>\n","protected":false},"excerpt":{"rendered":"<p>Como criar refer\u00eancias nas etiquetas Este v\u00eddeo mostra como inserir refer\u00eancias a data, nomes de arquivos, nomes de grupos as nossas etiquetas. Cria facilmente etiquetas profissionais sem ter de introduzir dados manualmente.<\/p>\n","protected":false},"author":12,"featured_media":0,"parent":32926,"menu_order":0,"comment_status":"open","ping_status":"closed","template":"page-template-left-sidebar.php","meta":{"inline_featured_image":false,"_monsterinsights_skip_tracking":false,"_monsterinsights_sitenote_active":false,"_monsterinsights_sitenote_note":"","_monsterinsights_sitenote_category":0,"footnotes":""},"class_list":{"0":"post-32981","1":"page","2":"type-page","3":"status-publish","5":"infinite-scroll-item"},"aioseo_notices":[],"_links":{"self":[{"href":"https:\/\/www.labeljoy.com\/pt-pt\/wp-json\/wp\/v2\/pages\/32981","targetHints":{"allow":["GET"]}}],"collection":[{"href":"https:\/\/www.labeljoy.com\/pt-pt\/wp-json\/wp\/v2\/pages"}],"about":[{"href":"https:\/\/www.labeljoy.com\/pt-pt\/wp-json\/wp\/v2\/types\/page"}],"author":[{"embeddable":true,"href":"https:\/\/www.labeljoy.com\/pt-pt\/wp-json\/wp\/v2\/users\/12"}],"replies":[{"embeddable":true,"href":"https:\/\/www.labeljoy.com\/pt-pt\/wp-json\/wp\/v2\/comments?post=32981"}],"version-history":[{"count":4,"href":"https:\/\/www.labeljoy.com\/pt-pt\/wp-json\/wp\/v2\/pages\/32981\/revisions"}],"predecessor-version":[{"id":35846,"href":"https:\/\/www.labeljoy.com\/pt-pt\/wp-json\/wp\/v2\/pages\/32981\/revisions\/35846"}],"up":[{"embeddable":true,"href":"https:\/\/www.labeljoy.com\/pt-pt\/wp-json\/wp\/v2\/pages\/32926"}],"wp:attachment":[{"href":"https:\/\/www.labeljoy.com\/pt-pt\/wp-json\/wp\/v2\/media?parent=32981"}],"curies":[{"name":"wp","href":"https:\/\/api.w.org\/{rel}","templated":true}]}}