{"id":32985,"date":"2020-06-04T22:38:59","date_gmt":"2020-06-04T22:38:59","guid":{"rendered":"https:\/\/www.labeljoy.com\/?page_id=32985"},"modified":"2021-05-24T12:40:55","modified_gmt":"2021-05-24T12:40:55","slug":"conectar-banco-de-dados-access","status":"publish","type":"page","link":"https:\/\/www.labeljoy.com\/pt-pt\/video\/conectar-banco-de-dados-access\/","title":{"rendered":"Importa\u00e7\u00e3o de imagens de Access"},"content":{"rendered":"<h2>Importa\u00e7\u00e3o de imagens de uma base de dados Access para Labeljoy<\/h2>\n<p>Este v\u00eddeo tutorial mostra como importar dados de um banco de dados Access. Em detalhe, mostra duas formas de importar imagens: quando eles est\u00e3o incorporados no arquivo de acesso e quando eles residem em seu PC.<\/p>\n<div class=\"lyte-wrapper\" title=\"Labeljoy 6 - How to import images from an Access Database\" style=\"width:640px;max-width:100%;margin:5px;\"><div class=\"lyMe\" id=\"WYL_8YzLLq9rd_4\" itemprop=\"video\" itemscope itemtype=\"https:\/\/schema.org\/VideoObject\"><div><meta itemprop=\"thumbnailUrl\" content=\"https:\/\/www.labeljoy.com\/wp-content\/plugins\/wp-youtube-lyte\/lyteCache.php?origThumbUrl=https%3A%2F%2Fi.ytimg.com%2Fvi%2F8YzLLq9rd_4%2Fhqdefault.jpg\" \/><meta itemprop=\"embedURL\" content=\"https:\/\/www.youtube.com\/embed\/8YzLLq9rd_4\" \/><meta itemprop=\"duration\" content=\"PT3M50S\" \/><meta itemprop=\"uploadDate\" content=\"2018-02-27T23:57:02Z\" \/><\/div><div id=\"lyte_8YzLLq9rd_4\" data-src=\"https:\/\/www.labeljoy.com\/wp-content\/plugins\/wp-youtube-lyte\/lyteCache.php?origThumbUrl=https%3A%2F%2Fi.ytimg.com%2Fvi%2F8YzLLq9rd_4%2Fhqdefault.jpg\" class=\"pL\"><div class=\"tC\"><div class=\"tT\" itemprop=\"name\">Labeljoy 6 - How to import images from an Access Database<\/div><\/div><div class=\"play\"><\/div><div class=\"ctrl\"><div class=\"Lctrl\"><\/div><div class=\"Rctrl\"><\/div><\/div><\/div><noscript><a href=\"https:\/\/youtu.be\/8YzLLq9rd_4\" rel=\"nofollow\"><img decoding=\"async\" src=\"https:\/\/www.labeljoy.com\/wp-content\/plugins\/wp-youtube-lyte\/lyteCache.php?origThumbUrl=https%3A%2F%2Fi.ytimg.com%2Fvi%2F8YzLLq9rd_4%2F0.jpg\" alt=\"Labeljoy 6 - How to import images from an Access Database\" width=\"640\" height=\"340\" \/><br \/>Watch this video on YouTube<\/a><\/noscript><meta itemprop=\"description\" content=\"This video tutorial shows how to import data from an Access database. In detail, it shows two ways to import images: when they\u2019re embedded in the Access file and when they reside on your PC. Learn more: https:\/\/www.labeljoy.com\/help-lj6\/working-with-images\/\"><\/div><\/div><div class=\"lL\" style=\"max-width:100%;width:640px;margin:5px;\"><\/div>\n<div class=\"lj-video-button hide\">\n  <a href=\"https:\/\/www.youtube.com\/embed\/8YzLLq9rd_4?rel=0&autoplay=1\" data-featherlight=\"iframe\" data-featherlight-iframe-width=\"800\" data-featherlight-iframe-height=\"610\" data-featherlight-iframe-frameborder=\"0\" data-featherlight-iframe-allow=\"autoplay; encrypted-media\" data-featherlight-iframe-allowfullscreen=\"true\" title=\"Reproduza o tutorial em v\u00eddeo\">Reproduza o tutorial em v\u00eddeo <i class=\"fa fa-play-circle fa-2x\"><\/i><\/a>\n<\/div>\n","protected":false},"excerpt":{"rendered":"<p>Importa\u00e7\u00e3o de imagens de uma base de dados Access para Labeljoy Este v\u00eddeo tutorial mostra como importar dados de um banco de dados Access. Em detalhe, mostra duas formas de importar imagens: quando eles est\u00e3o incorporados no arquivo de acesso e quando eles residem em seu PC.<\/p>\n","protected":false},"author":12,"featured_media":0,"parent":32926,"menu_order":0,"comment_status":"open","ping_status":"closed","template":"page-template-left-sidebar.php","meta":{"inline_featured_image":false,"_monsterinsights_skip_tracking":false,"_monsterinsights_sitenote_active":false,"_monsterinsights_sitenote_note":"","_monsterinsights_sitenote_category":0,"footnotes":""},"class_list":{"0":"post-32985","1":"page","2":"type-page","3":"status-publish","5":"infinite-scroll-item"},"aioseo_notices":[],"_links":{"self":[{"href":"https:\/\/www.labeljoy.com\/pt-pt\/wp-json\/wp\/v2\/pages\/32985","targetHints":{"allow":["GET"]}}],"collection":[{"href":"https:\/\/www.labeljoy.com\/pt-pt\/wp-json\/wp\/v2\/pages"}],"about":[{"href":"https:\/\/www.labeljoy.com\/pt-pt\/wp-json\/wp\/v2\/types\/page"}],"author":[{"embeddable":true,"href":"https:\/\/www.labeljoy.com\/pt-pt\/wp-json\/wp\/v2\/users\/12"}],"replies":[{"embeddable":true,"href":"https:\/\/www.labeljoy.com\/pt-pt\/wp-json\/wp\/v2\/comments?post=32985"}],"version-history":[{"count":4,"href":"https:\/\/www.labeljoy.com\/pt-pt\/wp-json\/wp\/v2\/pages\/32985\/revisions"}],"predecessor-version":[{"id":35847,"href":"https:\/\/www.labeljoy.com\/pt-pt\/wp-json\/wp\/v2\/pages\/32985\/revisions\/35847"}],"up":[{"embeddable":true,"href":"https:\/\/www.labeljoy.com\/pt-pt\/wp-json\/wp\/v2\/pages\/32926"}],"wp:attachment":[{"href":"https:\/\/www.labeljoy.com\/pt-pt\/wp-json\/wp\/v2\/media?parent=32985"}],"curies":[{"name":"wp","href":"https:\/\/api.w.org\/{rel}","templated":true}]}}