{"id":3354,"date":"2012-07-04T12:26:10","date_gmt":"2012-07-04T12:26:10","guid":{"rendered":"http:\/\/www.labeljoy.com\/support-2\/"},"modified":"2022-01-14T14:41:05","modified_gmt":"2022-01-14T14:41:05","slug":"suporte","status":"publish","type":"page","link":"https:\/\/www.labeljoy.com\/pt-pt\/suporte\/","title":{"rendered":"Suporte"},"content":{"rendered":"<h2>Suporte<\/h2>\n<p><strong>A satisfa\u00e7\u00e3o dos nossos clientes \u00e9 muito importante para n\u00f3s, que inclui tamb\u00e9m apoio t\u00e9cnico de primeira classe. A equipa de apoio da Labeljoy ter\u00e1 todo o prazer em ajud\u00e1-lo com quaisquer perguntas que possa ter sobre o nosso software.<\/strong><\/p>\n<p>A equipa de apoio da Labeljoy ter\u00e1 todo o prazer em ajud\u00e1-lo com quaisquer quest\u00f5es ou problemas que possa ter. Empenh\u00e1mos todos os nossos esfor\u00e7os no desenvolvimento de um software de etiquetagem fi\u00e1vel:<\/p>\n<p><em>Solu\u00e7\u00f5es de impress\u00e3o eficazes requerem um apoio eficaz<\/em>.<\/p>\n<div class=\"hr hr-dotted\" style=\"height: 30px\"><\/div>\n<h2>Tickets<\/h2>\n<div class=\"one_half\"><a class=\"tt-icon icon-new-ticket\" style=\"padding-left: 72px\" title=\"Abrir um ticket novo\" href=\"http:\/\/www.labeljoy.com\/tickets\/open.php?lang=pt-pt\" target=\"_blank\" rel=\"noopener\"><strong>ABRIR UM TICKET NOVO<\/strong><br \/>\npara enviar qualquer pedido e informa\u00e7\u00f5es.<\/a><\/div>\n<div class=\"one_half\"><a class=\"tt-icon icon-check-ticket\" style=\"padding-left: 72px\" title=\"Verifique o estado de ticket\" href=\"http:\/\/www.labeljoy.com\/tickets\/view.php?lang=pt-pt\" target=\"_blank\" rel=\"noopener\"><strong>VERIFIQUE O ESTADO <\/strong><br \/>\nde seus pedidos anteriores.<\/a><\/div>\n<div class=\"hr hr-dotted\"><\/div>\n<p>Para cada necessidade, a nossa equipa de suporte est\u00e1 dispon\u00edvel para garantir que a sua experi\u00eancia com o nosso software seja t\u00e3o f\u00e1cil e agrad\u00e1vel quanto poss\u00edvel. N\u00f3s fornecemos todos os tipos de informa\u00e7\u00e3o no tempo apropriado.<\/p>\n<p>Recomendamos sempre que verifique as <a title=\"FAQ\" href=\"http:\/\/www.labeljoy.com\/pt-pt\/suporte\/faq-portugues\/\">FAQ<\/a>&nbsp;para resolver problemas comuns, a sua pergunta pode j\u00e1 ter sido respondida.<\/p>\n<p>Se ainda tiver d\u00favidas, coment\u00e1rios ou relat\u00f3rios de bugs, por favor <a title=\"contact\" href=\"http:\/\/www.labeljoy.com\/pt-pt\/suporte\/contactos\/\">Contacte-nos<\/a>&nbsp;e envie-nos uma mensagem contendo as seguintes informa\u00e7\u00f5es:<\/p>\n<ul>\n<li>Vers\u00e3o do Produto (veja a caixa de di\u00e1logo \u201cSobre\u201d)<\/li>\n<li>Vers\u00e3o do Sistema Operativo<\/li>\n<li>Descri\u00e7\u00e3o do Problema (tantos detalhes quanto poss\u00edvel para que possamos verificar a quest\u00e3o)<\/li>\n<\/ul>\n<p>&nbsp;<\/p>\n<p>Se tiver <strong>coment\u00e1rios ou sugest\u00f5es<\/strong> para futuros lan\u00e7amentos, por favor n\u00e3o hesite em <a title=\"contacte-nos\" href=\"http:\/\/www.labeljoy.com\/pt-pt\/suporte\/contactos\/\">enviar-nos um e-mail<\/a>.<\/p>\n<p>&nbsp;<\/p>\n","protected":false},"excerpt":{"rendered":"<p>Suporte A satisfa\u00e7\u00e3o dos nossos clientes \u00e9 muito importante para n\u00f3s, que inclui tamb\u00e9m apoio t\u00e9cnico de primeira classe. A equipa de apoio da Labeljoy ter\u00e1 todo o prazer em ajud\u00e1-lo com quaisquer perguntas que possa ter sobre o nosso software. A equipa de apoio da Labeljoy ter\u00e1 todo o prazer em ajud\u00e1-lo com quaisquer &#8230; <a title=\"Suporte\" class=\"read-more\" href=\"https:\/\/www.labeljoy.com\/pt-pt\/suporte\/\" aria-label=\"Leia mais sobre Suporte\">Read more<\/a><\/p>\n","protected":false},"author":1,"featured_media":0,"parent":0,"menu_order":28,"comment_status":"open","ping_status":"closed","template":"","meta":{"inline_featured_image":false,"_monsterinsights_skip_tracking":false,"_monsterinsights_sitenote_active":false,"_monsterinsights_sitenote_note":"","_monsterinsights_sitenote_category":0,"footnotes":""},"class_list":{"0":"post-3354","1":"page","2":"type-page","3":"status-publish","5":"infinite-scroll-item"},"aioseo_notices":[],"_links":{"self":[{"href":"https:\/\/www.labeljoy.com\/pt-pt\/wp-json\/wp\/v2\/pages\/3354","targetHints":{"allow":["GET"]}}],"collection":[{"href":"https:\/\/www.labeljoy.com\/pt-pt\/wp-json\/wp\/v2\/pages"}],"about":[{"href":"https:\/\/www.labeljoy.com\/pt-pt\/wp-json\/wp\/v2\/types\/page"}],"author":[{"embeddable":true,"href":"https:\/\/www.labeljoy.com\/pt-pt\/wp-json\/wp\/v2\/users\/1"}],"replies":[{"embeddable":true,"href":"https:\/\/www.labeljoy.com\/pt-pt\/wp-json\/wp\/v2\/comments?post=3354"}],"version-history":[{"count":16,"href":"https:\/\/www.labeljoy.com\/pt-pt\/wp-json\/wp\/v2\/pages\/3354\/revisions"}],"predecessor-version":[{"id":36422,"href":"https:\/\/www.labeljoy.com\/pt-pt\/wp-json\/wp\/v2\/pages\/3354\/revisions\/36422"}],"wp:attachment":[{"href":"https:\/\/www.labeljoy.com\/pt-pt\/wp-json\/wp\/v2\/media?parent=3354"}],"curies":[{"name":"wp","href":"https:\/\/api.w.org\/{rel}","templated":true}]}}