{"id":3366,"date":"2012-07-26T12:21:48","date_gmt":"2012-07-26T12:21:48","guid":{"rendered":"http:\/\/www.labeljoy.com\/support\/how-to\/"},"modified":"2022-01-14T14:29:35","modified_gmt":"2022-01-14T14:29:35","slug":"como-fazer","status":"publish","type":"page","link":"https:\/\/www.labeljoy.com\/pt-pt\/suporte\/como-fazer\/","title":{"rendered":"Como fazer"},"content":{"rendered":"<h1>S\u00e9rie de instru\u00e7\u00f5es Labeljoy<\/h1>\n<p>Nesta colec\u00e7\u00e3o pode encontrar f\u00e1ceis e intuitivas&nbsp;<strong>instru\u00e7\u00f5es para criar etiquetas<\/strong> de todos os tipos.<\/p>\n<p>N\u00f3s ajudamo-lo a entender inteiramente as&nbsp;<a title=\"funcionalidades labeljoy\" href=\"http:\/\/www.labeljoy.com\/pt-pt\/funcionalidades\/\">funcionalidades profissionais<\/a>&nbsp;deste software dando-lhe <strong>guias pr\u00e1ticos<\/strong> com texto e imagens.<\/p>\n<p>Al\u00e9m disso,&nbsp;tutoriais em v\u00eddeo est\u00e3o dispon\u00edveis na <a title=\"Video\" href=\"http:\/\/www.labeljoy.com\/pt-pt\/video-soporte\/\">sec\u00e7\u00e3o de v\u00eddeo<\/a>, que explica passo a passo como explorar as <strong>funcionalidades do software de etiquetagem Labeljoy<\/strong>.<\/p>\n<ul class=\"lp-2013 clearfix\">\n<li><a href=\"http:\/\/www.labeljoy.com\/pt-pt\/suporte\/como-fazer\/como-crie-proprios-cartoes-visita\/\" title=\"Crie os seus pr\u00f3prios cart\u00f5es de visita\"> <span class=\"lp-2013-title\">Crie cart\u00f5es de visita<\/span> <span class=\"lp-2013-description\">&#8211; Dados<br \/>\n&#8211; QR code<br \/>\n&#8211; Gr\u00e1ficos<br \/>\n&#8211; Importar dados <\/span><img decoding=\"async\" width=\"48\" height=\"48\" src=\"http:\/\/www.labeljoy.com\/images\/how-to\/icons\/business-card.png\"><\/a><\/li>\n<li><a href=\"http:\/\/www.labeljoy.com\/pt-pt\/suporte\/como-fazer\/como-crie-propria-etiqueta-preco\/\" title=\"Crie a sua pr\u00f3pria etiqueta de pre\u00e7o\"> <span class=\"lp-2013-title\">Crie etiqueta de pre\u00e7o<\/span><span class=\"lp-2013-description\">&#8211; Tamanho<br \/>\n&#8211; C\u00f3digos de barras<br \/>\n&#8211; Importar imagens<br \/>\n&#8211; Importar dados a<\/span><img decoding=\"async\" width=\"48\" height=\"48\" alt=\"Price tag\" src=\"http:\/\/www.labeljoy.com\/images\/how-to\/icons\/price-tag.png\"><\/a><\/li>\n<li><a href=\"http:\/\/www.labeljoy.com\/pt-pt\/suporte\/como-fazer\/imprimir-com-impressoras-rolo\/\" title=\"Imprimir com impressoras de rolo\"> <span class=\"lp-2013-title\">Imprimir com impressoras de rolo<\/span><span class=\"lp-2013-description\">&#8211; Definir layout<br \/>\n&#8211; Definir margens<br \/>\n&#8211; Imprimir<\/span><img decoding=\"async\" width=\"48\" height=\"48\" alt=\"Roll printer\" src=\"http:\/\/www.labeljoy.com\/images\/how-to\/icons\/roll-print.png\"><\/a><\/li>\n<li><a href=\"http:\/\/www.labeljoy.com\/pt-pt\/suporte\/como-fazer\/gerar-codigos-de-barras-gs1-128\/\" title=\"Gerar c\u00f3digos de barras GS1-128\"> <span class=\"lp-2013-title\">Gerar c\u00f3digos GS1-128<\/span><span class=\"lp-2013-description\">&#8211; Gera\u00e7\u00e3o autom\u00e1tica<br \/>\n&#8211; N\u00famero GTIN<br \/>\n&#8211; Importar do Excel<\/span><img decoding=\"async\" width=\"48\" height=\"48\" alt=\"gs1 barcode icon\" src=\"http:\/\/www.labeljoy.com\/images\/how-to\/icons\/gs1-128.png\"><\/a><\/li>\n<li><a href=\"https:\/\/www.labeljoy.com\/pt-pt\/suporte\/como-fazer\/gerar-codigos-de-barras-sscc-18\/\" title=\"Gerar c\u00f3digos de barras SSCC-18\"> <span class=\"lp-2013-title\">Gerar c\u00f3digos SSCC-18<\/span><span class=\"lp-2013-description\"><\/span><img decoding=\"async\" width=\"48\" height=\"48\" alt=\"sscc barcode icon\" src=\"https:\/\/www.labeljoy.com\/wp-content\/uploads\/2020\/09\/SSCC-18.png\"><\/a><\/li>\n<li><a href=\"http:\/\/www.labeljoy.com\/pt-pt\/suporte\/como-fazer\/integracao-labejoy\/\" title=\"Como integrar Labeljoy no software de gerenciamento de dados\"> <span class=\"lp-2013-title\">Integrar Labeljoy no software<\/span><span class=\"lp-2013-description\">&#8211; Uso VBA<br \/>\n&#8211; sistema ERP<br \/>\n&#8211; Integra\u00e7\u00e3o Excel <\/span><img decoding=\"async\" width=\"48\" height=\"48\" alt=\"software icon\" src=\"http:\/\/www.labeljoy.com\/images\/how-to\/icons\/software.png\"><\/a><\/li>\n<li><a href=\"http:\/\/www.labeljoy.com\/pt-pt\/suporte\/como-fazer\/imprimir-codigos-de-barras\/\" title=\"Imprimir corretamente os c\u00f3digos de barras\"> <span class=\"lp-2013-title\">Imprimir corretamente os c\u00f3digos<\/span><span class=\"lp-2013-description\">&#8211; Dimens\u00f5es<br \/>\n&#8211; Contraste<br \/>\n&#8211; Rota\u00e7\u00e3o<\/span><img decoding=\"async\" width=\"48\" height=\"48\" alt=\"barcode icon\" src=\"http:\/\/www.labeljoy.com\/images\/how-to\/icons\/barcode.png\"><\/a><\/li>\n<li><a href=\"http:\/\/www.labeljoy.com\/pt-pt\/suporte\/como-fazer\/funcionalidades-avancadas\/\" title=\"Funcionalidades avan\u00e7adas\"> <span class=\"lp-2013-title\">Funcionalidades avan\u00e7adas<\/span><span class=\"lp-2013-description\">&#8211; Posi\u00e7\u00e3o inicial<br \/>\n&#8211; Subdivis\u00e3o de layout<br \/>\n&#8211; Contadores<br \/>\n&#8211; Multi-selec\u00e7\u00e3o<\/span><img decoding=\"async\" width=\"48\" height=\"48\" alt=\"features\" src=\"http:\/\/www.labeljoy.com\/images\/how-to\/icons\/features.png\"><\/a><\/li>\n<li><a href=\"http:\/\/www.labeljoy.com\/pt-pt\/suporte\/como-fazer\/imprimir-etiquetas-do-excel\/\" title=\"Como imprimir etiquetas a partir do Excel\"> <span class=\"lp-2013-title\">Imprimir etiquetas do Excel<\/span><span class=\"lp-2013-description\">&#8211; Importa\u00e7\u00e3o dados<br \/>\n&#8211; Linhas do Excel<br \/>\n&#8211; Filtro personalizado <\/span><img decoding=\"async\" width=\"48\" height=\"48\" alt=\"Excel icon\" src=\"http:\/\/www.labeljoy.com\/images\/how-to\/icons\/excel.png\"><\/a><\/li>\n<\/ul>\n","protected":false},"excerpt":{"rendered":"<p>S\u00e9rie de instru\u00e7\u00f5es Labeljoy Nesta colec\u00e7\u00e3o pode encontrar f\u00e1ceis e intuitivas&nbsp;instru\u00e7\u00f5es para criar etiquetas de todos os tipos. N\u00f3s ajudamo-lo a entender inteiramente as&nbsp;funcionalidades profissionais&nbsp;deste software dando-lhe guias pr\u00e1ticos com texto e imagens. Al\u00e9m disso,&nbsp;tutoriais em v\u00eddeo est\u00e3o dispon\u00edveis na sec\u00e7\u00e3o de v\u00eddeo, que explica passo a passo como explorar as funcionalidades do software de &#8230; <a title=\"Como fazer\" class=\"read-more\" href=\"https:\/\/www.labeljoy.com\/pt-pt\/suporte\/como-fazer\/\" aria-label=\"Leia mais sobre Como fazer\">Read more<\/a><\/p>\n","protected":false},"author":1,"featured_media":0,"parent":3354,"menu_order":0,"comment_status":"open","ping_status":"closed","template":"","meta":{"inline_featured_image":false,"_monsterinsights_skip_tracking":false,"_monsterinsights_sitenote_active":false,"_monsterinsights_sitenote_note":"","_monsterinsights_sitenote_category":0,"footnotes":""},"class_list":{"0":"post-3366","1":"page","2":"type-page","3":"status-publish","5":"infinite-scroll-item"},"aioseo_notices":[],"_links":{"self":[{"href":"https:\/\/www.labeljoy.com\/pt-pt\/wp-json\/wp\/v2\/pages\/3366","targetHints":{"allow":["GET"]}}],"collection":[{"href":"https:\/\/www.labeljoy.com\/pt-pt\/wp-json\/wp\/v2\/pages"}],"about":[{"href":"https:\/\/www.labeljoy.com\/pt-pt\/wp-json\/wp\/v2\/types\/page"}],"author":[{"embeddable":true,"href":"https:\/\/www.labeljoy.com\/pt-pt\/wp-json\/wp\/v2\/users\/1"}],"replies":[{"embeddable":true,"href":"https:\/\/www.labeljoy.com\/pt-pt\/wp-json\/wp\/v2\/comments?post=3366"}],"version-history":[{"count":19,"href":"https:\/\/www.labeljoy.com\/pt-pt\/wp-json\/wp\/v2\/pages\/3366\/revisions"}],"predecessor-version":[{"id":36408,"href":"https:\/\/www.labeljoy.com\/pt-pt\/wp-json\/wp\/v2\/pages\/3366\/revisions\/36408"}],"up":[{"embeddable":true,"href":"https:\/\/www.labeljoy.com\/pt-pt\/wp-json\/wp\/v2\/pages\/3354"}],"wp:attachment":[{"href":"https:\/\/www.labeljoy.com\/pt-pt\/wp-json\/wp\/v2\/media?parent=3366"}],"curies":[{"name":"wp","href":"https:\/\/api.w.org\/{rel}","templated":true}]}}