{"id":3371,"date":"2012-07-04T08:25:05","date_gmt":"2012-07-04T08:25:05","guid":{"rendered":"http:\/\/www.labeljoy.com\/support\/about-barcode\/"},"modified":"2024-08-20T14:44:46","modified_gmt":"2024-08-20T14:44:46","slug":"guia-codigo-de-barras","status":"publish","type":"page","link":"https:\/\/www.labeljoy.com\/pt-pt\/suporte\/guia-codigo-de-barras\/","title":{"rendered":"Tipos de C\u00f3digos de Barras"},"content":{"rendered":"<h1>Tipos de C\u00f3digos de Barras<\/h1>\n<p>Um <strong>c\u00f3digo de barras<\/strong> \u00e9 um conjunto de elementos gr\u00e1ficos com alto contraste organizado para ser lido por um sensor de scan e descodificado para enviar a informa\u00e7\u00e3o obtida.<\/p>\n<h2>Tipos de c\u00f3digos de barras: Escolher o c\u00f3digo de barra correcto.<\/h2>\n<p>Labeljoy \u00e9 um programa de c\u00f3digos de barras que permite <strong>gerar 26 simbologias de c\u00f3digos de barras<\/strong> diferentes tais como Code 39, Code 128, EAN13, UPC-A.<\/p>\n<p>Com Labeljoy pode imprimir c\u00f3digo de barras ou exportar nos formatos pdf ou jpg, tudo gratuitamente. A habilidade de criar c\u00f3digos de barras e imprimir c\u00f3digos de barras faz de Labeljoy a escolha perfeita para uma ampla variedade de aplica\u00e7\u00f5es empresariais tais como etiquetagem de pre\u00e7os, etiquetagem de produtos ou etiquetagem de transporte. <a href=\"http:\/\/www.labeljoy.com\/pt-pt\/download-pt\/\" title=\"Download Labeljoy PT\">Fa\u00e7a o download do Labeljoy<\/a> e experimente-o de forma gratuita.<\/p>\n<p><em>Labeljoy pode gerar os seqe-cintes tipos de c\u00f3digos de barras lineares<\/em>:<\/p>\n<table width=\"100%\" border=\"0\" cellspacing=\"0\" cellpadding=\"8\" class=\"bgtable\">\n<tbody>\n<tr>\n<td><a href=\"http:\/\/www.labeljoy.com\/pt-pt\/suporte\/guia-codigo-de-barras\/code-32-pt\/\" title=\"Code 32 symbol\"><img decoding=\"async\" width=\"277\" height=\"145\" class=\"imgbarcode\" src=\"https:\/\/www.labeljoy.com\/user-guide-lj6-files\/en\/bcd_code32_1.png\" alt=\"code 32 barcode\"><\/a><br \/>\n<a href=\"http:\/\/www.labeljoy.com\/pt-pt\/suporte\/guia-codigo-de-barras\/code-32-pt\/\" title=\"Code 32 barcode generator\">CODE 32<\/a><\/td>\n<td><a href=\"http:\/\/www.labeljoy.com\/pt-pt\/suporte\/guia-codigo-de-barras\/code-39-pt\/\" title=\"Code 39 symbol\"><img decoding=\"async\" width=\"210\" height=\"119\" class=\"imgbarcode\" src=\"http:\/\/www.labeljoy.com\/images\/barcode-types\/code-39.jpg\" alt=\"code 39 barcode\"><\/a><br \/>\n<a href=\"http:\/\/www.labeljoy.com\/pt-pt\/suporte\/guia-codigo-de-barras\/code-39-pt\/\" title=\"Code 39 barcode generator\">CODE 39<\/a><\/td>\n<td><a href=\"http:\/\/www.labeljoy.com\/pt-pt\/suporte\/guia-codigo-de-barras\/code-93-pt\/\" title=\"Code 93 symbol\"><img decoding=\"async\" width=\"210\" height=\"119\" class=\"imgbarcode\" src=\"http:\/\/www.labeljoy.com\/images\/barcode-types\/code-93.jpg\" alt=\"code 93 barcode generator\"><\/a><br \/>\n<a href=\"http:\/\/www.labeljoy.com\/pt-pt\/suporte\/guia-codigo-de-barras\/code-93-pt\/\" title=\"Code 93 barcode generator\">CODE 93<\/a><\/td>\n<\/tr>\n<tr>\n<td><a href=\"http:\/\/www.labeljoy.com\/pt-pt\/suporte\/guia-codigo-de-barras\/code-128-pt\/\" title=\"code 128 symbol\"><img decoding=\"async\" width=\"210\" height=\"119\" class=\"imgbarcode\" src=\"http:\/\/www.labeljoy.com\/images\/barcode-types\/code-128.jpg\" alt=\"code 128 barcode generator\"><\/a><br \/>\n<a href=\"http:\/\/www.labeljoy.com\/pt-pt\/suporte\/guia-codigo-de-barras\/code-128-pt\/\" title=\"code 128 barcode generator\">CODE 128<\/a><\/td>\n<td><a href=\"http:\/\/www.labeljoy.com\/pt-pt\/suporte\/guia-codigo-de-barras\/ean-13-pt\/\" title=\"EAN 13 symbol\"><img decoding=\"async\" width=\"210\" height=\"119\" class=\"imgbarcode\" src=\"http:\/\/www.labeljoy.com\/images\/barcode-types\/ean-13.jpg\" alt=\"ean 13 barcode generator\"><\/a><br \/>\n<a href=\"http:\/\/www.labeljoy.com\/pt-pt\/suporte\/guia-codigo-de-barras\/ean-13-pt\/\" title=\"EAN 13 barcode generator\">EAN 13<\/a><\/td>\n<td><a href=\"http:\/\/www.labeljoy.com\/pt-pt\/suporte\/guia-codigo-de-barras\/ean-128-pt\/\" title=\"EAN 128 symbol\"><img decoding=\"async\" width=\"210\" height=\"119\" class=\"imgbarcode\" src=\"http:\/\/www.labeljoy.com\/images\/barcode-types\/ean-128.jpg\" alt=\"ean 128 barcode generator\"><\/a><br \/>\n<a href=\"http:\/\/www.labeljoy.com\/pt-pt\/suporte\/guia-codigo-de-barras\/ean-128-pt\/\" title=\"EAN 128 barcode generator\">EAN 128<\/a><\/td>\n<\/tr>\n<tr>\n<td><a href=\"http:\/\/www.labeljoy.com\/pt-pt\/suporte\/guia-codigo-de-barras\/ean-8-pt\/\" title=\"EAN 8 symbol\"><img decoding=\"async\" width=\"210\" height=\"119\" class=\"imgbarcode\" src=\"http:\/\/www.labeljoy.com\/images\/barcode-types\/ean-8.jpg\" alt=\"ean 8 barcode\"><\/a><br \/>\n<a href=\"http:\/\/www.labeljoy.com\/pt-pt\/suporte\/guia-codigo-de-barras\/ean-8-pt\/\" title=\"EAN 8 barcode generator\">EAN 8<\/a><\/td>\n<td><a href=\"http:\/\/www.labeljoy.com\/pt-pt\/suporte\/guia-codigo-de-barras\/gs1-128-pt\/\" title=\"GS1 128 symbol\"><img decoding=\"async\" width=\"210\" height=\"119\" class=\"imgbarcode\" src=\"http:\/\/www.labeljoy.com\/images\/barcode-types\/gs1-128.jpg\" alt=\"gs1 128 barcode\"><\/a><br \/>\n<a href=\"http:\/\/www.labeljoy.com\/pt-pt\/suporte\/guia-codigo-de-barras\/gs1-128-pt\/\" title=\"GS1 128 barcode generator\">GS1 128<\/a><\/td>\n<td><a href=\"https:\/\/www.labeljoy.com\/pt-pt\/suporte\/como-fazer\/gerar-codigos-de-barras-sscc-18\/\" title=\"SSCC-18 symbol\"><img decoding=\"async\" width=\"210\" height=\"119\" class=\"imgbarcode\" src=\"https:\/\/www.labeljoy.com\/images\/barcode-types\/SSCC-18.jpg\" alt=\"SSCC-18 barcode\"><\/a><br \/>\n<a href=\"https:\/\/www.labeljoy.com\/pt-pt\/suporte\/como-fazer\/gerar-codigos-de-barras-sscc-18\/\" title=\"SSCC-18 barcode generator\">SSCC-18<\/a><\/td>\n<\/tr>\n<tr>\n<td><a href=\"http:\/\/www.labeljoy.com\/pt-pt\/suporte\/guia-codigo-de-barras\/itf-14-pt\/\" title=\"ITF 14 symbol\"><img decoding=\"async\" width=\"210\" height=\"119\" class=\"imgbarcode\" src=\"http:\/\/www.labeljoy.com\/images\/barcode-types\/itf-14.jpg\" alt=\"itf 14 barcode\"><\/a><br \/>\n<a href=\"http:\/\/www.labeljoy.com\/pt-pt\/suporte\/guia-codigo-de-barras\/itf-14-pt\/\" title=\"ITF 14 barcode generator\">ITF 14<\/a><\/td>\n<td><a href=\"http:\/\/www.labeljoy.com\/pt-pt\/suporte\/guia-codigo-de-barras\/upc-code-pt\/\" title=\"UPC code symbol\"><img decoding=\"async\" width=\"210\" height=\"119\" class=\"imgbarcode\" src=\"http:\/\/www.labeljoy.com\/images\/barcode-types\/upc-a.jpg\" alt=\"upc a barcode\"><\/a><br \/>\n<a href=\"http:\/\/www.labeljoy.com\/pt-pt\/suporte\/guia-codigo-de-barras\/upc-code-pt\/\" title=\"UPC code barcode generator\">UPC-A<\/a><\/td>\n<td><a href=\"http:\/\/www.labeljoy.com\/pt-pt\/suporte\/guia-codigo-de-barras\/code-11-pt\/\" title=\"Code 11 symbol\"><img decoding=\"async\" width=\"210\" height=\"119\" class=\"imgbarcode\" src=\"http:\/\/www.labeljoy.com\/images\/barcode-types\/code-11.jpg\" alt=\"code 11 barcode\"><\/a><br \/>\n<a href=\"http:\/\/www.labeljoy.com\/pt-pt\/suporte\/guia-codigo-de-barras\/code-11-pt\/\" title=\"Code 11 barcode generator\">CODE 11<\/a><\/td>\n<\/tr>\n<tr>\n<td><a href=\"http:\/\/www.labeljoy.com\/pt-pt\/suporte\/guia-codigo-de-barras\/interleaved-2-of-5-pt\/\" title=\"Interleaved 2 of 5 symbol\"><img decoding=\"async\" width=\"210\" height=\"119\" class=\"imgbarcode\" src=\"http:\/\/www.labeljoy.com\/images\/barcode-types\/interleaved.jpg\" alt=\"interleaved barcode\"><\/a><br \/>\n<a href=\"http:\/\/www.labeljoy.com\/pt-pt\/suporte\/guia-codigo-de-barras\/interleaved-2-of-5-pt\/\" title=\"Interleaved barcode generator\">INTERLEAVED 2 of 5<\/a><\/td>\n<td><a href=\"http:\/\/www.labeljoy.com\/pt-pt\/suporte\/guia-codigo-de-barras\/industrial-2-of-5-pt\/\" title=\"Industrial 2 of 5 symbol\"><img decoding=\"async\" width=\"210\" height=\"119\" class=\"imgbarcode\" src=\"http:\/\/www.labeljoy.com\/images\/barcode-types\/industrial.jpg\" alt=\"industrial barcode\"><\/a><br \/>\n<a href=\"http:\/\/www.labeljoy.com\/pt-pt\/suporte\/guia-codigo-de-barras\/industrial-2-of-5-pt\/\" title=\"Industrial barcode generator\">INDUSTRIAL 2 of 5<\/a><\/td>\n<td><a href=\"http:\/\/www.labeljoy.com\/pt-pt\/suporte\/guia-codigo-de-barras\/codabar-pt\/\" title=\"Codabar symbol\"><img decoding=\"async\" width=\"210\" height=\"119\" class=\"imgbarcode\" src=\"http:\/\/www.labeljoy.com\/images\/barcode-types\/codabar.jpg\" alt=\"codabar barcode\"><\/a><br \/>\n<a href=\"http:\/\/www.labeljoy.com\/pt-pt\/suporte\/guia-codigo-de-barras\/codabar-pt\/\" title=\"Codabar barcode generator\">CODABAR<\/a><\/td>\n<\/tr>\n<\/tbody>\n<\/table>\n<p>&nbsp;<\/p>\n<div class=\"hr hr-dotted\"><\/div>\n<h3 style=\"margin-bottom:10px\">Tipos de c\u00f3digo de barras 2D<\/h3>\n<table width=\"100%\" border=\"0\" cellspacing=\"0\" cellpadding=\"8\" class=\"bgtable\">\n<tbody>\n<tr>\n<td width=\"33%\"><a href=\"http:\/\/www.labeljoy.com\/pt-pt\/suporte\/guia-codigo-de-barras\/datamatrix-pt\/\" title=\"Datamatrix symbol\"><img decoding=\"async\" width=\"102\" height=\"102\" class=\"imgbarcode\" src=\"http:\/\/www.labeljoy.com\/images\/barcode-types\/datamatrix.jpg\" alt=\"datamatrix barcode\"><\/a><br \/>\n<a href=\"http:\/\/www.labeljoy.com\/pt-pt\/suporte\/guia-codigo-de-barras\/datamatrix-pt\/\" title=\"Datamatrix barcode generator\">DATAMATRIX<\/a><\/td>\n<td width=\"33%\"><a href=\"http:\/\/www.labeljoy.com\/pt-pt\/suporte\/guia-codigo-de-barras\/postnet-pt\/\" title=\"Postnet barcode symbol\"><img decoding=\"async\" width=\"180\" height=\"102\" class=\"imgbarcode\" src=\"http:\/\/www.labeljoy.com\/images\/barcode-types\/postnet.jpg\" alt=\"postnet barcode barcode\"><\/a><br \/>\n<a href=\"http:\/\/www.labeljoy.com\/pt-pt\/suporte\/guia-codigo-de-barras\/postnet-pt\/\" title=\"Postnet barcode\">POSTNET<\/a><\/td>\n<td width=\"33%\"><a href=\"http:\/\/www.labeljoy.com\/pt-pt\/suporte\/guia-codigo-de-barras\/planet-code-pt\/\" title=\"planet code symbol\"><img decoding=\"async\" width=\"180\" height=\"102\" class=\"imgbarcode\" src=\"http:\/\/www.labeljoy.com\/images\/barcode-types\/planet.jpg\" alt=\"planet code barcode\"><\/a><br \/>\n<a href=\"http:\/\/www.labeljoy.com\/pt-pt\/suporte\/guia-codigo-de-barras\/planet-code-pt\/\" title=\"Planet code barcode generator\">PLANET<\/a><\/td>\n<\/tr>\n<tr>\n<td width=\"33%\"><a href=\"http:\/\/www.labeljoy.com\/pt-pt\/qr-code-pt\/\" title=\"QR Code symbol\"><img decoding=\"async\" width=\"102\" height=\"102\" class=\"imgbarcode\" src=\"http:\/\/www.labeljoy.com\/images\/barcode-types\/qr-code.jpg\" alt=\"qr code barcode\"><\/a><br \/>\n<a href=\"http:\/\/www.labeljoy.com\/pt-pt\/qr-code-pt\/\" title=\"QR Code barcode\">QR CODE<\/a><\/td>\n<td width=\"33%\"><a title=\"C\u00f3digo de barras GS1 Data Matrix\" href=\"https:\/\/www.labeljoy.com\/pt-pt\/suporte\/guia-codigo-de-barras\/gs1-data-matrix\/\"><img decoding=\"async\" alt=\"C\u00f3digo de barras GS1 Data Matrix\" src=\"https:\/\/www.labeljoy.com\/wp-content\/uploads\/2023\/10\/codice_a_barre_gs1_data_matrix.png\" width=\"102px\" height=\"100px\"><\/a><br \/>\n<a title=\"C\u00f3digo de barras GS1 Data Matrix\" href=\"https:\/\/www.labeljoy.com\/pt-pt\/suporte\/guia-codigo-de-barras\/gs1-data-matrix\/\">GS1 DATA MATRIX<\/a><\/td>\n<td width=\"33%\"><a title=\"C\u00f3digo Aztec\" href=\"https:\/\/www.labeljoy.com\/pt-pt\/suporte\/guia-codigo-de-barras\/aztec\/\"><img decoding=\"async\" alt=\"C\u00f3digo Aztec\" src=\"https:\/\/www.labeljoy.com\/wp-content\/uploads\/2023\/10\/barcode-aztec.jpg\" width=\"120px\" height=\"108px\"><\/a><br \/>\n<a title=\"C\u00f3digo Aztec\" href=\"https:\/\/www.labeljoy.com\/pt-pt\/suporte\/guia-codigo-de-barras\/aztec\/\">AZTEC<\/a><\/td>\n<\/tr>\n<\/tbody>\n<\/table>\n<p>&nbsp;<\/p>\n<p>Dependendo do tipo escolhido de c\u00f3digo de barras, ser\u00e1 solicitado a inserir alguns par\u00e2metros exigidos por cada tipo de c\u00f3digo de barras, como explicado nas configura\u00e7\u00f5es de c\u00f3digo de barras.<\/p>\n<div class=\"tt-notification success\">\n<p>Importe C\u00f3digo de Bases de Dados e imprima-o! &nbsp;&nbsp;&nbsp;&nbsp;&nbsp;&nbsp;<a class=\"small orange tt-button\" href=\"http:\/\/www.labeljoy.com\/pt-pt\/download-pt\/\" title=\"Download Gerador codigo de barras\" target=\"_self\" rel=\"noopener noreferrer\">DOWNLOAD DO GERADOR DE C\u00d3DIGO DE BARRAS<\/a><\/p>\n<\/div>\n","protected":false},"excerpt":{"rendered":"<p>Tipos de C\u00f3digos de Barras Um c\u00f3digo de barras \u00e9 um conjunto de elementos gr\u00e1ficos com alto contraste organizado para ser lido por um sensor de scan e descodificado para enviar a informa\u00e7\u00e3o obtida. Tipos de c\u00f3digos de barras: Escolher o c\u00f3digo de barra correcto. Labeljoy \u00e9 um programa de c\u00f3digos de barras que permite &#8230; <a title=\"Tipos de C\u00f3digos de Barras\" class=\"read-more\" href=\"https:\/\/www.labeljoy.com\/pt-pt\/suporte\/guia-codigo-de-barras\/\" aria-label=\"Leia mais sobre Tipos de C\u00f3digos de Barras\">Read more<\/a><\/p>\n","protected":false},"author":1,"featured_media":0,"parent":3354,"menu_order":23,"comment_status":"closed","ping_status":"closed","template":"","meta":{"inline_featured_image":false,"_monsterinsights_skip_tracking":false,"_monsterinsights_sitenote_active":false,"_monsterinsights_sitenote_note":"","_monsterinsights_sitenote_category":0,"footnotes":""},"class_list":{"0":"post-3371","1":"page","2":"type-page","3":"status-publish","5":"infinite-scroll-item"},"aioseo_notices":[],"_links":{"self":[{"href":"https:\/\/www.labeljoy.com\/pt-pt\/wp-json\/wp\/v2\/pages\/3371","targetHints":{"allow":["GET"]}}],"collection":[{"href":"https:\/\/www.labeljoy.com\/pt-pt\/wp-json\/wp\/v2\/pages"}],"about":[{"href":"https:\/\/www.labeljoy.com\/pt-pt\/wp-json\/wp\/v2\/types\/page"}],"author":[{"embeddable":true,"href":"https:\/\/www.labeljoy.com\/pt-pt\/wp-json\/wp\/v2\/users\/1"}],"replies":[{"embeddable":true,"href":"https:\/\/www.labeljoy.com\/pt-pt\/wp-json\/wp\/v2\/comments?post=3371"}],"version-history":[{"count":32,"href":"https:\/\/www.labeljoy.com\/pt-pt\/wp-json\/wp\/v2\/pages\/3371\/revisions"}],"predecessor-version":[{"id":41362,"href":"https:\/\/www.labeljoy.com\/pt-pt\/wp-json\/wp\/v2\/pages\/3371\/revisions\/41362"}],"up":[{"embeddable":true,"href":"https:\/\/www.labeljoy.com\/pt-pt\/wp-json\/wp\/v2\/pages\/3354"}],"wp:attachment":[{"href":"https:\/\/www.labeljoy.com\/pt-pt\/wp-json\/wp\/v2\/media?parent=3371"}],"curies":[{"name":"wp","href":"https:\/\/api.w.org\/{rel}","templated":true}]}}