{"id":3372,"date":"2012-07-04T08:24:31","date_gmt":"2012-07-04T08:24:31","guid":{"rendered":"http:\/\/www.labeljoy.com\/support\/fa\/"},"modified":"2022-01-24T13:57:27","modified_gmt":"2022-01-24T13:57:27","slug":"faq-portugues","status":"publish","type":"page","link":"https:\/\/www.labeljoy.com\/pt-pt\/suporte\/faq-portugues\/","title":{"rendered":"FAQ"},"content":{"rendered":"<div class=\"gb-container gb-container-a04eec64\"><div class=\"gb-inside-container\">\n\n<h1 class=\"wp-block-heading\">FAQ<\/h1>\n\n\n<div class=\"gb-grid-wrapper gb-grid-wrapper-1de811ac\">\n<div class=\"gb-grid-column gb-grid-column-5da84942\"><div class=\"gb-container gb-container-5da84942\"><div class=\"gb-inside-container\">\n\n<ol class=\"list-separator wp-block-list\"><li><a href=\"#1\">Como posso obter LabelJoy?<\/a><\/li><li><a href=\"#2\">O que vai acontecer depois de eu colocar a minha encomenda?<\/a><\/li><li><a href=\"#3\">Como posso obter um desconto especial?<\/a><\/li><li><a href=\"#4\">Eu perdi meu c\u00f3digo de registro. Pode me ajudar?<\/a><\/li><li><a href=\"#5\">O LabelJoy pode ser comprado numa loja?<\/a><\/li><li><a href=\"#6\">Como posso pagar o LabelJoy?<\/a><\/li><\/ol>\n\n<\/div><\/div><\/div>\n\n<div class=\"gb-grid-column gb-grid-column-e4b7f3d2\"><div class=\"gb-container gb-container-e4b7f3d2\"><div class=\"gb-inside-container\">\n\n<ol start=\"7\" class=\"list-separator wp-block-list\"><li><a href=\"#7\">Quando compro o LabelJoy tenho direito a CD?<\/a><\/li><li><a href=\"#8\">Poder\u00e1 ser-me enviado um CD?<\/a><\/li><li><a href=\"9\">Se o meu computador for roubado, o meu disco avariar ou precisar de format\u00e1-lo, terei de reinstalar o LabelJoy?<\/a><\/li><li><a href=\"#10\">Em quantos computadores pode o LabelJoy ser instalado usando uma \u00fanica licen\u00e7a?<\/a><\/li><li><a href=\"#11\">Quanto tempo demora desde a compra at\u00e9 obter a licen\u00e7a?<\/a><\/li><li><a href=\"#12\">Como funciona o suporte t\u00e9cnico?<\/a><\/li><\/ol>\n\n<\/div><\/div><\/div>\n<\/div>\n<\/div><\/div>\n\n<div class=\"gb-container gb-container-d449ef27\"><div class=\"gb-inside-container\">\n\n<div class=\"hr hr-dotted\">&nbsp;<\/div>\n\n<\/div><\/div>\n\n<div class=\"gb-container gb-container-c2debf47\" id=\"1\"><div class=\"gb-inside-container\">\n\n<h2 class=\"wp-block-heading\">1. Como posso obter LabelJoy?<\/h2>\n\n\n\n<p>Voc\u00ea pode\u00a0<a href=\"https:\/\/www.labeljoy.com\/downloads\/labeljoy5setup.exe\">baixar a vers\u00e3o demo<\/a>\u00a0LabelJoy e experiment\u00e1-lo. Se voc\u00ea gosta, voc\u00ea pode\u00a0<a href=\"https:\/\/www.labeljoy.com\/shop\/\">comprar uma licen\u00e7a<\/a>. Voc\u00ea receber\u00e1 um c\u00f3digo de licen\u00e7a que lhe permite ativar a vers\u00e3o demo em um ativo, a vers\u00e3o integral de trabalho. Se voc\u00ea n\u00e3o gosta do que voc\u00ea pode facilmente unistall LabelJoy a partir do seu PC.<\/p>\n\n\n\n<p class=\"has-text-align-right\"><a href=\"#top\">top<\/a><\/p>\n\n<\/div><\/div>\n\n<div class=\"gb-container gb-container-8b6fe3d9\"><div class=\"gb-inside-container\">\n\n<div class=\"hr hr-dotted\">&nbsp;<\/div>\n\n<\/div><\/div>\n\n<div class=\"gb-container gb-container-674a4b35\" id=\"2\"><div class=\"gb-inside-container\">\n\n<h2 class=\"wp-block-heading\">2. O que vai acontecer depois de eu colocar a minha encomenda?<\/h2>\n\n\n\n<p>Uma vez que sua ordem foi processada com sucesso, n\u00f3s lhe enviaremos um e-mail imediatamente com o seu n\u00famero de registo. Isto pode levar desde alguns minutos at\u00e9 uma hora, na maioria dos casos. Siga as instru\u00e7\u00f5es em seu e-mail para converter o seu produto a uma vers\u00e3o registrada.<br>Por favor, certifique-se de que voc\u00ea n\u00e3o est\u00e1 bloqueando e-mails de labeljoy.com e edisplay.com.<\/p>\n\n\n\n<p class=\"has-text-align-right\"><a href=\"#top\">top<\/a><\/p>\n\n<\/div><\/div>\n\n<div class=\"gb-container gb-container-8223d6bf\"><div class=\"gb-inside-container\">\n\n<div class=\"hr hr-dotted\">&nbsp;<\/div>\n\n<\/div><\/div>\n\n<div class=\"gb-container gb-container-848a779f\" id=\"3\"><div class=\"gb-inside-container\">\n\n<h2 class=\"wp-block-heading\">3. Como posso obter um desconto especial??<\/h2>\n\n\n\n<p>Oferecemos descontos m\u00faltiplos da compra de licen\u00e7a o tempo todo. Voc\u00ea pode ver os detalhes na\u00a0<a href=\"https:\/\/www.labeljoy.com\/shop\/\">p\u00e1gina da ordem<\/a>. Al\u00e9m disso, oferecemos descontos especiais de tempos em tempos. Se um desconto \u00e9 oferecido a qualquer momento, vamos colocar essa informa\u00e7\u00e3o no nosso site.<\/p>\n\n\n\n<p class=\"has-text-align-right\"><a href=\"#top\">top<\/a><\/p>\n\n<\/div><\/div>\n\n<div class=\"gb-container gb-container-01a05ac1\"><div class=\"gb-inside-container\">\n\n<div class=\"hr hr-dotted\">&nbsp;<\/div>\n\n<\/div><\/div>\n\n<div class=\"gb-container gb-container-371fa920\" id=\"4\"><div class=\"gb-inside-container\">\n\n<h2 class=\"wp-block-heading\">4. Eu perdi meu c\u00f3digo de registro. Pode me ajudar?<\/h2>\n\n\n\n<p>Claro! Por favor, v\u00e1 para o\u00a0<a href=\"https:\/\/www.labeljoy.com\/pt-pt\/suporte\/contactos\/\">p\u00e1gina contato<\/a>\u00a0para enviar sua solicita\u00e7\u00e3o. Voc\u00ea deve digitar o endere\u00e7o de email que ao comprar o produto, e diga-nos qual o produto que voc\u00ea comprou. Vamos verificar as suas informa\u00e7\u00f5es com nossos registros e reenviar o c\u00f3digo de registro para voc\u00ea.<\/p>\n\n\n\n<p class=\"has-text-align-right\"><a href=\"#top\">top<\/a><\/p>\n\n<\/div><\/div>\n\n<div class=\"gb-container gb-container-754ecda5\"><div class=\"gb-inside-container\">\n\n<div class=\"hr hr-dotted\">&nbsp;<\/div>\n\n<\/div><\/div>\n\n<div class=\"gb-container gb-container-ecaa838e\" id=\"5\"><div class=\"gb-inside-container\">\n\n<h2 class=\"wp-block-heading\">5. O LabelJoy pode ser comprado numa loja?<\/h2>\n\n\n\n<p>N\u00e3o, o LabelJoy s\u00f3 pode ser comprado online.<\/p>\n\n\n\n<p class=\"has-text-align-right\"><a href=\"#top\">top<\/a><\/p>\n\n<\/div><\/div>\n\n<div class=\"gb-container gb-container-4f8ae8a9\"><div class=\"gb-inside-container\">\n\n<div class=\"hr hr-dotted\">&nbsp;<\/div>\n\n<\/div><\/div>\n\n<div class=\"gb-container gb-container-f71a17a0\" id=\"6\"><div class=\"gb-inside-container\">\n\n<h2 class=\"wp-block-heading\">6. Como posso pagar o LabelJoy?<\/h2>\n\n\n\n<p>\u00c9 poss\u00edvel pagar por transfer\u00eancia banc\u00e1ria ou cart\u00e3o de cr\u00e9dito.<\/p>\n\n\n\n<p class=\"has-text-align-right\"><a href=\"#top\">top<\/a><\/p>\n\n<\/div><\/div>\n\n<div class=\"gb-container gb-container-56e94723\"><div class=\"gb-inside-container\">\n\n<div class=\"hr hr-dotted\">&nbsp;<\/div>\n\n<\/div><\/div>\n\n<div class=\"gb-container gb-container-14b9c397\" id=\"7\"><div class=\"gb-inside-container\">\n\n<h2 class=\"wp-block-heading\">7. Quando compro o LabelJoy tenho direito a CD?<\/h2>\n\n\n\n<p>N\u00e3o. Ser\u00e1 enviado um email com um c\u00f3digo de activa\u00e7\u00e3o e uma factura para a morada que forneceu no formul\u00e1rio de compra, depois de comprar a sua c\u00f3pia do LabelJoy.<\/p>\n\n\n\n<p class=\"has-text-align-right\"><a href=\"#top\">top<\/a><\/p>\n\n<\/div><\/div>\n\n<div class=\"gb-container gb-container-1208c33e\"><div class=\"gb-inside-container\">\n\n<div class=\"hr hr-dotted\">&nbsp;<\/div>\n\n<\/div><\/div>\n\n<div class=\"gb-container gb-container-651359e6\" id=\"8\"><div class=\"gb-inside-container\">\n\n<h2 class=\"wp-block-heading\">8. Poder\u00e1 ser-me enviado um CD?<\/h2>\n\n\n\n<p>LabelJoy O LabelJoy est\u00e1 dispon\u00edvel apenas em formato para download. Poder\u00e1 sempre fazer download de uma vers\u00e3o actualizada atrav\u00e9s do nosso site em qualquer altura.<\/p>\n\n\n\n<p class=\"has-text-align-right\"><a href=\"#top\">top<\/a><\/p>\n\n<\/div><\/div>\n\n<div class=\"gb-container gb-container-14d969df\"><div class=\"gb-inside-container\">\n\n<div class=\"hr hr-dotted\">&nbsp;<\/div>\n\n<\/div><\/div>\n\n<div class=\"gb-container gb-container-126692b6\" id=\"9\"><div class=\"gb-inside-container\">\n\n<h2 class=\"wp-block-heading\">9. Se o meu computador for roubado, o meu disco avariar ou precisar de format\u00e1-lo, terei de reinstalar o LabelJoy?<\/h2>\n\n\n\n<p>Sim, mas j\u00e1 ter\u00e1 em sua posse o n\u00famero de licen\u00e7a. Apenas precisar\u00e1 de fazer download do pacote de software no nosso site, instalar em modo experimental e depois reactiv\u00e1-lo.<\/p>\n\n\n\n<p class=\"has-text-align-right\"><a href=\"#top\">top<\/a><\/p>\n\n<\/div><\/div>\n\n<div class=\"gb-container gb-container-274db257\"><div class=\"gb-inside-container\">\n\n<div class=\"hr hr-dotted\">&nbsp;<\/div>\n\n<\/div><\/div>\n\n<div class=\"gb-container gb-container-e0fdc981\" id=\"10\"><div class=\"gb-inside-container\">\n\n<h2 class=\"wp-block-heading\">10. Em quantos computadores pode o LabelJoy ser instalado usando uma \u00fanica licen\u00e7a?<\/h2>\n\n\n\n<p>Uma licen\u00e7a por cada computador mas pode beneficiar-se do nosso desconto para v\u00e1rias licen\u00e7as, para poder usar m\u00faltiplas c\u00f3pias ao mesmo tempo.<\/p>\n\n\n\n<p class=\"has-text-align-right\"><a href=\"#top\">top<\/a><\/p>\n\n<\/div><\/div>\n\n<div class=\"gb-container gb-container-df8d0311\"><div class=\"gb-inside-container\">\n\n<div class=\"hr hr-dotted\">&nbsp;<\/div>\n\n<\/div><\/div>\n\n<div class=\"gb-container gb-container-3ccc0672\" id=\"11\"><div class=\"gb-inside-container\">\n\n<h2 class=\"wp-block-heading\">11. Quanto tempo demora desde a compra at\u00e9 obter a licen\u00e7a?<\/h2>\n\n\n\n<p>O tempo de espera depende do tipo de pagamento:<br>Transfer\u00eancia Banc\u00e1ria: o cliente obt\u00e9m o c\u00f3digo de activa\u00e7\u00e3o e a factura ap\u00f3s a nossa conta ter sido creditada.<br>Cart\u00e3o de cr\u00e9dito: o cliente obt\u00e9m o c\u00f3digo de activa\u00e7\u00e3o e a factura ap\u00f3s a transac\u00e7\u00e3o online ter sido processada.<\/p>\n\n\n\n<p class=\"has-text-align-right\"><a href=\"#top\">top<\/a><\/p>\n\n<\/div><\/div>\n\n<div class=\"gb-container gb-container-d7b1875b\"><div class=\"gb-inside-container\">\n\n<div class=\"hr hr-dotted\">&nbsp;<\/div>\n\n<\/div><\/div>\n\n<div class=\"gb-container gb-container-93b4db4d\" id=\"12\"><div class=\"gb-inside-container\">\n\n<h2 class=\"wp-block-heading\">12. Como funciona o suporte t\u00e9cnico?<\/h2>\n\n\n\n<p>Os clientes que possuem uma licen\u00e7a activa (actual) podem contactar o suporte t\u00e9cnico por email ou chat durante 1 ano sem limite. Ap\u00f3s o primeiro ano, \u00e9 poss\u00edvel comprar acesso ao suporte t\u00e9cnico atrav\u00e9s do nosso site.<\/p>\n\n\n\n<p class=\"has-text-align-right\"><a href=\"#top\">top<\/a><\/p>\n\n<\/div><\/div>","protected":false},"excerpt":{"rendered":"<p>FAQ &nbsp; 1. Como posso obter LabelJoy? Voc\u00ea pode\u00a0baixar a vers\u00e3o demo\u00a0LabelJoy e experiment\u00e1-lo. Se voc\u00ea gosta, voc\u00ea pode\u00a0comprar uma licen\u00e7a. Voc\u00ea receber\u00e1 um c\u00f3digo de licen\u00e7a que lhe permite ativar a vers\u00e3o demo em um ativo, a vers\u00e3o integral de trabalho. Se voc\u00ea n\u00e3o gosta do que voc\u00ea pode facilmente unistall LabelJoy a partir &#8230; <a title=\"FAQ\" class=\"read-more\" href=\"https:\/\/www.labeljoy.com\/pt-pt\/suporte\/faq-portugues\/\" aria-label=\"Leia mais sobre FAQ\">Read more<\/a><\/p>\n","protected":false},"author":1,"featured_media":0,"parent":3354,"menu_order":4,"comment_status":"open","ping_status":"closed","template":"","meta":{"inline_featured_image":false,"_monsterinsights_skip_tracking":false,"_monsterinsights_sitenote_active":false,"_monsterinsights_sitenote_note":"","_monsterinsights_sitenote_category":0,"footnotes":""},"class_list":{"0":"post-3372","1":"page","2":"type-page","3":"status-publish","5":"infinite-scroll-item"},"aioseo_notices":[],"_links":{"self":[{"href":"https:\/\/www.labeljoy.com\/pt-pt\/wp-json\/wp\/v2\/pages\/3372","targetHints":{"allow":["GET"]}}],"collection":[{"href":"https:\/\/www.labeljoy.com\/pt-pt\/wp-json\/wp\/v2\/pages"}],"about":[{"href":"https:\/\/www.labeljoy.com\/pt-pt\/wp-json\/wp\/v2\/types\/page"}],"author":[{"embeddable":true,"href":"https:\/\/www.labeljoy.com\/pt-pt\/wp-json\/wp\/v2\/users\/1"}],"replies":[{"embeddable":true,"href":"https:\/\/www.labeljoy.com\/pt-pt\/wp-json\/wp\/v2\/comments?post=3372"}],"version-history":[{"count":6,"href":"https:\/\/www.labeljoy.com\/pt-pt\/wp-json\/wp\/v2\/pages\/3372\/revisions"}],"predecessor-version":[{"id":36863,"href":"https:\/\/www.labeljoy.com\/pt-pt\/wp-json\/wp\/v2\/pages\/3372\/revisions\/36863"}],"up":[{"embeddable":true,"href":"https:\/\/www.labeljoy.com\/pt-pt\/wp-json\/wp\/v2\/pages\/3354"}],"wp:attachment":[{"href":"https:\/\/www.labeljoy.com\/pt-pt\/wp-json\/wp\/v2\/media?parent=3372"}],"curies":[{"name":"wp","href":"https:\/\/api.w.org\/{rel}","templated":true}]}}