{"id":3373,"date":"2012-08-07T09:12:49","date_gmt":"2012-08-07T09:12:49","guid":{"rendered":"http:\/\/www.labeljoy.com\/support\/how-to\/how-to-create-your-own-price-tag\/"},"modified":"2023-05-02T06:49:34","modified_gmt":"2023-05-02T06:49:34","slug":"como-crie-propria-etiqueta-preco","status":"publish","type":"page","link":"https:\/\/www.labeljoy.com\/pt-pt\/suporte\/como-fazer\/como-crie-propria-etiqueta-preco\/","title":{"rendered":"Criar etiquetas de pre\u00e7o"},"content":{"rendered":"<h1>Como criar etiquetas de pre\u00e7o<\/h1>\n<p>Neste tutorial, vamos desenhar as nossas pr\u00f3prias etiquetas de pre\u00e7os a serem implantadas nos nossos produtos.<\/p>\n<p>Vamos come\u00e7ar com uma etiqueta muito b\u00e1sica para uso apenas de loja e gradulmente avan\u00e7amos para um design mais complexo que contar\u00e1 com uma conex\u00e3o a uma fonte de dados subjacente, contendo os dados a serem impressos nas etiquetas.<\/p>\n<h2>1 \u2013 Escolher o tamanho certo<\/h2>\n<p>Como sempre, o primeiro passo \u00e9 selecionar ou criar o layout apropriado do papel, baseado no tipo de papel onde ir\u00e1 imprimir.<br \/>\nNeste exemplo vamos usar o layout do papel <em>Devauzet 63P<\/em>, que apresenta etiquetas de pre\u00e7os 12 2,5 por 2,5 polegadas numa folha A4.<\/p>\n<p><a class=\"hover-item\" data-gal=\"prettyPhoto[preco]\" href=\"http:\/\/www.labeljoy.com\/images\/how-to\/price-tag\/pt\/image002.png\"><img decoding=\"async\" width=\"698\" height=\"454\" src=\"http:\/\/www.labeljoy.com\/images\/how-to\/price-tag\/pt\/image002.png\" alt=\"Escolha o layout de etiqueta de pre\u00e7o \"><\/a><\/p>\n<p>&nbsp;<\/p>\n<h2>2 \u2013 Escolher a simbologia de c\u00f3digo de barras<\/h2>\n<p>Esta \u00e9 a parte mais complicada, se nunca trabalhou com c\u00f3digos de barras pode estar a perguntar-se por onde come\u00e7ar.<br \/>\nBasicamente, existem duas maneiras de o fazer:<\/p>\n<ul>\n<li><strong>USO PRIVADO<\/strong>: Precisa ter um s\u00edmbolo de c\u00f3digo de barras de loja nas suas etiquetas que permita digitalizar um n\u00famero de s\u00e9rie no seu sistema, para uso do armaz\u00e9m ou sempre que um cliente desejar comprar um dos seus produtos.Os seus c\u00f3digos de barras ter\u00e3o significado apenas dentro do seu neg\u00f3cio e ser\u00e3o in\u00fateis para o mundo exterior.Neste caso, pode usar um s\u00edmbolo de c\u00f3digo de barras C\u00f3digo 128 que ir\u00e1 codificar a maior parte dos valores alfa-num\u00e9ricos, at\u00e9 255 caracteres. Obviamente voc\u00ea precisa ter constru\u00eddo algum tipo de infra-estrutura digital que gere os c\u00f3digos dos produtos e \u00e9 capaz de responder ao scan de c\u00f3digos de barras, mostrando-lhe o tipo de produto digitalizado e, opcionalmente, aumentar o carrinho de compras do cliente, recuperar a informa\u00e7\u00e3o sobre o produto, tal como o pre\u00e7o, e assim por diante.<\/li>\n<li><strong>USO P\u00daBLICO<\/strong>: Os seus produtos ser\u00e3o enviados para o mundo exterior e o s\u00edmbolo de c\u00f3digo de barras deve identificar os seus produtos em todo o mundo.Neste caso ter\u00e1 de implementar um c\u00f3digo de barras UPC (Am\u00e9rica do Norte, Reino Unido, Austr\u00e1lia e Nova Zel\u00e2ndia) ou um c\u00f3digo de barras EAN 13 (resto do mundo). Para ser capaz de gerar este tipo de s\u00edmbolo, primeiro precisa comprar um n\u00famero de s\u00e9rie da nossa autoridade local  <a title=\"Gs1\" href=\"http:\/\/www.gs1.org\/\" target=\"_blank\" rel=\"noopener\">GS1<\/a> O(s) n\u00famero(s) de s\u00e9rie que comprar v\u00e3o conter uma s\u00e9rie de d\u00edgitos que identificam os seus produtos de forma \u00fanica em todo o mundo, e conter\u00e3o informa\u00e7\u00f5es adicionais tais como Identifica\u00e7\u00e3o do pa\u00eds, Identifica\u00e7\u00e3o da empresa, e os seus pr\u00f3prios c\u00f3digos de produto. Esse n\u00famero de s\u00e9rie pode ser utilizado no LabelJoy para gerar o s\u00edmbolo de c\u00f3digo de barras apropriado.<\/li>\n<\/ul>\n<p>&nbsp;<\/p>\n<h2>3 \u2013 Etiqueta de Armaz\u00e9m<\/h2>\n<p>Se quiser imprimir uma etiqueta de armaz\u00e9m que possa ser lida por um scanner de c\u00f3digo de barras dentro do seu neg\u00f3cio, ent\u00e3o tudo que precisa fazer \u00e9 personalizar os dois elementos padr\u00e3o encontrados nas etiquetas: um elemento de texto e um elemento de c\u00f3digo de barras.<br \/>\nClique duas vezes no texto <em>Clique duplo para editar<\/em> e introduza a descri\u00e7\u00e3o do item:<\/p>\n<p><a class=\"hover-item\" data-gal=\"prettyPhoto[preco]\" href=\"http:\/\/www.labeljoy.com\/images\/how-to\/price-tag\/pt\/image004.png\"><img decoding=\"async\" width=\"698\" height=\"454\" src=\"http:\/\/www.labeljoy.com\/images\/how-to\/price-tag\/pt\/image004.png\" alt=\"Insira datas\"><\/a><\/p>\n<p>Clique em Ok para aplicar as altera\u00e7\u00f5es:<\/p>\n<p><a class=\"hover-item\" data-gal=\"prettyPhoto[preco]\" href=\"http:\/\/www.labeljoy.com\/images\/how-to\/price-tag\/pt\/image006.png\"><img decoding=\"async\" width=\"1258\" height=\"711\" src=\"http:\/\/www.labeljoy.com\/images\/how-to\/price-tag\/pt\/image006.png\" alt=\"nome do produto\"><\/a><\/p>\n<p>Agora vamos trabalhar no c\u00f3digo de barras.<br \/>\nClique duas vezes nele para abrir o seu editor. Escolha a simbologia certa da lista e introduza o n\u00famero de s\u00e9rie que deseja codificar no s\u00edmbolo:<\/p>\n<p><a class=\"hover-item\" data-gal=\"prettyPhoto[preco]\" href=\"http:\/\/www.labeljoy.com\/images\/how-to\/price-tag\/pt\/image008.png\"><img decoding=\"async\" width=\"698\" height=\"454\" src=\"http:\/\/www.labeljoy.com\/images\/how-to\/price-tag\/pt\/image008.png\" alt=\"Adicionar barocde a etiqueta de pre\u00e7o\"><\/a><\/p>\n<p>Neste exemplo de <em>Etiqueta de Armaz\u00e9m<\/em> vamos usar apenas a simbologia Code e codificar um n\u00famero de s\u00e9rie que no nosso sistema corresponda ao artigo para o qual estamos a imprimir etiquetas.<br \/>\nClique em Ok para aplicar as altera\u00e7\u00f5es.<\/p>\n<p><a class=\"hover-item\" data-gal=\"prettyPhoto[preco]\" href=\"http:\/\/www.labeljoy.com\/images\/how-to\/price-tag\/pt\/image010.png\"><img decoding=\"async\" width=\"1258\" height=\"711\" src=\"http:\/\/www.labeljoy.com\/images\/how-to\/price-tag\/pt\/image010.png\" alt=\"Defina o n\u00famero de etiquetas de pre\u00e7os\"><\/a><\/p>\n<p>&nbsp;<\/p>\n<p>Vamos mover os dois elementos para centraliz\u00e1-los na horizontal e na vertical e vamos introduzir a quantidade de etiquetas que precisamos imprimir na caixa de texto superior esquerda.<\/p>\n<p>A caixa de texto superior esquerda a caixa de ferramentas indica o n\u00famero total de etiquetas que deseja imprimir, neste caso 12, que \u00e9 uma folha inteira.<\/p>\n<p>Estamos prontos a imprimir as suas etiquetas de armaz\u00e9m.<\/p>\n<p style=\"text-align: center\"><a href=\"http:\/\/www.labeljoy.com\/images\/how-to\/price-tag\/price_tag_1.lpa\" class=\"large green tt-button\" target=\"_self\"> Fa\u00e7a o download deste ficheiro de etiqueta de armaz\u00e9m <\/a>\n<h2>4 \u2013 Etiqueta de pre\u00e7o<\/h2>\n<p>A etiqueta acima funciona bem para um cen\u00e1rio por tr\u00e1s das cortinas, por exemplo num armaz\u00e9m onde as etiquetas s\u00e3o usadas para gerir bens por  apenas funcion\u00e1rios da empresa.<\/p>\n<p>Quando as etiquetas s\u00e3o vistas pelos seus clientes tamb\u00e9m, pode querer adicionar mais algumas informa\u00e7\u00f5es e torn\u00e1-las um pouco mais atraentes aos olhos.<\/p>\n<p>Vamos come\u00e7ar pela adi\u00e7\u00e3o de alguns dados mais textuais para melhor descrever o artigo.<br \/>\nVamos copiar e colar o elemento de texto para criar uma segunda c\u00f3pia do mesmo.<br \/>\nSelecione-o e use os bot\u00f5es Copiar e Colar encontrados na caixa de ferramentas \u00e0 esquerda:<\/p>\n<p><a class=\"hover-item\" data-gal=\"prettyPhoto[preco]\" href=\"http:\/\/www.labeljoy.com\/images\/how-to\/price-tag\/pt\/image012.png\"><img decoding=\"async\" width=\"1258\" height=\"711\" src=\"http:\/\/www.labeljoy.com\/images\/how-to\/price-tag\/pt\/image012.png\" alt=\"Etiqueta de pre\u00e7o\"><\/a><\/p>\n<p>Vamos clicar duas vezes sobre o texto rec\u00e9m-criado e modific\u00e1-lo antes mudar o texto:<\/p>\n<p><a class=\"hover-item\" data-gal=\"prettyPhoto[preco]\" href=\"http:\/\/www.labeljoy.com\/images\/how-to\/price-tag\/pt\/image014.png\"><img decoding=\"async\" width=\"698\" height=\"454\" src=\"http:\/\/www.labeljoy.com\/images\/how-to\/price-tag\/pt\/image014.png\" alt=\"Adicionar texto a etiqueta de pre\u00e7o\"><\/a><\/p>\n<p>Vamos tamb\u00e9m reduzir o tamanho da fonte e alinhar o texto \u00e0 esquerda:<\/p>\n<p><a class=\"hover-item\" data-gal=\"prettyPhoto[preco]\" href=\"http:\/\/www.labeljoy.com\/images\/how-to\/price-tag\/pt\/image016.png\"><img decoding=\"async\" width=\"698\" height=\"454\" src=\"http:\/\/www.labeljoy.com\/images\/how-to\/price-tag\/pt\/image016.png\" alt=\"Definir texto\"><\/a><\/p>\n<p>Vamos tamb\u00e9m mudar a legenda do elemento de texto maior, removendo a linha \u201cTamanho 12\u201d e alinhando \u00e0 esquerda.<br \/>\nVamos mover as coisas um pouco para obter algo como isto:<\/p>\n<p><a class=\"hover-item\" data-gal=\"prettyPhoto[preco]\" href=\"http:\/\/www.labeljoy.com\/images\/how-to\/price-tag\/pt\/image018.png\"><img decoding=\"async\" width=\"1258\" height=\"711\" src=\"http:\/\/www.labeljoy.com\/images\/how-to\/price-tag\/pt\/image018.png\" alt=\"Pre\u00e7o exemplo tag\"><\/a><\/p>\n<p>Agora vamos adicionar uma imagem que vai transmitir melhor o tipo de artigo a ser comprado.<\/p>\n<p>Clique no bot\u00e3o <em>Inserir gr\u00e1fico<\/em> na caixa de ferramentas e desenhe um ret\u00e2ngulo na \u00e1rea superior direita. A imagem padr\u00e3o \u00e9 adicionada:<\/p>\n<p><a class=\"hover-item\" data-gal=\"prettyPhoto[preco]\" href=\"http:\/\/www.labeljoy.com\/images\/how-to\/price-tag\/pt\/image020.png\"><img decoding=\"async\" width=\"1258\" height=\"711\" src=\"http:\/\/www.labeljoy.com\/images\/how-to\/price-tag\/pt\/image020.png\" alt=\"Inserir imagem para rotular\"><\/a><\/p>\n<p>Nota: dependendo das configura\u00e7\u00f5es encontradas na janela <em>Op\u00e7\u00f5es<\/em> &#8211; <em>separador <\/em><em>principal<\/em> &#8211; <em>Mostrar editor ap\u00f3s adi\u00e7\u00e3o de item<\/em>, de cada vez que adiciona um novo elemento, a sua janela de propriedades pode automaticamente surgir. Se isso n\u00e3o acontecer, basta clicar duas vezes no elemento rec\u00e9m-adicionado para personalizar a sua apar\u00eancia.<\/p>\n<p>Abra o formul\u00e1rio de edi\u00e7\u00e3o de imagem e clique no bot\u00e3o Clipart.<br \/>\nO formul\u00e1rio de sele\u00e7\u00e3o do Clipart \u00e9 exibido.<br \/>\nSelecione a categoria <em>Ferramentas<\/em> e selecione a imagem da chave de fendas.<\/p>\n<p><a class=\"hover-item\" data-gal=\"prettyPhoto[preco]\" href=\"http:\/\/www.labeljoy.com\/images\/how-to\/price-tag\/pt\/image022.png\"><img decoding=\"async\" width=\"620\" height=\"472\" src=\"http:\/\/www.labeljoy.com\/images\/how-to\/price-tag\/pt\/image022.png\" alt=\"Cliparts\"><\/a><\/p>\n<p>Clique em Ok para confirmar e clique em Ok novamente no formul\u00e1rio de edi\u00e7\u00e3o de imagem para confirmar as altera\u00e7\u00f5es.<\/p>\n<p>Mova e redimensione o clipart para perfeitamente se encaixar na etiqueta e tamb\u00e9m mova o c\u00f3digo de barras um pouco para criar um espa\u00e7o na parte inferior.<br \/>\nA sua etiqueta de pre\u00e7o deve agora parecer algo como:<\/p>\n<p><a class=\"hover-item\" data-gal=\"prettyPhoto[preco]\" href=\"http:\/\/www.labeljoy.com\/images\/how-to\/price-tag\/pt\/image024.png\"><img decoding=\"async\" width=\"1258\" height=\"711\" src=\"http:\/\/www.labeljoy.com\/images\/how-to\/price-tag\/pt\/image024.png\" alt=\"Resultado etiqueta Pre\u00e7o \"><\/a><\/p>\n<p>Vamos agora adicionar o logotipo da empresa e nome na parte inferior da etiqueta.<br \/>\nPrimeiro, adicione o seu logotipo, por acrescentar um novo objecto <em>Gr\u00e1fico<\/em>. Na janela de edi\u00e7\u00e3o de imagem, clique no bot\u00e3o Ficheiro e navegue pelas pastas do seu computador para localizar o ficheiro de imagem do logotipo da empresa.<br \/>\nSelecione-o e clique em Ok:<\/p>\n<p><a class=\"hover-item\" data-gal=\"prettyPhoto[preco]\" href=\"http:\/\/www.labeljoy.com\/images\/how-to\/price-tag\/pt\/image026.png\"><img decoding=\"async\" width=\"1258\" height=\"711\" src=\"http:\/\/www.labeljoy.com\/images\/how-to\/price-tag\/pt\/image026.png\" alt=\"Etiqueta de pre\u00e7o com detalhes \"><\/a><\/p>\n<p>Finalmente, vamos adicionar o nome da empresa e informa\u00e7\u00f5es adicionais, usando dois elementos de texto alinhados ao centro com tamanhos de fontes diferentes e cor cinza:<\/p>\n<p><a class=\"hover-item\" data-gal=\"prettyPhoto[preco]\" href=\"http:\/\/www.labeljoy.com\/images\/how-to\/price-tag\/pt\/image028.png\"><img decoding=\"async\" width=\"1258\" height=\"711\" src=\"http:\/\/www.labeljoy.com\/images\/how-to\/price-tag\/pt\/image028.png\" alt=\"Tag etiqueta Pre\u00e7o\"><\/a><\/p>\n<p style=\"text-align: center\"><a href=\"http:\/\/www.labeljoy.com\/images\/how-to\/price-tag\/price_tag_2.lpa\" class=\"large green tt-button\" target=\"_self\"> Fa\u00e7a o download deste ficheiro de etiqueta de pre\u00e7o  <\/a>\n<h2>5 \u2013 Dados ligados \u00e0 etiqueta de pre\u00e7os<\/h2>\n<p>At\u00e9 agora vimos como criar etiquetas <em>est\u00e1ticas<\/em>, etiquetas que s\u00e3o replicadas de forma id\u00eantica para cada posi\u00e7\u00e3o ao longo de toda a folha.<\/p>\n<p>A maioria das vezes, por\u00e9m vamos precisar de imprimir etiquetas semelhantes que apresentam diferentes conte\u00fados, com base em dados armazenados numa base de dados externa, tais como num ficheiro Excel, um ficheiro Access, uma lista de endere\u00e7os ou uma tabela ou de um sistema de base de dados profissional.<\/p>\n<p>Por exemplo, suponha que a sua loja de ferragens precisa de etiquetar cada item de um lote de ferramentas que foi acabado de enviar para si por um dos seus fornecedores.<\/p>\n<p>Num cen\u00e1rio realista, ter\u00edamos esses dados armazenados em algum lugar no seu sistema, por exemplo, num ficheiro Excel, e n\u00f3s gostar\u00edamos que as suas etiquetas imprimissem os dados relativos ao conte\u00fado do ficheiro Excel. Al\u00e9m disso, provavelmente gostar\u00edamos de imprimir tantas etiquetas quanto necess\u00e1rias.<\/p>\n<p>N\u00f3s vamos usar o ficheiro Excel seguinte como fonte de dados para as etiquetas de pre\u00e7o:<\/p>\n<p><a class=\"hover-item\" data-gal=\"prettyPhoto[preco]\" href=\"http:\/\/www.labeljoy.com\/images\/how-to\/price-tag\/pt\/image030.png\"><img decoding=\"async\" width=\"1063\" height=\"480\" src=\"http:\/\/www.labeljoy.com\/images\/how-to\/price-tag\/pt\/image030.png\" alt=\"Os dados ligados a etiqueta de pre\u00e7o\"><\/a><\/p>\n<p>Este breve ficheiro de Excel 2007 cont\u00e9m as seguintes colunas:<\/p>\n<ul>\n<li><strong>C\u00f3digo do Item<\/strong>: o c\u00f3digo do item que identifica o artigo dentro de sua empresa.<\/li>\n<li><strong>Quantidade<\/strong>: o montante recebido por cada artigo.<\/li>\n<li><strong>Nome<\/strong>: o nome principal do artigo.<\/li>\n<li><strong>Tamanho<\/strong>: o tamanho do artigo.<\/li>\n<li><strong>Descri\u00e7\u00e3o<\/strong>: uma breve descri\u00e7\u00e3o de cada artigo.<\/li>\n<li><strong>Pre\u00e7o<\/strong>: o pre\u00e7o do artigo.<\/li>\n<li><strong>Imagem<\/strong>: o caminho e o nome do ficheiro da imagem do artigo.<\/li>\n<\/ul>\n<p>Vamos agora usar esses dados para imprimir as nossas etiquetas de pre\u00e7os personalizadas.<\/p>\n<p>Primeiro, precisamos <em>conectar<\/em> o ficheiro LabelJoy a este ficheiro de dados.<\/p>\n<p>Vamos usar a funcionalidade <em>Assistente de conex\u00e3o de dados<\/em> para reunir todas as informa\u00e7\u00f5es que o Labeljoy precisa para se conectar \u00e0 fonte de dados.<br \/>\nVamos clicar no bot\u00e3o de caixa de ferramentas apropriada para iniciar o assistente de dados:<\/p>\n<p><a class=\"hover-item\" data-gal=\"prettyPhoto[preco]\" href=\"http:\/\/www.labeljoy.com\/images\/how-to\/price-tag\/pt\/image032.png\"><img decoding=\"async\" width=\"1258\" height=\"711\" src=\"http:\/\/www.labeljoy.com\/images\/how-to\/price-tag\/pt\/image032.png\" alt=\"Link da fonte de dados externa\"><\/a><\/p>\n<p>O segundo passo, vai pedir-nos para definir o tipo de ficheiro que vamos utilizar. Vamos selecionar <em>Excel<\/em>:<\/p>\n<p><a class=\"hover-item\" data-gal=\"prettyPhoto[preco]\" href=\"http:\/\/www.labeljoy.com\/images\/how-to\/price-tag\/pt\/image036.png\"><img decoding=\"async\" width=\"620\" height=\"472\" src=\"http:\/\/www.labeljoy.com\/images\/how-to\/price-tag\/pt\/image036.png\" alt=\"Dados do Excel vinculada a etiqueta de pre\u00e7o \"><\/a><\/p>\n<p>Em seguida, ser\u00e1 solicitado a procurar o ficheiro de Excel que cont\u00e9m os dados. Clique no bot\u00e3o <em>Procurar<\/em> e localize o ficheiro Excel que cont\u00e9m os dados aos quais deseja conectar-se:<\/p>\n<p><a class=\"hover-item\" data-gal=\"prettyPhoto[preco]\" href=\"http:\/\/www.labeljoy.com\/images\/how-to\/price-tag\/pt\/image040.png\"><img decoding=\"async\" width=\"620\" height=\"472\" src=\"http:\/\/www.labeljoy.com\/images\/how-to\/price-tag\/pt\/image040.png\" alt=\"Os dados ligados a etiqueta de pre\u00e7o\"><\/a><\/p>\n<p>Agora, avance os pr\u00f3ximos tr\u00eas passos deixando todas as predefini\u00e7\u00f5es e p\u00e1re no passo <em>Quantidade<\/em>. Como vimos anteriormente, o ficheiro Excel inclui uma coluna que cont\u00e9m a quantidade de itens que precisamos para imprimir etiquetas. Vamos usar essa informa\u00e7\u00e3o para dizer ao LabelJoy para gerar a quantidade correta de etiquetas para cada artigo.<br \/>\nSelecione o campo <em>Quantidade<\/em> abaixo:<\/p>\n<p><a class=\"hover-item\" data-gal=\"prettyPhoto[preco]\" href=\"http:\/\/www.labeljoy.com\/images\/how-to\/price-tag\/pt\/image042.png\"><img decoding=\"async\" width=\"620\" height=\"472\" src=\"http:\/\/www.labeljoy.com\/images\/how-to\/price-tag\/pt\/image042.png\" alt=\"Pre\u00e7o tag de c\u00f3digo de barras\"><\/a><\/p>\n<p>Agora vamos percorrer os pr\u00f3ximos passos at\u00e9 chegarmos ao ecr\u00e3 de <em>revis\u00e3o de dados<\/em>. Aqui podemos ver os dados que foram carregados a partir do ficheiro de Excel antes de ser realmente conectado \u00e0s etiquetas:<\/p>\n<p><a class=\"hover-item\" data-gal=\"prettyPhoto[preco]\" href=\"http:\/\/www.labeljoy.com\/images\/how-to\/price-tag\/pt\/image044.png\"><img decoding=\"async\" width=\"620\" height=\"472\" src=\"http:\/\/www.labeljoy.com\/images\/how-to\/price-tag\/pt\/image044.png\" alt=\"Os dados ligados a etiqueta de pre\u00e7o\"><\/a><\/p>\n<p>Clique em <em>Seguinte<\/em> para confirmar e depois <em>Ok<\/em> para sair do Assistente.<br \/>\nConectamos com sucesso a sua fonte de dados \u00e0s suas etiquetas.<\/p>\n<p>Tudo o que temos a fazer agora \u00e9 apresentar estas informa\u00e7\u00f5es nas etiquetas de pre\u00e7os.<br \/>\nVamos come\u00e7ar personalizando o texto maior, na parte superior esquerda. Clicamos duas vezes nesse para exibir a janela de edi\u00e7\u00e3o e removemos o actual texto <em>Chave de fendas<\/em>.<br \/>\nNo seu lugar, vamos adicionar um campo da fonte de dados subjacente: o campo do <em>Nome<\/em>.<br \/>\nClique no bot\u00e3o do <em>Campo<\/em> e selecione <em>Nome<\/em>:<\/p>\n<p><a class=\"hover-item\" data-gal=\"prettyPhoto[preco]\" href=\"http:\/\/www.labeljoy.com\/images\/how-to\/price-tag\/pt\/image046.png\"><img decoding=\"async\" width=\"698\" height=\"454\" src=\"http:\/\/www.labeljoy.com\/images\/how-to\/price-tag\/pt\/image046.png\" alt=\"Os dados ligados a etiqueta de pre\u00e7o\"><\/a><\/p>\n<p>Clique em Ok para confirmar.<\/p>\n<p>Note que o controle superior esquerdo utilizado para introduzir a quantidade de etiquetas est\u00e1 agora desactivado. Ele exibe 33, que \u00e9 o n\u00famero total de etiquetas geradas com as defini\u00e7\u00f5es da origem de dados actuais.<\/p>\n<p><a class=\"hover-item\" data-gal=\"prettyPhoto[preco]\" href=\"http:\/\/www.labeljoy.com\/images\/how-to\/price-tag\/pt\/image048.png\"><img decoding=\"async\" width=\"1233\" height=\"757\" src=\"http:\/\/www.labeljoy.com\/images\/how-to\/price-tag\/pt\/image048.png\" alt=\"Os dados ligados a etiqueta de pre\u00e7o\"><\/a><\/p>\n<p>Al\u00e9m disso, depois de aplicar a mudan\u00e7a do primeiro texto, a 9\u00aa posi\u00e7\u00e3o na folha agora exibe <em>Martelo<\/em>. Isso porque, como visto no ficheiro de origem do Excel, temos oito chaves de fendas e, em seguida, cinco martelos.<\/p>\n<p>Vamos agora trabalhar na descri\u00e7\u00e3o do texto menor para incorporar os dados da fonte de dados.<\/p>\n<p>Ao substituir parte do texto existente com os campos da fonte de dados, podemos garantir que cada etiqueta ir\u00e1 apresentar os dados correctos a serem impressos.<\/p>\n<p><a class=\"hover-item\" data-gal=\"prettyPhoto[preco]\" href=\"http:\/\/www.labeljoy.com\/images\/how-to\/price-tag\/pt\/image050.png\"><img decoding=\"async\" width=\"698\" height=\"454\" src=\"http:\/\/www.labeljoy.com\/images\/how-to\/price-tag\/pt\/image050.png\" alt=\"Os dados ligados a etiqueta de pre\u00e7o\"><\/a><\/p>\n<p>LVamos agora ligar a imagem superior direita ao campo <em>Imagem<\/em>  da fonte de dados, de modo que cada etiqueta exiba a imagem da ferramenta certa.<br \/>\nD\u00ea um clique suplo na imagem da chave de fendas, clique no bot\u00e3o <em>Campo<\/em> e selecione o campo <em>Imagem<\/em> tal como definido no ficheiro de Excel:<\/p>\n<p><a class=\"hover-item\" data-gal=\"prettyPhoto[preco]\" href=\"http:\/\/www.labeljoy.com\/images\/how-to\/price-tag\/pt\/image052.png\"><img decoding=\"async\" width=\"698\" height=\"454\" src=\"http:\/\/www.labeljoy.com\/images\/how-to\/price-tag\/pt\/image052.png\" alt=\"Resultado etiqueta Pre\u00e7o \"><\/a><\/p>\n<p>Clique Ok para confirmar.<\/p>\n<p>Neste ponto, o seu ficheiro LabelJoy deve ser algo como isso, na primeira p\u00e1gina:<\/p>\n<p><a class=\"hover-item\" data-gal=\"prettyPhoto[preco]\" href=\"http:\/\/www.labeljoy.com\/images\/how-to\/price-tag\/pt\/image054.png\"><img decoding=\"async\" width=\"1233\" height=\"757\" src=\"http:\/\/www.labeljoy.com\/images\/how-to\/price-tag\/pt\/image054.png\" alt=\"Resultado etiqueta Pre\u00e7o \"><\/a><\/p>\n<p>Tudo o que nos resta agora \u00e9 adaptar o c\u00f3digo de barras \u00e0 fonte de dados.<br \/>\nClique duas vezes no c\u00f3digo de barras e remova os 4 \u00faltimos algarismos do texto. Depois selecione o campo <em>C\u00f3digo do Item<\/em> clicando no bot\u00e3o <em>Campo<\/em>.<\/p>\n<p>Desta forma, est\u00e1 a dizer ao LabelJoy para <a href=\"https:\/\/www.labeljoy.com\/gerador-de-codigos-de-barras-online\/\" title=\"Gerador de c\u00f3digos de barras online\">gerar um c\u00f3digo de barras<\/a> que ser\u00e1 formado por uma sec\u00e7\u00e3o est\u00e1tica seguido de uma parte de 4 d\u00edgitos din\u00e2mica:<\/p>\n<p><a class=\"hover-item\" data-gal=\"prettyPhoto[preco]\" href=\"http:\/\/www.labeljoy.com\/images\/how-to\/price-tag\/pt\/image056.png\"><img decoding=\"async\" width=\"700\" height=\"456\" src=\"http:\/\/www.labeljoy.com\/images\/how-to\/price-tag\/pt\/image056.png\" alt=\"Resultado etiqueta Pre\u00e7o \"><\/a><\/p>\n<p>Clique em Ok para confirmar as altera\u00e7\u00f5es.<\/p>\n<p>A etiqueta de pre\u00e7o est\u00e1 agora completa. Tudo que tem a fazer agora \u00e9 imprimir as etiquetas usando uma impressora normal de jato de tinta ou laser e anexar as etiquetas aos artigos.<\/p>\n<p style=\"text-align: center\"><a href=\"http:\/\/www.labeljoy.com\/images\/how-to\/price-tag\/price_tag_3.zip\" class=\"large green tt-button\" target=\"_self\"> Fa\u00e7a o download desde ficheiro de etiqueta de pre\u00e7os din\u00e2mica <\/a>\n<p>Aqui est\u00e1 a p\u00e1gina 2 e 3 do trabalho:<\/p>\n<p><a class=\"hover-item\" data-gal=\"prettyPhoto[preco]\" href=\"http:\/\/www.labeljoy.com\/images\/how-to\/price-tag\/pt\/image058.png\"><img decoding=\"async\" width=\"1224\" height=\"928\" src=\"http:\/\/www.labeljoy.com\/images\/how-to\/price-tag\/pt\/image058.png\" alt=\"Resultado etiqueta Pre\u00e7o \"><\/a><\/p>\n<p>&nbsp;<\/p>\n<p><a class=\"hover-item\" data-gal=\"prettyPhoto[preco]\" href=\"http:\/\/www.labeljoy.com\/images\/how-to\/price-tag\/pt\/image060.png\"><img decoding=\"async\" width=\"1224\" height=\"928\" src=\"http:\/\/www.labeljoy.com\/images\/how-to\/price-tag\/pt\/image060.png\" alt=\"Resultado etiqueta Pre\u00e7o \"><\/a><\/p>\n","protected":false},"excerpt":{"rendered":"<p>Como criar etiquetas de pre\u00e7o Neste tutorial, vamos desenhar as nossas pr\u00f3prias etiquetas de pre\u00e7os a serem implantadas nos nossos produtos. Vamos come\u00e7ar com uma etiqueta muito b\u00e1sica para uso apenas de loja e gradulmente avan\u00e7amos para um design mais complexo que contar\u00e1 com uma conex\u00e3o a uma fonte de dados subjacente, contendo os dados &#8230; <a title=\"Criar etiquetas de pre\u00e7o\" class=\"read-more\" href=\"https:\/\/www.labeljoy.com\/pt-pt\/suporte\/como-fazer\/como-crie-propria-etiqueta-preco\/\" aria-label=\"Leia mais sobre Criar etiquetas de pre\u00e7o\">Read more<\/a><\/p>\n","protected":false},"author":1,"featured_media":0,"parent":3366,"menu_order":0,"comment_status":"open","ping_status":"closed","template":"","meta":{"inline_featured_image":false,"_monsterinsights_skip_tracking":false,"_monsterinsights_sitenote_active":false,"_monsterinsights_sitenote_note":"","_monsterinsights_sitenote_category":0,"footnotes":""},"class_list":{"0":"post-3373","1":"page","2":"type-page","3":"status-publish","5":"infinite-scroll-item"},"aioseo_notices":[],"_links":{"self":[{"href":"https:\/\/www.labeljoy.com\/pt-pt\/wp-json\/wp\/v2\/pages\/3373","targetHints":{"allow":["GET"]}}],"collection":[{"href":"https:\/\/www.labeljoy.com\/pt-pt\/wp-json\/wp\/v2\/pages"}],"about":[{"href":"https:\/\/www.labeljoy.com\/pt-pt\/wp-json\/wp\/v2\/types\/page"}],"author":[{"embeddable":true,"href":"https:\/\/www.labeljoy.com\/pt-pt\/wp-json\/wp\/v2\/users\/1"}],"replies":[{"embeddable":true,"href":"https:\/\/www.labeljoy.com\/pt-pt\/wp-json\/wp\/v2\/comments?post=3373"}],"version-history":[{"count":21,"href":"https:\/\/www.labeljoy.com\/pt-pt\/wp-json\/wp\/v2\/pages\/3373\/revisions"}],"predecessor-version":[{"id":39765,"href":"https:\/\/www.labeljoy.com\/pt-pt\/wp-json\/wp\/v2\/pages\/3373\/revisions\/39765"}],"up":[{"embeddable":true,"href":"https:\/\/www.labeljoy.com\/pt-pt\/wp-json\/wp\/v2\/pages\/3366"}],"wp:attachment":[{"href":"https:\/\/www.labeljoy.com\/pt-pt\/wp-json\/wp\/v2\/media?parent=3373"}],"curies":[{"name":"wp","href":"https:\/\/api.w.org\/{rel}","templated":true}]}}