{"id":3387,"date":"2012-06-29T15:45:34","date_gmt":"2012-06-29T15:45:34","guid":{"rendered":"http:\/\/www.labeljoy.com\/free-label-software-3\/"},"modified":"2026-01-16T16:17:14","modified_gmt":"2026-01-16T16:17:14","slug":"software-etiquetagem-gratis","status":"publish","type":"page","link":"https:\/\/www.labeljoy.com\/pt-pt\/software-etiquetagem-gratis\/","title":{"rendered":"Software de etiquetagem"},"content":{"rendered":"<h1>Software de Etiquetagem<\/h1>\n<h2><em>O Labeljoy \u00e9 utilizado em mais de 160 pa\u00edses em todo o mundo.<\/em><\/h2>\n<div class=\"one_half\">\n<img decoding=\"async\" width=\"303\" height=\"273\" class=\"alignleft\" title=\"software profissional etiqueta de c\u00f3digo de barras\" src=\"\/images\/free-label-software\/barcode-software-screen.jpg\" alt=\"software etiqueta c\u00f3digo de barras\" \/><br \/>\n<\/div>\n<div class=\"one_half\">\n<p class=\"label-soft\">Baixe gratuitamente a vers\u00e3o teste do nosso programa para etiquetas<\/p>\n<p style=\"margin-top: 32px;\"><a href=\"\/pt\/download-pt\/\" class=\"large green tt-button\" target=\"_self\"> FA\u00c7A O DOWNLOAD GR\u00c1TIS AGORA <\/a>\n<div class=\"release\" style=\"text-align: left;\">\u00daltima vers\u00e3o:  6.26.03.06 | Tamanho: 96.2 MB\nData de Lan\u00e7amento: 06\/03\/2026\n<a href=\"https:\/\/www.labeljoy.com\/license-agreement\/\" target=\"_blank\" rel=\"noopener\">Acordo de licen\u00e7a<\/a> | <a href=\"https:\/\/www.labeljoy.com\/how-to-uninstall-labeljoy\/\" target=\"_blank\" rel=\"noopener\">Como desinstalar<\/a><\/div>\n<\/div>\n<div class=\"hr hr-solid\">&nbsp;<\/div>\n<p>Pode fazer o\u00a0<a title=\"baixar Labeljoy\" href=\"http:\/\/www.labeljoy.com\/pt-pt\/download-pt\/\">download\u00a0<\/a>do nosso <em>software profissional de etiquetagem<\/em> e experimentar gratuitamente antes de compr\u00e1-lo. Com Labeljoy Edi\u00e7\u00e3o Gr\u00e1tis pode <strong>criar e imprimir etiquetas<\/strong> usando as mesmas <a title=\"funcionalidades\" href=\"http:\/\/www.labeljoy.com\/pt-pt\/funcionalidades\/\">funcionalidades<\/a>\u00a0da edi\u00e7\u00e3o Completa.<\/p>\n<p>\u00c9 poss\u00edvel fazer o download e editar todos os <a title=\"modelos etiquetas gratis\" href=\"http:\/\/www.labeljoy.com\/pt-pt\/modelos\/modelos-etiquetas-gratis\/\">modelos brancos<\/a>\u00a0e todos os <a title=\"modelos gratis\" href=\"http:\/\/www.labeljoy.com\/pt-pt\/modelos\/\">modelos desenhados<\/a>\u00a0permitindo-lhe\u00a0criar fant\u00e1sticas etiquetas personalizadas.<\/p>\n<div class=\"hr hr-solid\">&nbsp;<\/div>\n<h2>Caracter\u00edsticas do Labeljoy Teste Gr\u00e1tis<\/h2>\n<p>Esta edi\u00e7\u00e3o gr\u00e1tis do programa suporta tudo o que voc\u00ea precisa: <strong>simbologias de c\u00f3digo de barras<\/strong> 1D &amp; 2D, <strong>conec\u00e7\u00e3o \u00e0 base de dados<\/strong>, importa\u00e7\u00e3o de dados do Outlook, criar e modificar <strong>modelos de etiquetas<\/strong> e usar bibliotecas de <strong>clipart <\/strong>integradas.<br \/>\nPode ver <a title=\"caracter\u00edsticas labeljoy\" href=\"http:\/\/www.labeljoy.com\/pt-pt\/funcionalidades\/\">todas as caracter\u00edsticas<\/a>\u00a0deste programa completo para personalizar as suas etiquetas.<\/p>\n<p>&nbsp;<\/p>\n<div class=\"one_half\">\n<p class=\"tt-icon icon-db2\"><strong><strong>IMPORTA\u00c7\u00c3O DE BASE DE DADOS<\/strong><\/strong><br \/>\nConecte campos de texto, imagem e c\u00f3digo de barras a bases de dados externas tais como Excel, Access, Outlook, csv, txt, MySql, SQL Server, Oracle, etc. Ser\u00e1 capaz de rapidamente gerar etiquetas de c\u00f3digos de barras personalizadas.<\/p>\n<\/div>\n<div class=\"one_half\">\n<p class=\"tt-icon icon-layout\"><strong>11.000 LAYOUTS<\/strong><br \/>\nLabeljoy tem mais de 11.000 layouts pr\u00e9-carregados divididos por nome do fabricante e por c\u00f3digo do produto. Tamb\u00e9m pode personalizar e criar o layout, escolhendo as dimens\u00f5es exigidas.<\/p>\n<\/div>\n<div class=\"hr hr-dotted\">&nbsp;<\/div>\n<div class=\"one_half\">\n<p class=\"tt-icon icon-qrcode\"><strong>GERADOR DE QR CODE<\/strong><br \/>\nLabeljoy possui um gerador de QR Code. Voc\u00ea pode gerar infinitos c\u00f3digos de barras 2D e exportar ou imprimi-los. Veja o nosso guia <a title=\"Guia de c\u00f3digo QR\" href=\"http:\/\/www.labeljoy.com\/pt-pt\/suporte\/guia-codigo-qr\/\">Sobre QR Code<\/a>\u00a0para aprender mais sobre QR Code.<\/p>\n<\/div>\n<div class=\"one_half\">\n<p class=\"tt-icon icon-barcode\"><strong><a title=\"Gerador de c\u00f3digos de barras online\" href=\"https:\/\/www.labeljoy.com\/gerador-de-codigos-de-barras-online\/\">GERADOR DE C\u00d3DIGO DE BARRAS<\/a><\/strong><br \/>\nCrie e imprima 26 tipos diferentes de simbologias de c\u00f3digo de barras tais como Ean, ITF, UPC, C\u00f3digo 39, Codabar e muitos outros. Veja o nosso <a title=\"Guia de C\u00f3digo de Barras\" href=\"http:\/\/www.labeljoy.com\/pt-pt\/suporte\/guia-codigo-de-barras\/\">Guia de C\u00f3digo de Barras<\/a> para aprender sobre as principais caracter\u00edsticas de cada simbologia.<\/p>\n<\/div>\n<div class=\"hr hr-dotted\">&nbsp;<\/div>\n<div class=\"one_half\">\n<p class=\"tt-icon icon-custom\"><strong>CRIAR ETIQUETAS PERSONALIZ\u00c1VEIS<\/strong><br \/>\nPode criar etiquetas personalizadas, editar textos, imagens e c\u00f3digos de barras. Adicionar efeitos gr\u00e1ficos tais como transpar\u00eancias, desvanecimentos, texturas e bordas.<\/p>\n<\/div>\n<div class=\"one_half\">\n<p class=\"tt-icon icon-export\"><strong>EXPORTAR C\u00d3DIGOS DE BARRAS, FOLHAS, ETIQUETAS<\/strong><br \/>\nPode exportar folhas inteiras, etiquetas individuais ou c\u00f3digos de barras. \u00c9 poss\u00edvel exportar os seus designs em jpg, pdf e outros formatos de imagem populares.<\/p>\n<\/div>\n<div class=\"hr hr-solid\">&nbsp;<\/div>\n<h3>Como a Edi\u00e7\u00e3o de Teste funciona<\/h3>\n<p>A edi\u00e7\u00e3o de teste \u00e9<strong> completamente funcional <\/strong>e\u00a0<strong>n\u00e3o tem um limite de tempo<\/strong>!<\/p>\n<p>Pode fazer o <a title=\"Download Labeljoy\" href=\"http:\/\/www.labeljoy.com\/pt-pt\/download-pt\/\">download\u00a0<\/a>e usar o software de personaliza\u00e7\u00e3o de etiquetas gratuitamente! A \u00fanica limita\u00e7\u00e3o consiste numa pequena escrita para as primeiras 500 etiquetas durante a impress\u00e3o e uma marca d\u2019\u00e1gua para as etiquetas seguintes.<\/p>\n<p>Compre a vers\u00e3o <a title=\"comprar labeljoy basica\" href=\"http:\/\/www.labeljoy.com\/pt-pt\/compra\/\">Basic<\/a>\u00a0ou <a title=\"comprar labeljoy completa\" href=\"http:\/\/www.labeljoy.com\/pt-pt\/compra\/\">Full<\/a>, introduza o c\u00f3digo de activa\u00e7\u00e3o e desfrute dos recursos do programa.<\/p>\n<div class=\"hr hr-solid\">&nbsp;<\/div>\n<h3>Etiquetas Personalizadas para Imprimir<\/h3>\n<p>Pode fazer o <a title=\"modelos etiquetas\" href=\"http:\/\/www.labeljoy.com\/pt-pt\/modelos\/modelos-etiquetas-gratis\/\">download\u00a0<\/a>e editar os nossos\u00a0<a title=\"modelos etiquetas\" href=\"http:\/\/www.labeljoy.com\/pt-pt\/modelos\/\">modelos<\/a>\u00a0para criar <em>autocolantes, etiquetas, cart\u00f5es de visita, crach\u00e1s, cart\u00f5es de identifica\u00e7\u00e3o, etiquetas de endere\u00e7os <\/em><em>personaliz\u00e1veis<\/em><em>,<\/em> e muito mais.<br \/>\n<div class=\"hr hr-solid\">&nbsp;<\/div>\n<div class=\"one_half\">\n<img decoding=\"async\" src=\"http:\/\/www.labeljoy.com\/images\/pixel.png\" alt=\"\" width=\"30\" height=\"50\" \/><\/p>\n<p style=\"text-align: center;\"><a href=\"http:\/\/www.labeljoy.com\/pt-pt\/modelos\/\" class=\"large orange tt-button\" target=\"_self\">Download Gratuito de Modelos de Etiquetas<\/a>\n<\/div>\n<div class=\"one_half\">\n<p style=\"text-align: center;\"><a title=\"Modelos de Etiquetas\" href=\"http:\/\/www.labeljoy.com\/pt-pt\/modelos\/modelos-etiquetas-gratis\/\"><img decoding=\"async\" class=\"alignnone\" title=\"Download modelos de qtiquetas\" src=\"http:\/\/www.labeljoy.com\/images\/download\/download-free-templates.jpg\" alt=\"Download Gratuito de Modelos de Etiquetas\" width=\"210\" height=\"116\" \/><\/a><\/p>\n<\/div>\n<div class=\"hr hr-solid\">&nbsp;<\/div>\n<h3>Requerimentos de sistema e nota para instala\u00e7\u00e3o<\/h3>\n<p>Labeljoy \u00e9 um software para\u00a0<strong>Microsoft Windows<\/strong>.<br \/>\nAs vers\u00f5es suportadas s\u00e3o: Windows XP,\u00a0Windows Vista,\u00a0Windows 7, Windows 8, Windows 10<br \/>\ne Windows 2003 Server,\u00a0Windows 2008 Server, Windows 2012 Server.<\/p>\n<p>Passo para a instala\u00e7\u00e3o do software:<\/p>\n<ol>\n<li>Fa\u00e7a o\u00a0<a title=\"PT Download Labeljoy\" href=\"http:\/\/www.labeljoy.com\/pt-pt\/download-pt\/\">Download\u00a0<\/a>do software<\/li>\n<li>Execute o labeljoy6setup.exe\u00a0para come\u00e7ar a instala\u00e7\u00e3o.<\/li>\n<li>Escolha a sua l\u00edngua.<\/li>\n<li>Clique em [Seguinte] para continuar o procedimento.<\/li>\n<li>Clique em [Concluir] para completar a instala\u00e7\u00e3on<\/li>\n<\/ol>\n<p>Para registar o Labeljoy, siga estes 3 passos simples: conecte-se ao website do Labeljoy e compre uma chave de registo; insira-a na caixa de texto de registo acess\u00edvel atrav\u00e9s do \u00edcone &#8220;Registo&#8221; no tab &#8220;Ficheiro&#8221;, e depois verifique que o processo de registo foi conclu\u00eddo com \u00eaxito.<\/p>\n","protected":false},"excerpt":{"rendered":"<p>Software de Etiquetagem O Labeljoy \u00e9 utilizado em mais de 160 pa\u00edses em todo o mundo. Pode fazer o\u00a0download\u00a0do nosso software profissional de etiquetagem e experimentar gratuitamente antes de compr\u00e1-lo. Com Labeljoy Edi\u00e7\u00e3o Gr\u00e1tis pode criar e imprimir etiquetas usando as mesmas funcionalidades\u00a0da edi\u00e7\u00e3o Completa. \u00c9 poss\u00edvel fazer o download e editar todos os modelos &#8230; <a title=\"Software de etiquetagem\" class=\"read-more\" href=\"https:\/\/www.labeljoy.com\/pt-pt\/software-etiquetagem-gratis\/\" aria-label=\"Leia mais sobre Software de etiquetagem\">Read more<\/a><\/p>\n","protected":false},"author":1,"featured_media":0,"parent":0,"menu_order":36,"comment_status":"closed","ping_status":"closed","template":"","meta":{"inline_featured_image":false,"_monsterinsights_skip_tracking":false,"_monsterinsights_sitenote_active":false,"_monsterinsights_sitenote_note":"","_monsterinsights_sitenote_category":0,"footnotes":""},"class_list":{"0":"post-3387","1":"page","2":"type-page","3":"status-publish","5":"infinite-scroll-item"},"aioseo_notices":[],"_links":{"self":[{"href":"https:\/\/www.labeljoy.com\/pt-pt\/wp-json\/wp\/v2\/pages\/3387","targetHints":{"allow":["GET"]}}],"collection":[{"href":"https:\/\/www.labeljoy.com\/pt-pt\/wp-json\/wp\/v2\/pages"}],"about":[{"href":"https:\/\/www.labeljoy.com\/pt-pt\/wp-json\/wp\/v2\/types\/page"}],"author":[{"embeddable":true,"href":"https:\/\/www.labeljoy.com\/pt-pt\/wp-json\/wp\/v2\/users\/1"}],"replies":[{"embeddable":true,"href":"https:\/\/www.labeljoy.com\/pt-pt\/wp-json\/wp\/v2\/comments?post=3387"}],"version-history":[{"count":30,"href":"https:\/\/www.labeljoy.com\/pt-pt\/wp-json\/wp\/v2\/pages\/3387\/revisions"}],"predecessor-version":[{"id":44465,"href":"https:\/\/www.labeljoy.com\/pt-pt\/wp-json\/wp\/v2\/pages\/3387\/revisions\/44465"}],"wp:attachment":[{"href":"https:\/\/www.labeljoy.com\/pt-pt\/wp-json\/wp\/v2\/media?parent=3387"}],"curies":[{"name":"wp","href":"https:\/\/api.w.org\/{rel}","templated":true}]}}