{"id":3390,"date":"2012-06-29T12:44:22","date_gmt":"2012-06-29T12:44:22","guid":{"rendered":"http:\/\/www.labeljoy.com\/features-2-2\/"},"modified":"2026-03-06T06:36:54","modified_gmt":"2026-03-06T06:36:54","slug":"funcionalidades","status":"publish","type":"page","link":"https:\/\/www.labeljoy.com\/pt-pt\/funcionalidades\/","title":{"rendered":"Caracter\u00edsticas"},"content":{"rendered":"<h2>Caracter\u00edsticas do Labeljoy<\/h2>\n<p>Labeljoy \u00e9 um <strong>software <\/strong>profissional, avan\u00e7ado e intuitivo <strong>de etiquetagem de c\u00f3digos de barras<\/strong>. Permite <strong>gerar c\u00f3digos de barras lineares e 2D<\/strong>, desenhar e <strong>imprimir etiquetas personalizadas<\/strong>, e <strong>importar informa\u00e7\u00f5es<\/strong>\u00a0de fontes externas. \u00c9 uma aplica\u00e7\u00e3o usada em impressoras a laser, jato de tinta ou de rolo.<\/p>\n<p>&nbsp;<\/p>\n<p class=\"tt-icon icon-star\"><strong>SIMPLES E F\u00c1CIL DE USAR<\/strong><br \/>\nCriar e imprimir etiquetas com LabelJoy \u00e9 muito simples e f\u00e1cil, gra\u00e7as a um interface simples. Pode criar etiquetas b\u00e1sicas em apenas alguns cliques ou criar etiquetas profissionais por usar todas as funcionalidades do software.<\/p>\n<p style=\"text-align: center;\"><a class=\"small white tt-button\" title=\"video Apresentacao\" href=\"https:\/\/youtu.be\/eWSVMO7xLH4\" target=\"_blank\" rel=\"noopener\"> Apresenta\u00e7\u00e3o em V\u00eddeo <\/a><\/p>\n<div class=\"hr hr-dotted\">&nbsp;<\/div>\n<p class=\"tt-icon icon-db2\"><strong>CONECTAR A UMA BASE DE DADOS EXTERNA<\/strong><br \/>\nPode conectar textos, c\u00f3digos de barras e imagens a uma fonte de dados ou base de dados externa tal como Excel, Access, Outlook, SQLite, csv, txt, wk1-2-3, Sql Server, MySql, Oracle. Ser\u00e1 capaz de rapidamente gerar etiquetas de c\u00f3digos de barras personalizados.<\/p>\n<p style=\"text-align: center;\"><a class=\"small white tt-button\" title=\"Conectar a Fontes de Dados Externos\" href=\"https:\/\/youtu.be\/D5YwAoH0_OM\" target=\"_blank\" rel=\"noopener\"> Como Conectar a Fontes de Dados Externos <\/a><\/p>\n<div class=\"hr hr-dotted\">&nbsp;<\/div>\n<div class=\"one_half\">\n<p class=\"tt-icon icon-refresh\"> <strong>ACTUALIZA\u00c7\u00c3O DIN\u00c2MICA<\/strong><br \/>\nDados ligados a etiquetas podem ser actualizados em apenas um clique de forma a poder actualizar rapidamente todos os campos. <\/p>\n<p style=\"text-align: center;\"><a class=\"small white tt-button\" title=\"Actualizar Dinamicamente\" href=\"https:\/\/youtu.be\/2fbBWQg0L_c\" target=\"_blank\" rel=\"noopener\"> Como Actualizar Dinamicamente <\/a><\/p>\n<\/div>\n<div class=\"one_half\">\n<p class=\"tt-icon icon-arrow-up-b\"> <strong>CONTADORES INCREMENTAIS<\/strong><br \/>\nPode inserir contadores incrementais em c\u00f3digos de barras e campos de texto, com valores num\u00e9ricos e alfa-num\u00e9ricos.<\/p>\n<p style=\"text-align: center;\"><a class=\"small white tt-button\" title=\"Contador Incremental\" href=\"https:\/\/youtu.be\/F3fo19ZKPLs\" target=\"_blank\" rel=\"noopener\"> Como Usar o Contador Incremental <\/a><\/p>\n<\/div>\n<div class=\"hr hr-dotted\">&nbsp;<\/div>\n<p class=\"tt-icon icon-qrcode\"><strong>GERADOR DE QR CODE<\/strong><br \/>\nLabeljoy possui um gerador de QR Code. Voc\u00ea pode gerar infinitos c\u00f3digos de barras 2D e exportar ou imprimi-los. Veja o nosso guia\u00a0<a title=\"Guia de c\u00f3digo QR\" href=\"http:\/\/www.labeljoy.com\/pt-pt\/suporte\/guia-codigo-qr\/\">Sobre QR Code<\/a>\u00a0para aprender mais sobre QR Code.<\/p>\n<p style=\"text-align: center;\"><a class=\"small white tt-button\" title=\"Gerar QR Code\" href=\"https:\/\/youtu.be\/xMjmSpCD9GM\" target=\"_blank\" rel=\"noopener\"> Como Gerar QR Code <\/a><\/p>\n<div class=\"hr hr-dotted\">&nbsp;<\/div>\n<p class=\"tt-icon icon-barcode\"><strong>GEST\u00c3O DE C\u00d3DIGOS DE BARRAS<\/strong><br \/>\nCCrie e imprima os seguintes c\u00f3digos de barras: Ean 13, Ean 8, Ean 128, ITF 14, UPC, C\u00f3digo 32, C\u00f3digo 39, C\u00f3digo 93, GS1-128, C\u00f3digo 39 Alargado, Intercalado 2 de 5, Industrial 2 de 5, Codabar, Matriz de Dados, C\u00f3digo Postnet e C\u00f3digo Planet. Veja o nosso <a title=\"Guia de c\u00f3digo de barras\" href=\"http:\/\/www.labeljoy.com\/pt-pt\/suporte\/guia-codigo-de-barras\/\">Guia de C\u00f3digo de Barras<\/a>\u00a0para aprender sobre as principais caracter\u00edsticas de cada simbologia.<\/p>\n<p style=\"text-align: center;\"><a class=\"small white tt-button\" title=\"Gerar C\u00f3digos de Barras\" href=\"https:\/\/youtu.be\/xMjmSpCD9GM\" target=\"_blank\" rel=\"noopener\"> Como Gerar C\u00f3digos de Barras <\/a><\/p>\n<div class=\"hr hr-dotted\">&nbsp;<\/div>\n<div class=\"one_half\">\n<p class=\"tt-icon icon-printer\"><strong>IMPRESSORAS NORMAIS<\/strong><br \/>\nPode imprimir em impressoras normais em folhas A4, folhas A5, etc.<\/p>\n<p style=\"text-align: center;\"><a class=\"small white tt-button\" title=\"Escolher um Layout\" href=\"https:\/\/youtu.be\/ONEDGjGP8fc\" target=\"_blank\" rel=\"noopener\"> Como escolher um Layout <\/a><\/p>\n<\/div>\n<div class=\"one_half\">\n<p class=\"tt-icon icon-roll-printer\"><strong>IMPRESSORAS DE ROLO<\/strong><br \/>\nOu imprima usando uma impressora de rolo, carregando o layout do papel correcto ou personalizando um.<\/p>\n<p style=\"text-align: center;\"><a class=\"small white tt-button\" title=\"Imprimir numa Impressora de Rolo\" href=\"https:\/\/youtu.be\/71DGDbm61oE\" target=\"_blank\" rel=\"noopener\"> Como Imprimir numa Impressora de Rolo <\/a><\/p>\n<\/div>\n<div class=\"hr hr-dotted\">&nbsp;<\/div>\n<p class=\"tt-icon icon-laptop\"><strong>WYSIWYG<\/strong><br \/>\nO interface \u201cWhat You See Is What You Get\u201d( O que v\u00ea \u00e9 o que obt\u00e9m) torna f\u00e1cil, r\u00e1pida e simples a cria\u00e7\u00e3o das suas etiquetas. Voc\u00ea pode verificar os resultados directamente no seu monitor e imprimir etiquetas facilmente.<\/p>\n<p style=\"text-align: center;\"><a class=\"small white tt-button\" title=\"print labels\" href=\"https:\/\/youtu.be\/eWSVMO7xLH4\" target=\"_blank\" rel=\"noopener\"> WYSIWYG Interface <\/a><\/p>\n<div class=\"hr hr-dotted\">&nbsp;<\/div>\n<p class=\"tt-icon icon-layout\"><strong>11.000 LAYOUTS<\/strong><br \/>\nEscolha entre 11.000 layouts pr\u00e9-carregados de papel usando o motor de busca interno. Pode procurar um layout pelo nome do fabricante ou simplesmente escrevendo o c\u00f3digo do produto. Tamb\u00e9m pode personalizar e criar o seu pr\u00f3prio layout do papel, inserindo as dimens\u00f5es exigidas.<\/p>\n<p style=\"text-align: center;\"><a class=\"small white tt-button\" title=\"Configurar um Layout\" href=\"https:\/\/youtu.be\/ONEDGjGP8fc\" target=\"_blank\" rel=\"noopener\"> Como Configurar um Layout <\/a><\/p>\n<div class=\"hr hr-dotted\">&nbsp;<\/div>\n<div class=\"one_third\">\n<p class=\"tt-icon icon-export\"><strong>EXPORTAR PARA IMAGEM<\/strong><br \/>\nPode exportar folhas inteiras, etiquetas individuais ou c\u00f3digos de barras para o disco nos formatos gr\u00e1ficos mais comuns, tais como jpg, png e pdf.<\/p>\n<\/div>\n<div class=\"one_third\">\n<p class=\"tt-icon icon-photos\"><strong>CARREGUE JPG, PNG, TIF<\/strong><br \/>\nLabeljoy suporta diferentes formatos de imagem: pode carregar imagens em png, tif, bmp, jpg, gif e ico.<\/p>\n<\/div>\n<div class=\"one_third\">\n<p class=\"tt-icon icon-cliparts\"><strong>1.500 CLIPARTS<\/strong><br \/>\nLabeljoy tem uma base de dados com mais de 1.500 cliparts categorizados para personalizar as suas etiquetas de forma r\u00e1pida e f\u00e1cil.<\/p>\n<\/div>\n<div class=\"hr hr-dotted\">&nbsp;<\/div>\n<div class=\"one_half\">\n<p class=\"tt-icon icon-custom\"><strong>ETIQUETAS COMPLETAMENTE PERSONALIZ\u00c1VEIS<\/strong><br \/>\nPode personalizar completamente as etiquetas, editar textos, imagens e c\u00f3digos de barras. Voc\u00ea decide os gr\u00e1ficos que considera apropriados.<\/p>\n<\/div>\n<div class=\"one_half\">\n<p class=\"tt-icon icon-effect\"><strong>EFEITO GR\u00c1FICO<\/strong><br \/>\nPode personalizar os gr\u00e1ficos com efeitos adicionais, tais como a transpar\u00eancia, desvanecimento, texturas e bordas.<\/p>\n<\/div>\n<div class=\"hr hr-dotted\">&nbsp;<\/div>\n<div class=\"one_half\">\n<p class=\"tt-icon icon-multilanguage\"><strong>MULTI-LINGUAGEM<\/strong><br \/>\nLabeljoy est\u00e1 dispon\u00edvel em 18 l\u00ednguas: B\u00falgaro, Dinamarqu\u00eas, Alem\u00e3o, Ingl\u00eas, Espanhol, Franc\u00eas, Grego, Italiano, H\u00fangaro, Holand\u00eas, Noruegu\u00eas, Polaco, Portugu\u00eas, Romeno, Russo, Finland\u00eas, Sueco, Turco.<\/p>\n<\/div>\n<div class=\"one_half\">\n<p class=\"tt-icon icon-measure\"><strong>CENT\u00cdMETROS OU POLEGADAS<\/strong><br \/>\n\u00c9 poss\u00edvel escolher cent\u00edmetros ou polegadas como unidade de medida.<\/p>\n<\/div>\n<div class=\"column-clear\"><\/div>\n<p style=\"text-align: center;\">\u00a0<a href=\"\/pt-pt\/download-pt\/\" class=\"large orange tt-button\" target=\"_self\">\u00a0\u00a0\u00a0 \u00a0 \u00a0\u00a0 \u00a0\u00a0\u00a0 \u00a0\u00a0 EXPERIMENTE AGORA \u00a0 \u00a0\u00a0 \u00a0\u00a0 \u00a0\u00a0\u00a0\u00a0\u00a0 <\/a>\n<p>&nbsp;<\/p>\n","protected":false},"excerpt":{"rendered":"<p>Caracter\u00edsticas do Labeljoy Labeljoy \u00e9 um software profissional, avan\u00e7ado e intuitivo de etiquetagem de c\u00f3digos de barras. Permite gerar c\u00f3digos de barras lineares e 2D, desenhar e imprimir etiquetas personalizadas, e importar informa\u00e7\u00f5es\u00a0de fontes externas. \u00c9 uma aplica\u00e7\u00e3o usada em impressoras a laser, jato de tinta ou de rolo. &nbsp; SIMPLES E F\u00c1CIL DE USAR &#8230; <a title=\"Caracter\u00edsticas\" class=\"read-more\" href=\"https:\/\/www.labeljoy.com\/pt-pt\/funcionalidades\/\" aria-label=\"Leia mais sobre Caracter\u00edsticas\">Read more<\/a><\/p>\n","protected":false},"author":1,"featured_media":0,"parent":0,"menu_order":36,"comment_status":"closed","ping_status":"closed","template":"","meta":{"inline_featured_image":false,"_monsterinsights_skip_tracking":false,"_monsterinsights_sitenote_active":false,"_monsterinsights_sitenote_note":"","_monsterinsights_sitenote_category":0,"footnotes":""},"class_list":{"0":"post-3390","1":"page","2":"type-page","3":"status-publish","5":"infinite-scroll-item"},"aioseo_notices":[],"_links":{"self":[{"href":"https:\/\/www.labeljoy.com\/pt-pt\/wp-json\/wp\/v2\/pages\/3390","targetHints":{"allow":["GET"]}}],"collection":[{"href":"https:\/\/www.labeljoy.com\/pt-pt\/wp-json\/wp\/v2\/pages"}],"about":[{"href":"https:\/\/www.labeljoy.com\/pt-pt\/wp-json\/wp\/v2\/types\/page"}],"author":[{"embeddable":true,"href":"https:\/\/www.labeljoy.com\/pt-pt\/wp-json\/wp\/v2\/users\/1"}],"replies":[{"embeddable":true,"href":"https:\/\/www.labeljoy.com\/pt-pt\/wp-json\/wp\/v2\/comments?post=3390"}],"version-history":[{"count":39,"href":"https:\/\/www.labeljoy.com\/pt-pt\/wp-json\/wp\/v2\/pages\/3390\/revisions"}],"predecessor-version":[{"id":45121,"href":"https:\/\/www.labeljoy.com\/pt-pt\/wp-json\/wp\/v2\/pages\/3390\/revisions\/45121"}],"wp:attachment":[{"href":"https:\/\/www.labeljoy.com\/pt-pt\/wp-json\/wp\/v2\/media?parent=3390"}],"curies":[{"name":"wp","href":"https:\/\/api.w.org\/{rel}","templated":true}]}}