{"id":3391,"date":"2012-07-03T09:03:16","date_gmt":"2012-07-03T09:03:16","guid":{"rendered":"http:\/\/www.labeljoy.com\/templates-2\/"},"modified":"2022-01-14T14:44:38","modified_gmt":"2022-01-14T14:44:38","slug":"modelos","status":"publish","type":"page","link":"https:\/\/www.labeljoy.com\/pt-pt\/modelos\/","title":{"rendered":"Modelos"},"content":{"rendered":"<h1>Fa\u00e7a o Download de Modelos de Etiquetas<\/h1>\n<h2>Crie Etiquetas Personalizadas com Labeljoy<\/h2>\n<p><strong>Criar uma etiqueta personalizada <\/strong>\u00e9 realmente f\u00e1cil com Labeljoy. Pode<strong> criar uma etiqueta nova<\/strong>&nbsp;ou <strong>fazer o download dos nossos modelos<\/strong> e personaliz\u00e1-los!<\/p>\n<p>Os modelos est\u00e3o organizados por categoria, como mostrado no painel \u00e0 esquerda.<\/p>\n<div class=\"tt-notification success \">\n<p style=\"font-size: 14px\">Pode alterar o layout do modelo, mantendo inalterados todos os campos.<\/p>\n<\/div>\n<p><em>Modelos de etiquetas personalizadas <\/em>&#8211; adicione nome da sua empresa, logotipo ou outros conte\u00fados personalizados aos nossos modelos de etiquetas projectados para campos de ind\u00fastria, envios,&nbsp;\u00e1reas de interesse, f\u00e9rias, ocasi\u00f5es especiais&nbsp;para criar as suas pr\u00f3prias etiquetas personalizadas.<\/p>\n<p>Modelos de etiquetas personalizadas \u00e9 a sua solu\u00e7\u00e3o para produtos promocionais \u00fanicos.<\/p>\n<div class=\"one_half\">\n<div class=\"tt-notification tip \">\n<p style=\"font-size: 12px\">Editar e adicionar texto<\/p>\n<\/div>\n<div class=\"tt-notification tip \">\n<p style=\"font-size: 12px\">Inserir imagens novas<\/p>\n<\/div>\n<div class=\"tt-notification tip \">\n<p style=\"font-size: 12px\">Introduzir c\u00f3digos de barras e QR code<\/p>\n<\/div>\n<\/div>\n<div class=\"one_half\">\n<div class=\"one_half\"><\/div>\n<div class=\"tt-notification tip \">\n<p style=\"font-size: 12px\">Inserir dados de bases de dados externas<\/p>\n<\/div>\n<div class=\"tt-notification tip \">\n<p style=\"font-size: 12px\">Utilizar 1,500 cliparts pr\u00e9-carregados<\/p>\n<\/div>\n<div class=\"tt-notification tip\">\n<p style=\"font-size: 12px\">Exportar para o formato pdf e jpg<\/p>\n<\/div>\n<\/div>\n<p>Imprimir etiquetas com sua impressora a laser, impressora a jato de tinta ou impressora de rolo.<\/p>\n<p style=\"text-align: center\"><div class=\"one_half\">\n<p style=\"text-align: center\"><a href=\"\/pt-pt\/funcionalidades\/\" class=\"large grey tt-button\" target=\"_self\"> &nbsp; &nbsp;Veja todas as funcionalidades do LabelJoy&nbsp; &nbsp; &nbsp;<\/a>\n<\/div>\n<div class=\"one_half\">\n<p style=\"text-align: center\"><a class=\"large green tt-button\" href=\"\/pt-pt\/download-pt\/\"> &nbsp; &nbsp; &nbsp; Fa\u00e7a o Download do Software&nbsp;&nbsp; &nbsp; &nbsp; &nbsp;<\/a><\/p>\n<p style=\"text-align: center\"><\/div>\n","protected":false},"excerpt":{"rendered":"<p>Fa\u00e7a o Download de Modelos de Etiquetas Crie Etiquetas Personalizadas com Labeljoy Criar uma etiqueta personalizada \u00e9 realmente f\u00e1cil com Labeljoy. Pode criar uma etiqueta nova&nbsp;ou fazer o download dos nossos modelos e personaliz\u00e1-los! Os modelos est\u00e3o organizados por categoria, como mostrado no painel \u00e0 esquerda. Pode alterar o layout do modelo, mantendo inalterados todos &#8230; <a title=\"Modelos\" class=\"read-more\" href=\"https:\/\/www.labeljoy.com\/pt-pt\/modelos\/\" aria-label=\"Leia mais sobre Modelos\">Read more<\/a><\/p>\n","protected":false},"author":1,"featured_media":0,"parent":0,"menu_order":43,"comment_status":"open","ping_status":"closed","template":"","meta":{"inline_featured_image":false,"_monsterinsights_skip_tracking":false,"_monsterinsights_sitenote_active":false,"_monsterinsights_sitenote_note":"","_monsterinsights_sitenote_category":0,"footnotes":""},"class_list":{"0":"post-3391","1":"page","2":"type-page","3":"status-publish","5":"infinite-scroll-item"},"aioseo_notices":[],"_links":{"self":[{"href":"https:\/\/www.labeljoy.com\/pt-pt\/wp-json\/wp\/v2\/pages\/3391","targetHints":{"allow":["GET"]}}],"collection":[{"href":"https:\/\/www.labeljoy.com\/pt-pt\/wp-json\/wp\/v2\/pages"}],"about":[{"href":"https:\/\/www.labeljoy.com\/pt-pt\/wp-json\/wp\/v2\/types\/page"}],"author":[{"embeddable":true,"href":"https:\/\/www.labeljoy.com\/pt-pt\/wp-json\/wp\/v2\/users\/1"}],"replies":[{"embeddable":true,"href":"https:\/\/www.labeljoy.com\/pt-pt\/wp-json\/wp\/v2\/comments?post=3391"}],"version-history":[{"count":23,"href":"https:\/\/www.labeljoy.com\/pt-pt\/wp-json\/wp\/v2\/pages\/3391\/revisions"}],"predecessor-version":[{"id":36429,"href":"https:\/\/www.labeljoy.com\/pt-pt\/wp-json\/wp\/v2\/pages\/3391\/revisions\/36429"}],"wp:attachment":[{"href":"https:\/\/www.labeljoy.com\/pt-pt\/wp-json\/wp\/v2\/media?parent=3391"}],"curies":[{"name":"wp","href":"https:\/\/api.w.org\/{rel}","templated":true}]}}