{"id":3396,"date":"2012-07-18T09:48:37","date_gmt":"2012-07-18T09:48:37","guid":{"rendered":"http:\/\/www.labeljoy.com\/templates\/barcode-price-tag\/"},"modified":"2022-06-23T12:06:43","modified_gmt":"2022-06-23T12:06:43","slug":"etiqueta-preco-codigo-barras","status":"publish","type":"page","link":"https:\/\/www.labeljoy.com\/pt-pt\/modelos\/etiqueta-preco-codigo-barras\/","title":{"rendered":"Etiqueta de pre\u00e7o com c\u00f3digo de barras"},"content":{"rendered":"<h1>Etiqueta de pre\u00e7o com c\u00f3digo de barras<\/h1>\n<h2>Crie a sua pr\u00f3pria etiqueta de pre\u00e7o com c\u00f3digo de barras<\/h2>\n<p>Labeljoy o <strong>software de etiquetagem de c\u00f3digos de barras<\/strong> gera automaticamente etiquetas de c\u00f3digos de barra em apenas alguns cliques sem a necessidade de nenhum conhecimento t\u00e9cnico ou t\u00e9cnicas de programa\u00e7\u00e3o e permite-lhe criar etiquetas de pre\u00e7o personalizadas em apenas alguns cliques.<\/p>\n<p>Escolha o layout e personalize a sua <strong>etiqueta de pre\u00e7o de c\u00f3digo de barras<\/strong> por editar cores, texturas, texto e imagens. Ou fa\u00e7a o download do nosso modelo de etiqueta de c\u00f3digo de barras e personalize-a facilmente.<\/p>\n<p align=\"justify\"><strong><strong>Porqu\u00ea Labeljoy<\/strong>?<\/strong><\/p>\n<ul>\n<li><strong>Cria etiquetas de pre\u00e7os de c\u00f3digo de barras personalizadas:<\/strong> Labeljoy Permite ao utilizador gerar&nbsp;<em>etiquetas de pre\u00e7o de c\u00f3digo de barras<\/em> utilizando a <a title=\"caracteristicas labeljoy codigo de barras\" href=\"http:\/\/www.labeljoy.com\/pt-pt\/funcionalidades\/\">ferramenta de software avan\u00e7ada<\/a>. O utilizador pode facilmente definir valores, fontes, cores, tamanho do c\u00f3digo de barras e mais enquanto cria etiquetas de c\u00f3digo de barras da ind\u00fastria padr\u00e3o.<\/li>\n<li><strong>Suporta v\u00e1rios c\u00f3digos de barras lineares:<\/strong> Labeljoy gera Ean 13, Ean 8, Ean 128, ITF 14, UPC, C\u00f3digo 39, C\u00f3digo 93, GS1-128, Intercalado 2 de 5, Industrial 2 de 5, Codabar, Matriz de Dados, simbologias de c\u00f3digos de barras Postnet e Planet. veja o nosso&nbsp;<a title=\"Guia de C\u00f3digo de Barras\" href=\"http:\/\/www.labeljoy.com\/pt-pt\/suporte\/guia-codigo-de-barras\/\">Guia de C\u00f3digo de Barras<\/a>&nbsp;para saber mais sobre cada simbologia.<\/li>\n<li><strong>Suporta c\u00f3digos de barras 2D: <\/strong>LabelJoy possui um gerador de c\u00f3digo QR. pode <a href=\"https:\/\/www.labeljoy.com\/gerador-de-codigos-de-barras-online\/\" title=\"Gerador de c\u00f3digos de barras online\">gerar c\u00f3digos de barras 2D<\/a> infinitos e exportar ou imprim\u00ed-los. Veja o nosso guia&nbsp;<a title=\"guia QR Code\" href=\"http:\/\/www.labeljoy.com\/pt-pt\/suporte\/guia-codigo-qr\/\">sobre QR Code<\/a>&nbsp;para aprender mais sobre QR Code.<\/li>\n<li><strong>Exporta imagens de c\u00f3digo de barras:<\/strong> Labeljoy permite-lhe salvar o c\u00f3digo de barras gerado, etiqueta \u00fanica ou folhas inteiras nos mais comuns formatos de ficheiros de imagem.<\/li>\n<li><strong>Impress\u00e3o f\u00e1cil<\/strong>: Pode imprimir as suas etiquetas de pre\u00e7os de c\u00f3digo de barras utilizando uma impressoras normais ou impressoras de rolo, selecionando o tipo de papel que preferir.<\/li>\n<li><strong>Leg\u00edvel por Scanners:<\/strong> <em>C\u00f3digos de barras gerados <\/em>s\u00e3o facilmente leg\u00edvel por todos os scanners de c\u00f3digo de barras comuns usados.<\/li>\n<\/ul>\n<div class=\"one_third\"> <div class=\"img-frame full-fourth\"><div class=\"lightbox-zoom\"><a title=\"Computador Etiquetas de pre\u00e7os\" href=\"http:\/\/www.labeljoy.com\/label-templates\/price-tag\/price1b.jpg\" data-gal=\"prettyPhoto[preco]\" class=\"hover-item\"><img decoding=\"async\" width=\"197\" height=\"133\" alt=\"Computador Etiquetas de pre\u00e7os\" src=\"https:\/\/www.labeljoy.com\/wp-content\/plugins\/sterling-shortcodes\/\/timthumb\/timthumb.php?src=http:\/\/www.labeljoy.com\/label-templates\/price-tag\/price1s.jpg&#038;h=133&#038;w=197\"><\/a><\/div><\/div>\n<p style=\"text-align: center\">&nbsp;<a href=\"http:\/\/www.labeljoy.com\/label-templates\/price-tag\/price1.lpa\" class=\"small white tt-button\" target=\"_self\"> Download <\/a>\n<\/div>\n<div class=\"one_third\"> <div class=\"img-frame full-fourth\"><div class=\"lightbox-zoom\"><a title=\"Pre\u00e7o com c\u00f3digo de barras\" href=\"http:\/\/www.labeljoy.com\/label-templates\/price-tag\/price2b.jpg\" data-gal=\"prettyPhoto[preco]\" class=\"hover-item\"><img decoding=\"async\" width=\"197\" height=\"133\" alt=\"Pre\u00e7o com c\u00f3digo de barras\" src=\"https:\/\/www.labeljoy.com\/wp-content\/plugins\/sterling-shortcodes\/\/timthumb\/timthumb.php?src=http:\/\/www.labeljoy.com\/label-templates\/price-tag\/price2s.jpg&#038;h=133&#038;w=197\"><\/a><\/div><\/div>\n<p style=\"text-align: center\">&nbsp;<a href=\"http:\/\/www.labeljoy.com\/label-templates\/price-tag\/price2.lpa\" class=\"small white tt-button\" target=\"_self\"> Download <\/a>\n<\/div>\n<div class=\"one_third\"> <div class=\"img-frame full-fourth\"><div class=\"lightbox-zoom\"><a title=\"Etiquetas de pre\u00e7os personalizados\" href=\"http:\/\/www.labeljoy.com\/label-templates\/price-tag\/price3b.jpg\" data-gal=\"prettyPhoto[preco]\" class=\"hover-item\"><img decoding=\"async\" width=\"197\" height=\"133\" alt=\"Etiquetas de pre\u00e7os personalizados\" src=\"https:\/\/www.labeljoy.com\/wp-content\/plugins\/sterling-shortcodes\/\/timthumb\/timthumb.php?src=http:\/\/www.labeljoy.com\/label-templates\/price-tag\/price3s.jpg&#038;h=133&#038;w=197\"><\/a><\/div><\/div>\n<p style=\"text-align: center\">&nbsp;<a href=\"http:\/\/www.labeljoy.com\/label-templates\/price-tag\/price3.lpa\" class=\"small white tt-button\" target=\"_self\"> Download <\/a>\n<\/div>\n<div class=\"hr hr-dotted\">&nbsp;<\/div>\n<div class=\"one_third\"> <div class=\"img-frame full-fourth\"><div class=\"lightbox-zoom\"><a title=\"Pre\u00e7o Bookstore\" href=\"http:\/\/www.labeljoy.com\/label-templates\/price-tag\/price4b.jpg\" data-gal=\"prettyPhoto[preco]\" class=\"hover-item\"><img decoding=\"async\" width=\"197\" height=\"133\" alt=\"Pre\u00e7o Bookstore\" src=\"https:\/\/www.labeljoy.com\/wp-content\/plugins\/sterling-shortcodes\/\/timthumb\/timthumb.php?src=http:\/\/www.labeljoy.com\/label-templates\/price-tag\/price4s.jpg&#038;h=133&#038;w=197\"><\/a><\/div><\/div>\n<p style=\"text-align: center\">&nbsp;<a href=\"http:\/\/www.labeljoy.com\/label-templates\/price-tag\/price4.lpa\" class=\"small white tt-button\" target=\"_self\"> Download <\/a>\n<\/div>\n<div class=\"one_third\"> <div class=\"img-frame full-fourth\"><div class=\"lightbox-zoom\"><a title=\"Etiqueta do pre\u00e7o dos alimentos\" href=\"http:\/\/www.labeljoy.com\/label-templates\/price-tag\/price5b.jpg\" data-gal=\"prettyPhoto[preco]\" class=\"hover-item\"><img decoding=\"async\" width=\"197\" height=\"133\" alt=\"Etiqueta do pre\u00e7o dos alimentos\" src=\"https:\/\/www.labeljoy.com\/wp-content\/plugins\/sterling-shortcodes\/\/timthumb\/timthumb.php?src=http:\/\/www.labeljoy.com\/label-templates\/price-tag\/price5s.jpg&#038;h=133&#038;w=197\"><\/a><\/div><\/div>\n<p style=\"text-align: center\">&nbsp;<a href=\"http:\/\/www.labeljoy.com\/label-templates\/price-tag\/price5.lpa\" class=\"small white tt-button\" target=\"_self\"> Download <\/a>\n<\/div>\n<div class=\"one_third\"> <div class=\"img-frame full-fourth\"><div class=\"lightbox-zoom\"><a title=\"R\u00f3tulo do produto com pre\u00e7o\" href=\"http:\/\/www.labeljoy.com\/label-templates\/price-tag\/price6b.jpg\" data-gal=\"prettyPhoto[preco]\" class=\"hover-item\"><img decoding=\"async\" width=\"197\" height=\"133\" alt=\"R\u00f3tulo do produto com pre\u00e7o\" src=\"https:\/\/www.labeljoy.com\/wp-content\/plugins\/sterling-shortcodes\/\/timthumb\/timthumb.php?src=http:\/\/www.labeljoy.com\/label-templates\/price-tag\/price6s.jpg&#038;h=133&#038;w=197\"><\/a><\/div><\/div>\n<p style=\"text-align: center\">&nbsp;<a href=\"http:\/\/www.labeljoy.com\/label-templates\/price-tag\/price6.lpa\" class=\"small white tt-button\" target=\"_self\"> Download <\/a>\n<\/div>\n<div class=\"hr hr-dotted\">&nbsp;<\/div>\n<div class=\"one_third\"> <div class=\"img-frame full-fourth\"><div class=\"lightbox-zoom\"><a title=\"\" href=\"http:\/\/www.labeljoy.com\/label-templates\/price-tag\/price7b.jpg\" data-gal=\"prettyPhoto[preco]\" class=\"hover-item\"><img decoding=\"async\" width=\"197\" height=\"133\" alt=\"\" src=\"https:\/\/www.labeljoy.com\/wp-content\/plugins\/sterling-shortcodes\/\/timthumb\/timthumb.php?src=http:\/\/www.labeljoy.com\/label-templates\/price-tag\/price7s.jpg&#038;h=133&#038;w=197\"><\/a><\/div><\/div>\n<p style=\"text-align: center\"> <a href=\"http:\/\/www.labeljoy.com\/label-templates\/price-tag\/price7.lpa\" class=\"small white tt-button\" target=\"_self\"> Download <\/a>\n<\/div>\n<div class=\"hr hr-dotted\">&nbsp;<\/div>\n<div class=\"one_half\">\n<p style=\"text-align: center\"><a href=\"\/pt-pt\/compra\/\" class=\"large blue tt-button\" target=\"\"> Comprar Software <\/a>\n<\/div>\n<div class=\"one_half\">\n<p style=\"text-align: center\"><a href=\"\/pt-pt\/download-pt\/\" class=\"large green tt-button\"> Download Gr\u00e1tis <\/a><\/p>\n<\/div>\n","protected":false},"excerpt":{"rendered":"<p>Etiqueta de pre\u00e7o com c\u00f3digo de barras Crie a sua pr\u00f3pria etiqueta de pre\u00e7o com c\u00f3digo de barras Labeljoy o software de etiquetagem de c\u00f3digos de barras gera automaticamente etiquetas de c\u00f3digos de barra em apenas alguns cliques sem a necessidade de nenhum conhecimento t\u00e9cnico ou t\u00e9cnicas de programa\u00e7\u00e3o e permite-lhe criar etiquetas de pre\u00e7o &#8230; <a title=\"Etiqueta de pre\u00e7o com c\u00f3digo de barras\" class=\"read-more\" href=\"https:\/\/www.labeljoy.com\/pt-pt\/modelos\/etiqueta-preco-codigo-barras\/\" aria-label=\"Leia mais sobre Etiqueta de pre\u00e7o com c\u00f3digo de barras\">Read more<\/a><\/p>\n","protected":false},"author":1,"featured_media":0,"parent":3391,"menu_order":0,"comment_status":"open","ping_status":"closed","template":"","meta":{"inline_featured_image":false,"_monsterinsights_skip_tracking":false,"_monsterinsights_sitenote_active":false,"_monsterinsights_sitenote_note":"","_monsterinsights_sitenote_category":0,"footnotes":""},"class_list":{"0":"post-3396","1":"page","2":"type-page","3":"status-publish","5":"infinite-scroll-item"},"aioseo_notices":[],"_links":{"self":[{"href":"https:\/\/www.labeljoy.com\/pt-pt\/wp-json\/wp\/v2\/pages\/3396","targetHints":{"allow":["GET"]}}],"collection":[{"href":"https:\/\/www.labeljoy.com\/pt-pt\/wp-json\/wp\/v2\/pages"}],"about":[{"href":"https:\/\/www.labeljoy.com\/pt-pt\/wp-json\/wp\/v2\/types\/page"}],"author":[{"embeddable":true,"href":"https:\/\/www.labeljoy.com\/pt-pt\/wp-json\/wp\/v2\/users\/1"}],"replies":[{"embeddable":true,"href":"https:\/\/www.labeljoy.com\/pt-pt\/wp-json\/wp\/v2\/comments?post=3396"}],"version-history":[{"count":24,"href":"https:\/\/www.labeljoy.com\/pt-pt\/wp-json\/wp\/v2\/pages\/3396\/revisions"}],"predecessor-version":[{"id":37667,"href":"https:\/\/www.labeljoy.com\/pt-pt\/wp-json\/wp\/v2\/pages\/3396\/revisions\/37667"}],"up":[{"embeddable":true,"href":"https:\/\/www.labeljoy.com\/pt-pt\/wp-json\/wp\/v2\/pages\/3391"}],"wp:attachment":[{"href":"https:\/\/www.labeljoy.com\/pt-pt\/wp-json\/wp\/v2\/media?parent=3396"}],"curies":[{"name":"wp","href":"https:\/\/api.w.org\/{rel}","templated":true}]}}