{"id":3397,"date":"2012-07-18T09:48:06","date_gmt":"2012-07-18T09:48:06","guid":{"rendered":"http:\/\/www.labeljoy.com\/templates\/bottle-label\/"},"modified":"2021-01-04T13:42:31","modified_gmt":"2021-01-04T13:42:31","slug":"etiqueta-garrafa","status":"publish","type":"page","link":"https:\/\/www.labeljoy.com\/pt-pt\/modelos\/etiqueta-garrafa\/","title":{"rendered":"Etiquetas de Garrafa"},"content":{"rendered":"<h1>Modelos de Etiqueta de Garrafa Personalizadas<\/h1>\n<h2>Personalize a sua pr\u00f3pria etiqueta de garrafa!<\/h2>\n<p>Com Labeljoy\u00a0 pode criar<strong> a sua pr\u00f3pria etiqueta de garrafa de \u00e1gua personalizada<\/strong>, <a title=\"etiquetas de vinho\" href=\"http:\/\/www.labeljoy.com\/pt-pt\/modelos\/etiquetas-vinho\/\">etiquetas de vinho<\/a>\u00a0e etiquetas de cerveja personalizadas.<\/p>\n<p>Est\u00e1 \u00e0 procura de <em>etiquetas profissionais de garrafa personalizadas?<\/em> N\u00e3o importa<em>, crie a sua pr\u00f3pria etiqueta da garrafa <\/em>em poucos cliques.<\/p>\n<h3>Pode criar etiquetas de garrafa personalizadas para qualquer ocasi\u00e3o!<\/h3>\n<p>Crie um impacto imediato no seu pr\u00f3ximo grande evento.\u00a0Pode criar etiquetas para anivers\u00e1rios, f\u00e9rias. Labeljoy d\u00e1-lhe a oportunidade de <strong>criar uma etiqueta da garrafa completamente personalizada<\/strong>, <a title=\"software codigo de barras\" href=\"http:\/\/www.labeljoy.com\/pt-pt\/video-soporte\/apresentacao-software\/\">adicionar texto, modificar fontes<\/a>\u00a0e tamanhos, inserindo imagens no seu computador, use efeitos de transpar\u00eancia e insira molduras.<br \/>\nAl\u00e9m disso, para fins comerciais, tamb\u00e9m pode inserir c\u00f3digos de barras e os campos de texto ligados a <a title=\"bases de dados externas video tutorial\" href=\"http:\/\/www.labeljoy.com\/pt-pt\/video-soporte\/conectar-dados-externos\/\">bases de dados externas<\/a>.<\/p>\n<p>Depois pode imprimir as suas pr\u00f3prias etiquetas personalizadas no tipo de papel que preferir e utilizar impressoras normais ou impressoras de rolo.<\/p>\n<div class=\"one_third\"> <div class=\"img-frame full-fourth\"><div class=\"lightbox-zoom\"><a title=\"Etiqueta da garrafa de \u00e1gua\" href=\"http:\/\/www.labeljoy.com\/label-templates\/bottle\/bottle1b.jpg\" data-gal=\"prettyPhoto[garrafa]\" class=\"hover-item\"><img decoding=\"async\" width=\"197\" height=\"133\" alt=\"Etiqueta da garrafa de \u00e1gua\" src=\"https:\/\/www.labeljoy.com\/wp-content\/plugins\/sterling-shortcodes\/\/timthumb\/timthumb.php?src=http:\/\/www.labeljoy.com\/label-templates\/bottle\/bottle1s.jpg&#038;h=133&#038;w=197\"><\/a><\/div><\/div>\n<p style=\"text-align: center\"><a href=\"http:\/\/www.labeljoy.com\/label-templates\/bottle\/bottle1.lpa\" class=\"small white tt-button\" target=\"_self\"> Download <\/a>\n<\/div>\n<div class=\"one_third\"> <div class=\"img-frame full-fourth\"><div class=\"lightbox-zoom\"><a title=\"R\u00f3tulo do frasco Limoncello\" href=\"http:\/\/www.labeljoy.com\/label-templates\/bottle\/bottle2b.jpg\" data-gal=\"prettyPhoto[garrafa]\" class=\"hover-item\"><img decoding=\"async\" width=\"197\" height=\"133\" alt=\"R\u00f3tulo do frasco Limoncello\" src=\"https:\/\/www.labeljoy.com\/wp-content\/plugins\/sterling-shortcodes\/\/timthumb\/timthumb.php?src=http:\/\/www.labeljoy.com\/label-templates\/bottle\/bottle2s.jpg&#038;h=133&#038;w=197\"><\/a><\/div><\/div>\n<p style=\"text-align: center\"><a href=\"http:\/\/www.labeljoy.com\/label-templates\/bottle\/bottle2.lpa\" class=\"small white tt-button\" target=\"_self\"> Download <\/a>\n<\/div>\n<div class=\"one_third\"> <div class=\"img-frame full-fourth\"><div class=\"lightbox-zoom\"><a title=\"R\u00f3tulo do frasco de \u00f3leo\" href=\"http:\/\/www.labeljoy.com\/label-templates\/bottle\/bottle3b.jpg\" data-gal=\"prettyPhoto[garrafa]\" class=\"hover-item\"><img decoding=\"async\" width=\"197\" height=\"133\" alt=\"R\u00f3tulo do frasco de \u00f3leo\" src=\"https:\/\/www.labeljoy.com\/wp-content\/plugins\/sterling-shortcodes\/\/timthumb\/timthumb.php?src=http:\/\/www.labeljoy.com\/label-templates\/bottle\/bottle3s.jpg&#038;h=133&#038;w=197\"><\/a><\/div><\/div>\n<p style=\"text-align: center\"><a href=\"http:\/\/www.labeljoy.com\/label-templates\/bottle\/bottle3.lpa\" class=\"small white tt-button\" target=\"_self\"> Download <\/a>\n<\/div>\n<div class=\"hr hr-dotted\">&nbsp;<\/div>\n<div class=\"one_half\">\n<p style=\"text-align: center\"><a href=\"\/pt-pt\/compra\/\" class=\"large blue tt-button\" target=\"\"> Comprar Software <\/a>\n<\/div>\n<div class=\"one_half\">\n<p style=\"text-align: center\"><a href=\"\/pt-pt\/download-pt\/\" class=\"large green tt-button\"> Download Gr\u00e1tis <\/a><\/p>\n<\/div>\n","protected":false},"excerpt":{"rendered":"<p>Modelos de Etiqueta de Garrafa Personalizadas Personalize a sua pr\u00f3pria etiqueta de garrafa! Com Labeljoy\u00a0 pode criar a sua pr\u00f3pria etiqueta de garrafa de \u00e1gua personalizada, etiquetas de vinho\u00a0e etiquetas de cerveja personalizadas. Est\u00e1 \u00e0 procura de etiquetas profissionais de garrafa personalizadas? N\u00e3o importa, crie a sua pr\u00f3pria etiqueta da garrafa em poucos cliques. Pode &#8230; <a title=\"Etiquetas de Garrafa\" class=\"read-more\" href=\"https:\/\/www.labeljoy.com\/pt-pt\/modelos\/etiqueta-garrafa\/\" aria-label=\"Leia mais sobre Etiquetas de Garrafa\">Read more<\/a><\/p>\n","protected":false},"author":1,"featured_media":0,"parent":3391,"menu_order":0,"comment_status":"open","ping_status":"closed","template":"page-template-left-sidebar.php","meta":{"inline_featured_image":false,"_monsterinsights_skip_tracking":false,"_monsterinsights_sitenote_active":false,"_monsterinsights_sitenote_note":"","_monsterinsights_sitenote_category":0,"footnotes":""},"class_list":{"0":"post-3397","1":"page","2":"type-page","3":"status-publish","5":"infinite-scroll-item"},"aioseo_notices":[],"_links":{"self":[{"href":"https:\/\/www.labeljoy.com\/pt-pt\/wp-json\/wp\/v2\/pages\/3397","targetHints":{"allow":["GET"]}}],"collection":[{"href":"https:\/\/www.labeljoy.com\/pt-pt\/wp-json\/wp\/v2\/pages"}],"about":[{"href":"https:\/\/www.labeljoy.com\/pt-pt\/wp-json\/wp\/v2\/types\/page"}],"author":[{"embeddable":true,"href":"https:\/\/www.labeljoy.com\/pt-pt\/wp-json\/wp\/v2\/users\/1"}],"replies":[{"embeddable":true,"href":"https:\/\/www.labeljoy.com\/pt-pt\/wp-json\/wp\/v2\/comments?post=3397"}],"version-history":[{"count":25,"href":"https:\/\/www.labeljoy.com\/pt-pt\/wp-json\/wp\/v2\/pages\/3397\/revisions"}],"predecessor-version":[{"id":35132,"href":"https:\/\/www.labeljoy.com\/pt-pt\/wp-json\/wp\/v2\/pages\/3397\/revisions\/35132"}],"up":[{"embeddable":true,"href":"https:\/\/www.labeljoy.com\/pt-pt\/wp-json\/wp\/v2\/pages\/3391"}],"wp:attachment":[{"href":"https:\/\/www.labeljoy.com\/pt-pt\/wp-json\/wp\/v2\/media?parent=3397"}],"curies":[{"name":"wp","href":"https:\/\/api.w.org\/{rel}","templated":true}]}}