{"id":3398,"date":"2012-07-18T09:47:35","date_gmt":"2012-07-18T09:47:35","guid":{"rendered":"http:\/\/www.labeljoy.com\/templates\/cosemetic-label\/"},"modified":"2021-01-04T12:41:35","modified_gmt":"2021-01-04T12:41:35","slug":"etiqueta-cosmeticos","status":"publish","type":"page","link":"https:\/\/www.labeljoy.com\/pt-pt\/modelos\/etiqueta-cosmeticos\/","title":{"rendered":"Etiquetas de Cosm\u00e9ticos"},"content":{"rendered":"<h1>Modelos de Etiquetas de Cosm\u00e9ticos<\/h1>\n<h2>Crie etiquetas personalizadas para embalagens de cosm\u00e9ticos<\/h2>\n<p>Etiquetas de cosm\u00e9ticos podem ser utilizadas em muitos produtos de beleza diferentes tais como lo\u00e7\u00e3o, batom, sabonete, champ\u00f4, condicionador, \u00f3leos essenciais, e maquiagem.<\/p>\n<p><strong>Desenhe as suas pr\u00f3prias Etiquetas de cosm\u00e9ticos <\/strong>com Labeljoy ou fa\u00e7a o download de um dos nossos muitos <em>modelos de etiquetas de cosm\u00e9ticos<\/em><\/p>\n<p>Labeljoy permite criar etiquetas de de cosm\u00e9ticos de alta qualidade. Pode desenhar uma <strong>etiqueta de produtos de cosm\u00e9tica<\/strong>\u00a0profissional para grandes empresas ou para produtos caseiros.<\/p>\n<p>Pode adicionar c\u00f3digos de barras com um simples clique, personalizar fontes e textos, adicionar imagens do clipart ou importar imagens guardadas no seu computador.<br \/>\nPode tamb\u00e9m imprimir as suas<em>\u00a0<\/em><em>etiquetas de cosm\u00e9ticos privadas<\/em>\u00a0em qualquer impressora, laser, jato de tinta ou de rolo.<\/p>\n<h3>Agora criar a sua etiqueta de cosm\u00e9ticos privada \u00e9 f\u00e1cil!<\/h3>\n<p>Leia o\u00a0<a title=\"Cosmetic labeling guide\" href=\"http:\/\/www.fda.gov\/Cosmetics\/GuidanceRegulation\/default.htm\" target=\"_blank\" rel=\"noopener\">Guia de Etiquetagem de cosm\u00e9ticos<\/a><\/p>\n<div class=\"one_third\"> <div class=\"img-frame full-fourth\"><div class=\"lightbox-zoom\"><a title=\"etiqueta Cosm\u00e9ticos\" href=\"http:\/\/www.labeljoy.com\/label-templates\/cosmetic\/cosmetic1b.jpg\" data-gal=\"prettyPhoto[cosmeticos]\" class=\"hover-item\"><img decoding=\"async\" width=\"197\" height=\"133\" alt=\"etiqueta Cosm\u00e9ticos\" src=\"https:\/\/www.labeljoy.com\/wp-content\/plugins\/sterling-shortcodes\/\/timthumb\/timthumb.php?src=http:\/\/www.labeljoy.com\/label-templates\/cosmetic\/cosmetic1s.jpg&#038;h=133&#038;w=197\"><\/a><\/div><\/div>\n<p style=\"text-align: center\"><a href=\"http:\/\/www.labeljoy.com\/label-templates\/cosmetic\/cosmetic1.lpa\" class=\"small white tt-button\" target=\"_self\"> Download <\/a>\n<\/div>\n<div class=\"one_third\"> <div class=\"img-frame full-fourth\"><div class=\"lightbox-zoom\"><a title=\"Etiqueta para produtos cosm\u00e9ticos\" href=\"http:\/\/www.labeljoy.com\/label-templates\/cosmetic\/cosmetic2b.jpg\" data-gal=\"prettyPhoto[cosmeticos]\" class=\"hover-item\"><img decoding=\"async\" width=\"197\" height=\"133\" alt=\"Etiqueta para produtos cosm\u00e9ticos\" src=\"https:\/\/www.labeljoy.com\/wp-content\/plugins\/sterling-shortcodes\/\/timthumb\/timthumb.php?src=http:\/\/www.labeljoy.com\/label-templates\/cosmetic\/cosmetic2s.jpg&#038;h=133&#038;w=197\"><\/a><\/div><\/div>\n<p style=\"text-align: center\"><a href=\"http:\/\/www.labeljoy.com\/label-templates\/cosmetic\/cosmetic2.lpa\" class=\"small white tt-button\" target=\"_self\"> Download <\/a>\n<\/div>\n<div class=\"one_third\"> <div class=\"img-frame full-fourth\"><div class=\"lightbox-zoom\"><a title=\"R\u00f3tulo personalizado cosm\u00e9ticos\" href=\"http:\/\/www.labeljoy.com\/label-templates\/cosmetic\/cosmetic3b.jpg\" data-gal=\"prettyPhoto[cosmeticos]\" class=\"hover-item\"><img decoding=\"async\" width=\"197\" height=\"133\" alt=\"R\u00f3tulo personalizado cosm\u00e9ticos\" src=\"https:\/\/www.labeljoy.com\/wp-content\/plugins\/sterling-shortcodes\/\/timthumb\/timthumb.php?src=http:\/\/www.labeljoy.com\/label-templates\/cosmetic\/cosmetic3s.jpg&#038;h=133&#038;w=197\"><\/a><\/div><\/div>\n<p style=\"text-align: center\"><a href=\"http:\/\/www.labeljoy.com\/label-templates\/cosmetic\/cosmetic3.lpa\" class=\"small white tt-button\" target=\"_self\"> Download <\/a>\n<\/div>\n<div class=\"hr hr-dotted\">&nbsp;<\/div>\n<div class=\"one_half\">\n<p style=\"text-align: center\"><a href=\"\/pt-pt\/compra\/\" class=\"large blue tt-button\" target=\"\"> Comprar Software <\/a>\n<\/div>\n<div class=\"one_half\">\n<p style=\"text-align: center\"><a href=\"\/pt-pt\/download-pt\/\" class=\"large green tt-button\"> Download Gr\u00e1tis <\/a><\/p>\n<\/div>\n","protected":false},"excerpt":{"rendered":"<p>Modelos de Etiquetas de Cosm\u00e9ticos Crie etiquetas personalizadas para embalagens de cosm\u00e9ticos Etiquetas de cosm\u00e9ticos podem ser utilizadas em muitos produtos de beleza diferentes tais como lo\u00e7\u00e3o, batom, sabonete, champ\u00f4, condicionador, \u00f3leos essenciais, e maquiagem. Desenhe as suas pr\u00f3prias Etiquetas de cosm\u00e9ticos com Labeljoy ou fa\u00e7a o download de um dos nossos muitos modelos de &#8230; <a title=\"Etiquetas de Cosm\u00e9ticos\" class=\"read-more\" href=\"https:\/\/www.labeljoy.com\/pt-pt\/modelos\/etiqueta-cosmeticos\/\" aria-label=\"Leia mais sobre Etiquetas de Cosm\u00e9ticos\">Read more<\/a><\/p>\n","protected":false},"author":1,"featured_media":0,"parent":3391,"menu_order":0,"comment_status":"open","ping_status":"closed","template":"page-template-left-sidebar.php","meta":{"inline_featured_image":false,"_monsterinsights_skip_tracking":false,"_monsterinsights_sitenote_active":false,"_monsterinsights_sitenote_note":"","_monsterinsights_sitenote_category":0,"footnotes":""},"class_list":{"0":"post-3398","1":"page","2":"type-page","3":"status-publish","5":"infinite-scroll-item"},"aioseo_notices":[],"_links":{"self":[{"href":"https:\/\/www.labeljoy.com\/pt-pt\/wp-json\/wp\/v2\/pages\/3398","targetHints":{"allow":["GET"]}}],"collection":[{"href":"https:\/\/www.labeljoy.com\/pt-pt\/wp-json\/wp\/v2\/pages"}],"about":[{"href":"https:\/\/www.labeljoy.com\/pt-pt\/wp-json\/wp\/v2\/types\/page"}],"author":[{"embeddable":true,"href":"https:\/\/www.labeljoy.com\/pt-pt\/wp-json\/wp\/v2\/users\/1"}],"replies":[{"embeddable":true,"href":"https:\/\/www.labeljoy.com\/pt-pt\/wp-json\/wp\/v2\/comments?post=3398"}],"version-history":[{"count":23,"href":"https:\/\/www.labeljoy.com\/pt-pt\/wp-json\/wp\/v2\/pages\/3398\/revisions"}],"predecessor-version":[{"id":35126,"href":"https:\/\/www.labeljoy.com\/pt-pt\/wp-json\/wp\/v2\/pages\/3398\/revisions\/35126"}],"up":[{"embeddable":true,"href":"https:\/\/www.labeljoy.com\/pt-pt\/wp-json\/wp\/v2\/pages\/3391"}],"wp:attachment":[{"href":"https:\/\/www.labeljoy.com\/pt-pt\/wp-json\/wp\/v2\/media?parent=3398"}],"curies":[{"name":"wp","href":"https:\/\/api.w.org\/{rel}","templated":true}]}}