{"id":3401,"date":"2012-07-18T09:45:20","date_gmt":"2012-07-18T09:45:20","guid":{"rendered":"http:\/\/www.labeljoy.com\/templates\/nutritional-label\/"},"modified":"2024-04-10T12:31:49","modified_gmt":"2024-04-10T12:31:49","slug":"etiqueta-comida","status":"publish","type":"page","link":"https:\/\/www.labeljoy.com\/pt-pt\/modelos\/etiqueta-comida\/","title":{"rendered":"Etiqueta Nutricional"},"content":{"rendered":"<h1>Modelo de Etiqueta Nutricional<\/h1>\n<h2>Fa\u00e7a o Download de Exemplos de Modelos de Etiquetas Nutricionais<\/h2>\n<p>Pode\u00a0<strong>criar etiquetas nutricionais<\/strong>\u00a0para a sua empresa ou apenas por vender os seus produtos alimentares caseiros. De qualquer modo, deve cumprir com os requisitos de etiquetagem de alimentos locais e estaduais e cumprir com as directrizes de etiquetagem de comida da \u201cU.S. Food and Drug Administration\u201d. Labeljoy \u00e9 um <em>Software de Etiquetagem de Alimenta\u00e7\u00e3o\u00a0<\/em>que permite-lhe criar\u00a0<em>etiquetas de comida personalizadas<\/em>.<\/p>\n<p>A informa\u00e7\u00e3o legislada inclui:<\/p>\n<ul>\n<li>A Tabela dos Factos da Nutri\u00e7\u00e3o<\/li>\n<li>A lista de ingredientes<\/li>\n<li>Algumas alega\u00e7\u00f5es nutricionais opcionais<\/li>\n<\/ul>\n<p>A Tabela dos Factos da Nutri\u00e7\u00e3o d\u00e1-lhe informa\u00e7\u00e3o sobre:<\/p>\n<ul>\n<li>Calorias<\/li>\n<li>13 nutrientes essenciais<\/li>\n<li>% Valor Di\u00e1rio (% DV) de nutrientes<\/li>\n<\/ul>\n<p>Fazendo o download desses <strong>modelos de etiquetas nutricionais<\/strong> voc\u00ea pode editar qualquer par\u00e2metro e adicionar novos campos. Pode tamb\u00e9m enriquecer a sua etiqueta nutricional com c\u00f3digos de barras personalizados.<\/p>\n<p>Pode tamb\u00e9m <a title=\"Manage Layouts\" href=\"http:\/\/www.labeljoy.com\/video\/manage-layouts\/\">alterar o layout<\/a> do papel para atender \u00e0s suas necessidades dependendo do tamanho dos recipientes.<\/p>\n<p>Depois pode <em>imprimir as suas etiquetas nutricionais<\/em> em papel adesivo, utilizando impressoras normais ou de tolo.<\/p>\n<p>Veja tamb\u00e9m:\u00a0 <a href=\"http:\/\/www.fda.gov\/Food\/default.htm\">Como Compreender e Utilizar a Etiqueta de Factos Nutricionais<\/a><\/p>\n<div class=\"one_third\"> <div class=\"img-frame full-fourth\"><div class=\"lightbox-zoom\"><a title=\"Etiqueta Nutricional\" href=\"http:\/\/www.labeljoy.com\/label-templates\/food\/nutrition2b.jpg\" data-gal=\"prettyPhoto[food nutrition]\" class=\"hover-item\"><img decoding=\"async\" width=\"197\" height=\"133\" alt=\"Etiqueta Nutricional\" src=\"https:\/\/www.labeljoy.com\/wp-content\/plugins\/sterling-shortcodes\/\/timthumb\/timthumb.php?src=http:\/\/www.labeljoy.com\/label-templates\/food\/nutrition2s.jpg&#038;h=133&#038;w=197\"><\/a><\/div><\/div>\n<p style=\"text-align: center\"><a href=\"http:\/\/www.labeljoy.com\/label-templates\/food\/nutrition2.lpa\" class=\"small white tt-button\" target=\"_self\"> Download <\/a>\n<\/div>\n<div class=\"one_third\"> <div class=\"img-frame full-fourth\"><div class=\"lightbox-zoom\"><a title=\"Etiqueta Nutricional\" href=\"http:\/\/www.labeljoy.com\/label-templates\/food\/nutrition3b.jpg\" data-gal=\"prettyPhoto[food nutrition]\" class=\"hover-item\"><img decoding=\"async\" width=\"197\" height=\"133\" alt=\"Etiqueta Nutricional\" src=\"https:\/\/www.labeljoy.com\/wp-content\/plugins\/sterling-shortcodes\/\/timthumb\/timthumb.php?src=http:\/\/www.labeljoy.com\/label-templates\/food\/nutrition3s.jpg&#038;h=133&#038;w=197\"><\/a><\/div><\/div>\n<p style=\"text-align: center\"><a href=\"http:\/\/www.labeljoy.com\/label-templates\/food\/nutrition3.lpa\" class=\"small white tt-button\" target=\"_self\"> Download <\/a>\n<\/div>\n<div class=\"one_third\"> <div class=\"img-frame full-fourth\"><div class=\"lightbox-zoom\"><a title=\"Etiqueta Nutricional\" href=\"http:\/\/www.labeljoy.com\/label-templates\/food\/nutrition4b.jpg\" data-gal=\"prettyPhoto[food nutrition]\" class=\"hover-item\"><img decoding=\"async\" width=\"197\" height=\"133\" alt=\"Etiqueta Nutricional\" src=\"https:\/\/www.labeljoy.com\/wp-content\/plugins\/sterling-shortcodes\/\/timthumb\/timthumb.php?src=http:\/\/www.labeljoy.com\/label-templates\/food\/nutrition4s.jpg&#038;h=133&#038;w=197\"><\/a><\/div><\/div>\n<p style=\"text-align: center\"><a href=\"http:\/\/www.labeljoy.com\/label-templates\/food\/nutrition4.lpa\" class=\"small white tt-button\" target=\"_self\"> Download <\/a>\n<\/div>\n<div class=\"hr hr-dotted\">&nbsp;<\/div>\n<div class=\"one_half\">\n<p style=\"text-align: center\"><a href=\"\/pt-pt\/compra\/\" class=\"large blue tt-button\" target=\"\"> Comprar Software <\/a>\n<\/div>\n<div class=\"one_half\">\n<p style=\"text-align: center\"><a href=\"\/pt-pt\/download-pt\/\" class=\"large green tt-button\"> Download Gr\u00e1tis <\/a><\/p>\n<\/div>\n","protected":false},"excerpt":{"rendered":"<p>Modelo de Etiqueta Nutricional Fa\u00e7a o Download de Exemplos de Modelos de Etiquetas Nutricionais Pode\u00a0criar etiquetas nutricionais\u00a0para a sua empresa ou apenas por vender os seus produtos alimentares caseiros. De qualquer modo, deve cumprir com os requisitos de etiquetagem de alimentos locais e estaduais e cumprir com as directrizes de etiquetagem de comida da \u201cU.S. &#8230; <a title=\"Etiqueta Nutricional\" class=\"read-more\" href=\"https:\/\/www.labeljoy.com\/pt-pt\/modelos\/etiqueta-comida\/\" aria-label=\"Leia mais sobre Etiqueta Nutricional\">Read more<\/a><\/p>\n","protected":false},"author":1,"featured_media":0,"parent":3391,"menu_order":0,"comment_status":"closed","ping_status":"closed","template":"","meta":{"inline_featured_image":false,"_monsterinsights_skip_tracking":false,"_monsterinsights_sitenote_active":false,"_monsterinsights_sitenote_note":"","_monsterinsights_sitenote_category":0,"footnotes":""},"class_list":{"0":"post-3401","1":"page","2":"type-page","3":"status-publish","5":"infinite-scroll-item"},"aioseo_notices":[],"_links":{"self":[{"href":"https:\/\/www.labeljoy.com\/pt-pt\/wp-json\/wp\/v2\/pages\/3401","targetHints":{"allow":["GET"]}}],"collection":[{"href":"https:\/\/www.labeljoy.com\/pt-pt\/wp-json\/wp\/v2\/pages"}],"about":[{"href":"https:\/\/www.labeljoy.com\/pt-pt\/wp-json\/wp\/v2\/types\/page"}],"author":[{"embeddable":true,"href":"https:\/\/www.labeljoy.com\/pt-pt\/wp-json\/wp\/v2\/users\/1"}],"replies":[{"embeddable":true,"href":"https:\/\/www.labeljoy.com\/pt-pt\/wp-json\/wp\/v2\/comments?post=3401"}],"version-history":[{"count":24,"href":"https:\/\/www.labeljoy.com\/pt-pt\/wp-json\/wp\/v2\/pages\/3401\/revisions"}],"predecessor-version":[{"id":41019,"href":"https:\/\/www.labeljoy.com\/pt-pt\/wp-json\/wp\/v2\/pages\/3401\/revisions\/41019"}],"up":[{"embeddable":true,"href":"https:\/\/www.labeljoy.com\/pt-pt\/wp-json\/wp\/v2\/pages\/3391"}],"wp:attachment":[{"href":"https:\/\/www.labeljoy.com\/pt-pt\/wp-json\/wp\/v2\/media?parent=3401"}],"curies":[{"name":"wp","href":"https:\/\/api.w.org\/{rel}","templated":true}]}}