{"id":3403,"date":"2012-07-18T09:40:41","date_gmt":"2012-07-18T09:40:41","guid":{"rendered":"http:\/\/www.labeljoy.com\/templates\/medical-label\/"},"modified":"2021-01-04T12:36:06","modified_gmt":"2021-01-04T12:36:06","slug":"etiqueta-medica","status":"publish","type":"page","link":"https:\/\/www.labeljoy.com\/pt-pt\/modelos\/etiqueta-medica\/","title":{"rendered":"Etiquetas M\u00e9dicas e de Sa\u00fade"},"content":{"rendered":"<h1>Modelos de Etiquetas M\u00e9dicas e de Sa\u00fade<\/h1>\n<h2>Crie Etiquetas M\u00e9dicas profissionais e personalizadas &#8211; Assist\u00eancia M\u00e9dica<\/h2>\n<p>Estes modelos foram fornecidos para uma cria\u00e7\u00e3o f\u00e1cil de\u00a0<strong>etiquetas m\u00e9dicas profissionais<\/strong>. Pode fazer o download e personalizar as suas pr\u00f3prias etiquetas m\u00e9dicas como preferir para tornar o seu trabalho mais organizado e seguro.<\/p>\n<h3>Assist\u00eancia M\u00e9dica &#8211; Organize o seu neg\u00f3cio com etiquetas m\u00e9dicas<\/h3>\n<p><em>Etiquetas m\u00e9dicas est\u00e3o entre as ferramentas mais \u00fateis <\/em>na organiza\u00e7\u00e3o do seu neg\u00f3cio de sa\u00fade. \u00c9 essencial na marca\u00e7\u00e3o de todos os itens necess\u00e1rios que precisam ser etiquetados, vital para a identifica\u00e7\u00e3o do objecto e da direc\u00e7\u00e3o do seu uso.<\/p>\n<p>Estas etiquetas m\u00e9dicas devem ser claramente escritas em fontes leg\u00edveis para poderem ser facilmente identificados por m\u00e9dicos, enfermeiras e outros profissionais de sa\u00fade. Eles tamb\u00e9m s\u00e3o codificadas por cores para tornar mais f\u00e1cil a identifica\u00e7\u00e3o do medicamento certo, a que horas deve ser administrado e o diagn\u00f3stico do m\u00e9dico.<\/p>\n<p><strong>Imprima a sua etiqueta personalizada m\u00e9dica <\/strong>utilizando <a title=\"tutorial Layouts\" href=\"http:\/\/www.labeljoy.com\/pt-pt\/video-soporte\/gerir-layouts\/\">impressorass<\/a>\u00a0normais ou <a title=\"impressoras de rolo video tutorial\" href=\"http:\/\/www.labeljoy.com\/pt-pt\/video-soporte\/usar-impressora-de-rolo\/\">impressoras de rolo<\/a>. Adicione o seu <a title=\"tutorial gere c\u00f3digo de barras ou QR code\" href=\"http:\/\/www.labeljoy.com\/pt-pt\/video-soporte\/gerar-codigos-barras-QRcode\/\">c\u00f3digo de barras ou QR code<\/a>\u00a0para a identifica\u00e7\u00e3o do seus produtos ser f\u00e1cil e segura. C\u00f3digos de barras gerados pelo Labeljoy s\u00e3o leg\u00edveis por qualquer leitor de c\u00f3digos de barras.<\/p>\n<div class=\"one_third\"> <div class=\"img-frame full-fourth\"><div class=\"lightbox-zoom\"><a title=\"Template Qu\u00edmica r\u00f3tulo\" href=\"http:\/\/www.labeljoy.com\/label-templates\/medical\/healthcare1b.jpg\" data-gal=\"prettyPhoto[etiqueta-medica]\" class=\"hover-item\"><img decoding=\"async\" width=\"197\" height=\"133\" alt=\"Template Qu\u00edmica r\u00f3tulo\" src=\"https:\/\/www.labeljoy.com\/wp-content\/plugins\/sterling-shortcodes\/\/timthumb\/timthumb.php?src=http:\/\/www.labeljoy.com\/label-templates\/medical\/healthcare1s.jpg&#038;h=133&#038;w=197\"><\/a><\/div><\/div>\n<p style=\"text-align: center\">\u00a0<a href=\"http:\/\/www.labeljoy.com\/label-templates\/medical\/healthcare1.lpa\" class=\"small white tt-button\" target=\"_self\"> Download <\/a>\n<\/div>\n<div class=\"one_third\"> <div class=\"img-frame full-fourth\"><div class=\"lightbox-zoom\"><a title=\"R\u00f3tulo alergia Medical\" href=\"http:\/\/www.labeljoy.com\/label-templates\/medical\/healthcare2b.jpg\" data-gal=\"prettyPhoto[etiqueta-medica]\" class=\"hover-item\"><img decoding=\"async\" width=\"197\" height=\"133\" alt=\"R\u00f3tulo alergia Medical\" src=\"https:\/\/www.labeljoy.com\/wp-content\/plugins\/sterling-shortcodes\/\/timthumb\/timthumb.php?src=http:\/\/www.labeljoy.com\/label-templates\/medical\/healthcare2s.jpg&#038;h=133&#038;w=197\"><\/a><\/div><\/div>\n<p style=\"text-align: center\">\u00a0<a href=\"http:\/\/www.labeljoy.com\/label-templates\/medical\/healthcare2.lpa\" class=\"small white tt-button\" target=\"_self\"> Download <\/a>\n<\/div>\n<div class=\"one_third\"> <div class=\"img-frame full-fourth\"><div class=\"lightbox-zoom\"><a title=\"etiqueta Sa\u00fade\" href=\"http:\/\/www.labeljoy.com\/label-templates\/medical\/healthcare3b.jpg\" data-gal=\"prettyPhoto[etiqueta-medica]\" class=\"hover-item\"><img decoding=\"async\" width=\"197\" height=\"133\" alt=\"etiqueta Sa\u00fade\" src=\"https:\/\/www.labeljoy.com\/wp-content\/plugins\/sterling-shortcodes\/\/timthumb\/timthumb.php?src=http:\/\/www.labeljoy.com\/label-templates\/medical\/healthcare3s.jpg&#038;h=133&#038;w=197\"><\/a><\/div><\/div>\n<p style=\"text-align: center\">\u00a0<a href=\"http:\/\/www.labeljoy.com\/label-templates\/medical\/healthcare3.lpa\" class=\"small white tt-button\" target=\"_self\"> Download <\/a>\n<\/div>\n<div class=\"hr hr-dotted\">&nbsp;<\/div>\n<div class=\"one_third\"> <div class=\"img-frame full-fourth\"><div class=\"lightbox-zoom\"><a title=\"R\u00f3tulo de doa\u00e7\u00e3o de sangue\" href=\"http:\/\/www.labeljoy.com\/label-templates\/medical\/healthcare4b.jpg\" data-gal=\"prettyPhoto[etiqueta-medica]\" class=\"hover-item\"><img decoding=\"async\" width=\"197\" height=\"133\" alt=\"R\u00f3tulo de doa\u00e7\u00e3o de sangue\" src=\"https:\/\/www.labeljoy.com\/wp-content\/plugins\/sterling-shortcodes\/\/timthumb\/timthumb.php?src=http:\/\/www.labeljoy.com\/label-templates\/medical\/healthcare4s.jpg&#038;h=133&#038;w=197\"><\/a><\/div><\/div>\n<p style=\"text-align: center\">\u00a0<a href=\"http:\/\/www.labeljoy.com\/label-templates\/medical\/healthcare4.lpa\" class=\"small white tt-button\" target=\"_self\"> Download <\/a>\n<\/div>\n<div class=\"one_third\"> <div class=\"img-frame full-fourth\"><div class=\"lightbox-zoom\"><a title=\"Modelo de etiqueta de Sangue\" href=\"http:\/\/www.labeljoy.com\/label-templates\/medical\/healthcare5b.jpg\" data-gal=\"prettyPhoto[etiqueta-medica]\" class=\"hover-item\"><img decoding=\"async\" width=\"197\" height=\"133\" alt=\"Modelo de etiqueta de Sangue\" src=\"https:\/\/www.labeljoy.com\/wp-content\/plugins\/sterling-shortcodes\/\/timthumb\/timthumb.php?src=http:\/\/www.labeljoy.com\/label-templates\/medical\/healthcare5s.jpg&#038;h=133&#038;w=197\"><\/a><\/div><\/div>\n<p style=\"text-align: center\">\u00a0<a href=\"http:\/\/www.labeljoy.com\/label-templates\/medical\/healthcare5.lpa\" class=\"small white tt-button\" target=\"_self\"> Download <\/a>\n<\/div>\n<div class=\"one_third\">\n<\/div>\n<div class=\"hr hr-dotted\">&nbsp;<\/div>\n<div class=\"one_half\">\n<p style=\"text-align: center\"><a href=\"\/pt-pt\/compra\/\" class=\"large blue tt-button\" target=\"\"> Comprar Software <\/a>\n<\/div>\n<div class=\"one_half\">\n<p style=\"text-align: center\"><a href=\"\/pt-pt\/download-pt\/\" class=\"large green tt-button\"> Download Gr\u00e1tis <\/a><\/p>\n<\/div>\n","protected":false},"excerpt":{"rendered":"<p>Modelos de Etiquetas M\u00e9dicas e de Sa\u00fade Crie Etiquetas M\u00e9dicas profissionais e personalizadas &#8211; Assist\u00eancia M\u00e9dica Estes modelos foram fornecidos para uma cria\u00e7\u00e3o f\u00e1cil de\u00a0etiquetas m\u00e9dicas profissionais. Pode fazer o download e personalizar as suas pr\u00f3prias etiquetas m\u00e9dicas como preferir para tornar o seu trabalho mais organizado e seguro. Assist\u00eancia M\u00e9dica &#8211; Organize o seu &#8230; <a title=\"Etiquetas M\u00e9dicas e de Sa\u00fade\" class=\"read-more\" href=\"https:\/\/www.labeljoy.com\/pt-pt\/modelos\/etiqueta-medica\/\" aria-label=\"Leia mais sobre Etiquetas M\u00e9dicas e de Sa\u00fade\">Read more<\/a><\/p>\n","protected":false},"author":1,"featured_media":0,"parent":3391,"menu_order":0,"comment_status":"open","ping_status":"closed","template":"page-template-left-sidebar.php","meta":{"inline_featured_image":false,"_monsterinsights_skip_tracking":false,"_monsterinsights_sitenote_active":false,"_monsterinsights_sitenote_note":"","_monsterinsights_sitenote_category":0,"footnotes":""},"class_list":{"0":"post-3403","1":"page","2":"type-page","3":"status-publish","5":"infinite-scroll-item"},"aioseo_notices":[],"_links":{"self":[{"href":"https:\/\/www.labeljoy.com\/pt-pt\/wp-json\/wp\/v2\/pages\/3403","targetHints":{"allow":["GET"]}}],"collection":[{"href":"https:\/\/www.labeljoy.com\/pt-pt\/wp-json\/wp\/v2\/pages"}],"about":[{"href":"https:\/\/www.labeljoy.com\/pt-pt\/wp-json\/wp\/v2\/types\/page"}],"author":[{"embeddable":true,"href":"https:\/\/www.labeljoy.com\/pt-pt\/wp-json\/wp\/v2\/users\/1"}],"replies":[{"embeddable":true,"href":"https:\/\/www.labeljoy.com\/pt-pt\/wp-json\/wp\/v2\/comments?post=3403"}],"version-history":[{"count":25,"href":"https:\/\/www.labeljoy.com\/pt-pt\/wp-json\/wp\/v2\/pages\/3403\/revisions"}],"predecessor-version":[{"id":35125,"href":"https:\/\/www.labeljoy.com\/pt-pt\/wp-json\/wp\/v2\/pages\/3403\/revisions\/35125"}],"up":[{"embeddable":true,"href":"https:\/\/www.labeljoy.com\/pt-pt\/wp-json\/wp\/v2\/pages\/3391"}],"wp:attachment":[{"href":"https:\/\/www.labeljoy.com\/pt-pt\/wp-json\/wp\/v2\/media?parent=3403"}],"curies":[{"name":"wp","href":"https:\/\/api.w.org\/{rel}","templated":true}]}}