{"id":34037,"date":"2020-09-14T09:45:47","date_gmt":"2020-09-14T09:45:47","guid":{"rendered":"https:\/\/www.labeljoy.com\/?page_id=34037"},"modified":"2022-06-23T12:04:02","modified_gmt":"2022-06-23T12:04:02","slug":"gerar-codigos-de-barras-sscc-18","status":"publish","type":"page","link":"https:\/\/www.labeljoy.com\/pt-pt\/suporte\/como-fazer\/gerar-codigos-de-barras-sscc-18\/","title":{"rendered":"Gerar c\u00f3digos de barras SSCC-18"},"content":{"rendered":"<h2>Criar um c\u00f3digo de barras SSCC-18<\/h2>\n<div class=\"lyte-wrapper\" title=\"Aprender os c&oacute;digos de barras GS1 com Labeljoy\" style=\"width:640px;max-width:100%;margin:5px;\"><div class=\"lyMe\" id=\"WYL_aQB6Q1Zy6l4\" itemprop=\"video\" itemscope itemtype=\"https:\/\/schema.org\/VideoObject\"><div><meta itemprop=\"thumbnailUrl\" content=\"https:\/\/www.labeljoy.com\/wp-content\/plugins\/wp-youtube-lyte\/lyteCache.php?origThumbUrl=https%3A%2F%2Fi.ytimg.com%2Fvi%2FaQB6Q1Zy6l4%2Fhqdefault.jpg\" \/><meta itemprop=\"embedURL\" content=\"https:\/\/www.youtube.com\/embed\/aQB6Q1Zy6l4\" \/><meta itemprop=\"duration\" content=\"PT1M16S\" \/><meta itemprop=\"uploadDate\" content=\"2020-10-12T08:50:48Z\" \/><\/div><div id=\"lyte_aQB6Q1Zy6l4\" data-src=\"https:\/\/www.labeljoy.com\/wp-content\/plugins\/wp-youtube-lyte\/lyteCache.php?origThumbUrl=https%3A%2F%2Fi.ytimg.com%2Fvi%2FaQB6Q1Zy6l4%2Fhqdefault.jpg\" class=\"pL\"><div class=\"tC\"><div class=\"tT\" itemprop=\"name\">Aprender os c\u00f3digos de barras GS1 com Labeljoy<\/div><\/div><div class=\"play\"><\/div><div class=\"ctrl\"><div class=\"Lctrl\"><\/div><div class=\"Rctrl\"><\/div><\/div><\/div><noscript><a href=\"https:\/\/youtu.be\/aQB6Q1Zy6l4\" rel=\"nofollow\"><img decoding=\"async\" src=\"https:\/\/www.labeljoy.com\/wp-content\/plugins\/wp-youtube-lyte\/lyteCache.php?origThumbUrl=https%3A%2F%2Fi.ytimg.com%2Fvi%2FaQB6Q1Zy6l4%2F0.jpg\" alt=\"Aprender os c&oacute;digos de barras GS1 com Labeljoy\" width=\"640\" height=\"340\" \/><br \/>Watch this video on YouTube<\/a><\/noscript><meta itemprop=\"description\" content=\"Neste v\u00eddeo, John mostra-nos como utilizar os c\u00f3digos GS1 para os nossos envios, imprime as suas etiquetas GS1 com Labeljoy e aplica-as aos seus produtos, embalagens e paletes. Mais informa\u00e7\u00f5es sobre os c\u00f3digos de barras GS1: https:\/\/www.labeljoy.com\/pt-pt\/suporte\/como-fazer\/gerar-codigos-de-barras-gs1-128\/ Cr\u00e9ditos Vector Pictures : Vecteezy.com - freevector.com\"><\/div><\/div><div class=\"lL\" style=\"max-width:100%;width:640px;margin:5px;\"><\/div>\n<div class=\"lj-video-button hide\">\n  <a href=\"https:\/\/www.youtube.com\/embed\/aQB6Q1Zy6l4?rel=0&autoplay=1\" data-featherlight=\"iframe\" data-featherlight-iframe-width=\"800\" data-featherlight-iframe-height=\"610\" data-featherlight-iframe-frameborder=\"0\" data-featherlight-iframe-allow=\"autoplay; encrypted-media\" data-featherlight-iframe-allowfullscreen=\"true\" title=\"Reproduza o tutorial em v\u00eddeo\">Reproduza o tutorial em v\u00eddeo <i class=\"fa fa-play-circle fa-2x\"><\/i><\/a>\n<\/div>\n<p>Vamos come\u00e7ar por criar uma nova etiqueta que conter\u00e1 um SSCC-18 (Serial Shipping Container) de c\u00f3digo de barras, que corresponde a AI no 00 GS1. Para criar este tipo de c\u00f3digo de barras, precisamos ter as seguintes informa\u00e7\u00f5es \u00e0 m\u00e3o:<\/p>\n<ul>\n<li><strong>O prefixo GS1 da empresa<\/strong>. Esta informa\u00e7\u00e3o \u00e9 emitida pela autoridade local GS1. O seu comprimento pode variar de 7-10 d\u00edgitos.<\/li>\n<li><strong>O n\u00famero de s\u00e9rie<\/strong>. Esta informa\u00e7\u00e3o pode ser qualquer n\u00famero e o seu comprimento pode ser entre 6 e 9 d\u00edgitos.<\/li>\n<\/ul>\n<p>Como o nome indica, o s\u00edmbolo SSCC-18 cont\u00e9m 18 d\u00edgitos organizados da seguinte forma<\/p>\n<ul>\n<li><strong>Prefixo<\/strong>: 1 d\u00edgito, utiliza\u00e7\u00e3o gratuita. Pode ser usado para ampliar o n\u00famero de s\u00e9rie.<\/li>\n<li><strong>O prefixo GS1 da empresa<\/strong>: 7 a 10 d\u00edgitos.<\/li>\n<li><strong>O n\u00famero de s\u00e9rie<\/strong>: 6 a 9 d\u00edgitos, dependendo do comprimento do prefixo GS1da empresa.<\/li>\n<li><strong>D\u00edgito de verifica\u00e7\u00e3o<\/strong>: modulo-10 soma de verifica\u00e7\u00e3o 1 d\u00edgito.<\/li>\n<\/ul>\n<p>Neste exemplo vamos fingir que o prefixo GS1 da empresa \u00e9 o n\u00famero de 8 d\u00edgitos seguinte: 12345678. E o nosso n\u00famero de s\u00e9rie do transporte \u00e9 4567.<br \/>\nPara transformar essa informa\u00e7\u00e3o num c\u00f3digo de barras v\u00e1lido SSCC-18, isto \u00e9 o que precisamos para entrar no Labeljoy:<\/p>\n<ul>\n<li><strong>(00):<\/strong> O identificador de aplica\u00e7\u00e3o SSCC-18.<\/li>\n<li><strong>0:<\/strong> Prefixo (n\u00e3o precisamos de estender o n\u00famero de s\u00e9rie).<\/li>\n<li><strong>12345678: <\/strong>O nosso prefixo GS1 da empresa.<\/li>\n<li><strong>00004567: <\/strong>Os nossos n\u00famero de s\u00e9rie. Precisamos de direccionar a zero este n\u00famero, uma vez que precisa preencher todos os 18 d\u00edgitos do SSCC-18.<\/li>\n<li><strong>0:<\/strong> O d\u00edgito de verifica\u00e7\u00e3o. N\u00f3s vamos introduzir zero e deixar Labeljoy calcul\u00e1-lo para n\u00f3s.<\/li>\n<\/ul>\n<p>O texto resultante que vamos introduzir no Labeljoy \u00e9: (00)012345678000045670:<\/p>\n<div><a class=\"hover-item\" data-gal=\"prettyPhoto[generate-gs1]\" href=\"http:\/\/www.labeljoy.com\/images\/how-to\/gs1-128\/image002.png\"><img decoding=\"async\" alt=\"Lablejoy criador GS1-128\" src=\"http:\/\/www.labeljoy.com\/images\/how-to\/gs1-128\/image002.png\" width=\"636\" height=\"483\"><\/a><\/div>\n<p>E este \u00e9 o s\u00edmbolo de c\u00f3digo de barras correspondente gerado:<\/p>\n<p><a class=\"hover-item\" data-gal=\"prettyPhoto[generate-gs1]\" href=\"http:\/\/www.labeljoy.com\/images\/how-to\/gs1-128\/image003.png\"><img decoding=\"async\" class=\"aligncenter\" alt=\"SSCC-18 c\u00f3digo de barras\" src=\"http:\/\/www.labeljoy.com\/images\/how-to\/gs1-128\/image003.png\" width=\"285\" height=\"97\"><\/a><\/p>\n<p style=\"text-align: center\"><a href=\"http:\/\/www.labeljoy.com\/images\/how-to\/gs1-128\/GS1-128a.lpa\" class=\"large green tt-button\" target=\"_self\">&nbsp;Fa\u00e7a o download deste ficheiro Labeljoy <\/a>\n<p>Como pode ver, o \u00faltimo d\u00edgito \u00e9 agora 8, j\u00e1 que \u00e9 o modulo-10 d\u00edgito de verifica\u00e7\u00e3o correta.<br \/>\nObserve tamb\u00e9m que a op\u00e7\u00e3o <em>Verifica\u00e7\u00e3o de sequ\u00eancia AI<\/em> est\u00e1 desactivada j\u00e1 que este AI particular pode ser independente de todos os outros. Se tiv\u00e9ssemos ligadp, n\u00e3o teria feito nenhuma diferen\u00e7a.<\/p>\n<p><em>Cr\u00e9ditos Vector Pictures neste v\u00eddeo : Vecteezy.com &#8211; freevector.com<\/em><\/p>\n<div class=\"also-like\">\n<strong>Pode tamb\u00e9m achar interessante:<\/strong><\/p>\n<ul>\n<li><a href=\"https:\/\/www.labeljoy.com\/gerador-de-codigos-de-barras-online\/\" title=\"Gerador de c\u00f3digos de barras online\">Gerador de c\u00f3digos de barras online<\/a><\/li>\n<\/ul>\n<\/div>\n","protected":false},"excerpt":{"rendered":"<p>Criar um c\u00f3digo de barras SSCC-18 Vamos come\u00e7ar por criar uma nova etiqueta que conter\u00e1 um SSCC-18 (Serial Shipping Container) de c\u00f3digo de barras, que corresponde a AI no 00 GS1. Para criar este tipo de c\u00f3digo de barras, precisamos ter as seguintes informa\u00e7\u00f5es \u00e0 m\u00e3o: O prefixo GS1 da empresa. Esta informa\u00e7\u00e3o \u00e9 emitida &#8230; <a title=\"Gerar c\u00f3digos de barras SSCC-18\" class=\"read-more\" href=\"https:\/\/www.labeljoy.com\/pt-pt\/suporte\/como-fazer\/gerar-codigos-de-barras-sscc-18\/\" aria-label=\"Leia mais sobre Gerar c\u00f3digos de barras SSCC-18\">Read more<\/a><\/p>\n","protected":false},"author":2,"featured_media":0,"parent":3366,"menu_order":0,"comment_status":"open","ping_status":"closed","template":"","meta":{"inline_featured_image":false,"_monsterinsights_skip_tracking":false,"_monsterinsights_sitenote_active":false,"_monsterinsights_sitenote_note":"","_monsterinsights_sitenote_category":0,"footnotes":""},"class_list":{"0":"post-34037","1":"page","2":"type-page","3":"status-publish","5":"infinite-scroll-item"},"aioseo_notices":[],"_links":{"self":[{"href":"https:\/\/www.labeljoy.com\/pt-pt\/wp-json\/wp\/v2\/pages\/34037","targetHints":{"allow":["GET"]}}],"collection":[{"href":"https:\/\/www.labeljoy.com\/pt-pt\/wp-json\/wp\/v2\/pages"}],"about":[{"href":"https:\/\/www.labeljoy.com\/pt-pt\/wp-json\/wp\/v2\/types\/page"}],"author":[{"embeddable":true,"href":"https:\/\/www.labeljoy.com\/pt-pt\/wp-json\/wp\/v2\/users\/2"}],"replies":[{"embeddable":true,"href":"https:\/\/www.labeljoy.com\/pt-pt\/wp-json\/wp\/v2\/comments?post=34037"}],"version-history":[{"count":5,"href":"https:\/\/www.labeljoy.com\/pt-pt\/wp-json\/wp\/v2\/pages\/34037\/revisions"}],"predecessor-version":[{"id":37664,"href":"https:\/\/www.labeljoy.com\/pt-pt\/wp-json\/wp\/v2\/pages\/34037\/revisions\/37664"}],"up":[{"embeddable":true,"href":"https:\/\/www.labeljoy.com\/pt-pt\/wp-json\/wp\/v2\/pages\/3366"}],"wp:attachment":[{"href":"https:\/\/www.labeljoy.com\/pt-pt\/wp-json\/wp\/v2\/media?parent=34037"}],"curies":[{"name":"wp","href":"https:\/\/api.w.org\/{rel}","templated":true}]}}