{"id":3404,"date":"2012-07-18T09:39:11","date_gmt":"2012-07-18T09:39:11","guid":{"rendered":"http:\/\/www.labeljoy.com\/templates\/warning-labels\/"},"modified":"2021-01-04T12:44:45","modified_gmt":"2021-01-04T12:44:45","slug":"etiquetas-aviso","status":"publish","type":"page","link":"https:\/\/www.labeljoy.com\/pt-pt\/modelos\/etiquetas-aviso\/","title":{"rendered":"Etiquetas de Advert\u00eancia"},"content":{"rendered":"<h1>Modelos de Etiquetas de Advert\u00eancia<\/h1>\n<h2>Criar etiquetas Qu\u00edmicas profissionais e personalizadas<\/h2>\n<p>A Equipa do Labeljoy desenvolveu modelos de todas as formas e tamanhos que podem ser usados para\u00a0<strong>imprimir etiquetas de avisos<\/strong>.<\/p>\n<p>Os\u00a0<strong>modelos de etiqueta de aviso<\/strong>\u00a0podem ser personalizados para inclu\u00edrem o contacto da sua empresa, logotipo e contacto de emerg\u00eancia ou qualquer outra coisa que necessite.\u00a0<a title=\"tutorial video Presentation\" href=\"http:\/\/www.labeljoy.com\/pt-pt\/video-soporte\/apresentacao-software\/\">Texto, imagens, logotipos<\/a>\u00a0podem ser redimensionados ou movidos para enfatizar os conte\u00fados que s\u00e3o mais importantes para os seus fins.<\/p>\n<h2>Etiquetas Qu\u00edmicas, Etiquetas de Perigo, Etiquetas de Precau\u00e7\u00e3o<\/h2>\n<p>Labeljoy oferece-lhe uma linha completa de solu\u00e7\u00f5es de impress\u00e3o de c\u00f3digo de barras para<em>\u00a0<\/em><em>etiquetagem qu\u00edmica<\/em>,\u00a0<em>etiquetas de perigo<\/em>\u00a0e\u00a0<em>etiquetas de aviso<\/em>.<\/p>\n<p>Pode adicionar <a title=\"guia de c\u00f3digos de barra\" href=\"http:\/\/www.labeljoy.com\/pt-pt\/suporte\/guia-codigo-de-barras\/\">20 diferentes simbologias de c\u00f3digos de barra<\/a>\u00a0incluindo <a title=\"c\u00f3digo de barra 2D - guia QR Code\" href=\"http:\/\/www.labeljoy.com\/pt-pt\/suporte\/guia-codigo-qr\/\">c\u00f3digo de barra 2D<\/a>\u00a0tais como QR Code e Matriz de Dados que pode melhorar a sua organiza\u00e7\u00e3o e seu sistema de gest\u00e3o.<\/p>\n<p>Um conjunto de modelo de etiquetas de aviso foi projetado para as suas necessidades. Por favor note que pode\u00a0<a title=\"importar dados de bases de dados externas\" href=\"http:\/\/www.labeljoy.com\/pt-pt\/video-soporte\/conectar-dados-externos\/\">importar dados de bases de dados externas<\/a>\u00a0para simplificar o trabalho de entrada de dados.<\/p>\n<div id=\"Layer7\">\n<p><strong>Imprima as suas pr\u00f3prias etiquetas de Aviso <\/strong>e\u00a0<strong>etiquetas de seguran\u00e7a<\/strong>\u00a0na sua impressora a laser, jato de tinta ou de rolo no<strong>\u00a0tipo de pael que preferir<\/strong>, incluindo papel adesivo.<\/p>\n<p align=\"left\">Por favor, note que iremos actualizar esta p\u00e1gina num futuro pr\u00f3ximo para incluir mais etiquetas que ir\u00e1 ser capaz de usar para o seu alerta e quest\u00f5es de seguran\u00e7a.<\/p>\n<\/div>\n<div class=\"one_third\"> <div class=\"img-frame full-fourth\"><div class=\"lightbox-zoom\"><a title=\"As etiquetas de advert\u00eancia\" href=\"http:\/\/www.labeljoy.com\/label-templates\/warning\/warning1b.jpg\" data-gal=\"prettyPhoto[advertencia]\" class=\"hover-item\"><img decoding=\"async\" width=\"197\" height=\"133\" alt=\"As etiquetas de advert\u00eancia\" src=\"https:\/\/www.labeljoy.com\/wp-content\/plugins\/sterling-shortcodes\/\/timthumb\/timthumb.php?src=http:\/\/www.labeljoy.com\/label-templates\/warning\/warning1s.jpg&#038;h=133&#038;w=197\"><\/a><\/div><\/div>\n<p style=\"text-align: center\"><a href=\"http:\/\/www.labeljoy.com\/label-templates\/warning\/warning1.lpa\" class=\"small white tt-button\" target=\"_self\"> Download <\/a>\n<\/div>\n<div class=\"one_third\"> <div class=\"img-frame full-fourth\"><div class=\"lightbox-zoom\"><a title=\"etiquetas de perigo\" href=\"http:\/\/www.labeljoy.com\/label-templates\/warning\/warning2b.jpg\" data-gal=\"prettyPhoto[advertencia]\" class=\"hover-item\"><img decoding=\"async\" width=\"197\" height=\"133\" alt=\"etiquetas de perigo\" src=\"https:\/\/www.labeljoy.com\/wp-content\/plugins\/sterling-shortcodes\/\/timthumb\/timthumb.php?src=http:\/\/www.labeljoy.com\/label-templates\/warning\/warning2s.jpg&#038;h=133&#038;w=197\"><\/a><\/div><\/div>\n<p style=\"text-align: center\"><a href=\"http:\/\/www.labeljoy.com\/label-templates\/warning\/warning2.lpa\" class=\"small white tt-button\" target=\"_self\"> Download <\/a>\n<\/div>\n<div class=\"one_third\"> <div class=\"img-frame full-fourth\"><div class=\"lightbox-zoom\"><a title=\"As etiquetas de cuidado\" href=\"http:\/\/www.labeljoy.com\/label-templates\/warning\/warning3b.jpg\" data-gal=\"prettyPhoto[advertencia]\" class=\"hover-item\"><img decoding=\"async\" width=\"197\" height=\"133\" alt=\"As etiquetas de cuidado\" src=\"https:\/\/www.labeljoy.com\/wp-content\/plugins\/sterling-shortcodes\/\/timthumb\/timthumb.php?src=http:\/\/www.labeljoy.com\/label-templates\/warning\/warning3s.jpg&#038;h=133&#038;w=197\"><\/a><\/div><\/div>\n<p style=\"text-align: center\"><a href=\"http:\/\/www.labeljoy.com\/label-templates\/warning\/warning3.lpa\" class=\"small white tt-button\" target=\"_self\"> Download <\/a>\n<\/div>\n<div class=\"hr hr-dotted\">&nbsp;<\/div>\n<div class=\"one_half\">\n<p style=\"text-align: center\"><a href=\"\/pt-pt\/compra\/\" class=\"large blue tt-button\" target=\"\"> Comprar Software <\/a>\n<\/div>\n<div class=\"one_half\">\n<p style=\"text-align: center\"><a href=\"\/pt-pt\/download-pt\/\" class=\"large green tt-button\"> Download Gr\u00e1tis <\/a><\/p>\n<\/div>\n","protected":false},"excerpt":{"rendered":"<p>Modelos de Etiquetas de Advert\u00eancia Criar etiquetas Qu\u00edmicas profissionais e personalizadas A Equipa do Labeljoy desenvolveu modelos de todas as formas e tamanhos que podem ser usados para\u00a0imprimir etiquetas de avisos. Os\u00a0modelos de etiqueta de aviso\u00a0podem ser personalizados para inclu\u00edrem o contacto da sua empresa, logotipo e contacto de emerg\u00eancia ou qualquer outra coisa que &#8230; <a title=\"Etiquetas de Advert\u00eancia\" class=\"read-more\" href=\"https:\/\/www.labeljoy.com\/pt-pt\/modelos\/etiquetas-aviso\/\" aria-label=\"Leia mais sobre Etiquetas de Advert\u00eancia\">Read more<\/a><\/p>\n","protected":false},"author":1,"featured_media":0,"parent":3391,"menu_order":18,"comment_status":"open","ping_status":"closed","template":"page-template-left-sidebar.php","meta":{"inline_featured_image":false,"_monsterinsights_skip_tracking":false,"_monsterinsights_sitenote_active":false,"_monsterinsights_sitenote_note":"","_monsterinsights_sitenote_category":0,"footnotes":""},"class_list":{"0":"post-3404","1":"page","2":"type-page","3":"status-publish","5":"infinite-scroll-item"},"aioseo_notices":[],"_links":{"self":[{"href":"https:\/\/www.labeljoy.com\/pt-pt\/wp-json\/wp\/v2\/pages\/3404","targetHints":{"allow":["GET"]}}],"collection":[{"href":"https:\/\/www.labeljoy.com\/pt-pt\/wp-json\/wp\/v2\/pages"}],"about":[{"href":"https:\/\/www.labeljoy.com\/pt-pt\/wp-json\/wp\/v2\/types\/page"}],"author":[{"embeddable":true,"href":"https:\/\/www.labeljoy.com\/pt-pt\/wp-json\/wp\/v2\/users\/1"}],"replies":[{"embeddable":true,"href":"https:\/\/www.labeljoy.com\/pt-pt\/wp-json\/wp\/v2\/comments?post=3404"}],"version-history":[{"count":22,"href":"https:\/\/www.labeljoy.com\/pt-pt\/wp-json\/wp\/v2\/pages\/3404\/revisions"}],"predecessor-version":[{"id":35127,"href":"https:\/\/www.labeljoy.com\/pt-pt\/wp-json\/wp\/v2\/pages\/3404\/revisions\/35127"}],"up":[{"embeddable":true,"href":"https:\/\/www.labeljoy.com\/pt-pt\/wp-json\/wp\/v2\/pages\/3391"}],"wp:attachment":[{"href":"https:\/\/www.labeljoy.com\/pt-pt\/wp-json\/wp\/v2\/media?parent=3404"}],"curies":[{"name":"wp","href":"https:\/\/api.w.org\/{rel}","templated":true}]}}