{"id":3405,"date":"2012-07-18T09:38:39","date_gmt":"2012-07-18T09:38:39","guid":{"rendered":"http:\/\/www.labeljoy.com\/templates\/automotive-label\/"},"modified":"2021-01-04T12:30:01","modified_gmt":"2021-01-04T12:30:01","slug":"etiqueta-automobilistica","status":"publish","type":"page","link":"https:\/\/www.labeljoy.com\/pt-pt\/modelos\/etiqueta-automobilistica\/","title":{"rendered":"Etiquetas Automobil\u00edsticas"},"content":{"rendered":"<h1>Etiquetas Automobil\u00edsticas<\/h1>\n<h2>Crie etiquetas automobil\u00edsticas personalizadas e profissionais<\/h2>\n<p>Com Labeljoy \u00e9 poss\u00edvel criar e personalizar as suas pr\u00f3prias\u00a0<strong>etiquetas automobil\u00edsticas<\/strong>\u00a0adicionando textos, imagens e C\u00f3digos de Barras.<\/p>\n<p>Labeljoy permite-lhe gerar <a title=\"c\u00f3digos de barra guia\" href=\"http:\/\/www.labeljoy.com\/pt-pt\/suporte\/guia-codigo-de-barras\/\"><em>20 c\u00f3digos de barra diferentes<\/em><\/a>\u00a0para\u00a0<strong>imprimir etiquetas automobil\u00edsticas personalizadas e profissionais<\/strong>. Os c\u00f3digos de barras adicionam velocidade, precis\u00e3o e fiabilidade a qualquer exig\u00eancia de identifica\u00e7\u00e3o da cadeia de abastecimento.<\/p>\n<p>Pode imprimir os nossos modelos automobil\u00edsticos em folhas resistentes \u00e0 gordura e \u00f3leo. A automatiza\u00e7\u00e3o do LabelJoy e a aplica\u00e7\u00e3o da\u00a0<em>impress\u00e3o de etiquetas personalizadas<\/em>\u00a0ajuda a automatizar o trabalho em processo e materiais de opera\u00e7\u00f5es de gest\u00e3o ao longo da cadeia de abastecimento, e pode fornecer uma identifica\u00e7\u00e3o permanente de pe\u00e7as e componentes, utilizando c\u00f3digos de barras.<\/p>\n<div class=\"one_third\"> <div class=\"img-frame full-fourth\"><div class=\"lightbox-zoom\"><a title=\"etiqueta Automotive\" href=\"http:\/\/www.labeljoy.com\/label-templates\/automotive\/automotive1b.jpg\" data-gal=\"prettyPhoto[automotive]\" class=\"hover-item\"><img decoding=\"async\" width=\"197\" height=\"133\" alt=\"etiqueta Automotive\" src=\"https:\/\/www.labeljoy.com\/wp-content\/plugins\/sterling-shortcodes\/\/timthumb\/timthumb.php?src=http:\/\/www.labeljoy.com\/label-templates\/automotive\/automotive1s.jpg&#038;h=133&#038;w=197\"><\/a><\/div><\/div>\n<p style=\"text-align: center\"><a href=\"http:\/\/www.labeljoy.com\/label-templates\/automotive\/automotive1.lpa\" class=\"small white tt-button\" target=\"_self\"> Download <\/a>\n<\/div>\n<div class=\"one_third\"> <div class=\"img-frame full-fourth\"><div class=\"lightbox-zoom\"><a title=\"Modelo de etiqueta de perigo\" href=\"http:\/\/www.labeljoy.com\/label-templates\/automotive\/automotive2b.jpg\" data-gal=\"prettyPhoto[automotive]\" class=\"hover-item\"><img decoding=\"async\" width=\"197\" height=\"133\" alt=\"Modelo de etiqueta de perigo\" src=\"https:\/\/www.labeljoy.com\/wp-content\/plugins\/sterling-shortcodes\/\/timthumb\/timthumb.php?src=http:\/\/www.labeljoy.com\/label-templates\/automotive\/automotive2s.jpg&#038;h=133&#038;w=197\"><\/a><\/div><\/div>\n<p style=\"text-align: center\"><a href=\"http:\/\/www.labeljoy.com\/label-templates\/automotive\/automotive2.lpa\" class=\"small white tt-button\" target=\"_self\"> Download <\/a>\n<\/div>\n<div class=\"one_third\">\n<\/div>\n<div class=\"hr hr-dotted\">&nbsp;<\/div>\n<div class=\"one_half\">\n<p style=\"text-align: center\"><a href=\"\/pt-pt\/compra\/\" class=\"large blue tt-button\" target=\"\"> Comprar Software <\/a>\n<\/div>\n<div class=\"one_half\">\n<p style=\"text-align: center\"><a href=\"\/pt-pt\/download-pt\/\" class=\"large green tt-button\"> Download Gr\u00e1tis <\/a><\/p>\n<\/div>\n","protected":false},"excerpt":{"rendered":"<p>Etiquetas Automobil\u00edsticas Crie etiquetas automobil\u00edsticas personalizadas e profissionais Com Labeljoy \u00e9 poss\u00edvel criar e personalizar as suas pr\u00f3prias\u00a0etiquetas automobil\u00edsticas\u00a0adicionando textos, imagens e C\u00f3digos de Barras. Labeljoy permite-lhe gerar 20 c\u00f3digos de barra diferentes\u00a0para\u00a0imprimir etiquetas automobil\u00edsticas personalizadas e profissionais. Os c\u00f3digos de barras adicionam velocidade, precis\u00e3o e fiabilidade a qualquer exig\u00eancia de identifica\u00e7\u00e3o da cadeia de &#8230; <a title=\"Etiquetas Automobil\u00edsticas\" class=\"read-more\" href=\"https:\/\/www.labeljoy.com\/pt-pt\/modelos\/etiqueta-automobilistica\/\" aria-label=\"Leia mais sobre Etiquetas Automobil\u00edsticas\">Read more<\/a><\/p>\n","protected":false},"author":1,"featured_media":0,"parent":3391,"menu_order":0,"comment_status":"open","ping_status":"closed","template":"page-template-left-sidebar.php","meta":{"inline_featured_image":false,"_monsterinsights_skip_tracking":false,"_monsterinsights_sitenote_active":false,"_monsterinsights_sitenote_note":"","_monsterinsights_sitenote_category":0,"footnotes":""},"class_list":{"0":"post-3405","1":"page","2":"type-page","3":"status-publish","5":"infinite-scroll-item"},"aioseo_notices":[],"_links":{"self":[{"href":"https:\/\/www.labeljoy.com\/pt-pt\/wp-json\/wp\/v2\/pages\/3405","targetHints":{"allow":["GET"]}}],"collection":[{"href":"https:\/\/www.labeljoy.com\/pt-pt\/wp-json\/wp\/v2\/pages"}],"about":[{"href":"https:\/\/www.labeljoy.com\/pt-pt\/wp-json\/wp\/v2\/types\/page"}],"author":[{"embeddable":true,"href":"https:\/\/www.labeljoy.com\/pt-pt\/wp-json\/wp\/v2\/users\/1"}],"replies":[{"embeddable":true,"href":"https:\/\/www.labeljoy.com\/pt-pt\/wp-json\/wp\/v2\/comments?post=3405"}],"version-history":[{"count":18,"href":"https:\/\/www.labeljoy.com\/pt-pt\/wp-json\/wp\/v2\/pages\/3405\/revisions"}],"predecessor-version":[{"id":35123,"href":"https:\/\/www.labeljoy.com\/pt-pt\/wp-json\/wp\/v2\/pages\/3405\/revisions\/35123"}],"up":[{"embeddable":true,"href":"https:\/\/www.labeljoy.com\/pt-pt\/wp-json\/wp\/v2\/pages\/3391"}],"wp:attachment":[{"href":"https:\/\/www.labeljoy.com\/pt-pt\/wp-json\/wp\/v2\/media?parent=3405"}],"curies":[{"name":"wp","href":"https:\/\/api.w.org\/{rel}","templated":true}]}}