{"id":3407,"date":"2012-07-18T09:08:09","date_gmt":"2012-07-18T09:08:09","guid":{"rendered":"http:\/\/www.labeljoy.com\/templates\/name-tag-badges\/"},"modified":"2020-12-31T15:15:37","modified_gmt":"2020-12-31T15:15:37","slug":"crachas-com-nome","status":"publish","type":"page","link":"https:\/\/www.labeljoy.com\/pt-pt\/modelos\/crachas-com-nome\/","title":{"rendered":"Etiquetas de nome"},"content":{"rendered":"<h1>Modelos de Etiquetas de Nome<\/h1>\n<h2>Fa\u00e7a o Download do modelo de Crach\u00e1 de Nome e etiquetas de nome personalizadas<\/h2>\n<p>Fa\u00e7a uma grande primeira impress\u00e3o com os nossos<strong> <\/strong><strong>Modelos de Etiquetas de Nome<\/strong><\/p>\n<p>Pode fazer o Download, e <strong>personalizar as etiquetas de nome<\/strong>\u00a0para uma reuni\u00e3o, confer\u00eancia, ou festa. Por exemplo o professor pode imprimir de forma f\u00e1cil etiquetas de crach\u00e1s de nome para identificar as crian\u00e7as no in\u00edcio do ano.<\/p>\n<p>Cada empresa pode criar\u00a0<strong>etiquetas de crach\u00e1s de nomes de funcion\u00e1rios personalizadas<\/strong>\u00a0carregando nomes\u00a0<a title=\"video tutorial base de dados externa\" href=\"http:\/\/www.labeljoy.com\/pt-pt\/video-soporte\/conectar-dados-externos\/\">de uma base de dados externa<\/a>\u00a0de uma forma muito simples (veja o v\u00eddeo). \u00c9 poss\u00edvel adicionar t\u00edtulos de trabalho e at\u00e9 mesmo logotipos da empresa. Da sua impressora a laser, de jato de tinta ou de rolo sai um crach\u00e1 que parece ter vindo de uma loja de impress\u00e3o profissional.<\/p>\n<div class=\"one_third\"> <div class=\"img-frame full-fourth\"><div class=\"lightbox-zoom\"><a title=\"Simples crach\u00e1\" href=\"http:\/\/www.labeljoy.com\/label-templates\/name-tag\/nametag1b.jpg\" data-gal=\"prettyPhoto[Identificacao]\" class=\"hover-item\"><img decoding=\"async\" width=\"197\" height=\"133\" alt=\"Simples crach\u00e1\" src=\"https:\/\/www.labeljoy.com\/wp-content\/plugins\/sterling-shortcodes\/\/timthumb\/timthumb.php?src=http:\/\/www.labeljoy.com\/label-templates\/name-tag\/nametag1s.jpg&#038;h=133&#038;w=197\"><\/a><\/div><\/div>\n<p style=\"text-align: center\"><a href=\"http:\/\/www.labeljoy.com\/label-templates\/name-tag\/nametag1.lpa\" class=\"small white tt-button\" target=\"_self\"> Download <\/a>\n<\/div>\n<div class=\"one_third\"> <div class=\"img-frame full-fourth\"><div class=\"lightbox-zoom\"><a title=\"Nome do cart\u00e3o com foto\" href=\"http:\/\/www.labeljoy.com\/label-templates\/name-tag\/nametag2b.jpg\" data-gal=\"prettyPhoto[Identificacao]\" class=\"hover-item\"><img decoding=\"async\" width=\"197\" height=\"133\" alt=\"Nome do cart\u00e3o com foto\" src=\"https:\/\/www.labeljoy.com\/wp-content\/plugins\/sterling-shortcodes\/\/timthumb\/timthumb.php?src=http:\/\/www.labeljoy.com\/label-templates\/name-tag\/nametag2s.jpg&#038;h=133&#038;w=197\"><\/a><\/div><\/div>\n<p style=\"text-align: center\"><a href=\"http:\/\/www.labeljoy.com\/label-templates\/name-tag\/nametag2.lpa\" class=\"small white tt-button\" target=\"_self\"> Download <\/a>\n<\/div>\n<div class=\"one_third\"> <div class=\"img-frame full-fourth\"><div class=\"lightbox-zoom\"><a title=\"Nome Conference template\" href=\"http:\/\/www.labeljoy.com\/label-templates\/name-tag\/nametag3b.jpg\" data-gal=\"prettyPhoto[Identificacao]\" class=\"hover-item\"><img decoding=\"async\" width=\"197\" height=\"133\" alt=\"Nome Conference template\" src=\"https:\/\/www.labeljoy.com\/wp-content\/plugins\/sterling-shortcodes\/\/timthumb\/timthumb.php?src=http:\/\/www.labeljoy.com\/label-templates\/name-tag\/nametag3s.jpg&#038;h=133&#038;w=197\"><\/a><\/div><\/div>\n<p style=\"text-align: center\"><a href=\"http:\/\/www.labeljoy.com\/label-templates\/name-tag\/nametag3.lpa\" class=\"small white tt-button\" target=\"_self\"> Download <\/a>\n<\/div>\n<div class=\"hr hr-dotted\">&nbsp;<\/div>\n<div class=\"one_third\"> <div class=\"img-frame full-fourth\"><div class=\"lightbox-zoom\"><a title=\"Feitos sob encomenda de etiquetas\" href=\"http:\/\/www.labeljoy.com\/label-templates\/name-tag\/nametag4b.jpg\" data-gal=\"prettyPhoto[Identificacao]\" class=\"hover-item\"><img decoding=\"async\" width=\"197\" height=\"133\" alt=\"Feitos sob encomenda de etiquetas\" src=\"https:\/\/www.labeljoy.com\/wp-content\/plugins\/sterling-shortcodes\/\/timthumb\/timthumb.php?src=http:\/\/www.labeljoy.com\/label-templates\/name-tag\/nametag4s.jpg&#038;h=133&#038;w=197\"><\/a><\/div><\/div>\n<p style=\"text-align: center\"><a href=\"http:\/\/www.labeljoy.com\/label-templates\/name-tag\/nametag4.lpa\" class=\"small white tt-button\" target=\"_self\"> Download <\/a>\n<\/div>\n<div class=\"one_third\"> <div class=\"img-frame full-fourth\"><div class=\"lightbox-zoom\"><a title=\"Tags de nome da escola para crian\u00e7as\" href=\"http:\/\/www.labeljoy.com\/label-templates\/name-tag\/nametag5b.jpg\" data-gal=\"prettyPhoto[Identificacao]\" class=\"hover-item\"><img decoding=\"async\" width=\"197\" height=\"133\" alt=\"Tags de nome da escola para crian\u00e7as\" src=\"https:\/\/www.labeljoy.com\/wp-content\/plugins\/sterling-shortcodes\/\/timthumb\/timthumb.php?src=http:\/\/www.labeljoy.com\/label-templates\/name-tag\/nametag5s.jpg&#038;h=133&#038;w=197\"><\/a><\/div><\/div>\n<p style=\"text-align: center\"><a href=\"http:\/\/www.labeljoy.com\/label-templates\/name-tag\/nametag5.lpa\" class=\"small white tt-button\" target=\"_self\"> Download <\/a>\n<\/div>\n<div class=\"one_third\"> <div class=\"img-frame full-fourth\"><div class=\"lightbox-zoom\"><a title=\"Etiqueta com o nome profissional com c\u00f3digo de Qr\" href=\"http:\/\/www.labeljoy.com\/label-templates\/name-tag\/nametag6b.jpg\" data-gal=\"prettyPhoto[Identificacao]\" class=\"hover-item\"><img decoding=\"async\" width=\"197\" height=\"133\" alt=\"Etiqueta com o nome profissional com c\u00f3digo de Qr\" src=\"https:\/\/www.labeljoy.com\/wp-content\/plugins\/sterling-shortcodes\/\/timthumb\/timthumb.php?src=http:\/\/www.labeljoy.com\/label-templates\/name-tag\/nametag6s.jpg&#038;h=133&#038;w=197\"><\/a><\/div><\/div>\n<p style=\"text-align: center\"><a href=\"http:\/\/www.labeljoy.com\/label-templates\/name-tag\/nametag6.lpa\" class=\"small white tt-button\" target=\"_self\"> Download <\/a>\n<\/div>\n<div class=\"hr hr-dotted\">&nbsp;<\/div>\n<div class=\"one_half\">\n<p style=\"text-align: center\"><a href=\"\/pt-pt\/compra\/\" class=\"large blue tt-button\" target=\"\"> Comprar Software <\/a>\n<\/div>\n<div class=\"one_half\">\n<p style=\"text-align: center\"><a href=\"\/pt-pt\/download-pt\/\" class=\"large green tt-button\"> Download Gr\u00e1tis <\/a><\/p>\n<\/div>\n","protected":false},"excerpt":{"rendered":"<p>Modelos de Etiquetas de Nome Fa\u00e7a o Download do modelo de Crach\u00e1 de Nome e etiquetas de nome personalizadas Fa\u00e7a uma grande primeira impress\u00e3o com os nossos Modelos de Etiquetas de Nome Pode fazer o Download, e personalizar as etiquetas de nome\u00a0para uma reuni\u00e3o, confer\u00eancia, ou festa. Por exemplo o professor pode imprimir de forma &#8230; <a title=\"Etiquetas de nome\" class=\"read-more\" href=\"https:\/\/www.labeljoy.com\/pt-pt\/modelos\/crachas-com-nome\/\" aria-label=\"Leia mais sobre Etiquetas de nome\">Read more<\/a><\/p>\n","protected":false},"author":1,"featured_media":0,"parent":3391,"menu_order":0,"comment_status":"open","ping_status":"closed","template":"page-template-left-sidebar.php","meta":{"inline_featured_image":false,"_monsterinsights_skip_tracking":false,"_monsterinsights_sitenote_active":false,"_monsterinsights_sitenote_note":"","_monsterinsights_sitenote_category":0,"footnotes":""},"class_list":{"0":"post-3407","1":"page","2":"type-page","3":"status-publish","5":"infinite-scroll-item"},"aioseo_notices":[],"_links":{"self":[{"href":"https:\/\/www.labeljoy.com\/pt-pt\/wp-json\/wp\/v2\/pages\/3407","targetHints":{"allow":["GET"]}}],"collection":[{"href":"https:\/\/www.labeljoy.com\/pt-pt\/wp-json\/wp\/v2\/pages"}],"about":[{"href":"https:\/\/www.labeljoy.com\/pt-pt\/wp-json\/wp\/v2\/types\/page"}],"author":[{"embeddable":true,"href":"https:\/\/www.labeljoy.com\/pt-pt\/wp-json\/wp\/v2\/users\/1"}],"replies":[{"embeddable":true,"href":"https:\/\/www.labeljoy.com\/pt-pt\/wp-json\/wp\/v2\/comments?post=3407"}],"version-history":[{"count":22,"href":"https:\/\/www.labeljoy.com\/pt-pt\/wp-json\/wp\/v2\/pages\/3407\/revisions"}],"predecessor-version":[{"id":35122,"href":"https:\/\/www.labeljoy.com\/pt-pt\/wp-json\/wp\/v2\/pages\/3407\/revisions\/35122"}],"up":[{"embeddable":true,"href":"https:\/\/www.labeljoy.com\/pt-pt\/wp-json\/wp\/v2\/pages\/3391"}],"wp:attachment":[{"href":"https:\/\/www.labeljoy.com\/pt-pt\/wp-json\/wp\/v2\/media?parent=3407"}],"curies":[{"name":"wp","href":"https:\/\/api.w.org\/{rel}","templated":true}]}}