{"id":3408,"date":"2012-07-18T09:07:36","date_gmt":"2012-07-18T09:07:36","guid":{"rendered":"http:\/\/www.labeljoy.com\/templates\/custom-cards\/"},"modified":"2020-12-31T15:10:00","modified_gmt":"2020-12-31T15:10:00","slug":"cartoes","status":"publish","type":"page","link":"https:\/\/www.labeljoy.com\/pt-pt\/modelos\/cartoes\/","title":{"rendered":"Cart\u00f5es"},"content":{"rendered":"<h1>Imprimir Cart\u00f5es Personalizados<\/h1>\n<h2>Crie etiquetas de cart\u00f5es fant\u00e1sticas em apenas uns momentos<\/h2>\n<p><strong>Criar cart\u00f5es personalizados <\/strong>com Labeljoy \u00e9 extremamente f\u00e1cil. Em apenas alguns cliques, pode <a title=\"tutorial software\" href=\"http:\/\/www.labeljoy.com\/pt-pt\/video-soporte\/apresentacao-software\/\">adicionar texto, imagens, fotos<\/a>, QRCodes, aplicar efeitos que trazem \u00e0 mente mem\u00f3rias e escrever texto para comunica\u00e7\u00e3o feita \u00e0 medida.<br \/>\nPode personalizar o fundo, escolher o seu tipo de estilo e tamanho de fonte, e<strong>\u00a0<\/strong><strong>imprimir os seus cart\u00f5es personalizados <\/strong>em poucos minutos utilizando qualquer tipo de impressora: jato de tinta, laser ou rolo.<\/p>\n<h3>Cart\u00f5es Impressos a alta qualidade em casa<\/h3>\n<p>Voc\u00ea tem a ferramenta para<strong> <\/strong><strong>criar cart\u00f5es personalizados <\/strong>para quase todas as f\u00e9rias ou ocasi\u00f5es especiais e imprimir a sua obra-prima a partir de casa.<br \/>\nLabeljoy torna t\u00e3o f\u00e1cil a impress\u00e3o de cat\u00f5es com qualidade profissional,\u00a0<em>os seus pr\u00f3prios cart\u00f5es<\/em>!<\/p>\n<div class=\"one_third\"> <div class=\"img-frame full-fourth\"><div class=\"lightbox-zoom\"><a title=\"Cart\u00e3o personalizado Mundo\" href=\"http:\/\/www.labeljoy.com\/label-templates\/card\/card1b.jpg\" data-gal=\"prettyPhoto[Cartao]\" class=\"hover-item\"><img decoding=\"async\" width=\"197\" height=\"133\" alt=\"Cart\u00e3o personalizado Mundo\" src=\"https:\/\/www.labeljoy.com\/wp-content\/plugins\/sterling-shortcodes\/\/timthumb\/timthumb.php?src=http:\/\/www.labeljoy.com\/label-templates\/card\/card1s.jpg&#038;h=133&#038;w=197\"><\/a><\/div><\/div>\n<p style=\"text-align: center\"><a href=\"http:\/\/www.labeljoy.com\/label-templates\/card\/card1.lpa\" class=\"small white tt-button\" target=\"_self\"> Download <\/a>\n<\/div>\n<div class=\"one_third\"> <div class=\"img-frame full-fourth\"><div class=\"lightbox-zoom\"><a title=\"Beijos Cart\u00e3o\" href=\"http:\/\/www.labeljoy.com\/label-templates\/card\/card2b.jpg\" data-gal=\"prettyPhoto[Cartao]\" class=\"hover-item\"><img decoding=\"async\" width=\"197\" height=\"133\" alt=\"Beijos Cart\u00e3o\" src=\"https:\/\/www.labeljoy.com\/wp-content\/plugins\/sterling-shortcodes\/\/timthumb\/timthumb.php?src=http:\/\/www.labeljoy.com\/label-templates\/card\/card2s.jpg&#038;h=133&#038;w=197\"><\/a><\/div><\/div>\n<p style=\"text-align: center\"><a href=\"http:\/\/www.labeljoy.com\/label-templates\/card\/card2.lpa\" class=\"small white tt-button\" target=\"_self\"> Download <\/a>\n<\/div>\n<div class=\"one_third\"> <div class=\"img-frame full-fourth\"><div class=\"lightbox-zoom\"><a title=\"Qr code card\" href=\"http:\/\/www.labeljoy.com\/label-templates\/card\/card3b.jpg\" data-gal=\"prettyPhoto[Cartao]\" class=\"hover-item\"><img decoding=\"async\" width=\"197\" height=\"133\" alt=\"Qr code card\" src=\"https:\/\/www.labeljoy.com\/wp-content\/plugins\/sterling-shortcodes\/\/timthumb\/timthumb.php?src=http:\/\/www.labeljoy.com\/label-templates\/card\/card3s.jpg&#038;h=133&#038;w=197\"><\/a><\/div><\/div>\n<p style=\"text-align: center\"><a href=\"http:\/\/www.labeljoy.com\/label-templates\/card\/card3.lpa\" class=\"small white tt-button\" target=\"_self\"> Download <\/a>\n<\/div>\n<div class=\"hr hr-dotted\">&nbsp;<\/div>\n<div class=\"one_third\"> <div class=\"img-frame full-fourth\"><div class=\"lightbox-zoom\"><a title=\"Modelo de cart\u00e3o personalizado\" href=\"http:\/\/www.labeljoy.com\/label-templates\/card\/card4b.jpg\" data-gal=\"prettyPhoto[Cartao]\" class=\"hover-item\"><img decoding=\"async\" width=\"197\" height=\"133\" alt=\"Modelo de cart\u00e3o personalizado\" src=\"https:\/\/www.labeljoy.com\/wp-content\/plugins\/sterling-shortcodes\/\/timthumb\/timthumb.php?src=http:\/\/www.labeljoy.com\/label-templates\/card\/card4s.jpg&#038;h=133&#038;w=197\"><\/a><\/div><\/div>\n<p style=\"text-align: center\"><a href=\"http:\/\/www.labeljoy.com\/label-templates\/card\/card4.lpa\" class=\"small white tt-button\" target=\"_self\"> Download <\/a>\n<\/div>\n<div class=\"one_third\"> <div class=\"img-frame full-fourth\"><div class=\"lightbox-zoom\"><a title=\"Printable cart\u00f5es personalizados\" href=\"http:\/\/www.labeljoy.com\/label-templates\/card\/card5b.jpg\" data-gal=\"prettyPhoto[Cartao]\" class=\"hover-item\"><img decoding=\"async\" width=\"197\" height=\"133\" alt=\"Printable cart\u00f5es personalizados\" src=\"https:\/\/www.labeljoy.com\/wp-content\/plugins\/sterling-shortcodes\/\/timthumb\/timthumb.php?src=http:\/\/www.labeljoy.com\/label-templates\/card\/card5s.jpg&#038;h=133&#038;w=197\"><\/a><\/div><\/div>\n<p style=\"text-align: center\"><a href=\"http:\/\/www.labeljoy.com\/label-templates\/card\/card5.lpa\" class=\"small white tt-button\" target=\"_self\"> Download <\/a>\n<\/div>\n<div class=\"one_third\"> <div class=\"img-frame full-fourth\"><div class=\"lightbox-zoom\"><a title=\"cart\u00f5es para impress\u00e3o\" href=\"http:\/\/www.labeljoy.com\/label-templates\/card\/card6b.jpg\" data-gal=\"prettyPhoto[Cartao]\" class=\"hover-item\"><img decoding=\"async\" width=\"197\" height=\"133\" alt=\"cart\u00f5es para impress\u00e3o\" src=\"https:\/\/www.labeljoy.com\/wp-content\/plugins\/sterling-shortcodes\/\/timthumb\/timthumb.php?src=http:\/\/www.labeljoy.com\/label-templates\/card\/card6s.jpg&#038;h=133&#038;w=197\"><\/a><\/div><\/div>\n<p style=\"text-align: center\"><a href=\"http:\/\/www.labeljoy.com\/label-templates\/card\/card6.lpa\" class=\"small white tt-button\" target=\"_self\"> Download <\/a>\n<\/div>\n<div class=\"hr hr-dotted\">&nbsp;<\/div>\n<div class=\"one_half\">\n<p style=\"text-align: center\"><a href=\"\/pt-pt\/compra\/\" class=\"large blue tt-button\" target=\"\"> Comprar Software <\/a>\n<\/div>\n<div class=\"one_half\">\n<p style=\"text-align: center\"><a href=\"\/pt-pt\/download-pt\/\" class=\"large green tt-button\"> Download Gr\u00e1tis <\/a><\/p>\n<\/div>\n","protected":false},"excerpt":{"rendered":"<p>Imprimir Cart\u00f5es Personalizados Crie etiquetas de cart\u00f5es fant\u00e1sticas em apenas uns momentos Criar cart\u00f5es personalizados com Labeljoy \u00e9 extremamente f\u00e1cil. Em apenas alguns cliques, pode adicionar texto, imagens, fotos, QRCodes, aplicar efeitos que trazem \u00e0 mente mem\u00f3rias e escrever texto para comunica\u00e7\u00e3o feita \u00e0 medida. Pode personalizar o fundo, escolher o seu tipo de estilo &#8230; <a title=\"Cart\u00f5es\" class=\"read-more\" href=\"https:\/\/www.labeljoy.com\/pt-pt\/modelos\/cartoes\/\" aria-label=\"Leia mais sobre Cart\u00f5es\">Read more<\/a><\/p>\n","protected":false},"author":1,"featured_media":0,"parent":3391,"menu_order":0,"comment_status":"open","ping_status":"closed","template":"page-template-left-sidebar.php","meta":{"inline_featured_image":false,"_monsterinsights_skip_tracking":false,"_monsterinsights_sitenote_active":false,"_monsterinsights_sitenote_note":"","_monsterinsights_sitenote_category":0,"footnotes":""},"class_list":{"0":"post-3408","1":"page","2":"type-page","3":"status-publish","5":"infinite-scroll-item"},"aioseo_notices":[],"_links":{"self":[{"href":"https:\/\/www.labeljoy.com\/pt-pt\/wp-json\/wp\/v2\/pages\/3408","targetHints":{"allow":["GET"]}}],"collection":[{"href":"https:\/\/www.labeljoy.com\/pt-pt\/wp-json\/wp\/v2\/pages"}],"about":[{"href":"https:\/\/www.labeljoy.com\/pt-pt\/wp-json\/wp\/v2\/types\/page"}],"author":[{"embeddable":true,"href":"https:\/\/www.labeljoy.com\/pt-pt\/wp-json\/wp\/v2\/users\/1"}],"replies":[{"embeddable":true,"href":"https:\/\/www.labeljoy.com\/pt-pt\/wp-json\/wp\/v2\/comments?post=3408"}],"version-history":[{"count":20,"href":"https:\/\/www.labeljoy.com\/pt-pt\/wp-json\/wp\/v2\/pages\/3408\/revisions"}],"predecessor-version":[{"id":18247,"href":"https:\/\/www.labeljoy.com\/pt-pt\/wp-json\/wp\/v2\/pages\/3408\/revisions\/18247"}],"up":[{"embeddable":true,"href":"https:\/\/www.labeljoy.com\/pt-pt\/wp-json\/wp\/v2\/pages\/3391"}],"wp:attachment":[{"href":"https:\/\/www.labeljoy.com\/pt-pt\/wp-json\/wp\/v2\/media?parent=3408"}],"curies":[{"name":"wp","href":"https:\/\/api.w.org\/{rel}","templated":true}]}}