{"id":3409,"date":"2012-07-18T09:07:02","date_gmt":"2012-07-18T09:07:02","guid":{"rendered":"http:\/\/www.labeljoy.com\/templates\/business-card-template\/"},"modified":"2021-01-04T14:36:14","modified_gmt":"2021-01-04T14:36:14","slug":"cartoes-de-visita","status":"publish","type":"page","link":"https:\/\/www.labeljoy.com\/pt-pt\/modelos\/cartoes-de-visita\/","title":{"rendered":"Cart\u00e3o de Visita"},"content":{"rendered":"<h1>Modelos de Cart\u00f5es de Visita<\/h1>\n<h2>Crie os seus pr\u00f3prios cart\u00f5es de visita<\/h2>\n<p>Escolha um\u00a0<strong>modelo de cart\u00e3o de visita<\/strong>\u00a0abaixo para come\u00e7ar a fazer os seus cart\u00f5es de visita gr\u00e1tis para imprimir. Depois de fazer o download do modelo do cart\u00e3o de visitas, vai ser capaz de criar e <em>personalizar o seu pr\u00f3prio cart\u00e3o<\/em> e imprim\u00ed-lo usando uma impressora normal de jato de tinta, laser ou\u00a0<a title=\"rollo impresora - video tutorial\" href=\"http:\/\/www.labeljoy.com\/pt-pt\/video-soporte\/usar-impressora-de-rolo\/\">rollo<\/a>.<\/p>\n<h3>Fa\u00e7a o Download de Modelos de Cart\u00f5es de Visita Gr\u00e1tis<\/h3>\n<p>Comece o seu design com modelos de utiliza\u00e7\u00e3o f\u00e1cil dispon\u00edveis para download para o Labeljoy. Personalize o seu modelo adicionando logotipos, textos,\u00a0<a title=\"gerar c\u00f3digos de barras - video tutorial\" href=\"http:\/\/www.labeljoy.com\/pt-pt\/video-soporte\/gerar-codigos-barras-QRcode\/\">c\u00f3digos de barras<\/a>\u00a0ou endere\u00e7os de\u00a0<a title=\"fontes de dados externas - video tutorial\" href=\"http:\/\/www.labeljoy.com\/pt-pt\/video-soporte\/conectar-dados-externos\/\">fontes de dados externas<\/a>.<\/p>\n<h3>Desenhe o seu Cart\u00e3o de Visitas<\/h3>\n<p>Crie o seu pr\u00f3prio cart\u00e3o de visitas personalizado em apenas alguns minutos com a interface WYSIWYG do Labeljoy. <a title=\"crie proprios cartoes visita - guia\" href=\"http:\/\/www.labeljoy.com\/pt-pt\/suporte\/como-fazer\/como-crie-proprios-cartoes-visita\/\">Ler Tutorial<\/a><\/p>\n<div class=\"one_third\"> <div class=\"img-frame full-fourth\"><div class=\"lightbox-zoom\"><a title=\"Cart\u00e3o de visita com QR Code\" href=\"http:\/\/www.labeljoy.com\/label-templates\/business-card\/businesscard2b.jpg\" data-gal=\"prettyPhoto[Cartao-visita]\" class=\"hover-item\"><img decoding=\"async\" width=\"197\" height=\"133\" alt=\"Cart\u00e3o de visita com QR Code\" src=\"https:\/\/www.labeljoy.com\/wp-content\/plugins\/sterling-shortcodes\/\/timthumb\/timthumb.php?src=http:\/\/www.labeljoy.com\/label-templates\/business-card\/businesscard2s.jpg&#038;h=133&#038;w=197\"><\/a><\/div><\/div>\n<p style=\"text-align: center\"><a href=\"http:\/\/www.labeljoy.com\/label-templates\/business-card\/businesscard2.lpa\" class=\"small white tt-button\" target=\"_self\"> Download <\/a>\n<\/div>\n<div class=\"one_third\"> <div class=\"img-frame full-fourth\"><div class=\"lightbox-zoom\"><a title=\"Cart\u00e3o azul\" href=\"http:\/\/www.labeljoy.com\/label-templates\/business-card\/businesscard7b.jpg\" data-gal=\"prettyPhoto[Cartao-visita]\" class=\"hover-item\"><img decoding=\"async\" width=\"197\" height=\"133\" alt=\"Cart\u00e3o azul\" src=\"https:\/\/www.labeljoy.com\/wp-content\/plugins\/sterling-shortcodes\/\/timthumb\/timthumb.php?src=http:\/\/www.labeljoy.com\/label-templates\/business-card\/businesscard7s.jpg&#038;h=133&#038;w=197\"><\/a><\/div><\/div>\n<p style=\"text-align: center\"><a href=\"http:\/\/www.labeljoy.com\/label-templates\/business-card\/businesscard7.lpa\" class=\"small white tt-button\" target=\"_self\"> Download <\/a>\n<\/div>\n<div class=\"one_third\"> <div class=\"img-frame full-fourth\"><div class=\"lightbox-zoom\"><a title=\"Cart\u00e3o de visita Designer\" href=\"http:\/\/www.labeljoy.com\/label-templates\/business-card\/businesscard3b.jpg\" data-gal=\"prettyPhoto[Cartao-visita]\" class=\"hover-item\"><img decoding=\"async\" width=\"197\" height=\"133\" alt=\"Cart\u00e3o de visita Designer\" src=\"https:\/\/www.labeljoy.com\/wp-content\/plugins\/sterling-shortcodes\/\/timthumb\/timthumb.php?src=http:\/\/www.labeljoy.com\/label-templates\/business-card\/businesscard3s.jpg&#038;h=133&#038;w=197\"><\/a><\/div><\/div>\n<p style=\"text-align: center\"><a href=\"http:\/\/www.labeljoy.com\/label-templates\/business-card\/businesscard3.lpa\" class=\"small white tt-button\" target=\"_self\"> Download <\/a>\n<\/div>\n<div class=\"hr hr-dotted\">&nbsp;<\/div>\n<div class=\"one_third\"> <div class=\"img-frame full-fourth\"><div class=\"lightbox-zoom\"><a title=\"Cart\u00e3o profissional\" href=\"http:\/\/www.labeljoy.com\/label-templates\/business-card\/businesscard4b.jpg\" data-gal=\"prettyPhoto[Cartao-visita]\" class=\"hover-item\"><img decoding=\"async\" width=\"197\" height=\"133\" alt=\"Cart\u00e3o profissional\" src=\"https:\/\/www.labeljoy.com\/wp-content\/plugins\/sterling-shortcodes\/\/timthumb\/timthumb.php?src=http:\/\/www.labeljoy.com\/label-templates\/business-card\/businesscard4s.jpg&#038;h=133&#038;w=197\"><\/a><\/div><\/div>\n<p style=\"text-align: center\"><a href=\"http:\/\/www.labeljoy.com\/label-templates\/business-card\/businesscard4.lpa\" class=\"small white tt-button\" target=\"_self\"> Download <\/a>\n<\/div>\n<div class=\"one_third\"> <div class=\"img-frame full-fourth\"><div class=\"lightbox-zoom\"><a title=\"Molde do cart\u00e3o\" href=\"http:\/\/www.labeljoy.com\/label-templates\/business-card\/businesscard5b.jpg\" data-gal=\"prettyPhoto[Cartao-visita]\" class=\"hover-item\"><img decoding=\"async\" width=\"197\" height=\"133\" alt=\"Molde do cart\u00e3o\" src=\"https:\/\/www.labeljoy.com\/wp-content\/plugins\/sterling-shortcodes\/\/timthumb\/timthumb.php?src=http:\/\/www.labeljoy.com\/label-templates\/business-card\/businesscard5s.jpg&#038;h=133&#038;w=197\"><\/a><\/div><\/div>\n<p style=\"text-align: center\"><a href=\"http:\/\/www.labeljoy.com\/label-templates\/business-card\/\/businesscard5.lpa\" class=\"small white tt-button\" target=\"_self\"> Download <\/a>\n<\/div>\n<div class=\"one_third\"> <div class=\"img-frame full-fourth\"><div class=\"lightbox-zoom\"><a title=\"Restaurante cart\u00e3o de visita\" href=\"http:\/\/www.labeljoy.com\/label-templates\/business-card\/businesscard6b.jpg\" data-gal=\"prettyPhoto[Cartao-visita]\" class=\"hover-item\"><img decoding=\"async\" width=\"197\" height=\"133\" alt=\"Restaurante cart\u00e3o de visita\" src=\"https:\/\/www.labeljoy.com\/wp-content\/plugins\/sterling-shortcodes\/\/timthumb\/timthumb.php?src=http:\/\/www.labeljoy.com\/label-templates\/business-card\/businesscard6s.jpg&#038;h=133&#038;w=197\"><\/a><\/div><\/div>\n<p style=\"text-align: center\"><a href=\"http:\/\/www.labeljoy.com\/label-templates\/business-card\/businesscard6.lpa\" class=\"small white tt-button\" target=\"_self\"> Download <\/a>\n<\/div>\n<div class=\"hr hr-dotted\">&nbsp;<\/div>\n<div class=\"one_half\">\n<p style=\"text-align: center\"><a href=\"\/pt-pt\/compra\/\" class=\"large blue tt-button\" target=\"\"> Comprar Software <\/a>\n<\/div>\n<div class=\"one_half\">\n<p style=\"text-align: center\"><a class=\"large green tt-button\" href=\"\/pt-pt\/download-pt\/\"> Download Gr\u00e1tis <\/a><\/p>\n<\/div>\n","protected":false},"excerpt":{"rendered":"<p>Modelos de Cart\u00f5es de Visita Crie os seus pr\u00f3prios cart\u00f5es de visita Escolha um\u00a0modelo de cart\u00e3o de visita\u00a0abaixo para come\u00e7ar a fazer os seus cart\u00f5es de visita gr\u00e1tis para imprimir. Depois de fazer o download do modelo do cart\u00e3o de visitas, vai ser capaz de criar e personalizar o seu pr\u00f3prio cart\u00e3o e imprim\u00ed-lo usando &#8230; <a title=\"Cart\u00e3o de Visita\" class=\"read-more\" href=\"https:\/\/www.labeljoy.com\/pt-pt\/modelos\/cartoes-de-visita\/\" aria-label=\"Leia mais sobre Cart\u00e3o de Visita\">Read more<\/a><\/p>\n","protected":false},"author":1,"featured_media":0,"parent":3391,"menu_order":19,"comment_status":"open","ping_status":"closed","template":"page-template-left-sidebar.php","meta":{"inline_featured_image":false,"_monsterinsights_skip_tracking":false,"_monsterinsights_sitenote_active":false,"_monsterinsights_sitenote_note":"","_monsterinsights_sitenote_category":0,"footnotes":""},"class_list":{"0":"post-3409","1":"page","2":"type-page","3":"status-publish","5":"infinite-scroll-item"},"aioseo_notices":[],"_links":{"self":[{"href":"https:\/\/www.labeljoy.com\/pt-pt\/wp-json\/wp\/v2\/pages\/3409","targetHints":{"allow":["GET"]}}],"collection":[{"href":"https:\/\/www.labeljoy.com\/pt-pt\/wp-json\/wp\/v2\/pages"}],"about":[{"href":"https:\/\/www.labeljoy.com\/pt-pt\/wp-json\/wp\/v2\/types\/page"}],"author":[{"embeddable":true,"href":"https:\/\/www.labeljoy.com\/pt-pt\/wp-json\/wp\/v2\/users\/1"}],"replies":[{"embeddable":true,"href":"https:\/\/www.labeljoy.com\/pt-pt\/wp-json\/wp\/v2\/comments?post=3409"}],"version-history":[{"count":20,"href":"https:\/\/www.labeljoy.com\/pt-pt\/wp-json\/wp\/v2\/pages\/3409\/revisions"}],"predecessor-version":[{"id":35151,"href":"https:\/\/www.labeljoy.com\/pt-pt\/wp-json\/wp\/v2\/pages\/3409\/revisions\/35151"}],"up":[{"embeddable":true,"href":"https:\/\/www.labeljoy.com\/pt-pt\/wp-json\/wp\/v2\/pages\/3391"}],"wp:attachment":[{"href":"https:\/\/www.labeljoy.com\/pt-pt\/wp-json\/wp\/v2\/media?parent=3409"}],"curies":[{"name":"wp","href":"https:\/\/api.w.org\/{rel}","templated":true}]}}