{"id":3410,"date":"2012-07-18T09:04:50","date_gmt":"2012-07-18T09:04:50","guid":{"rendered":"http:\/\/www.labeljoy.com\/templates\/folder-label\/"},"modified":"2020-12-31T15:12:15","modified_gmt":"2020-12-31T15:12:15","slug":"etiquetas-pastas","status":"publish","type":"page","link":"https:\/\/www.labeljoy.com\/pt-pt\/modelos\/etiquetas-pastas\/","title":{"rendered":"Pastas"},"content":{"rendered":"<h1>Modelos de Etiquetas de pastas<\/h1>\n<h2>Crie facilmente Etiquetas de Pastas para manter o seu escrit\u00f3rio e casa organizados<\/h2>\n<p>Fa\u00e7a download do nosso\u00a0<strong>modelo de pastas<\/strong>\u00a0e crie e personalize\u00a0<strong>as suas pr\u00f3prias etiquetas,<\/strong> e imprima com uma impressora normal a laser, jato de tinta ou <a title=\"usar impresora rolo - video tutorial\" href=\"http:\/\/www.labeljoy.com\/pt-pt\/video-soporte\/usar-impressora-de-rolo\/\">rolo<\/a>.<\/p>\n<h3>Organize os seus documentos com um modelo de etiquetas para escrit\u00f3rio<\/h3>\n<p>Pode utilizar um\u00a0<strong>modelo de pasta<\/strong>\u00a0para imprimir etiquetas adesivas tamb\u00e9m. Depois de fazer o download de um modelo, pode modificar o\u00a0<a title=\"tamanho da etiqueta - video tutorial\" href=\"http:\/\/www.labeljoy.com\/pt-pt\/video-soporte\/gerir-layouts\/\">tamanho da etiqueta<\/a>\u00a0e personaliz\u00e1-la com logotipos, texto,\u00a0<a title=\"Qr Codes gerar - video tutorial\" href=\"http:\/\/www.labeljoy.com\/pt-pt\/video-soporte\/gerar-codigos-barras-QRcode\/\">Qr Codes<\/a>\u00a0(gerados automaticamente pelo Labeljoy).<\/p>\n<p>Se precisa de uma solu\u00e7\u00e3o para<em> <\/em><em>etiquetas de pastas<\/em>\u00a0n\u00e3o procure mais: \u00e9 poss\u00edvel personalizar todos estes modelos de etiquetas de pastas como preferir e imprimir em impressoras normais e no formato de folha A4.<\/p>\n<div class=\"one_third\"> <div class=\"img-frame full-fourth\"><div class=\"lightbox-zoom\"><a title=\"Etiquetas de pastas de arquivo simples\" href=\"http:\/\/www.labeljoy.com\/label-templates\/folder\/folder1b.jpg\" data-gal=\"prettyPhoto[pastas]\" class=\"hover-item\"><img decoding=\"async\" width=\"197\" height=\"133\" alt=\"Etiquetas de pastas de arquivo simples\" src=\"https:\/\/www.labeljoy.com\/wp-content\/plugins\/sterling-shortcodes\/\/timthumb\/timthumb.php?src=http:\/\/www.labeljoy.com\/label-templates\/folder\/folder1s.jpg&#038;h=133&#038;w=197\"><\/a><\/div><\/div>\n<p style=\"text-align: center\"><a href=\"http:\/\/www.labeljoy.com\/label-templates\/folder\/folder1.lpa\" class=\"small white tt-button\" target=\"_self\"> Download <\/a>\n<\/div>\n<div class=\"one_third\"> <div class=\"img-frame full-fourth\"><div class=\"lightbox-zoom\"><a title=\"Meses r\u00f3tulos\" href=\"http:\/\/www.labeljoy.com\/label-templates\/folder\/folder2b.jpg\" data-gal=\"prettyPhoto[pastas]\" class=\"hover-item\"><img decoding=\"async\" width=\"197\" height=\"133\" alt=\"Meses r\u00f3tulos\" src=\"https:\/\/www.labeljoy.com\/wp-content\/plugins\/sterling-shortcodes\/\/timthumb\/timthumb.php?src=http:\/\/www.labeljoy.com\/label-templates\/folder\/folder2s.jpg&#038;h=133&#038;w=197\"><\/a><\/div><\/div>\n<p style=\"text-align: center\"><a href=\"http:\/\/www.labeljoy.com\/label-templates\/folder\/folder2.lpa\" class=\"small white tt-button\" target=\"_self\"> Download <\/a>\n<\/div>\n<div class=\"one_third\"> <div class=\"img-frame full-fourth\"><div class=\"lightbox-zoom\"><a title=\"R\u00f3tulos organiza\u00e7\u00e3o de produtos\" href=\"http:\/\/www.labeljoy.com\/label-templates\/folder\/folder3b.jpg\" data-gal=\"prettyPhoto[pastas]\" class=\"hover-item\"><img decoding=\"async\" width=\"197\" height=\"133\" alt=\"R\u00f3tulos organiza\u00e7\u00e3o de produtos\" src=\"https:\/\/www.labeljoy.com\/wp-content\/plugins\/sterling-shortcodes\/\/timthumb\/timthumb.php?src=http:\/\/www.labeljoy.com\/label-templates\/folder\/folder3s.jpg&#038;h=133&#038;w=197\"><\/a><\/div><\/div>\n<p style=\"text-align: center\"><a href=\"http:\/\/www.labeljoy.com\/label-templates\/folder\/folder3.lpa\" class=\"small white tt-button\" target=\"_self\"> Download <\/a>\n<\/div>\n<div class=\"hr hr-dotted\">&nbsp;<\/div>\n<div class=\"one_half\">\n<p style=\"text-align: center\"><a href=\"\/pt-pt\/compra\/\" class=\"large blue tt-button\" target=\"\"> Comprar Software <\/a>\n<\/div>\n<div class=\"one_half\">\n<p style=\"text-align: center\"><a class=\"large green tt-button\" href=\"\/pt-pt\/download-pt\/\"> Download Gr\u00e1tis <\/a><\/p>\n<\/div>\n","protected":false},"excerpt":{"rendered":"<p>Modelos de Etiquetas de pastas Crie facilmente Etiquetas de Pastas para manter o seu escrit\u00f3rio e casa organizados Fa\u00e7a download do nosso\u00a0modelo de pastas\u00a0e crie e personalize\u00a0as suas pr\u00f3prias etiquetas, e imprima com uma impressora normal a laser, jato de tinta ou rolo. Organize os seus documentos com um modelo de etiquetas para escrit\u00f3rio Pode &#8230; <a title=\"Pastas\" class=\"read-more\" href=\"https:\/\/www.labeljoy.com\/pt-pt\/modelos\/etiquetas-pastas\/\" aria-label=\"Leia mais sobre Pastas\">Read more<\/a><\/p>\n","protected":false},"author":1,"featured_media":0,"parent":3391,"menu_order":0,"comment_status":"open","ping_status":"closed","template":"page-template-left-sidebar.php","meta":{"inline_featured_image":false,"_monsterinsights_skip_tracking":false,"_monsterinsights_sitenote_active":false,"_monsterinsights_sitenote_note":"","_monsterinsights_sitenote_category":0,"footnotes":""},"class_list":{"0":"post-3410","1":"page","2":"type-page","3":"status-publish","5":"infinite-scroll-item"},"aioseo_notices":[],"_links":{"self":[{"href":"https:\/\/www.labeljoy.com\/pt-pt\/wp-json\/wp\/v2\/pages\/3410","targetHints":{"allow":["GET"]}}],"collection":[{"href":"https:\/\/www.labeljoy.com\/pt-pt\/wp-json\/wp\/v2\/pages"}],"about":[{"href":"https:\/\/www.labeljoy.com\/pt-pt\/wp-json\/wp\/v2\/types\/page"}],"author":[{"embeddable":true,"href":"https:\/\/www.labeljoy.com\/pt-pt\/wp-json\/wp\/v2\/users\/1"}],"replies":[{"embeddable":true,"href":"https:\/\/www.labeljoy.com\/pt-pt\/wp-json\/wp\/v2\/comments?post=3410"}],"version-history":[{"count":25,"href":"https:\/\/www.labeljoy.com\/pt-pt\/wp-json\/wp\/v2\/pages\/3410\/revisions"}],"predecessor-version":[{"id":35121,"href":"https:\/\/www.labeljoy.com\/pt-pt\/wp-json\/wp\/v2\/pages\/3410\/revisions\/35121"}],"up":[{"embeddable":true,"href":"https:\/\/www.labeljoy.com\/pt-pt\/wp-json\/wp\/v2\/pages\/3391"}],"wp:attachment":[{"href":"https:\/\/www.labeljoy.com\/pt-pt\/wp-json\/wp\/v2\/media?parent=3410"}],"curies":[{"name":"wp","href":"https:\/\/api.w.org\/{rel}","templated":true}]}}