{"id":3411,"date":"2012-07-18T08:54:54","date_gmt":"2012-07-18T08:54:54","guid":{"rendered":"http:\/\/www.labeljoy.com\/templates\/shipping-label\/"},"modified":"2021-03-28T15:43:22","modified_gmt":"2021-03-28T15:43:22","slug":"etiquetas-envio","status":"publish","type":"page","link":"https:\/\/www.labeljoy.com\/pt-pt\/modelos\/etiquetas-envio\/","title":{"rendered":"Envio"},"content":{"rendered":"<h1>Modelo de Etiqueta de Envio<\/h1>\n<h2>Fa\u00e7a o Download e Personalize a sua pr\u00f3pria Etiqueta de Envio<\/h2>\n<p><strong>Uma etiqueta de envio<\/strong>\u00a0\u00e9 uma etiqueta curta anexada a itens de transporte, tais como um envelope ou um pacote. Esta etiqueta cont\u00e9m dados sobre o conte\u00fado, dados da empresa\u00a0 tais como o\u00a0<em>logotipo<\/em>,\u00a0<em>endere\u00e7o<\/em><em>\u00a0<\/em>e pode incluir\u00a0<a title=\"c\u00f3digo de barras guia\" href=\"http:\/\/www.labeljoy.com\/pt-pt\/suporte\/guia-codigo-de-barras\/\"><em>c\u00f3digo de barras<\/em><\/a>\u00a0e outros objectos impressos nela.<\/p>\n<p>Com Labeljoy pode gerar 21 diferentes tipos de simbologias de c\u00f3digo de barras incluindo\u00a0<a title=\"guia QR Code\" href=\"http:\/\/www.labeljoy.com\/pt-pt\/suporte\/guia-codigo-qr\/\">QR Codes<\/a>.<\/p>\n<p>A biblioteca do modelo da etiqueta permite-lhe\u00a0<strong>fazer o download de modelos de etiquetas de envio<\/strong>\u00a0para uma variedade de produtos tais como etiquetas de endere\u00e7os, etiquetas de correspond\u00eancia, etiquetas divis\u00f3ras entre outras.<\/p>\n<h3>Imprimir o seu modelo de etiqueta de envio<\/h3>\n<p>\u00c9 poss\u00edvel imprimir todos os modelos com a sua impressora a <em>laser<\/em>,\u00a0<em>impressora <\/em><em>a jato de tinta <\/em>ou impressora de\u00a0<em>Rolo<\/em>. \u00c9 simples: crie\u00a0<strong>etiquetas de envio personalizadas<\/strong>\u00a0com c\u00f3digos de barras utilizando modelos gr\u00e1tis do Labeljoy. Em seguida, imprima etiquetas profissionais da sua impressora. Agora n\u00e3o precisa de mais nada para ter o trabalho feito.<\/p>\n<h2>V\u00eddeo tutorial: como imprimir etiquetas com impressoras de rolo<\/h2>\n<p>Labeljoy permite-lhe imprimir em qualquer formato utilizando impressoras a jacto de tinta, laser ou de rolo. Siga o guia passo a passo.<br \/>\n\n<div class=\"youtube-embed\" itemprop=\"video\" itemscope itemtype=\"https:\/\/schema.org\/VideoObject\">\n\t<meta itemprop=\"url\" content=\"https:\/\/www.youtube.com\/v\/71DGDbm61oE\" \/>\n\t<meta itemprop=\"name\" content=\"Shipping Labels\" \/>\n\t<meta itemprop=\"description\" content=\"Shipping Labels\" \/>\n\t<meta itemprop=\"uploadDate\" content=\"2012-07-18T08:54:54+00:00\" \/>\n\t<meta itemprop=\"thumbnailUrl\" content=\"https:\/\/i.ytimg.com\/vi\/71DGDbm61oE\/default.jpg\" \/>\n\t<meta itemprop=\"embedUrl\" content=\"https:\/\/www.youtube.com\/embed\/71DGDbm61oE\" \/>\n\t<meta itemprop=\"height\" content=\"385\" \/>\n\t<meta itemprop=\"width\" content=\"640\" \/>\n\t<iframe style=\"border: 0;\" class=\"youtube-player\" width=\"640\" height=\"385\" src=\"https:\/\/www.youtube.com\/embed\/71DGDbm61oE?modestbranding=1&fs=0&rel=0&loop=1&color=white&playlist=71DGDbm61oE\"><\/iframe>\n<\/div>\n\n<div class=\"one_third\"> <div class=\"img-frame full-fourth\"><div class=\"lightbox-zoom\"><a title=\"Etiqueta de envio Fr\u00e1gil\" href=\"http:\/\/www.labeljoy.com\/label-templates\/shipping\/shipping1b.jpg\" data-gal=\"prettyPhoto[envio]\" class=\"hover-item\"><img decoding=\"async\" width=\"197\" height=\"133\" alt=\"Etiqueta de envio Fr\u00e1gil\" src=\"https:\/\/www.labeljoy.com\/wp-content\/plugins\/sterling-shortcodes\/\/timthumb\/timthumb.php?src=http:\/\/www.labeljoy.com\/label-templates\/shipping\/shipping1s.jpg&#038;h=133&#038;w=197\"><\/a><\/div><\/div>\n<p style=\"text-align: center\"><a href=\"http:\/\/www.labeljoy.com\/label-templates\/shipping\/shipping1.lpa\" class=\"small white tt-button\" target=\"_self\"> Download <\/a>\n<\/div>\n<div class=\"one_third\"> <div class=\"img-frame full-fourth\"><div class=\"lightbox-zoom\"><a title=\"Etiqueta de alerta para o transporte\" href=\"http:\/\/www.labeljoy.com\/label-templates\/shipping\/shipping2b.jpg\" data-gal=\"prettyPhoto[envio]\" class=\"hover-item\"><img decoding=\"async\" width=\"197\" height=\"133\" alt=\"Etiqueta de alerta para o transporte\" src=\"https:\/\/www.labeljoy.com\/wp-content\/plugins\/sterling-shortcodes\/\/timthumb\/timthumb.php?src=http:\/\/www.labeljoy.com\/label-templates\/shipping\/shipping2s.jpg&#038;h=133&#038;w=197\"><\/a><\/div><\/div>\n<p style=\"text-align: center\"><a href=\"http:\/\/www.labeljoy.com\/label-templates\/shipping\/shipping2.lpa\" class=\"small white tt-button\" target=\"_self\"> Download <\/a>\n<p>&nbsp;<\/p>\n<\/div>\n<div class=\"one_third\"> <div class=\"img-frame full-fourth\"><div class=\"lightbox-zoom\"><a title=\"Informa\u00e7\u00f5es de envio\" href=\"http:\/\/www.labeljoy.com\/label-templates\/shipping\/shipping3b.jpg\" data-gal=\"prettyPhoto[envio]\" class=\"hover-item\"><img decoding=\"async\" width=\"197\" height=\"133\" alt=\"Informa\u00e7\u00f5es de envio\" src=\"https:\/\/www.labeljoy.com\/wp-content\/plugins\/sterling-shortcodes\/\/timthumb\/timthumb.php?src=http:\/\/www.labeljoy.com\/label-templates\/shipping\/shipping3s.jpg&#038;h=133&#038;w=197\"><\/a><\/div><\/div>\n<p style=\"text-align: center\"><a href=\"http:\/\/www.labeljoy.com\/label-templates\/shipping\/shipping3.lpa\" class=\"small white tt-button\" target=\"_self\"> Download <\/a>\n<p>&nbsp;<\/p>\n<\/div>\n<div class=\"hr hr-dotted\">&nbsp;<\/div>\n<div class=\"one_third\"> <div class=\"img-frame full-fourth\"><div class=\"lightbox-zoom\"><a title=\"Etiquetas de perigo para as transfer\u00eancias\" href=\"http:\/\/www.labeljoy.com\/label-templates\/shipping\/shipping4b.jpg\" data-gal=\"prettyPhoto[envio]\" class=\"hover-item\"><img decoding=\"async\" width=\"197\" height=\"133\" alt=\"Etiquetas de perigo para as transfer\u00eancias\" src=\"https:\/\/www.labeljoy.com\/wp-content\/plugins\/sterling-shortcodes\/\/timthumb\/timthumb.php?src=http:\/\/www.labeljoy.com\/label-templates\/shipping\/shipping4s.jpg&#038;h=133&#038;w=197\"><\/a><\/div><\/div>\n<p style=\"text-align: center\"><a href=\"http:\/\/www.labeljoy.com\/label-templates\/shipping\/shipping4.lpa\" class=\"small white tt-button\" target=\"_self\"> Download <\/a>\n<p>&nbsp;<\/p>\n<\/div>\n<div class=\"one_third\"> <div class=\"img-frame full-fourth\"><div class=\"lightbox-zoom\"><a title=\"Embarques Naval r\u00f3tulos\" href=\"http:\/\/www.labeljoy.com\/label-templates\/shipping\/shipping5b.jpg\" data-gal=\"prettyPhoto[envio]\" class=\"hover-item\"><img decoding=\"async\" width=\"197\" height=\"133\" alt=\"Embarques Naval r\u00f3tulos\" src=\"https:\/\/www.labeljoy.com\/wp-content\/plugins\/sterling-shortcodes\/\/timthumb\/timthumb.php?src=http:\/\/www.labeljoy.com\/label-templates\/shipping\/shipping5s.jpg&#038;h=133&#038;w=197\"><\/a><\/div><\/div>\n<p style=\"text-align: center\"><a href=\"http:\/\/www.labeljoy.com\/label-templates\/shipping\/shipping5.lpa\" class=\"small white tt-button\" target=\"_self\"> Download <\/a>\n<\/div>\n<div class=\"one_third\"> <div class=\"img-frame full-fourth\"><div class=\"lightbox-zoom\"><a title=\"etiqueta de envio com c\u00f3digo de barras\" href=\"http:\/\/www.labeljoy.com\/label-templates\/shipping\/shipping6b.jpg\" data-gal=\"prettyPhoto[envio]\" class=\"hover-item\"><img decoding=\"async\" width=\"197\" height=\"133\" alt=\"etiqueta de envio com c\u00f3digo de barras\" src=\"https:\/\/www.labeljoy.com\/wp-content\/plugins\/sterling-shortcodes\/\/timthumb\/timthumb.php?src=http:\/\/www.labeljoy.com\/label-templates\/shipping\/shipping6s.jpg&#038;h=133&#038;w=197\"><\/a><\/div><\/div>\n<p style=\"text-align: center\"><a href=\"http:\/\/www.labeljoy.com\/label-templates\/shipping\/shipping6.lpa\" class=\"small white tt-button\" target=\"_self\"> Download <\/a>\n<\/div>\n<div class=\"hr hr-dotted\">&nbsp;<\/div>\n<div class=\"one_half\">\n<p style=\"text-align: center\"><a href=\"\/pt-pt\/compra\/\" class=\"large blue tt-button\" target=\"\"> Comprar Software <\/a>\n<\/div>\n<div class=\"one_half\">\n<p style=\"text-align: center\"><a href=\"\/pt-pt\/download-pt\/\" class=\"large green tt-button\"> Download Gr\u00e1tis <\/a><\/p>\n<\/div>\n","protected":false},"excerpt":{"rendered":"<p>Modelo de Etiqueta de Envio Fa\u00e7a o Download e Personalize a sua pr\u00f3pria Etiqueta de Envio Uma etiqueta de envio\u00a0\u00e9 uma etiqueta curta anexada a itens de transporte, tais como um envelope ou um pacote. Esta etiqueta cont\u00e9m dados sobre o conte\u00fado, dados da empresa\u00a0 tais como o\u00a0logotipo,\u00a0endere\u00e7o\u00a0e pode incluir\u00a0c\u00f3digo de barras\u00a0e outros objectos impressos &#8230; <a title=\"Envio\" class=\"read-more\" href=\"https:\/\/www.labeljoy.com\/pt-pt\/modelos\/etiquetas-envio\/\" aria-label=\"Leia mais sobre Envio\">Read more<\/a><\/p>\n","protected":false},"author":1,"featured_media":0,"parent":3391,"menu_order":0,"comment_status":"open","ping_status":"closed","template":"page-template-left-sidebar.php","meta":{"inline_featured_image":false,"_monsterinsights_skip_tracking":false,"_monsterinsights_sitenote_active":false,"_monsterinsights_sitenote_note":"","_monsterinsights_sitenote_category":0,"footnotes":""},"class_list":{"0":"post-3411","1":"page","2":"type-page","3":"status-publish","5":"infinite-scroll-item"},"aioseo_notices":[],"_links":{"self":[{"href":"https:\/\/www.labeljoy.com\/pt-pt\/wp-json\/wp\/v2\/pages\/3411","targetHints":{"allow":["GET"]}}],"collection":[{"href":"https:\/\/www.labeljoy.com\/pt-pt\/wp-json\/wp\/v2\/pages"}],"about":[{"href":"https:\/\/www.labeljoy.com\/pt-pt\/wp-json\/wp\/v2\/types\/page"}],"author":[{"embeddable":true,"href":"https:\/\/www.labeljoy.com\/pt-pt\/wp-json\/wp\/v2\/users\/1"}],"replies":[{"embeddable":true,"href":"https:\/\/www.labeljoy.com\/pt-pt\/wp-json\/wp\/v2\/comments?post=3411"}],"version-history":[{"count":25,"href":"https:\/\/www.labeljoy.com\/pt-pt\/wp-json\/wp\/v2\/pages\/3411\/revisions"}],"predecessor-version":[{"id":35521,"href":"https:\/\/www.labeljoy.com\/pt-pt\/wp-json\/wp\/v2\/pages\/3411\/revisions\/35521"}],"up":[{"embeddable":true,"href":"https:\/\/www.labeljoy.com\/pt-pt\/wp-json\/wp\/v2\/pages\/3391"}],"wp:attachment":[{"href":"https:\/\/www.labeljoy.com\/pt-pt\/wp-json\/wp\/v2\/media?parent=3411"}],"curies":[{"name":"wp","href":"https:\/\/api.w.org\/{rel}","templated":true}]}}