{"id":3412,"date":"2012-07-18T08:54:19","date_gmt":"2012-07-18T08:54:19","guid":{"rendered":"http:\/\/www.labeljoy.com\/templates\/return-label\/"},"modified":"2021-01-04T13:59:34","modified_gmt":"2021-01-04T13:59:34","slug":"etiquetas-devolucao","status":"publish","type":"page","link":"https:\/\/www.labeljoy.com\/pt-pt\/modelos\/etiquetas-devolucao\/","title":{"rendered":"Etiquetas do Remetente"},"content":{"rendered":"<h1>Modelos de Etiquetas do Remetente<\/h1>\n<h2>Personalize e imprima etiquetas de endere\u00e7os rejeitados<\/h2>\n<p>Personalize as suas\u00a0<strong>etiquetas de ender\u00e7os rejeitados<\/strong>, \u00e0s vezes, detalhes fazem a diferen\u00e7a.<\/p>\n<p>Fa\u00e7a o download da nossa\u00a0<strong>etiqueta de endere\u00e7os<\/strong>\u00a0e use-a sempre\u00a0 que enviar artigos de papelaria da casa da sua fam\u00edlia ou o seu neg\u00f3cio,\u00a0<em>etiquetas de endere\u00e7os<\/em>\u00a0vai ajudar a adicionar personalidade aos envelopes.<\/p>\n<p>Utilize a impressora a jato de tinta ou\u00a0<a title=\"impresora de rolo - video tutorial\" href=\"http:\/\/www.labeljoy.com\/pt-pt\/video-soporte\/usar-impressora-de-rolo\/\">de rolo<\/a>\u00a0adicione o seu logotipo, o seu endere\u00e7o ou uma imagem divertida e consiga uma etiqueta de endere\u00e7os autocolantes \u00fanicos e personalizados.<\/p>\n<p>Para\u00a0<em>personalizar suas etiquetas <\/em><em>devolvidas <\/em><em>\u00a0<\/em>pode importar endere\u00e7os de\u00a0<a title=\"bases de dados externas\" href=\"http:\/\/www.labeljoy.com\/pt-pt\/video-soporte\/conectar-dados-externos\/\">bases de dados externas<\/a>\u00a0tais como\u00a0<a title=\"Excel video tutorial\" href=\"http:\/\/www.labeljoy.com\/pt-pt\/video-soporte\/carregar-informacoes-do-excel\/\">Excel<\/a>, SQL Server, Outlook, ficheiros txt, e em diante.<\/p>\n<div class=\"one_third\"> <div class=\"img-frame full-fourth\"><div class=\"lightbox-zoom\"><a title=\"Retorne a etiqueta de endere\u00e7o\" href=\"http:\/\/www.labeljoy.com\/label-templates\/return\/return1b.jpg\" data-gal=\"prettyPhoto[Devolucao]\" class=\"hover-item\"><img decoding=\"async\" width=\"197\" height=\"133\" alt=\"Retorne a etiqueta de endere\u00e7o\" src=\"https:\/\/www.labeljoy.com\/wp-content\/plugins\/sterling-shortcodes\/\/timthumb\/timthumb.php?src=http:\/\/www.labeljoy.com\/label-templates\/return\/return1s.jpg&#038;h=133&#038;w=197\"><\/a><\/div><\/div>\n<p style=\"text-align: center\"><a href=\"http:\/\/www.labeljoy.com\/label-templates\/return\/return1.lpa\" class=\"small white tt-button\" target=\"_self\"> Download <\/a>\n<\/div>\n<div class=\"one_third\"> <div class=\"img-frame full-fourth\"><div class=\"lightbox-zoom\"><a title=\"Etiquetas de endere\u00e7o de retorno simples\" href=\"http:\/\/www.labeljoy.com\/label-templates\/return\/return2b.jpg\" data-gal=\"prettyPhoto[Devolucao]\" class=\"hover-item\"><img decoding=\"async\" width=\"197\" height=\"133\" alt=\"Etiquetas de endere\u00e7o de retorno simples\" src=\"https:\/\/www.labeljoy.com\/wp-content\/plugins\/sterling-shortcodes\/\/timthumb\/timthumb.php?src=http:\/\/www.labeljoy.com\/label-templates\/return\/return2s.jpg&#038;h=133&#038;w=197\"><\/a><\/div><\/div>\n<p style=\"text-align: center\"><a href=\"http:\/\/www.labeljoy.com\/label-templates\/return\/return2.lpa\" class=\"small white tt-button\" target=\"_self\"> Download <\/a>\n<\/div>\n<div class=\"one_third\"> <div class=\"img-frame full-fourth\"><div class=\"lightbox-zoom\"><a title=\"Etiqueta de endere\u00e7o com o logotipo\" href=\"http:\/\/www.labeljoy.com\/label-templates\/return\/return3b.jpg\" data-gal=\"prettyPhoto[Devolucao]\" class=\"hover-item\"><img decoding=\"async\" width=\"197\" height=\"133\" alt=\"Etiqueta de endere\u00e7o com o logotipo\" src=\"https:\/\/www.labeljoy.com\/wp-content\/plugins\/sterling-shortcodes\/\/timthumb\/timthumb.php?src=http:\/\/www.labeljoy.com\/label-templates\/return\/return3s.jpg&#038;h=133&#038;w=197\"><\/a><\/div><\/div>\n<p style=\"text-align: center\"><a href=\"http:\/\/www.labeljoy.com\/label-templates\/return\/return3.lpa\" class=\"small white tt-button\" target=\"_self\"> Download <\/a>\n<\/div>\n<div class=\"hr hr-dotted\">&nbsp;<\/div>\n<div class=\"one_half\">\n<p style=\"text-align: center\"><a href=\"\/pt-pt\/compra\/\" class=\"large blue tt-button\" target=\"\"> Comprar Software <\/a>\n<\/div>\n<div class=\"one_half\">\n<p style=\"text-align: center\"><a class=\"large green tt-button\" href=\"\/pt-pt\/download-pt\/\"> Download Gr\u00e1tis <\/a><\/p>\n<\/div>\n","protected":false},"excerpt":{"rendered":"<p>Modelos de Etiquetas do Remetente Personalize e imprima etiquetas de endere\u00e7os rejeitados Personalize as suas\u00a0etiquetas de ender\u00e7os rejeitados, \u00e0s vezes, detalhes fazem a diferen\u00e7a. Fa\u00e7a o download da nossa\u00a0etiqueta de endere\u00e7os\u00a0e use-a sempre\u00a0 que enviar artigos de papelaria da casa da sua fam\u00edlia ou o seu neg\u00f3cio,\u00a0etiquetas de endere\u00e7os\u00a0vai ajudar a adicionar personalidade aos envelopes. &#8230; <a title=\"Etiquetas do Remetente\" class=\"read-more\" href=\"https:\/\/www.labeljoy.com\/pt-pt\/modelos\/etiquetas-devolucao\/\" aria-label=\"Leia mais sobre Etiquetas do Remetente\">Read more<\/a><\/p>\n","protected":false},"author":1,"featured_media":0,"parent":3391,"menu_order":0,"comment_status":"open","ping_status":"closed","template":"page-template-left-sidebar.php","meta":{"inline_featured_image":false,"_monsterinsights_skip_tracking":false,"_monsterinsights_sitenote_active":false,"_monsterinsights_sitenote_note":"","_monsterinsights_sitenote_category":0,"footnotes":""},"class_list":{"0":"post-3412","1":"page","2":"type-page","3":"status-publish","5":"infinite-scroll-item"},"aioseo_notices":[],"_links":{"self":[{"href":"https:\/\/www.labeljoy.com\/pt-pt\/wp-json\/wp\/v2\/pages\/3412","targetHints":{"allow":["GET"]}}],"collection":[{"href":"https:\/\/www.labeljoy.com\/pt-pt\/wp-json\/wp\/v2\/pages"}],"about":[{"href":"https:\/\/www.labeljoy.com\/pt-pt\/wp-json\/wp\/v2\/types\/page"}],"author":[{"embeddable":true,"href":"https:\/\/www.labeljoy.com\/pt-pt\/wp-json\/wp\/v2\/users\/1"}],"replies":[{"embeddable":true,"href":"https:\/\/www.labeljoy.com\/pt-pt\/wp-json\/wp\/v2\/comments?post=3412"}],"version-history":[{"count":23,"href":"https:\/\/www.labeljoy.com\/pt-pt\/wp-json\/wp\/v2\/pages\/3412\/revisions"}],"predecessor-version":[{"id":35138,"href":"https:\/\/www.labeljoy.com\/pt-pt\/wp-json\/wp\/v2\/pages\/3412\/revisions\/35138"}],"up":[{"embeddable":true,"href":"https:\/\/www.labeljoy.com\/pt-pt\/wp-json\/wp\/v2\/pages\/3391"}],"wp:attachment":[{"href":"https:\/\/www.labeljoy.com\/pt-pt\/wp-json\/wp\/v2\/media?parent=3412"}],"curies":[{"name":"wp","href":"https:\/\/api.w.org\/{rel}","templated":true}]}}