{"id":34705,"date":"2020-12-16T11:17:58","date_gmt":"2020-12-16T11:17:58","guid":{"rendered":"https:\/\/www.labeljoy.com\/?page_id=34705"},"modified":"2020-12-16T11:18:00","modified_gmt":"2020-12-16T11:18:00","slug":"a-etiqueta-logistica-gs1","status":"publish","type":"page","link":"https:\/\/www.labeljoy.com\/pt-pt\/suporte\/como-fazer\/a-etiqueta-logistica-gs1\/","title":{"rendered":"A etiqueta log\u00edstica GS1"},"content":{"rendered":"<h2><strong>A etiqueta log\u00edstica GS1<\/strong><\/h2>\n<p>A etiqueta log\u00edstica \u00e9 uma etiqueta padr\u00e3o desenvolvida pela GS1 para exibir toda a informa\u00e7\u00e3o de uma unidade log\u00edstica ou comercial (palete e\/ou embalagem). O Labeljoy permite-lhe criar e imprimir as suas etiquetas log\u00edsticas de acordo com todas as normas.<\/p>\n<p>O sistema GS1 \u00e9 o sistema de cadeia de fornecimento padr\u00e3o mais utilizado em todo o mundo, e inclui normas, directrizes, solu\u00e7\u00f5es e servi\u00e7os que foram desenvolvidos em processos formalizados e coordenados.<\/p>\n<p>A etiqueta log\u00edstica reporta a informa\u00e7\u00e3o tanto em texto claro, ou seja, em formato leg\u00edvel (caracteres, n\u00fameros, gr\u00e1ficos), ambos na forma de c\u00f3digo de barras GS1-128 e est\u00e1 dividida em tr\u00eas sec\u00e7\u00f5es principais:<\/p>\n<ol>\n<li>A sec\u00e7\u00e3o superior cont\u00e9m informa\u00e7\u00f5es em formato livre, tais como o nome e endere\u00e7o do remetente e do destinat\u00e1rio, o log\u00f3tipo do fabricante. Pode incluir informa\u00e7\u00e3o sobre a unidade log\u00edstica que n\u00e3o esteja codificada no c\u00f3digo de barras.<\/li>\n<li>A sec\u00e7\u00e3o central contendo informa\u00e7\u00f5es, em texto claro, sobre a unidade log\u00edstica<\/li>\n<li>A sec\u00e7\u00e3o inferior que cont\u00e9m os s\u00edmbolos de barra e a sua interpreta\u00e7\u00e3o em texto claro, ou seja, o Identificador de Aplica\u00e7\u00e3o (entre par\u00eanteses) e o campo de dados que os segue<\/li>\n<\/ol>\n<p>&nbsp;<\/p>\n<p><strong>A \u00fanica informa\u00e7\u00e3o obrigat\u00f3ria na etiqueta log\u00edstica \u00e9 o c\u00f3digo SSCC. <\/strong><\/p>\n<p>Todavia, se a unidade log\u00edstica for equivalente, podem ser introduzidas outras informa\u00e7\u00f5es. A ind\u00fastria de transporte e log\u00edstica prev\u00ea a manipula\u00e7\u00e3o de mercadorias por diferentes modos de transporte, incluindo rodovi\u00e1rio, ferrovi\u00e1rio, a\u00e9reo e mar\u00edtimo.<\/p>\n<p>Os processos de T&amp;L envolvem um grande n\u00famero de agentes, tais como remetentes e destinat\u00e1rios, expedidores e transportadores, bem como organismos oficiais, tais como as autoridades aduaneiras e portu\u00e1rias. Os processos log\u00edsticos frequentemente complexos e a multiplicidade de agentes envolvidos requerem uma identifica\u00e7\u00e3o simples e inequ\u00edvoca das unidades log\u00edsticas.<\/p>\n<p>A GS1 oferece um padr\u00e3o para o conseguir: A etiqueta log\u00edstica GS1.<\/p>\n<p>A informa\u00e7\u00e3o inclu\u00edda numa etiqueta log\u00edstica GS1 est\u00e1 dispon\u00edvel em duas formas b\u00e1sicas.<\/p>\n<ol>\n<li>Informa\u00e7\u00e3o a ser utilizada pelas pessoas: Isto inclui a Interpreta\u00e7\u00e3o Humana Leg\u00edvel (HRI) de dados codificados em c\u00f3digos de barras e textos e gr\u00e1ficos n\u00e3o-HRI.<\/li>\n<li>Informa\u00e7\u00e3o destinada \u00e0 recolha de dados com base em m\u00e1quinas: C\u00f3digos de barras<\/li>\n<\/ol>\n<p>Os c\u00f3digos de barras s\u00e3o leg\u00edveis por m\u00e1quina e proporcionam uma forma segura e eficiente de transmiss\u00e3o de dados estruturados, enquanto os textos e gr\u00e1ficos HRI e n\u00e3o-HRI proporcionam acesso universal \u00e0 informa\u00e7\u00e3o b\u00e1sica em qualquer ponto da cadeia de fornecimento.<\/p>\n<p>Ambos os m\u00e9todos acrescentam valor \u00e0s etiquetas log\u00edsticas GS1 e muitas vezes coexistem na mesma etiqueta. Labeljoy permite-lhe criar c\u00f3digos de barras personalizados em todas as simbologias mais utilizadas.<\/p>\n<p><em><strong>Nota<\/strong>: texto HRI e n\u00e3o HRI.<\/em><\/p>\n<p><em>H\u00e1 dois tipos de texto que aparecem numa etiqueta:<\/em><\/p>\n<ol>\n<li><em>HRI s\u00e3o os dados codificados no c\u00f3digo de barras.<\/em><\/li>\n<li><em>O texto n\u00e3o-HRI \u00e9 todo o resto do texto de uma etiqueta.<\/em><\/li>\n<\/ol>\n","protected":false},"excerpt":{"rendered":"<p>A etiqueta log\u00edstica GS1 A etiqueta log\u00edstica \u00e9 uma etiqueta padr\u00e3o desenvolvida pela GS1 para exibir toda a informa\u00e7\u00e3o de uma unidade log\u00edstica ou comercial (palete e\/ou embalagem). O Labeljoy permite-lhe criar e imprimir as suas etiquetas log\u00edsticas de acordo com todas as normas. O sistema GS1 \u00e9 o sistema de cadeia de fornecimento padr\u00e3o &#8230; <a title=\"A etiqueta log\u00edstica GS1\" class=\"read-more\" href=\"https:\/\/www.labeljoy.com\/pt-pt\/suporte\/como-fazer\/a-etiqueta-logistica-gs1\/\" aria-label=\"Leia mais sobre A etiqueta log\u00edstica GS1\">Read more<\/a><\/p>\n","protected":false},"author":12,"featured_media":0,"parent":3366,"menu_order":0,"comment_status":"open","ping_status":"closed","template":"page-template-left-sidebar.php","meta":{"inline_featured_image":false,"_monsterinsights_skip_tracking":false,"_monsterinsights_sitenote_active":false,"_monsterinsights_sitenote_note":"","_monsterinsights_sitenote_category":0,"footnotes":""},"class_list":{"0":"post-34705","1":"page","2":"type-page","3":"status-publish","5":"infinite-scroll-item"},"aioseo_notices":[],"_links":{"self":[{"href":"https:\/\/www.labeljoy.com\/pt-pt\/wp-json\/wp\/v2\/pages\/34705","targetHints":{"allow":["GET"]}}],"collection":[{"href":"https:\/\/www.labeljoy.com\/pt-pt\/wp-json\/wp\/v2\/pages"}],"about":[{"href":"https:\/\/www.labeljoy.com\/pt-pt\/wp-json\/wp\/v2\/types\/page"}],"author":[{"embeddable":true,"href":"https:\/\/www.labeljoy.com\/pt-pt\/wp-json\/wp\/v2\/users\/12"}],"replies":[{"embeddable":true,"href":"https:\/\/www.labeljoy.com\/pt-pt\/wp-json\/wp\/v2\/comments?post=34705"}],"version-history":[{"count":1,"href":"https:\/\/www.labeljoy.com\/pt-pt\/wp-json\/wp\/v2\/pages\/34705\/revisions"}],"predecessor-version":[{"id":34706,"href":"https:\/\/www.labeljoy.com\/pt-pt\/wp-json\/wp\/v2\/pages\/34705\/revisions\/34706"}],"up":[{"embeddable":true,"href":"https:\/\/www.labeljoy.com\/pt-pt\/wp-json\/wp\/v2\/pages\/3366"}],"wp:attachment":[{"href":"https:\/\/www.labeljoy.com\/pt-pt\/wp-json\/wp\/v2\/media?parent=34705"}],"curies":[{"name":"wp","href":"https:\/\/api.w.org\/{rel}","templated":true}]}}