{"id":35400,"date":"2021-03-11T15:21:16","date_gmt":"2021-03-11T15:21:16","guid":{"rendered":"https:\/\/www.labeljoy.com\/video\/how-to-use-a-filter\/"},"modified":"2021-03-12T09:28:47","modified_gmt":"2021-03-12T09:28:47","slug":"filtrar-dados","status":"publish","type":"page","link":"https:\/\/www.labeljoy.com\/pt-pt\/video\/filtrar-dados\/","title":{"rendered":"Filtrar dados"},"content":{"rendered":"<h2>Filtrar dados<\/h2>\n<p>Uma vez carregados os dados em Labeljoy 6 para criar as suas etiquetas, pode decidir aplicar um filtro, <strong>utilizar apenas os registos seleccionados<\/strong>, <strong>repetir a selec\u00e7\u00e3o<\/strong> tantas vezes quantas forem necess\u00e1rias e <strong>alterar a ordem de impress\u00e3o<\/strong>.<\/p>\n<p>&nbsp;<\/p>\n\n<div class=\"youtube-embed\" itemprop=\"video\" itemscope itemtype=\"https:\/\/schema.org\/VideoObject\">\n\t<meta itemprop=\"url\" content=\"https:\/\/www.youtube.com\/v\/2SytldZ4uQ8\" \/>\n\t<meta itemprop=\"name\" content=\"Filtrar dados\" \/>\n\t<meta itemprop=\"description\" content=\"Filtrar dados\" \/>\n\t<meta itemprop=\"uploadDate\" content=\"2021-03-11T15:21:16+00:00\" \/>\n\t<meta itemprop=\"thumbnailUrl\" content=\"https:\/\/i.ytimg.com\/vi\/2SytldZ4uQ8\/default.jpg\" \/>\n\t<meta itemprop=\"embedUrl\" content=\"https:\/\/www.youtube.com\/embed\/2SytldZ4uQ8\" \/>\n\t<meta itemprop=\"height\" content=\"385\" \/>\n\t<meta itemprop=\"width\" content=\"640\" \/>\n\t<iframe style=\"border: 0;\" class=\"youtube-player\" width=\"640\" height=\"385\" src=\"https:\/\/www.youtube.com\/embed\/2SytldZ4uQ8?modestbranding=1&fs=0&rel=0&loop=1&color=white&playlist=2SytldZ4uQ8\"><\/iframe>\n<\/div>\n\n","protected":false},"excerpt":{"rendered":"<p>Filtrar dados Uma vez carregados os dados em Labeljoy 6 para criar as suas etiquetas, pode decidir aplicar um filtro, utilizar apenas os registos seleccionados, repetir a selec\u00e7\u00e3o tantas vezes quantas forem necess\u00e1rias e alterar a ordem de impress\u00e3o. &nbsp;<\/p>\n","protected":false},"author":2,"featured_media":0,"parent":32926,"menu_order":2,"comment_status":"open","ping_status":"closed","template":"page-template-left-sidebar.php","meta":{"inline_featured_image":false,"_monsterinsights_skip_tracking":false,"_monsterinsights_sitenote_active":false,"_monsterinsights_sitenote_note":"","_monsterinsights_sitenote_category":0,"footnotes":""},"class_list":{"0":"post-35400","1":"page","2":"type-page","3":"status-publish","5":"infinite-scroll-item"},"aioseo_notices":[],"_links":{"self":[{"href":"https:\/\/www.labeljoy.com\/pt-pt\/wp-json\/wp\/v2\/pages\/35400","targetHints":{"allow":["GET"]}}],"collection":[{"href":"https:\/\/www.labeljoy.com\/pt-pt\/wp-json\/wp\/v2\/pages"}],"about":[{"href":"https:\/\/www.labeljoy.com\/pt-pt\/wp-json\/wp\/v2\/types\/page"}],"author":[{"embeddable":true,"href":"https:\/\/www.labeljoy.com\/pt-pt\/wp-json\/wp\/v2\/users\/2"}],"replies":[{"embeddable":true,"href":"https:\/\/www.labeljoy.com\/pt-pt\/wp-json\/wp\/v2\/comments?post=35400"}],"version-history":[{"count":2,"href":"https:\/\/www.labeljoy.com\/pt-pt\/wp-json\/wp\/v2\/pages\/35400\/revisions"}],"predecessor-version":[{"id":35402,"href":"https:\/\/www.labeljoy.com\/pt-pt\/wp-json\/wp\/v2\/pages\/35400\/revisions\/35402"}],"up":[{"embeddable":true,"href":"https:\/\/www.labeljoy.com\/pt-pt\/wp-json\/wp\/v2\/pages\/32926"}],"wp:attachment":[{"href":"https:\/\/www.labeljoy.com\/pt-pt\/wp-json\/wp\/v2\/media?parent=35400"}],"curies":[{"name":"wp","href":"https:\/\/api.w.org\/{rel}","templated":true}]}}