{"id":35496,"date":"2021-03-25T17:00:41","date_gmt":"2021-03-25T17:00:41","guid":{"rendered":"https:\/\/www.labeljoy.com\/?page_id=35496"},"modified":"2021-03-26T00:45:52","modified_gmt":"2021-03-26T00:45:52","slug":"configuracoes-avancadas-de-texto","status":"publish","type":"page","link":"https:\/\/www.labeljoy.com\/pt-pt\/video\/configuracoes-avancadas-de-texto\/","title":{"rendered":"Configura\u00e7\u00f5es avan\u00e7adas de texto"},"content":{"rendered":"<h2>Advanced Text Settings<\/h2>\n<p>Neste v\u00eddeo mostramos-lhe como alterar o formato dos campos que est\u00e3o ligados a uma fonte de dados externa, <a href=\"https:\/\/www.labeljoy.com\/pt-pt\/video\/carregar-dados-do-excel\/\" title=\"Como Carregar dados do Excel\">tal como uma folha de c\u00e1lculo Excel<\/a>.<\/p>\n<p>As configura\u00e7\u00f5es avan\u00e7adas de texto Labeljoy permitem-lhe alterar n\u00e3o s\u00f3 a fonte, cores, alinhamento e tamanho de campos individuais, mas tamb\u00e9m definir facilmente diferentes formatos para diferentes valores num\u00e9ricos, como moedas, percentagens, formatos de data\/hora.<\/p>\n\n<div class=\"youtube-embed\" itemprop=\"video\" itemscope itemtype=\"https:\/\/schema.org\/VideoObject\">\n\t<meta itemprop=\"url\" content=\"https:\/\/www.youtube.com\/v\/CVj5mP3eahk\" \/>\n\t<meta itemprop=\"name\" content=\"Configura\u00e7\u00f5es avan\u00e7adas de texto\" \/>\n\t<meta itemprop=\"description\" content=\"Configura\u00e7\u00f5es avan\u00e7adas de texto\" \/>\n\t<meta itemprop=\"uploadDate\" content=\"2021-03-25T17:00:41+00:00\" \/>\n\t<meta itemprop=\"thumbnailUrl\" content=\"https:\/\/i.ytimg.com\/vi\/CVj5mP3eahk\/default.jpg\" \/>\n\t<meta itemprop=\"embedUrl\" content=\"https:\/\/www.youtube.com\/embed\/CVj5mP3eahk\" \/>\n\t<meta itemprop=\"height\" content=\"385\" \/>\n\t<meta itemprop=\"width\" content=\"640\" \/>\n\t<iframe style=\"border: 0;\" class=\"youtube-player\" width=\"640\" height=\"385\" src=\"https:\/\/www.youtube.com\/embed\/CVj5mP3eahk?modestbranding=1&fs=0&rel=0&loop=1&color=white&playlist=CVj5mP3eahk\"><\/iframe>\n<\/div>\n\n","protected":false},"excerpt":{"rendered":"<p>Advanced Text Settings Neste v\u00eddeo mostramos-lhe como alterar o formato dos campos que est\u00e3o ligados a uma fonte de dados externa, tal como uma folha de c\u00e1lculo Excel. As configura\u00e7\u00f5es avan\u00e7adas de texto Labeljoy permitem-lhe alterar n\u00e3o s\u00f3 a fonte, cores, alinhamento e tamanho de campos individuais, mas tamb\u00e9m definir facilmente diferentes formatos para diferentes &#8230; <a title=\"Configura\u00e7\u00f5es avan\u00e7adas de texto\" class=\"read-more\" href=\"https:\/\/www.labeljoy.com\/pt-pt\/video\/configuracoes-avancadas-de-texto\/\" aria-label=\"Leia mais sobre Configura\u00e7\u00f5es avan\u00e7adas de texto\">Read more<\/a><\/p>\n","protected":false},"author":12,"featured_media":0,"parent":32926,"menu_order":0,"comment_status":"open","ping_status":"closed","template":"page-template-left-sidebar.php","meta":{"inline_featured_image":false,"_monsterinsights_skip_tracking":false,"_monsterinsights_sitenote_active":false,"_monsterinsights_sitenote_note":"","_monsterinsights_sitenote_category":0,"footnotes":""},"class_list":{"0":"post-35496","1":"page","2":"type-page","3":"status-publish","5":"infinite-scroll-item"},"aioseo_notices":[],"_links":{"self":[{"href":"https:\/\/www.labeljoy.com\/pt-pt\/wp-json\/wp\/v2\/pages\/35496","targetHints":{"allow":["GET"]}}],"collection":[{"href":"https:\/\/www.labeljoy.com\/pt-pt\/wp-json\/wp\/v2\/pages"}],"about":[{"href":"https:\/\/www.labeljoy.com\/pt-pt\/wp-json\/wp\/v2\/types\/page"}],"author":[{"embeddable":true,"href":"https:\/\/www.labeljoy.com\/pt-pt\/wp-json\/wp\/v2\/users\/12"}],"replies":[{"embeddable":true,"href":"https:\/\/www.labeljoy.com\/pt-pt\/wp-json\/wp\/v2\/comments?post=35496"}],"version-history":[{"count":1,"href":"https:\/\/www.labeljoy.com\/pt-pt\/wp-json\/wp\/v2\/pages\/35496\/revisions"}],"predecessor-version":[{"id":35497,"href":"https:\/\/www.labeljoy.com\/pt-pt\/wp-json\/wp\/v2\/pages\/35496\/revisions\/35497"}],"up":[{"embeddable":true,"href":"https:\/\/www.labeljoy.com\/pt-pt\/wp-json\/wp\/v2\/pages\/32926"}],"wp:attachment":[{"href":"https:\/\/www.labeljoy.com\/pt-pt\/wp-json\/wp\/v2\/media?parent=35496"}],"curies":[{"name":"wp","href":"https:\/\/api.w.org\/{rel}","templated":true}]}}