{"id":36766,"date":"2022-01-20T14:49:02","date_gmt":"2022-01-20T14:49:02","guid":{"rendered":"https:\/\/www.labeljoy.com\/?page_id=36766"},"modified":"2022-01-20T14:49:04","modified_gmt":"2022-01-20T14:49:04","slug":"labeljoy-reader","status":"publish","type":"page","link":"https:\/\/www.labeljoy.com\/pt-pt\/labeljoy-reader\/","title":{"rendered":"Labeljoy Reader"},"content":{"rendered":"<h1>Labeljoy Reader<\/h1>\n<h2>O melhor Reader para o melhor software de de c\u00f3digo de barras e etiquetagem<\/h2>\n<p><img decoding=\"async\" src=\"https:\/\/www.labeljoy.com\/wp-content\/uploads\/2022\/01\/lebeljoy_reader.png\" alt=\"Labeljoy Reader\" width=\"670\" height=\"81\"><\/p>\n<p>Labeljoy Reader \u00e9 uma aplica\u00e7\u00e3o para exportar e imprimir etiquetas criadas com Labeljoy 6.<br \/>\nDescarrega-o e usa-o gratuitamente para sempre!<\/p>\n<p>&nbsp;<\/p>\n<h2>Labeljoy apresenta o Labeljoy Reader<\/h2>\n<p><a class=\"hover-item\" href=\"https:\/\/www.labeljoy.com\/wp-content\/uploads\/2022\/01\/lebeljoy_reader_02.png\" data-gal=\"prettyPhoto\"><img decoding=\"async\" style=\"border: none\" src=\"https:\/\/www.labeljoy.com\/wp-content\/uploads\/2022\/01\/lebeljoy_reader_02.png\" alt=\"Labeljoy Reader\" width=\"670\" height=\"575\"><\/a><\/p>\n<p>Labeljoy Reader \u00e9 uma aplica\u00e7\u00e3o complementar da Labeljoy 6 para exportar e imprimir facilmente os seus projectos no formato de alta resolu\u00e7\u00e3o LJR.<\/p>\n<p>\u00c9 uma aplica\u00e7\u00e3o gratuita que pode ser descarregada a partir do website Labeljoy;<br \/>\nCom o Labeljoy Reader pode abrir, consultar e imprimir ficheiros LJR, mas n\u00e3o edit\u00e1-los.<\/p>\n","protected":false},"excerpt":{"rendered":"<p>Labeljoy Reader O melhor Reader para o melhor software de de c\u00f3digo de barras e etiquetagem Labeljoy Reader \u00e9 uma aplica\u00e7\u00e3o para exportar e imprimir etiquetas criadas com Labeljoy 6. Descarrega-o e usa-o gratuitamente para sempre! &nbsp; Labeljoy apresenta o Labeljoy Reader Labeljoy Reader \u00e9 uma aplica\u00e7\u00e3o complementar da Labeljoy 6 para exportar e imprimir &#8230; <a title=\"Labeljoy Reader\" class=\"read-more\" href=\"https:\/\/www.labeljoy.com\/pt-pt\/labeljoy-reader\/\" aria-label=\"Leia mais sobre Labeljoy Reader\">Read more<\/a><\/p>\n","protected":false},"author":8,"featured_media":0,"parent":0,"menu_order":2,"comment_status":"closed","ping_status":"closed","template":"","meta":{"inline_featured_image":false,"_monsterinsights_skip_tracking":false,"_monsterinsights_sitenote_active":false,"_monsterinsights_sitenote_note":"","_monsterinsights_sitenote_category":0,"footnotes":""},"class_list":{"0":"post-36766","1":"page","2":"type-page","3":"status-publish","5":"infinite-scroll-item"},"aioseo_notices":[],"_links":{"self":[{"href":"https:\/\/www.labeljoy.com\/pt-pt\/wp-json\/wp\/v2\/pages\/36766","targetHints":{"allow":["GET"]}}],"collection":[{"href":"https:\/\/www.labeljoy.com\/pt-pt\/wp-json\/wp\/v2\/pages"}],"about":[{"href":"https:\/\/www.labeljoy.com\/pt-pt\/wp-json\/wp\/v2\/types\/page"}],"author":[{"embeddable":true,"href":"https:\/\/www.labeljoy.com\/pt-pt\/wp-json\/wp\/v2\/users\/8"}],"replies":[{"embeddable":true,"href":"https:\/\/www.labeljoy.com\/pt-pt\/wp-json\/wp\/v2\/comments?post=36766"}],"version-history":[{"count":1,"href":"https:\/\/www.labeljoy.com\/pt-pt\/wp-json\/wp\/v2\/pages\/36766\/revisions"}],"predecessor-version":[{"id":36767,"href":"https:\/\/www.labeljoy.com\/pt-pt\/wp-json\/wp\/v2\/pages\/36766\/revisions\/36767"}],"wp:attachment":[{"href":"https:\/\/www.labeljoy.com\/pt-pt\/wp-json\/wp\/v2\/media?parent=36766"}],"curies":[{"name":"wp","href":"https:\/\/api.w.org\/{rel}","templated":true}]}}