{"id":36768,"date":"2022-01-20T14:49:32","date_gmt":"2022-01-20T14:49:32","guid":{"rendered":"https:\/\/www.labeljoy.com\/?page_id=36768"},"modified":"2022-01-20T14:49:34","modified_gmt":"2022-01-20T14:49:34","slug":"porque-usar-o-labeljoy-reader","status":"publish","type":"page","link":"https:\/\/www.labeljoy.com\/pt-pt\/porque-usar-o-labeljoy-reader\/","title":{"rendered":"Porqu\u00ea usar o Labeljoy Reader"},"content":{"rendered":"<h1>Porqu\u00ea usar o Labeljoy Reader<\/h1>\n<p>O Labeljoy Reader oferece resultados de melhor qualidade e \u00e9 uma excelente alternativa a outros leitores.<\/p>\n<p><a class=\"hover-item\" href=\"https:\/\/www.labeljoy.com\/wp-content\/uploads\/2022\/01\/Info_01.png\" data-gal=\"prettyPhoto\"><img decoding=\"async\" style=\"border: none\" src=\"https:\/\/www.labeljoy.com\/wp-content\/uploads\/2022\/01\/Info_01.png\" alt=\"Porqu\u00ea usar o Labeljoy Reader\" width=\"670\" height=\"641\"><\/a><\/p>\n<p>Uma vez descarregado e instalado, o Labeljoy Reader n\u00e3o requer uma liga\u00e7\u00e3o activa \u00e0 Internet e pode, portanto, ser utilizado em locais sem acesso \u00e0 Internet.<\/p>\n<p>S\u00f3 lhe permite imprimir o projeto exportado, sem possibilidade de modificar o conte\u00fado.<\/p>\n<p>Gra\u00e7as \u00e0 exporta\u00e7\u00e3o de alta defini\u00e7\u00e3o, \u00e9 tamb\u00e9m uma ferramenta nova e eficaz para a impress\u00e3o em centros de impress\u00e3o.<\/p>\n<p><a class=\"hover-item\" href=\"https:\/\/www.labeljoy.com\/wp-content\/uploads\/2022\/01\/info_02.png\" data-gal=\"prettyPhoto\"><img decoding=\"async\" style=\"border: none\" src=\"https:\/\/www.labeljoy.com\/wp-content\/uploads\/2022\/01\/info_02.png\" alt=\"Porqu\u00ea usar o Labeljoy Reader\" width=\"670\" height=\"642\"><\/a><\/p>\n<p>Descarregue agora o software gratuito Labeljoy Reader, o \u00fanico leitor que lhe permite ler, imprimir e interagir com ficheiros LJR.<\/p>\n","protected":false},"excerpt":{"rendered":"<p>Porqu\u00ea usar o Labeljoy Reader O Labeljoy Reader oferece resultados de melhor qualidade e \u00e9 uma excelente alternativa a outros leitores. Uma vez descarregado e instalado, o Labeljoy Reader n\u00e3o requer uma liga\u00e7\u00e3o activa \u00e0 Internet e pode, portanto, ser utilizado em locais sem acesso \u00e0 Internet. S\u00f3 lhe permite imprimir o projeto exportado, sem &#8230; <a title=\"Porqu\u00ea usar o Labeljoy Reader\" class=\"read-more\" href=\"https:\/\/www.labeljoy.com\/pt-pt\/porque-usar-o-labeljoy-reader\/\" aria-label=\"Leia mais sobre Porqu\u00ea usar o Labeljoy Reader\">Read more<\/a><\/p>\n","protected":false},"author":8,"featured_media":0,"parent":0,"menu_order":2,"comment_status":"closed","ping_status":"closed","template":"","meta":{"inline_featured_image":false,"_monsterinsights_skip_tracking":false,"_monsterinsights_sitenote_active":false,"_monsterinsights_sitenote_note":"","_monsterinsights_sitenote_category":0,"footnotes":""},"class_list":{"0":"post-36768","1":"page","2":"type-page","3":"status-publish","5":"infinite-scroll-item"},"aioseo_notices":[],"_links":{"self":[{"href":"https:\/\/www.labeljoy.com\/pt-pt\/wp-json\/wp\/v2\/pages\/36768","targetHints":{"allow":["GET"]}}],"collection":[{"href":"https:\/\/www.labeljoy.com\/pt-pt\/wp-json\/wp\/v2\/pages"}],"about":[{"href":"https:\/\/www.labeljoy.com\/pt-pt\/wp-json\/wp\/v2\/types\/page"}],"author":[{"embeddable":true,"href":"https:\/\/www.labeljoy.com\/pt-pt\/wp-json\/wp\/v2\/users\/8"}],"replies":[{"embeddable":true,"href":"https:\/\/www.labeljoy.com\/pt-pt\/wp-json\/wp\/v2\/comments?post=36768"}],"version-history":[{"count":1,"href":"https:\/\/www.labeljoy.com\/pt-pt\/wp-json\/wp\/v2\/pages\/36768\/revisions"}],"predecessor-version":[{"id":36769,"href":"https:\/\/www.labeljoy.com\/pt-pt\/wp-json\/wp\/v2\/pages\/36768\/revisions\/36769"}],"wp:attachment":[{"href":"https:\/\/www.labeljoy.com\/pt-pt\/wp-json\/wp\/v2\/media?parent=36768"}],"curies":[{"name":"wp","href":"https:\/\/api.w.org\/{rel}","templated":true}]}}