{"id":36770,"date":"2022-01-20T14:50:13","date_gmt":"2022-01-20T14:50:13","guid":{"rendered":"https:\/\/www.labeljoy.com\/?page_id=36770"},"modified":"2022-01-27T10:27:07","modified_gmt":"2022-01-27T10:27:07","slug":"como-utilizar-o-labeljoy-reader","status":"publish","type":"page","link":"https:\/\/www.labeljoy.com\/pt-pt\/como-utilizar-o-labeljoy-reader\/","title":{"rendered":"Como utilizar o Labeljoy Reader"},"content":{"rendered":"<h1>Como utilizar o Labeljoy Reader<\/h1>\n<p>Abra o Labeljoy e carregue o projeto que pretende exportar.<\/p>\n<p>Seleccione o que pretende exportar: p\u00e1ginas, etiquetas o c\u00f3digos de barras.<\/p>\n<p><a class=\"hover-item\" href=\"https:\/\/www.labeljoy.com\/wp-content\/uploads\/2022\/01\/help_01.png\" data-gal=\"prettyPhoto\"><img decoding=\"async\" style=\"border: none\" src=\"https:\/\/www.labeljoy.com\/wp-content\/uploads\/2022\/01\/help_01.png\" alt=\"Como utilizar o Labeljoy Reader\" width=\"670\" height=\"92\"><\/a><\/p>\n<p>Seleccione &#8220;Labeljoy Reader&#8221; como formato de exporta\u00e7\u00e3o.<\/p>\n<p>Clique em &#8220;Incluir ficheiro de origem&#8221; se quiser incluir o seu projecto Labeljoy e clique em &#8220;Guardar&#8221;. O software pedir-lhe-\u00e1 que guarde o projecto, pois depois gerar\u00e1 automaticamente o ficheiro *.ljr e abrir\u00e1 o Labeljoy Reader.<\/p>\n<p><a class=\"hover-item\" href=\"https:\/\/www.labeljoy.com\/wp-content\/uploads\/2022\/01\/help_02.png\" data-gal=\"prettyPhoto\"><img decoding=\"async\" style=\"border: none\" src=\"https:\/\/www.labeljoy.com\/wp-content\/uploads\/2022\/01\/help_02.png\" alt=\"Como utilizar o Labeljoy Reader\" width=\"670\" height=\"511\"><\/a><\/p>\n<p>Para mais informa\u00e7\u00f5es, pode consultar o v\u00eddeo tutorial &#8220;<a href=\"https:\/\/www.labeljoy.com\/pt-pt\/tutorial-em-video-do-labeljoy-reader\/\" title=\"Exportar para Labeljoy Reader\">Exportar para Labeljoy Reader<\/a>&#8220;.<\/p>\n<p><em>* Exportar para Labeljoy Reader est\u00e1 dispon\u00edvel para todos os tipos de licen\u00e7a com uma subscri\u00e7\u00e3o activa.<\/em><\/p>\n","protected":false},"excerpt":{"rendered":"<p>Como utilizar o Labeljoy Reader Abra o Labeljoy e carregue o projeto que pretende exportar. Seleccione o que pretende exportar: p\u00e1ginas, etiquetas o c\u00f3digos de barras. Seleccione &#8220;Labeljoy Reader&#8221; como formato de exporta\u00e7\u00e3o. Clique em &#8220;Incluir ficheiro de origem&#8221; se quiser incluir o seu projecto Labeljoy e clique em &#8220;Guardar&#8221;. O software pedir-lhe-\u00e1 que guarde &#8230; <a title=\"Como utilizar o Labeljoy Reader\" class=\"read-more\" href=\"https:\/\/www.labeljoy.com\/pt-pt\/como-utilizar-o-labeljoy-reader\/\" aria-label=\"Leia mais sobre Como utilizar o Labeljoy Reader\">Read more<\/a><\/p>\n","protected":false},"author":8,"featured_media":0,"parent":0,"menu_order":2,"comment_status":"closed","ping_status":"closed","template":"","meta":{"inline_featured_image":false,"_monsterinsights_skip_tracking":false,"_monsterinsights_sitenote_active":false,"_monsterinsights_sitenote_note":"","_monsterinsights_sitenote_category":0,"footnotes":""},"class_list":{"0":"post-36770","1":"page","2":"type-page","3":"status-publish","5":"infinite-scroll-item"},"aioseo_notices":[],"_links":{"self":[{"href":"https:\/\/www.labeljoy.com\/pt-pt\/wp-json\/wp\/v2\/pages\/36770","targetHints":{"allow":["GET"]}}],"collection":[{"href":"https:\/\/www.labeljoy.com\/pt-pt\/wp-json\/wp\/v2\/pages"}],"about":[{"href":"https:\/\/www.labeljoy.com\/pt-pt\/wp-json\/wp\/v2\/types\/page"}],"author":[{"embeddable":true,"href":"https:\/\/www.labeljoy.com\/pt-pt\/wp-json\/wp\/v2\/users\/8"}],"replies":[{"embeddable":true,"href":"https:\/\/www.labeljoy.com\/pt-pt\/wp-json\/wp\/v2\/comments?post=36770"}],"version-history":[{"count":2,"href":"https:\/\/www.labeljoy.com\/pt-pt\/wp-json\/wp\/v2\/pages\/36770\/revisions"}],"predecessor-version":[{"id":36971,"href":"https:\/\/www.labeljoy.com\/pt-pt\/wp-json\/wp\/v2\/pages\/36770\/revisions\/36971"}],"wp:attachment":[{"href":"https:\/\/www.labeljoy.com\/pt-pt\/wp-json\/wp\/v2\/media?parent=36770"}],"curies":[{"name":"wp","href":"https:\/\/api.w.org\/{rel}","templated":true}]}}