{"id":36968,"date":"2022-01-27T10:26:09","date_gmt":"2022-01-27T10:26:09","guid":{"rendered":"https:\/\/www.labeljoy.com\/?page_id=36968"},"modified":"2022-01-27T10:26:11","modified_gmt":"2022-01-27T10:26:11","slug":"tutorial-em-video-do-labeljoy-reader","status":"publish","type":"page","link":"https:\/\/www.labeljoy.com\/pt-pt\/tutorial-em-video-do-labeljoy-reader\/","title":{"rendered":"Tutorial em v\u00eddeo do Labeljoy Reader"},"content":{"rendered":"<h1>Tutorial em v\u00eddeo do Labeljoy Reader<\/h1>\n<p>Este v\u00eddeo explica como utilizar o Labeljoy Reader.<br \/>\nLabeljoy Reader \u00e9 um programa complementar gratuito da Labeljoy 6 que lhe permite abrir, navegar, exportar e imprimir os seus projectos HD.<\/p>\n<div class=\"lyte-wrapper\" title=\"Exportar para Labeljoy Reader\" style=\"width:640px;max-width:100%;margin:5px;\"><div class=\"lyMe\" id=\"WYL_aikO0ClLyh8\" itemprop=\"video\" itemscope itemtype=\"https:\/\/schema.org\/VideoObject\"><div><meta itemprop=\"thumbnailUrl\" content=\"https:\/\/www.labeljoy.com\/wp-content\/plugins\/wp-youtube-lyte\/lyteCache.php?origThumbUrl=https%3A%2F%2Fi.ytimg.com%2Fvi%2FaikO0ClLyh8%2Fhqdefault.jpg\" \/><meta itemprop=\"embedURL\" content=\"https:\/\/www.youtube.com\/embed\/aikO0ClLyh8\" \/><meta itemprop=\"duration\" content=\"PT1M54S\" \/><meta itemprop=\"uploadDate\" content=\"2022-01-20T16:56:25Z\" \/><\/div><div id=\"lyte_aikO0ClLyh8\" data-src=\"https:\/\/www.labeljoy.com\/wp-content\/plugins\/wp-youtube-lyte\/lyteCache.php?origThumbUrl=https%3A%2F%2Fi.ytimg.com%2Fvi%2FaikO0ClLyh8%2Fhqdefault.jpg\" class=\"pL\"><div class=\"tC\"><div class=\"tT\" itemprop=\"name\">Exportar para Labeljoy Reader<\/div><\/div><div class=\"play\"><\/div><div class=\"ctrl\"><div class=\"Lctrl\"><\/div><div class=\"Rctrl\"><\/div><\/div><\/div><noscript><a href=\"https:\/\/youtu.be\/aikO0ClLyh8\" rel=\"nofollow\"><img decoding=\"async\" src=\"https:\/\/www.labeljoy.com\/wp-content\/plugins\/wp-youtube-lyte\/lyteCache.php?origThumbUrl=https%3A%2F%2Fi.ytimg.com%2Fvi%2FaikO0ClLyh8%2F0.jpg\" alt=\"Exportar para Labeljoy Reader\" width=\"640\" height=\"340\" \/><br \/>Watch this video on YouTube<\/a><\/noscript><meta itemprop=\"description\" content=\"Este v\u00eddeo explica como utilizar o Labeljoy Reader. Labeljoy Reader \u00e9 um programa complementar gratuito da Labeljoy 6 que lhe permite abrir, navegar, exportar e imprimir os seus projectos HD. Mais informa\u00e7\u00f5es sobre todas as vantagens do Labeljoy Reader: https:\/\/www.labeljoy.com\/pt-pt\/labeljoy-reader\/\"><\/div><\/div><div class=\"lL\" style=\"max-width:100%;width:640px;margin:5px;\"><\/div>\n<div class=\"lj-video-button hide\">\n  <a href=\"https:\/\/www.youtube.com\/embed\/aikO0ClLyh8?rel=0&autoplay=1\" data-featherlight=\"iframe\" data-featherlight-iframe-width=\"800\" data-featherlight-iframe-height=\"610\" data-featherlight-iframe-frameborder=\"0\" data-featherlight-iframe-allow=\"autoplay; encrypted-media\" data-featherlight-iframe-allowfullscreen=\"true\" title=\"Reproduzir v\u00eddeo tutorial\">Reproduzir v\u00eddeo tutorial <i class=\"fa fa-play-circle fa-2x\"><\/i><\/a>\n<\/div>\n","protected":false},"excerpt":{"rendered":"<p>Tutorial em v\u00eddeo do Labeljoy Reader Este v\u00eddeo explica como utilizar o Labeljoy Reader. Labeljoy Reader \u00e9 um programa complementar gratuito da Labeljoy 6 que lhe permite abrir, navegar, exportar e imprimir os seus projectos HD.<\/p>\n","protected":false},"author":8,"featured_media":0,"parent":0,"menu_order":2,"comment_status":"closed","ping_status":"closed","template":"","meta":{"inline_featured_image":false,"_monsterinsights_skip_tracking":false,"_monsterinsights_sitenote_active":false,"_monsterinsights_sitenote_note":"","_monsterinsights_sitenote_category":0,"footnotes":""},"class_list":{"0":"post-36968","1":"page","2":"type-page","3":"status-publish","5":"infinite-scroll-item"},"aioseo_notices":[],"_links":{"self":[{"href":"https:\/\/www.labeljoy.com\/pt-pt\/wp-json\/wp\/v2\/pages\/36968","targetHints":{"allow":["GET"]}}],"collection":[{"href":"https:\/\/www.labeljoy.com\/pt-pt\/wp-json\/wp\/v2\/pages"}],"about":[{"href":"https:\/\/www.labeljoy.com\/pt-pt\/wp-json\/wp\/v2\/types\/page"}],"author":[{"embeddable":true,"href":"https:\/\/www.labeljoy.com\/pt-pt\/wp-json\/wp\/v2\/users\/8"}],"replies":[{"embeddable":true,"href":"https:\/\/www.labeljoy.com\/pt-pt\/wp-json\/wp\/v2\/comments?post=36968"}],"version-history":[{"count":1,"href":"https:\/\/www.labeljoy.com\/pt-pt\/wp-json\/wp\/v2\/pages\/36968\/revisions"}],"predecessor-version":[{"id":36969,"href":"https:\/\/www.labeljoy.com\/pt-pt\/wp-json\/wp\/v2\/pages\/36968\/revisions\/36969"}],"wp:attachment":[{"href":"https:\/\/www.labeljoy.com\/pt-pt\/wp-json\/wp\/v2\/media?parent=36968"}],"curies":[{"name":"wp","href":"https:\/\/api.w.org\/{rel}","templated":true}]}}