{"id":40054,"date":"2023-10-12T09:34:05","date_gmt":"2023-10-12T09:34:05","guid":{"rendered":"https:\/\/www.labeljoy.com\/?page_id=40054"},"modified":"2023-10-26T13:22:18","modified_gmt":"2023-10-26T13:22:18","slug":"gs1-data-matrix","status":"publish","type":"page","link":"https:\/\/www.labeljoy.com\/pt-pt\/suporte\/guia-codigo-de-barras\/gs1-data-matrix\/","title":{"rendered":"GS1 Data Matrix"},"content":{"rendered":"<h1>C\u00f3digo de barras GS1 Data Matrix<\/h1>\n<blockquote><p>GS1 Data Matrix \u00e9 um tipo de <strong>c\u00f3digo de barras bidimensional<\/strong> utilizado para codificar informa\u00e7\u00f5es que podem ser lidas por dispositivos de leitura, como os leitores de c\u00f3digos de barras. Foi desenvolvido pela GS1, uma organiza\u00e7\u00e3o internacional que elabora normas de codifica\u00e7\u00e3o de dados no sector da cadeia de abastecimento e da log\u00edstica.<\/p><\/blockquote>\n<p>A seguir, algumas informa\u00e7\u00f5es importantes sobre o GS1 Data Matrix:<\/p>\n<ol>\n<li><strong>Estrutura<\/strong>: GS1 Data Matrix \u00e9 uma matriz bidimensional composta por uma s\u00e9rie de pontos (ou c\u00e9lulas) dispostos em linhas e colunas. Cada ponto pode ser branco ou preto, e a disposi\u00e7\u00e3o destes pontos representa os dados codificados.<\/li>\n<li><strong>Codifica\u00e7\u00e3o de dados<\/strong>: GS1 Data Matrix pode codificar uma variedade de tipos de dados, incluindo n\u00fameros de lote, datas de validade, n\u00fameros de s\u00e9rie e outras informa\u00e7\u00f5es relacionadas com o produto. Pode tamb\u00e9m conter informa\u00e7\u00e3o relacionada com a identifica\u00e7\u00e3o \u00fanica de produtos utilizando c\u00f3digos GS1 (como o GTIN &#8211; Global Trade Item Number).<\/li>\n<li><strong>Utiliza\u00e7\u00e3o<\/strong>: GS1 Data Matrix \u00e9 amplamente utilizado em muitos sectores diferentes, incluindo as ind\u00fastrias alimentar, farmac\u00eautica, autom\u00f3vel e outras ind\u00fastrias da cadeia de abastecimento. \u00c9 utilizada para rastrear e identificar produtos, facilitar a gest\u00e3o de invent\u00e1rio, garantir a conformidade regulamentar e melhorar a efici\u00eancia das opera\u00e7\u00f5es de fabrico e log\u00edstica.<\/li>\n<li><strong>Dimens\u00f5es<\/strong>: O tamanho da GS1 Data Matrix pode variar de acordo com os requisitos. Pode ser muito reduzida, adequada para objectos mais pequenos, ou maior para conter mais informa\u00e7\u00e3o. A capacidade de armazenamento de dados pode variar em conformidade.<\/li>\n<li><strong>Difus\u00e3o<\/strong>: GS1 Data Matrix \u00e9 amplamente utilizado a n\u00edvel mundial e \u00e9 um padr\u00e3o reconhecido nas ind\u00fastrias. A sua aceita\u00e7\u00e3o tem sido promovida pela organiza\u00e7\u00e3o GS1, que desenvolveu diretrizes para a utiliza\u00e7\u00e3o eficaz deste c\u00f3digo de barras em v\u00e1rias ind\u00fastrias.<\/li>\n<\/ol>\n<p>Resumindo, <strong>GS1 Data Matrix<\/strong> \u00e9 um tipo de c\u00f3digo de barras bidimensional utilizado para codificar uma vasta gama de informa\u00e7\u00f5es sobre produtos e bens. \u00c9 um componente chave na gest\u00e3o da cadeia de abastecimento e no rastreio de produtos em muitas ind\u00fastrias.<\/p>\n<div class=\"column-clear\"><\/div>\n<h2>S\u00edmbolo de GS1 Data Matrix<\/h2>\n<p><img decoding=\"async\" src=\"https:\/\/www.labeljoy.com\/wp-content\/uploads\/2023\/10\/codice_a_barre_gs1_data_matrix.png\" title=\"C\u00f3digo de barras GS1 Data Matrix\" width=\"200px\" height=\"194px\"><\/p>\n<p>Aqui uma imagem de uma GS1 Data Matrix gerada a partir deste c\u00f3digo:<br \/>\n<code>(01)12345678901234(17)131231(10)ABCD1234<\/code><\/p>\n<p>Neste exemplo:<\/p>\n<ul>\n<li><code>(01)12345678901234<\/code> representa um N\u00famero Global de Item Comercial (GTIN-Global Trade Item Number) que identifica um produto espec\u00edfico.<\/li>\n<li><code>(17)131231<\/code> representa uma data de expira\u00e7\u00e3o no formato &#8220;YYMMDD&#8221; (ano, m\u00eas, dia).<\/li>\n<li><code>(10)ABCD1234<\/code> pode representar um n\u00famero de lote espec\u00edfico.<\/li>\n<\/ul>\n<div class=\"column-clear\"><\/div>\n<div class=\"tt-notification tip\"><p style=\"font-size:13px;\">\nTenha em considera\u00e7\u00e3o que a representa\u00e7\u00e3o real do c\u00f3digo pode variar consoante as especifica\u00e7\u00f5es de formata\u00e7\u00e3o e tamanho, mas isto deveria dar-lhe uma ideia do aspecto de uma GS1 Data Matrix e da forma como pode ser utilizada para codificar o produto e as informa\u00e7\u00f5es relacionadas com o mesmo.<br \/>\n<\/p><\/div>\n<div class=\"hr hr-dotted\">&nbsp;<\/div>\n<div class=\"one_half\">\n<p style=\"text-align: right\"><a href=\"https:\/\/www.labeljoy.com\/pt-pt\/compra\/\" class=\"large blue tt-button\" target=\"_self\">Comprar gerador de GS1 Data Matrix<\/a>\n<\/div>\n<div class=\"one_half\">\n<p style=\"text-align: left\">&nbsp;&nbsp; &nbsp;&nbsp;<a href=\"https:\/\/www.labeljoy.com\/pt-pt\/download-pt\/\" class=\"large green tt-button\" target=\"_self\">Download vers\u00e3o gratuita<\/a>\n<\/div>\n","protected":false},"excerpt":{"rendered":"<p>C\u00f3digo de barras GS1 Data Matrix GS1 Data Matrix \u00e9 um tipo de c\u00f3digo de barras bidimensional utilizado para codificar informa\u00e7\u00f5es que podem ser lidas por dispositivos de leitura, como os leitores de c\u00f3digos de barras. Foi desenvolvido pela GS1, uma organiza\u00e7\u00e3o internacional que elabora normas de codifica\u00e7\u00e3o de dados no sector da cadeia de &#8230; <a title=\"GS1 Data Matrix\" class=\"read-more\" href=\"https:\/\/www.labeljoy.com\/pt-pt\/suporte\/guia-codigo-de-barras\/gs1-data-matrix\/\" aria-label=\"Leia mais sobre GS1 Data Matrix\">Read more<\/a><\/p>\n","protected":false},"author":8,"featured_media":0,"parent":3371,"menu_order":0,"comment_status":"closed","ping_status":"closed","template":"","meta":{"inline_featured_image":false,"_monsterinsights_skip_tracking":false,"_monsterinsights_sitenote_active":false,"_monsterinsights_sitenote_note":"","_monsterinsights_sitenote_category":0,"footnotes":""},"class_list":{"0":"post-40054","1":"page","2":"type-page","3":"status-publish","5":"infinite-scroll-item"},"aioseo_notices":[],"_links":{"self":[{"href":"https:\/\/www.labeljoy.com\/pt-pt\/wp-json\/wp\/v2\/pages\/40054","targetHints":{"allow":["GET"]}}],"collection":[{"href":"https:\/\/www.labeljoy.com\/pt-pt\/wp-json\/wp\/v2\/pages"}],"about":[{"href":"https:\/\/www.labeljoy.com\/pt-pt\/wp-json\/wp\/v2\/types\/page"}],"author":[{"embeddable":true,"href":"https:\/\/www.labeljoy.com\/pt-pt\/wp-json\/wp\/v2\/users\/8"}],"replies":[{"embeddable":true,"href":"https:\/\/www.labeljoy.com\/pt-pt\/wp-json\/wp\/v2\/comments?post=40054"}],"version-history":[{"count":3,"href":"https:\/\/www.labeljoy.com\/pt-pt\/wp-json\/wp\/v2\/pages\/40054\/revisions"}],"predecessor-version":[{"id":40133,"href":"https:\/\/www.labeljoy.com\/pt-pt\/wp-json\/wp\/v2\/pages\/40054\/revisions\/40133"}],"up":[{"embeddable":true,"href":"https:\/\/www.labeljoy.com\/pt-pt\/wp-json\/wp\/v2\/pages\/3371"}],"wp:attachment":[{"href":"https:\/\/www.labeljoy.com\/pt-pt\/wp-json\/wp\/v2\/media?parent=40054"}],"curies":[{"name":"wp","href":"https:\/\/api.w.org\/{rel}","templated":true}]}}