{"id":40131,"date":"2023-10-26T13:21:53","date_gmt":"2023-10-26T13:21:53","guid":{"rendered":"https:\/\/www.labeljoy.com\/?page_id=40131"},"modified":"2023-10-26T13:22:44","modified_gmt":"2023-10-26T13:22:44","slug":"aztec","status":"publish","type":"page","link":"https:\/\/www.labeljoy.com\/pt-pt\/suporte\/guia-codigo-de-barras\/aztec\/","title":{"rendered":"Aztec"},"content":{"rendered":"<h1>C\u00f3digo Aztec<\/h1>\n<blockquote><p>O c\u00f3digo Aztec \u00e9 uma forma avan\u00e7ada de <strong>c\u00f3digo de barras bidimensional<\/strong> (2D) conhecida pela sua capacidade de armazenar grandes quantidades de dados num espa\u00e7o relativamente pequeno. Foi originalmente desenvolvido pela empresa americana Honeywell e difundiu-se amplamente numa variedade de aplica\u00e7\u00f5es, incluindo as relacionadas com a etiquetagem e a rastreabilidade.<\/p><\/blockquote>\n<div class=\"column-clear\"><\/div>\n<h2>Principais caracter\u00edsticas do c\u00f3digo Aztec<\/h2>\n<ol>\n<li><strong>Elevada capacidade de armazenamento<\/strong>: Uma das principais vantagens do c\u00f3digo Aztec \u00e9 a sua capacidade de armazenar uma grande quantidade de informa\u00e7\u00e3o. Isto torna-o ideal para situa\u00e7\u00f5es em que \u00e9 necess\u00e1rio codificar dados complexos, como texto, n\u00fameros, liga\u00e7\u00f5es Web ou mesmo imagens.<\/li>\n<li><strong>Elevada fiabilidade<\/strong>: Devido \u00e0 sua estrutura de codifica\u00e7\u00e3o avan\u00e7ada, o c\u00f3digo Aztec oferece uma elevada fiabilidade de leitura. Mesmo que o c\u00f3digo esteja danificado ou parcialmente obscurecido, os leitores de c\u00f3digos de barras podem frequentemente recuperar os dados com \u00eaxito.<\/li>\n<li><strong>Flexibilidade<\/strong>: O c\u00f3digo Aztec pode ser utilizado numa variedade de aplica\u00e7\u00f5es, incluindo rastreio de produtos, bilhetes electr\u00f3nicos, documentos de identifica\u00e7\u00e3o, gest\u00e3o de activos e muito mais. \u00c9 adequado para uma vasta gama de ind\u00fastrias.<\/li>\n<li><strong>Design personaliz\u00e1vel<\/strong>: O design do c\u00f3digo Aztec pode ser personalizado pelos utilizadores de acordo com as suas necessidades espec\u00edficas. Isto inclui a escolha de cores, tamanhos e informa\u00e7\u00e3o a ser codificada.<\/li>\n<\/ol>\n<div class=\"column-clear\"><\/div>\n<h2>Aplica\u00e7\u00f5es comuns do c\u00f3digo Aztec<\/h2>\n<ul>\n<li><strong>Seguimento e log\u00edstica<\/strong>: O c\u00f3digo Aztec \u00e9 amplamente utilizado para o seguimento de produtos e a gest\u00e3o log\u00edstica, permitindo um seguimento e uma gest\u00e3o eficientes do invent\u00e1rio.<\/li>\n<li><strong>Bilhetes electr\u00f3nicos<\/strong>: \u00c9 frequentemente utilizado em bilhetes electr\u00f3nicos para eventos, transportes p\u00fablicos e outros, permitindo um acesso r\u00e1pido e seguro.<\/li>\n<li><strong>Sector da sa\u00fade<\/strong>: No sector da sa\u00fade, o c\u00f3digo Aztec \u00e9 utilizado para a etiquetagem de amostras e a gest\u00e3o de registos m\u00e9dicos.<\/li>\n<li><strong>Marketing e promo\u00e7\u00f5es<\/strong>: Pode ser incorporado em materiais promocionais, ligando os clientes a conte\u00fados multim\u00e9dia ou p\u00e1ginas Web.<\/li>\n<\/ul>\n<div class=\"column-clear\"><\/div>\n<h2>S\u00edmbolo do c\u00f3digo Aztec<\/h2>\n<p><img decoding=\"async\" src=\"https:\/\/www.labeljoy.com\/wp-content\/uploads\/2023\/10\/barcode-aztec.jpg\" title=\"S\u00edmbolo do c\u00f3digo Aztec\" width=\"168px\" height=\"151px\"><br \/>\nO c\u00f3digo Aztec \u00e9 um tipo de c\u00f3digo bidimensional (2D) que utiliza uma matriz quadrada de pontos ou c\u00e9lulas denominada &#8220;m\u00f3dulo&#8221; para representar dados. A estrutura b\u00e1sica do c\u00f3digo Aztec consiste em v\u00e1rias partes principais:<\/p>\n<ol>\n<li><strong>\u00c1rea Central (Central Area)<\/strong>: A \u00e1rea central do c\u00f3digo Aztec consiste num m\u00f3dulo em forma de quadrado dentro do qual os dados s\u00e3o codificados. Este m\u00f3dulo pode variar de tamanho consoante a quantidade de dados a armazenar.<\/li>\n<li><strong>Borda exterior  (Outer Border)<\/strong>: Ao redor da \u00e1rea central, h\u00e1 uma borda externa que consiste em uma s\u00e9rie de &#8220;an\u00e9is&#8221; conc\u00eantricos de m\u00f3dulos. Estes an\u00e9is servem para definir os limites do c\u00f3digo de barras e fornecem uma refer\u00eancia para a leitura.<\/li>\n<li><strong>Pontos de refer\u00eancia (Finder Patterns)<\/strong>: No interior da fronteira exterior, existem m\u00f3dulos especiais conhecidos como &#8220;pontos de refer\u00eancia&#8221; ou &#8220;finder patterns&#8221; que ajudam os leitores de c\u00f3digos de barras a localizar e descodificar o c\u00f3digo Aztec. Estes pontos de refer\u00eancia t\u00eam uma configura\u00e7\u00e3o espec\u00edfica e s\u00e3o colocados em locais-chave dentro da borda exterior.<\/li>\n<li><strong>Zona de emiss\u00e3o (Quiet Zone)<\/strong>: Antes da borda exterior, existe uma &#8220;zona de sil\u00eancio&#8221; ou &#8220;quiet zone&#8221; que deve estar livre de quaisquer outros elementos visuais ou interfer\u00eancias. Esta zona permite aos leitores de c\u00f3digos de barras distinguir claramente o c\u00f3digo Aztec do fundo circundante.<\/li>\n<li><strong>Informa\u00e7\u00f5es de corre\u00e7\u00e3o de erros<\/strong>: O c\u00f3digo Aztec pode incluir informa\u00e7\u00f5es sobre a corre\u00e7\u00e3o de erros que permitem recuperar os dados mesmo que o c\u00f3digo seja parcialmente danificado. Estas informa\u00e7\u00f5es de corre\u00e7\u00e3o de erros s\u00e3o geralmente armazenadas em m\u00f3dulos espec\u00edficos dentro do c\u00f3digo.<\/li>\n<li><strong>Dados codificados<\/strong>: A parte principal do c\u00f3digo Aztec \u00e9 a matriz de m\u00f3dulos na \u00e1rea central. Os dados s\u00e3o codificados dentro desta matriz de acordo com um algoritmo espec\u00edfico, que pode incluir texto, n\u00fameros, liga\u00e7\u00f5es Web ou outros tipos de informa\u00e7\u00e3o.<\/li>\n<\/ol>\n<p>A estrutura do <strong>c\u00f3digo Aztec \u00e9 altamente configur\u00e1vel<\/strong> e pode ser personalizada para se adaptar \u00e0s necessidades espec\u00edficas de cada aplica\u00e7\u00e3o. O tamanho da matriz, o n\u00famero de pontos de refer\u00eancia, a densidade de dados e outras caracter\u00edsticas podem ser ajustados para otimizar o desempenho e a capacidade de armazenamento do c\u00f3digo Aztec.<\/p>\n<div class=\"column-clear\"><\/div>\n<div class=\"tt-notification tip\"><p style=\"font-size:13px;\">\nO c\u00f3digo Aztec \u00e9 conhecido pela sua leitura fi\u00e1vel, mesmo em condi\u00e7\u00f5es n\u00e3o \u00f3ptimas.<br \/>\n<\/p><\/div>\n<div class=\"hr hr-dotted\">&nbsp;<\/div>\n<div class=\"one_half\">\n<p style=\"text-align: right\"><a href=\"https:\/\/www.labeljoy.com\/pt-pt\/compra\/\" class=\"large blue tt-button\" target=\"_self\">Comprar gerador do c\u00f3digo Aztec<\/a>\n<\/div>\n<div class=\"one_half\">\n<p style=\"text-align: left\">&nbsp;&nbsp; &nbsp;&nbsp;<a href=\"https:\/\/www.labeljoy.com\/pt-pt\/download-pt\/\" class=\"large green tt-button\" target=\"_self\">Download vers\u00e3o gratuita<\/a>\n<\/div>\n","protected":false},"excerpt":{"rendered":"<p>C\u00f3digo Aztec O c\u00f3digo Aztec \u00e9 uma forma avan\u00e7ada de c\u00f3digo de barras bidimensional (2D) conhecida pela sua capacidade de armazenar grandes quantidades de dados num espa\u00e7o relativamente pequeno. Foi originalmente desenvolvido pela empresa americana Honeywell e difundiu-se amplamente numa variedade de aplica\u00e7\u00f5es, incluindo as relacionadas com a etiquetagem e a rastreabilidade. Principais caracter\u00edsticas do &#8230; <a title=\"Aztec\" class=\"read-more\" href=\"https:\/\/www.labeljoy.com\/pt-pt\/suporte\/guia-codigo-de-barras\/aztec\/\" aria-label=\"Leia mais sobre Aztec\">Read more<\/a><\/p>\n","protected":false},"author":8,"featured_media":0,"parent":3371,"menu_order":0,"comment_status":"closed","ping_status":"closed","template":"","meta":{"inline_featured_image":false,"_monsterinsights_skip_tracking":false,"_monsterinsights_sitenote_active":false,"_monsterinsights_sitenote_note":"","_monsterinsights_sitenote_category":0,"footnotes":""},"class_list":{"0":"post-40131","1":"page","2":"type-page","3":"status-publish","5":"infinite-scroll-item"},"aioseo_notices":[],"_links":{"self":[{"href":"https:\/\/www.labeljoy.com\/pt-pt\/wp-json\/wp\/v2\/pages\/40131","targetHints":{"allow":["GET"]}}],"collection":[{"href":"https:\/\/www.labeljoy.com\/pt-pt\/wp-json\/wp\/v2\/pages"}],"about":[{"href":"https:\/\/www.labeljoy.com\/pt-pt\/wp-json\/wp\/v2\/types\/page"}],"author":[{"embeddable":true,"href":"https:\/\/www.labeljoy.com\/pt-pt\/wp-json\/wp\/v2\/users\/8"}],"replies":[{"embeddable":true,"href":"https:\/\/www.labeljoy.com\/pt-pt\/wp-json\/wp\/v2\/comments?post=40131"}],"version-history":[{"count":1,"href":"https:\/\/www.labeljoy.com\/pt-pt\/wp-json\/wp\/v2\/pages\/40131\/revisions"}],"predecessor-version":[{"id":40132,"href":"https:\/\/www.labeljoy.com\/pt-pt\/wp-json\/wp\/v2\/pages\/40131\/revisions\/40132"}],"up":[{"embeddable":true,"href":"https:\/\/www.labeljoy.com\/pt-pt\/wp-json\/wp\/v2\/pages\/3371"}],"wp:attachment":[{"href":"https:\/\/www.labeljoy.com\/pt-pt\/wp-json\/wp\/v2\/media?parent=40131"}],"curies":[{"name":"wp","href":"https:\/\/api.w.org\/{rel}","templated":true}]}}