{"id":41422,"date":"2024-09-06T14:09:12","date_gmt":"2024-09-06T14:09:12","guid":{"rendered":"https:\/\/www.labeljoy.com\/?page_id=41422"},"modified":"2024-09-06T14:09:12","modified_gmt":"2024-09-06T14:09:12","slug":"descarregue-a-sua-versao-do-labeljoy","status":"publish","type":"page","link":"https:\/\/www.labeljoy.com\/pt-pt\/descarregue-a-sua-versao-do-labeljoy\/","title":{"rendered":"Descarregue a sua vers\u00e3o do Labeljoy"},"content":{"rendered":"<style>\na#download_link {\n    color: #2d59a2;\n    margin-top: 20px;\n    display: inline-block;\n}\n<\/style>\n<p style=\"text-align: center;\">Introduza a sua chave de licen\u00e7a aqui e descarregue a \u00faltima vers\u00e3o dispon\u00edvel para si:<\/p>\n<div id=\"dlError\" class=\"tt-notification error\" style=\"display: none;\">\n<p>Praesent sed mauris turpis, at molestie enim<\/p>\n<\/div>\n<p style=\"text-align: center;\"><input id=\"dl_lang\" name=\"dl_lang\" type=\"hidden\" value=\"en\" \/><input id=\"dl_licence\" name=\"dl_licence\" type=\"text\" value=\"\" placeholder=\"xxxx-xxxx-xxxx-xxxx\" style=\"margin: 0 1em 0 0;\"\/> <input id=\"dl_my_version\" name=\"dl_my_version\" type=\"button\" value=\"Descarregar Agora\" \/><\/p>\n<div id=\"upgrade_notice\" style=\"display: none;\">\n<div class=\"tt-notification warning\">\n<p><strong>Ups, a sua subscri\u00e7\u00e3o perdeu a validade:(<\/strong><br \/>\nSe voc\u00ea quiser obter a \u00faltima vers\u00e3o do Labeljoy, dever\u00e1 renovar a sua subscri\u00e7\u00e3o.<\/p>\n<\/div>\n<h2>Para Qu\u00ea Renovar a sua Subscri\u00e7\u00e3o<\/h2>\n<p>Voc\u00ea deve manter sua c\u00f3pia do Labeljoy <strong>constantemente atualizada<\/strong>. Isso para acessar novos e aprimorados recursos, al\u00e9m de desfrutar do <strong>suporte ao cliente<\/strong> do Labeljoy.<\/p>\n<p>Se voc\u00ea n\u00e3o tiver tempo para lidar com isso, n\u00f3s faremos por voc\u00ea! Desenvolvemos constantemente <strong>fun\u00e7\u00f5es inovadoras<\/strong> e <strong>recursos adicionais<\/strong>, buscando oferecer um servi\u00e7o completo em todos os aspectos e ideal para o seu neg\u00f3cio.<\/p>\n<p>A melhor ferramenta para criar etiquetas, c\u00f3digos QR e c\u00f3digos de barras estar\u00e1 dispon\u00edvel para voc\u00ea em todo <strong>o seu potencial apenas<\/strong> com a vers\u00e3o mais recente do Labeljoy.<\/p>\n<h3 style=\"text-align: center;\">Renove a sua subscri\u00e7\u00e3o e descarregue a vers\u00e3o mais recente do Labeljoy<\/h3>\n<p style=\"text-align: center;\"><a href=\"#\" id=\"upgrade_button\" class=\"jumbo green tt-button\" title=\"Renovar a Minha Subscri\u00e7\u00e3o!\"> Renovar a Minha Subscri\u00e7\u00e3o! <\/a><br \/>\n<a id=\"download_link\" title=\"\" href=\"#\">N\u00e3o obrigado, descarregue a minha vers\u00e3o do Labeljoy<\/a><\/p>\n<\/div>\n<div style=\"margin-top: 10em\">\r\n<script type='text\/javascript'>\r\nvar dl_lang = \"pt-pt\";\r\nvar dl_error = new Array(\r\n   \"Por favor, preencha o campo da licen\u00e7a\",\r\n   \"Verifique por favor o formato do c\u00f3digo da licen\u00e7a\",\r\n   \"A licen\u00e7a n\u00e3o foi encontrada; por favor confirme-a de novo\",\r\n);\r\n<\/script>\r\n<\/div>\n","protected":false},"excerpt":{"rendered":"<p>Introduza a sua chave de licen\u00e7a aqui e descarregue a \u00faltima vers\u00e3o dispon\u00edvel para si: Praesent sed mauris turpis, at molestie enim Ups, a sua subscri\u00e7\u00e3o perdeu a validade:( Se voc\u00ea quiser obter a \u00faltima vers\u00e3o do Labeljoy, dever\u00e1 renovar a sua subscri\u00e7\u00e3o. Para Qu\u00ea Renovar a sua Subscri\u00e7\u00e3o Voc\u00ea deve manter sua c\u00f3pia do &#8230; <a title=\"Descarregue a sua vers\u00e3o do Labeljoy\" class=\"read-more\" href=\"https:\/\/www.labeljoy.com\/pt-pt\/descarregue-a-sua-versao-do-labeljoy\/\" aria-label=\"Leia mais sobre Descarregue a sua vers\u00e3o do Labeljoy\">Read more<\/a><\/p>\n","protected":false},"author":8,"featured_media":0,"parent":0,"menu_order":0,"comment_status":"closed","ping_status":"closed","template":"","meta":{"inline_featured_image":false,"_monsterinsights_skip_tracking":false,"_monsterinsights_sitenote_active":false,"_monsterinsights_sitenote_note":"","_monsterinsights_sitenote_category":0,"footnotes":""},"class_list":{"0":"post-41422","1":"page","2":"type-page","3":"status-publish","5":"infinite-scroll-item"},"aioseo_notices":[],"_links":{"self":[{"href":"https:\/\/www.labeljoy.com\/pt-pt\/wp-json\/wp\/v2\/pages\/41422","targetHints":{"allow":["GET"]}}],"collection":[{"href":"https:\/\/www.labeljoy.com\/pt-pt\/wp-json\/wp\/v2\/pages"}],"about":[{"href":"https:\/\/www.labeljoy.com\/pt-pt\/wp-json\/wp\/v2\/types\/page"}],"author":[{"embeddable":true,"href":"https:\/\/www.labeljoy.com\/pt-pt\/wp-json\/wp\/v2\/users\/8"}],"replies":[{"embeddable":true,"href":"https:\/\/www.labeljoy.com\/pt-pt\/wp-json\/wp\/v2\/comments?post=41422"}],"version-history":[{"count":2,"href":"https:\/\/www.labeljoy.com\/pt-pt\/wp-json\/wp\/v2\/pages\/41422\/revisions"}],"predecessor-version":[{"id":41427,"href":"https:\/\/www.labeljoy.com\/pt-pt\/wp-json\/wp\/v2\/pages\/41422\/revisions\/41427"}],"wp:attachment":[{"href":"https:\/\/www.labeljoy.com\/pt-pt\/wp-json\/wp\/v2\/media?parent=41422"}],"curies":[{"name":"wp","href":"https:\/\/api.w.org\/{rel}","templated":true}]}}