{"id":41730,"date":"2024-09-06T14:38:43","date_gmt":"2024-09-06T14:38:43","guid":{"rendered":"https:\/\/www.labeljoy.com\/suporte\/como-fazer\/creare-codici-a-barre-da-excel\/"},"modified":"2024-10-08T13:39:30","modified_gmt":"2024-10-08T13:39:30","slug":"criacao-de-codigos-de-barras-a-partir-do-excel","status":"publish","type":"page","link":"https:\/\/www.labeljoy.com\/pt-pt\/suporte\/como-fazer\/criacao-de-codigos-de-barras-a-partir-do-excel\/","title":{"rendered":"Cria\u00e7\u00e3o de c\u00f3digos de barras a partir do Excel"},"content":{"rendered":"<h1>Cria\u00e7\u00e3o de c\u00f3digos de barras a partir do Excel<\/h1>\n<p><b>Labeljoy <\/b><span style=\"font-weight: 400;\">\u00e9 um software especializado em c\u00f3digos de barras.<\/span><\/p>\n<p><span style=\"font-weight: 400;\">Para gerar um <\/span><b>c\u00f3digo de barras<\/b><span style=\"font-weight: 400;\">, selecione o tipo de c\u00f3digo de barras desejado e introduza a sequ\u00eancia de dados, que pode ser num\u00e9rica ou alfanum\u00e9rica.<\/span><\/p>\n<p><span style=\"font-weight: 400;\">Estes dados podem ser introduzidos manualmente ou importados de fontes externas, como um ficheiro Excel ou bases de dados como MySQL e Oracle, entre outras.<\/span><\/p>\n<p><span style=\"font-weight: 400;\">Excel, devido \u00e0 sua facilidade de utiliza\u00e7\u00e3o, flexibilidade e capacidade de processamento, \u00e9 muito utilizado nas empresas para criar listas de pre\u00e7os, cat\u00e1logos e diret\u00f3rios.<\/span> <span style=\"font-weight: 400;\"> \u00a0 \u00a0 \u00a0 \u00a0 \u00a0 \u00a0 Mas tamb\u00e9m \u00e9 poss\u00edvel obter ficheiros em formato Excel com softwares alternativos como o OpenOffice, Google Sheets, entre outros, sem necessariamente ter que adquirir o pacote Office.\u00a0\u00a0<\/span><\/p>\n<p><span style=\"font-weight: 400;\">Este breve tutorial mostrar\u00e1 como combinar o uso do <\/span><b>Excel com o Labeljoy <\/b><span style=\"font-weight: 400;\">\u00e9 mais eficaz para criar e imprimir etiquetas de c\u00f3digo de barras.<\/span><\/p>\n<p><span style=\"color: #474f55; font-family: inherit; font-size: 36px; font-style: inherit; font-weight: 600; background-color: var(--base-3);\">O ficheiro Excel e a liga\u00e7\u00e3o \u00e0 fonte de dados<\/span><\/p>\n<p><span style=\"font-weight: 400;\">Come\u00e7ando com a folha de Excel para criar etiquetas de produtos com c\u00f3digos de barras: <\/span> <span style=\"font-weight: 400;\">Para este exemplo, vamos utilizar o EAN 13 (GTIN-13); por isso, h\u00e1 uma coluna que cont\u00e9m uma s\u00e9rie de n\u00fameros (cadeia de 12 d\u00edgitos para ser exato), uma coluna de pre\u00e7o e uma coluna para a descri\u00e7\u00e3o do item.\u00a0 <\/span><\/p>\n<p><a href=\"https:\/\/www.labeljoy.com\/wp-content\/uploads\/2024\/10\/Screenshot_48.jpg\"><img decoding=\"async\" class=\"alignnone wp-image-41616 size-full\" src=\"https:\/\/www.labeljoy.com\/wp-content\/uploads\/2024\/10\/Screenshot_48.jpg\" alt=\"Cria\u00e7\u00e3o de c\u00f3digos de barras a partir do Excel\" width=\"795\" height=\"328\" srcset=\"https:\/\/www.labeljoy.com\/wp-content\/uploads\/2024\/10\/Screenshot_48.jpg 795w, https:\/\/www.labeljoy.com\/wp-content\/uploads\/2024\/10\/Screenshot_48-300x124.jpg 300w, https:\/\/www.labeljoy.com\/wp-content\/uploads\/2024\/10\/Screenshot_48-768x317.jpg 768w\" sizes=\"(max-width: 795px) 100vw, 795px\" \/><\/a><\/p>\n<p><span style=\"font-weight: 400;\">O passo seguinte \u00e9 criar uma liga\u00e7\u00e3o de dados; selecione Excel e prossiga.<\/span><\/p>\n<p><a href=\"https:\/\/www.labeljoy.com\/wp-content\/uploads\/2024\/10\/STEP1-2.jpg\"><img decoding=\"async\" class=\"alignnone wp-image-41803 size-full\" src=\"https:\/\/www.labeljoy.com\/wp-content\/uploads\/2024\/10\/STEP1-2.jpg\" alt=\"Cria\u00e7\u00e3o de c\u00f3digos de barras a partir do Excel\" width=\"698\" height=\"602\" srcset=\"https:\/\/www.labeljoy.com\/wp-content\/uploads\/2024\/10\/STEP1-2.jpg 698w, https:\/\/www.labeljoy.com\/wp-content\/uploads\/2024\/10\/STEP1-2-300x259.jpg 300w\" sizes=\"(max-width: 698px) 100vw, 698px\" \/><\/a><\/p>\n<p><span style=\"font-weight: 400;\">No seguinte ecr\u00e3, escolha o ficheiro para a liga\u00e7\u00e3o de dados dentro deste projeto Labeljoy.<\/span><\/p>\n<p><a href=\"https:\/\/www.labeljoy.com\/wp-content\/uploads\/2024\/10\/STEP2-2.jpg\"><img decoding=\"async\" class=\"alignnone wp-image-41794 size-full\" src=\"https:\/\/www.labeljoy.com\/wp-content\/uploads\/2024\/10\/STEP2-2.jpg\" alt=\"Cria\u00e7\u00e3o de c\u00f3digos de barras a partir do Excel\" width=\"698\" height=\"599\" srcset=\"https:\/\/www.labeljoy.com\/wp-content\/uploads\/2024\/10\/STEP2-2.jpg 698w, https:\/\/www.labeljoy.com\/wp-content\/uploads\/2024\/10\/STEP2-2-300x257.jpg 300w\" sizes=\"(max-width: 698px) 100vw, 698px\" \/><\/a><\/p>\n<p><span style=\"font-weight: 400;\">Se a primeira linha do seu ficheiro contiver os nomes das colunas (cabe\u00e7alhos), selecione a primeira op\u00e7\u00e3o; se n\u00e3o houver nomes de colunas, ser\u00e3o utilizados os nomes predefinidos da folha de Excel (op\u00e7\u00e3o 2).<\/span><\/p>\n<p><a href=\"https:\/\/www.labeljoy.com\/wp-content\/uploads\/2024\/10\/STEP3-2.jpg\"><img decoding=\"async\" class=\"alignnone wp-image-41785 size-full\" src=\"https:\/\/www.labeljoy.com\/wp-content\/uploads\/2024\/10\/STEP3-2.jpg\" alt=\"Cria\u00e7\u00e3o de c\u00f3digos de barras a partir do Excel\" width=\"698\" height=\"602\" srcset=\"https:\/\/www.labeljoy.com\/wp-content\/uploads\/2024\/10\/STEP3-2.jpg 698w, https:\/\/www.labeljoy.com\/wp-content\/uploads\/2024\/10\/STEP3-2-300x259.jpg 300w\" sizes=\"(max-width: 698px) 100vw, 698px\" \/><\/a><\/p>\n<p><span style=\"font-weight: 400;\">Neste ponto, basta clicar em Pr\u00f3ximo at\u00e9 chegar ao ecr\u00e3 seguinte.<\/span><\/p>\n<p><a href=\"https:\/\/www.labeljoy.com\/wp-content\/uploads\/2024\/10\/STEP4-2.jpg\"><img decoding=\"async\" class=\"alignnone wp-image-41776 size-full\" src=\"https:\/\/www.labeljoy.com\/wp-content\/uploads\/2024\/10\/STEP4-2.jpg\" alt=\"Cria\u00e7\u00e3o de c\u00f3digos de barras a partir do Excel\" width=\"698\" height=\"600\" srcset=\"https:\/\/www.labeljoy.com\/wp-content\/uploads\/2024\/10\/STEP4-2.jpg 698w, https:\/\/www.labeljoy.com\/wp-content\/uploads\/2024\/10\/STEP4-2-300x258.jpg 300w\" sizes=\"(max-width: 698px) 100vw, 698px\" \/><\/a><\/p>\n<p><span style=\"font-weight: 400;\">Esta \u00e9 a pr\u00e9-visualiza\u00e7\u00e3o dos dados que ser\u00e3o carregados nas etiquetas; ser\u00e1 ent\u00e3o criada uma etiqueta para cada linha da lista.<\/span><\/p>\n<p><span style=\"font-weight: 400;\">Quando o assistente terminar, voltar\u00e1 ao ecr\u00e3 principal do software Labeljoy e ver\u00e1 que o n\u00famero de etiquetas criadas \u00e9 igual ao n\u00famero de linhas na folha do Excel.<\/span><\/p>\n<p><a href=\"https:\/\/www.labeljoy.com\/wp-content\/uploads\/2024\/10\/STEP5-2.jpg\"><img decoding=\"async\" class=\"alignnone wp-image-41767 size-full\" src=\"https:\/\/www.labeljoy.com\/wp-content\/uploads\/2024\/10\/STEP5-2.jpg\" alt=\"Cria\u00e7\u00e3o de c\u00f3digos de barras a partir do Excel\" width=\"1652\" height=\"864\" srcset=\"https:\/\/www.labeljoy.com\/wp-content\/uploads\/2024\/10\/STEP5-2.jpg 1652w, https:\/\/www.labeljoy.com\/wp-content\/uploads\/2024\/10\/STEP5-2-300x157.jpg 300w, https:\/\/www.labeljoy.com\/wp-content\/uploads\/2024\/10\/STEP5-2-1024x536.jpg 1024w, https:\/\/www.labeljoy.com\/wp-content\/uploads\/2024\/10\/STEP5-2-768x402.jpg 768w, https:\/\/www.labeljoy.com\/wp-content\/uploads\/2024\/10\/STEP5-2-1536x803.jpg 1536w\" sizes=\"(max-width: 1652px) 100vw, 1652px\" \/><\/a><\/p>\n<h2 style=\"margin-top: 2em;\">Como ligar os dados do Excel aos elementos da etiqueta Labeljoy<\/h2>\n<p><span style=\"font-weight: 400;\">Existem v\u00e1rias formas de ligar os dados, aqui est\u00e1 um exemplo simples.<\/span><\/p>\n<p><a href=\"https:\/\/www.labeljoy.com\/wp-content\/uploads\/2024\/10\/STEP6-2.jpg\"><img decoding=\"async\" class=\"alignnone wp-image-41758 size-full\" src=\"https:\/\/www.labeljoy.com\/wp-content\/uploads\/2024\/10\/STEP6-2.jpg\" alt=\"Cria\u00e7\u00e3o de c\u00f3digos de barras a partir do Excel\" width=\"912\" height=\"550\" srcset=\"https:\/\/www.labeljoy.com\/wp-content\/uploads\/2024\/10\/STEP6-2.jpg 912w, https:\/\/www.labeljoy.com\/wp-content\/uploads\/2024\/10\/STEP6-2-300x181.jpg 300w, https:\/\/www.labeljoy.com\/wp-content\/uploads\/2024\/10\/STEP6-2-768x463.jpg 768w\" sizes=\"(max-width: 912px) 100vw, 912px\" \/><\/a><\/p>\n<p><span style=\"font-weight: 400;\">As setas vermelhas indicam a utiliza\u00e7\u00e3o dos campos (Colunas do Excel). Dentro dos campos h\u00e1 uma coluna chamada NAME e \u00e0 direita est\u00e1 indicado um dos primeiros elementos introduzidos (elemento de texto).<\/span><\/p>\n<p><span style=\"font-weight: 400;\">Nesta etapa basta selecionar o campo NAME para obter o seguinte.<\/span><\/p>\n<p><a href=\"https:\/\/www.labeljoy.com\/wp-content\/uploads\/2024\/10\/STEP7-2.jpg\"><img decoding=\"async\" class=\"alignnone wp-image-41749 size-full\" src=\"https:\/\/www.labeljoy.com\/wp-content\/uploads\/2024\/10\/STEP7-2.jpg\" alt=\"Cria\u00e7\u00e3o de c\u00f3digos de barras a partir do Excel\" width=\"912\" height=\"600\" srcset=\"https:\/\/www.labeljoy.com\/wp-content\/uploads\/2024\/10\/STEP7-2.jpg 912w, https:\/\/www.labeljoy.com\/wp-content\/uploads\/2024\/10\/STEP7-2-300x197.jpg 300w, https:\/\/www.labeljoy.com\/wp-content\/uploads\/2024\/10\/STEP7-2-768x505.jpg 768w\" sizes=\"(max-width: 912px) 100vw, 912px\" \/><\/a><\/p>\n<p><span style=\"font-weight: 400;\">Agora siga o mesmo procedimento para o elemento C\u00f3digo de Barras, selecione o EAN 13 e associe-lhe o campo BARCODE, obtendo o resultado na imagem abaixo.<\/span><\/p>\n<p><a href=\"https:\/\/www.labeljoy.com\/wp-content\/uploads\/2024\/10\/STEP8-2.jpg\"><img decoding=\"async\" class=\"alignnone wp-image-41740 size-full\" src=\"https:\/\/www.labeljoy.com\/wp-content\/uploads\/2024\/10\/STEP8-2.jpg\" alt=\"Cria\u00e7\u00e3o de c\u00f3digos de barras a partir do Excel\" width=\"908\" height=\"632\" srcset=\"https:\/\/www.labeljoy.com\/wp-content\/uploads\/2024\/10\/STEP8-2.jpg 908w, https:\/\/www.labeljoy.com\/wp-content\/uploads\/2024\/10\/STEP8-2-300x209.jpg 300w, https:\/\/www.labeljoy.com\/wp-content\/uploads\/2024\/10\/STEP8-2-768x535.jpg 768w\" sizes=\"(max-width: 908px) 100vw, 908px\" \/><\/a><\/p>\n<p><span style=\"font-weight: 400;\">Als laatste stap maak je een extra tekstelement en koppel je het veld PRICE eraan. Aangezien dit een prijselement is, zou het nodig zijn om de opmaak aan te passen en een valuta te kiezen.<\/span><\/p>\n<p><a href=\"https:\/\/www.labeljoy.com\/wp-content\/uploads\/2024\/10\/STEP9-2.jpg\"><img decoding=\"async\" class=\"alignnone wp-image-41731 size-full\" src=\"https:\/\/www.labeljoy.com\/wp-content\/uploads\/2024\/10\/STEP9-2.jpg\" alt=\"Cria\u00e7\u00e3o de c\u00f3digos de barras a partir do Excel\" width=\"787\" height=\"761\" srcset=\"https:\/\/www.labeljoy.com\/wp-content\/uploads\/2024\/10\/STEP9-2.jpg 787w, https:\/\/www.labeljoy.com\/wp-content\/uploads\/2024\/10\/STEP9-2-300x290.jpg 300w, https:\/\/www.labeljoy.com\/wp-content\/uploads\/2024\/10\/STEP9-2-768x743.jpg 768w\" sizes=\"(max-width: 787px) 100vw, 787px\" \/><\/a><\/p>\n","protected":false},"excerpt":{"rendered":"<p>Cria\u00e7\u00e3o de c\u00f3digos de barras a partir do Excel Labeljoy \u00e9 um software especializado em c\u00f3digos de barras. Para gerar um c\u00f3digo de barras, selecione o tipo de c\u00f3digo de barras desejado e introduza a sequ\u00eancia de dados, que pode ser num\u00e9rica ou alfanum\u00e9rica. Estes dados podem ser introduzidos manualmente ou importados de fontes externas, &#8230; <a title=\"Cria\u00e7\u00e3o de c\u00f3digos de barras a partir do Excel\" class=\"read-more\" href=\"https:\/\/www.labeljoy.com\/pt-pt\/suporte\/como-fazer\/criacao-de-codigos-de-barras-a-partir-do-excel\/\" aria-label=\"Leia mais sobre Cria\u00e7\u00e3o de c\u00f3digos de barras a partir do Excel\">Read more<\/a><\/p>\n","protected":false},"author":8,"featured_media":0,"parent":3366,"menu_order":0,"comment_status":"closed","ping_status":"closed","template":"","meta":{"inline_featured_image":false,"_monsterinsights_skip_tracking":false,"_monsterinsights_sitenote_active":false,"_monsterinsights_sitenote_note":"","_monsterinsights_sitenote_category":0,"footnotes":""},"class_list":{"0":"post-41730","1":"page","2":"type-page","3":"status-publish","5":"infinite-scroll-item"},"aioseo_notices":[],"_links":{"self":[{"href":"https:\/\/www.labeljoy.com\/pt-pt\/wp-json\/wp\/v2\/pages\/41730","targetHints":{"allow":["GET"]}}],"collection":[{"href":"https:\/\/www.labeljoy.com\/pt-pt\/wp-json\/wp\/v2\/pages"}],"about":[{"href":"https:\/\/www.labeljoy.com\/pt-pt\/wp-json\/wp\/v2\/types\/page"}],"author":[{"embeddable":true,"href":"https:\/\/www.labeljoy.com\/pt-pt\/wp-json\/wp\/v2\/users\/8"}],"replies":[{"embeddable":true,"href":"https:\/\/www.labeljoy.com\/pt-pt\/wp-json\/wp\/v2\/comments?post=41730"}],"version-history":[{"count":5,"href":"https:\/\/www.labeljoy.com\/pt-pt\/wp-json\/wp\/v2\/pages\/41730\/revisions"}],"predecessor-version":[{"id":41923,"href":"https:\/\/www.labeljoy.com\/pt-pt\/wp-json\/wp\/v2\/pages\/41730\/revisions\/41923"}],"up":[{"embeddable":true,"href":"https:\/\/www.labeljoy.com\/pt-pt\/wp-json\/wp\/v2\/pages\/3366"}],"wp:attachment":[{"href":"https:\/\/www.labeljoy.com\/pt-pt\/wp-json\/wp\/v2\/media?parent=41730"}],"curies":[{"name":"wp","href":"https:\/\/api.w.org\/{rel}","templated":true}]}}