{"id":42580,"date":"2024-11-08T09:41:31","date_gmt":"2024-11-08T09:41:31","guid":{"rendered":"https:\/\/www.labeljoy.com\/pourquoi-choisir-la-version-originale-de-labeljoy\/"},"modified":"2024-11-15T13:04:09","modified_gmt":"2024-11-15T13:04:09","slug":"porque-escolher-o-labeljoy-original","status":"publish","type":"page","link":"https:\/\/www.labeljoy.com\/pt-pt\/porque-escolher-o-labeljoy-original\/","title":{"rendered":"Porqu\u00ea escolher o Labeljoy original?"},"content":{"rendered":"\n<p>Utilizar vers\u00f5es pirateadas, descarregadas ilegalmente ou activadas por crack de software como o <strong>Labeljoy Barcode Software<\/strong> pode parecer uma forma f\u00e1cil de poupar dinheiro. Na verdade, esta escolha acarreta <strong>riscos significativos<\/strong> dos quais deve estar ciente. Saiba por que raz\u00e3o <strong>evitar vers\u00f5es pirateadas do Labeljoy <\/strong>\u00e9 a escolha mais segura.<\/p>\n\n\n\n<figure class=\"gb-block-image gb-block-image-306c912b\"><img decoding=\"async\" width=\"1000\" height=\"490\" class=\"gb-image gb-image-306c912b\" src=\"https:\/\/www.labeljoy.com\/wp-content\/uploads\/2024\/11\/labeljoy-no-piracy.jpg\" alt=\"labeljoy-no-piracy\" title=\"Porqu\u00ea escolher o Labeljoy original?\" srcset=\"https:\/\/www.labeljoy.com\/wp-content\/uploads\/2024\/11\/labeljoy-no-piracy.jpg 1000w, https:\/\/www.labeljoy.com\/wp-content\/uploads\/2024\/11\/labeljoy-no-piracy-300x147.jpg 300w, https:\/\/www.labeljoy.com\/wp-content\/uploads\/2024\/11\/labeljoy-no-piracy-768x376.jpg 768w\" sizes=\"(max-width: 1000px) 100vw, 1000px\" \/><\/figure>\n\n\n\n<h2 class=\"gb-headline gb-headline-de2ea2cd gb-headline-text\">Riscos de seguran\u00e7a do software pirata<\/h2>\n\n\n\n<p>O software pirateado \u00e9 frequentemente um vetor de <strong>v\u00edrus<\/strong> e <strong>malware<\/strong> que pode comprometer o seu computador e colocar os seus <strong>dados pessoais<\/strong> em risco. As vers\u00f5es pirateadas do Labeljoy podem conter amea\u00e7as ocultas com o risco de:<\/p>\n\n\n\n<ul class=\"wp-block-list\">\n<li>Detetar e <strong>roubar dados sens\u00edveis<\/strong>.<\/li>\n\n\n\n<li><strong>Danificar<\/strong> ficheiros do sistema.<\/li>\n\n\n\n<li>Transformar o seu dispositivo num \u201c<strong>zombie<\/strong>\u201d para actividades online maliciosas.<\/li>\n<\/ul>\n\n\n\n<p><strong>Labeljoy<\/strong> protege os ficheiros criados por utilizadores leg\u00edtimos com sistemas de seguran\u00e7a avan\u00e7ados. Cada ficheiro \u00e9 marcado de forma invis\u00edvel e torna-se inutiliz\u00e1vel se for gerado ilegalmente. Isto significa que os utilizadores de software pirateado podem descobrir apenas no final que o seu trabalho n\u00e3o serviu <strong>para nada<\/strong>.<\/p>\n\n\n\n<h3 class=\"gb-headline gb-headline-edf9094a gb-headline-text\">Risco de perda de dados<\/h3>\n\n\n\n<p>As <strong>vers\u00f5es piratas <\/strong>do<strong> Labeljoy<\/strong> e de outro software s\u00e3o inst\u00e1veis e podem causar a<strong> perda de documentos importantes<\/strong>, fotografias e outros dados valiosos. A utiliza\u00e7\u00e3o de software pirateado representa um risco de seguran\u00e7a significativo para as suas informa\u00e7\u00f5es pessoais.<\/p>\n\n\n\n<h3 class=\"gb-headline gb-headline-d6775a31 gb-headline-text\">Consequ\u00eancias jur\u00eddicas e problemas de assist\u00eancia<\/h3>\n\n\n\n<h4 class=\"gb-headline gb-headline-b09eb3c0 gb-headline-text\">Infra\u00e7\u00e3o da lei<\/h4>\n\n\n\n<p>Descarregar e utilizar <strong>software ilegal<\/strong> constitui uma infra\u00e7\u00e3o da lei e pode levar a muitos <strong>problemas legais<\/strong> graves. Escolher uma vers\u00e3o legal do Labeljoy garante a sua <strong>tranquilidade<\/strong> ao evitar potenciais medidas punitivas.<\/p>\n\n\n\n<h4 class=\"gb-headline gb-headline-fc4f00af gb-headline-text\">Sem assist\u00eancia t\u00e9cnica ou suporte<\/h4>\n\n\n\n<p>Ao utilizar software pirata, <strong>n\u00e3o ter\u00e1 acesso<\/strong> ao servi\u00e7o de <strong>suporte ao cliente ou t\u00e9cnico<\/strong>. Se surgirem problemas, estes ter\u00e3o de ser resolvidos sozinho, desperdi\u00e7ando <strong>tempo e recursos<\/strong>.<\/p>\n\n\n\n<h3 class=\"gb-headline gb-headline-6b64d108 gb-headline-text\">Problemas de desempenho e danos \u00e0 reputa\u00e7\u00e3o<\/h3>\n\n\n\n<h4 class=\"gb-headline gb-headline-01af2324 gb-headline-text\">Lentid\u00e3o e instabilidade do computador<\/h4>\n\n\n\n<p>Os programas pirateados est\u00e3o frequentemente contaminados com <strong>erros<\/strong> e abrandam o desempenho do seu dispositivo. A utiliza\u00e7\u00e3o de uma vers\u00e3o pirata do Labeljoy pode causar <strong>mau funcionamento<\/strong> do sistema e <strong>problemas de estabilidade<\/strong>.<\/p>\n\n\n\n<h4 class=\"gb-headline gb-headline-e83e1d3c gb-headline-text\">Risco para a reputa\u00e7\u00e3o da empresa<\/h4>\n\n\n\n<p>A utiliza\u00e7\u00e3o de <strong>software pirateado<\/strong> representa um risco para a <strong>reputa\u00e7\u00e3o corporativa<\/strong> das empresas. A ado\u00e7\u00e3o de solu\u00e7\u00f5es n\u00e3o autorizadas pode criar uma imagem negativa e prejudicar a <strong>confian\u00e7a dos clientes<\/strong>.<\/p>\n\n\n\n<figure class=\"gb-block-image gb-block-image-89cd1315\"><img decoding=\"async\" width=\"1280\" height=\"731\" class=\"gb-image gb-image-89cd1315\" src=\"https:\/\/www.labeljoy.com\/wp-content\/uploads\/2024\/11\/img-2.jpg\" alt=\"computer-software-original\" title=\"Porqu\u00ea escolher o Labeljoy original\" srcset=\"https:\/\/www.labeljoy.com\/wp-content\/uploads\/2024\/11\/img-2.jpg 1280w, https:\/\/www.labeljoy.com\/wp-content\/uploads\/2024\/11\/img-2-300x171.jpg 300w, https:\/\/www.labeljoy.com\/wp-content\/uploads\/2024\/11\/img-2-1024x585.jpg 1024w, https:\/\/www.labeljoy.com\/wp-content\/uploads\/2024\/11\/img-2-768x439.jpg 768w\" sizes=\"(max-width: 1280px) 100vw, 1280px\" \/><\/figure>\n\n\n\n<h2 class=\"gb-headline gb-headline-6b9c87d1 gb-headline-text\">Porqu\u00ea escolher o Labeljoy original<\/h2>\n\n\n\n<p>A compra de uma vers\u00e3o original do software de <strong>Labeljoy Barcode Software<\/strong> \u00e9 um investimento em seguran\u00e7a e efici\u00eancia. Os benef\u00edcios incluem:<\/p>\n\n\n\n<ul class=\"wp-block-list\">\n<li><strong>Seguran\u00e7a<\/strong>: a vers\u00e3o original do Labeljoy est\u00e1 protegida e actualizada, mantendo o seu sistema a salvo de <strong>malware<\/strong>.<\/li>\n\n\n\n<li><strong>Fiabilidade<\/strong>: o software original funciona de forma est\u00e1vel, sem<strong> lentid\u00e3o <\/strong>ou erros.<\/li>\n\n\n\n<li><strong>Assist\u00eancia ao cliente<\/strong>: sempre que necess\u00e1rio, pode contar com um <strong>servi\u00e7o de assist\u00eancia ao cliente<\/strong> qualificado.<\/li>\n\n\n\n<li><strong>Legitimidade<\/strong>: utilizar software original permite-lhe cumprir a lei e trabalhar com <strong>tranquilidade<\/strong>.<\/li>\n\n\n\n<li><strong>Suporte ao programador<\/strong>: ao escolher a vers\u00e3o legal, est\u00e1 a apoiar o trabalho dos programadores e a incentivar as <strong>melhorias<\/strong> e<strong> inova\u00e7\u00f5es<\/strong> do software.<\/li>\n<\/ul>\n\n\n\n<h2 class=\"gb-headline gb-headline-3b76b7a7 gb-headline-text\">Investir num software original \u00e9 a escolha acertada<\/h2>\n\n\n\n<p>Em resumo, investir na vers\u00e3o aut\u00eantica do <strong>Labeljoy <\/strong>n\u00e3o s\u00f3 o protege dos riscos de <strong>malware <\/strong>e <strong>perda de dados<\/strong>, como tamb\u00e9m lhe garante assist\u00eancia e apoio t\u00e9cnico. Agora, para a sua <strong>tranquilidade <\/strong>e<strong> produtividade<\/strong>, merece a seguran\u00e7a e a fiabilidade que s\u00f3 uma vers\u00e3o original pode oferecer.<\/p>\n","protected":false},"excerpt":{"rendered":"<p>Utilizar vers\u00f5es pirateadas, descarregadas ilegalmente ou activadas por crack de software como o Labeljoy Barcode Software pode parecer uma forma f\u00e1cil de poupar dinheiro. Na verdade, esta escolha acarreta riscos significativos dos quais deve estar ciente. Saiba por que raz\u00e3o evitar vers\u00f5es pirateadas do Labeljoy \u00e9 a escolha mais segura. Riscos de seguran\u00e7a do software &#8230; <a title=\"Porqu\u00ea escolher o Labeljoy original?\" class=\"read-more\" href=\"https:\/\/www.labeljoy.com\/pt-pt\/porque-escolher-o-labeljoy-original\/\" aria-label=\"Leia mais sobre Porqu\u00ea escolher o Labeljoy original?\">Read more<\/a><\/p>\n","protected":false},"author":18,"featured_media":42528,"parent":0,"menu_order":0,"comment_status":"closed","ping_status":"closed","template":"","meta":{"inline_featured_image":false,"_monsterinsights_skip_tracking":false,"_monsterinsights_sitenote_active":false,"_monsterinsights_sitenote_note":"","_monsterinsights_sitenote_category":0,"footnotes":""},"class_list":{"0":"post-42580","1":"page","2":"type-page","3":"status-publish","4":"has-post-thumbnail","6":"infinite-scroll-item"},"aioseo_notices":[],"_links":{"self":[{"href":"https:\/\/www.labeljoy.com\/pt-pt\/wp-json\/wp\/v2\/pages\/42580","targetHints":{"allow":["GET"]}}],"collection":[{"href":"https:\/\/www.labeljoy.com\/pt-pt\/wp-json\/wp\/v2\/pages"}],"about":[{"href":"https:\/\/www.labeljoy.com\/pt-pt\/wp-json\/wp\/v2\/types\/page"}],"author":[{"embeddable":true,"href":"https:\/\/www.labeljoy.com\/pt-pt\/wp-json\/wp\/v2\/users\/18"}],"replies":[{"embeddable":true,"href":"https:\/\/www.labeljoy.com\/pt-pt\/wp-json\/wp\/v2\/comments?post=42580"}],"version-history":[{"count":1,"href":"https:\/\/www.labeljoy.com\/pt-pt\/wp-json\/wp\/v2\/pages\/42580\/revisions"}],"predecessor-version":[{"id":42581,"href":"https:\/\/www.labeljoy.com\/pt-pt\/wp-json\/wp\/v2\/pages\/42580\/revisions\/42581"}],"wp:featuredmedia":[{"embeddable":true,"href":"https:\/\/www.labeljoy.com\/pt-pt\/wp-json\/wp\/v2\/media\/42528"}],"wp:attachment":[{"href":"https:\/\/www.labeljoy.com\/pt-pt\/wp-json\/wp\/v2\/media?parent=42580"}],"curies":[{"name":"wp","href":"https:\/\/api.w.org\/{rel}","templated":true}]}}