{"id":15581,"date":"2012-10-11T15:42:48","date_gmt":"2012-10-11T15:42:48","guid":{"rendered":"http:\/\/www.labeljoy.com\/?page_id=15581"},"modified":"2020-06-07T13:01:50","modified_gmt":"2020-06-07T13:01:50","slug":"failure-sv","status":"publish","type":"page","link":"https:\/\/www.labeljoy.com\/sv\/shop-sv\/failure-sv\/","title":{"rendered":"Failure SV"},"content":{"rendered":"\t\t\t<h2 class=\"entry-title\">Betalning nekad<\/h2>\n<p>Vi \u00e4r ledsna, PayPal har nekat din betalningsf\u00f6rfr\u00e5gan.<\/p>\n<p><strong>Ditt kreditkort har inte debiterats<\/strong> och din\n  order har makulerats.<\/p>\n<p>Du kan f\u00f6rs\u00f6ka igen eller, s\u00e5 fort\n  du har \u00e5tg\u00e4rdat hindret som orsakar problemet,\n  l\u00e4gga en ny order i v\u00e5r butik<\/p>","protected":false},"excerpt":{"rendered":"","protected":false},"author":2,"featured_media":0,"parent":15450,"menu_order":18,"comment_status":"open","ping_status":"closed","template":"","meta":{"inline_featured_image":false,"_monsterinsights_skip_tracking":false,"_monsterinsights_sitenote_active":false,"_monsterinsights_sitenote_note":"","_monsterinsights_sitenote_category":0,"footnotes":""},"class_list":{"0":"post-15581","1":"page","2":"type-page","3":"status-publish","5":"infinite-scroll-item"},"aioseo_notices":[],"_links":{"self":[{"href":"https:\/\/www.labeljoy.com\/sv\/wp-json\/wp\/v2\/pages\/15581","targetHints":{"allow":["GET"]}}],"collection":[{"href":"https:\/\/www.labeljoy.com\/sv\/wp-json\/wp\/v2\/pages"}],"about":[{"href":"https:\/\/www.labeljoy.com\/sv\/wp-json\/wp\/v2\/types\/page"}],"author":[{"embeddable":true,"href":"https:\/\/www.labeljoy.com\/sv\/wp-json\/wp\/v2\/users\/2"}],"replies":[{"embeddable":true,"href":"https:\/\/www.labeljoy.com\/sv\/wp-json\/wp\/v2\/comments?post=15581"}],"version-history":[{"count":3,"href":"https:\/\/www.labeljoy.com\/sv\/wp-json\/wp\/v2\/pages\/15581\/revisions"}],"predecessor-version":[{"id":33066,"href":"https:\/\/www.labeljoy.com\/sv\/wp-json\/wp\/v2\/pages\/15581\/revisions\/33066"}],"up":[{"embeddable":true,"href":"https:\/\/www.labeljoy.com\/sv\/wp-json\/wp\/v2\/pages\/15450"}],"wp:attachment":[{"href":"https:\/\/www.labeljoy.com\/sv\/wp-json\/wp\/v2\/media?parent=15581"}],"curies":[{"name":"wp","href":"https:\/\/api.w.org\/{rel}","templated":true}]}}