{"id":15601,"date":"2012-10-11T15:25:29","date_gmt":"2012-10-11T15:25:29","guid":{"rendered":"http:\/\/www.labeljoy.com\/?page_id=15601"},"modified":"2020-06-07T13:01:58","modified_gmt":"2020-06-07T13:01:58","slug":"wiretransfer-sv","status":"publish","type":"page","link":"https:\/\/www.labeljoy.com\/sv\/shop-sv\/wiretransfer-sv\/","title":{"rendered":"Wire Transfer SV"},"content":{"rendered":"\t<h2 class=\"entry-title\">Tack f\u00f6r att du handlade hos oss!<\/h2>\n    <p>in order \u00e4r registrerad; du valde att betala med bank\u00f6verf\u00f6ring, d\u00e4rf\u00f6r kommer den hanteras manuellt s\u00e5 fort vi f\u00e5tt din betalning.<\/p>\n<p>\tF\u00f6retagets Namn: <br \/>\nF\u00f6retagets Adress: Delivery Tech Corp.<br \/>\nBankkonto: 4411 Morena Blvd #230 San Diego, CA 92117<br \/>\nClearing nummer: 610777168<br \/>\nSWIFT: 322271627<br \/>\nBank: CHASUS33<\/p>\n<p>V\u00e4nligen s\u00e4nd en kopia av din bank\u00f6verf\u00f6ring till:<br \/>\ne-post: Chase, <\/p>\n<p>\t<br \/>Om du inte f\u00e5tt n\u00e5gon bekr\u00e4ftelse fr\u00e5n oss, kontrollera dina skr\u00e4ppostmappar.<br \/>\n<strong>Kom ih\u00e5g att ange ditt ordernummer<\/strong> n\u00e4r du betalar med ditt bankkonto, detta f\u00f6r att vi ska kunna identifiera din betalning.<\/p>\n<p>\tom ih\u00e5g att internationella bankbetalningar brukar ta 4 till 6 dagar att slutf\u00f6ra; s\u00e5 fort din betalning \u00e4r \u00f6verf\u00f6rd till v\u00e5rt bankkonto s\u00e5 skickar vi registreringskoder f\u00f6r de produkter du k\u00f6pt samt fakturan.<\/p>","protected":false},"excerpt":{"rendered":"Tack f\u00f6r att du handlade hos oss! in order \u00e4r registrerad; du valde att betala med bank\u00f6verf\u00f6ring, d\u00e4rf\u00f6r kommer den hanteras manuellt s\u00e5 fort vi f\u00e5tt din betalning. F\u00f6retagets Namn: F\u00f6retagets Adress: Delivery Tech Corp. Bankkonto: 4411 Morena Blvd #230 San Diego, CA 92117 Clearing nummer: 610777168 SWIFT: 322271627 Bank: CHASUS33 V\u00e4nligen s\u00e4nd en kopia ... <a title=\"Wire Transfer SV\" class=\"read-more\" href=\"https:\/\/www.labeljoy.com\/sv\/shop-sv\/wiretransfer-sv\/\" aria-label=\"L\u00e4s mer om Wire Transfer SV\">Read more<\/a>","protected":false},"author":2,"featured_media":0,"parent":15450,"menu_order":19,"comment_status":"open","ping_status":"closed","template":"","meta":{"inline_featured_image":false,"_monsterinsights_skip_tracking":false,"_monsterinsights_sitenote_active":false,"_monsterinsights_sitenote_note":"","_monsterinsights_sitenote_category":0,"footnotes":""},"class_list":{"0":"post-15601","1":"page","2":"type-page","3":"status-publish","5":"infinite-scroll-item"},"aioseo_notices":[],"_links":{"self":[{"href":"https:\/\/www.labeljoy.com\/sv\/wp-json\/wp\/v2\/pages\/15601","targetHints":{"allow":["GET"]}}],"collection":[{"href":"https:\/\/www.labeljoy.com\/sv\/wp-json\/wp\/v2\/pages"}],"about":[{"href":"https:\/\/www.labeljoy.com\/sv\/wp-json\/wp\/v2\/types\/page"}],"author":[{"embeddable":true,"href":"https:\/\/www.labeljoy.com\/sv\/wp-json\/wp\/v2\/users\/2"}],"replies":[{"embeddable":true,"href":"https:\/\/www.labeljoy.com\/sv\/wp-json\/wp\/v2\/comments?post=15601"}],"version-history":[{"count":2,"href":"https:\/\/www.labeljoy.com\/sv\/wp-json\/wp\/v2\/pages\/15601\/revisions"}],"predecessor-version":[{"id":33075,"href":"https:\/\/www.labeljoy.com\/sv\/wp-json\/wp\/v2\/pages\/15601\/revisions\/33075"}],"up":[{"embeddable":true,"href":"https:\/\/www.labeljoy.com\/sv\/wp-json\/wp\/v2\/pages\/15450"}],"wp:attachment":[{"href":"https:\/\/www.labeljoy.com\/sv\/wp-json\/wp\/v2\/media?parent=15601"}],"curies":[{"name":"wp","href":"https:\/\/api.w.org\/{rel}","templated":true}]}}