{"id":15647,"date":"2012-10-15T13:07:53","date_gmt":"2012-10-15T13:07:53","guid":{"rendered":"http:\/\/www.labeljoy.com\/?page_id=15647"},"modified":"2020-06-06T06:41:46","modified_gmt":"2020-06-06T06:41:46","slug":"payok-sv","status":"publish","type":"page","link":"https:\/\/www.labeljoy.com\/sv\/shop-sv\/payok-sv\/","title":{"rendered":"payok SV"},"content":{"rendered":"\t<h2 class=\"entry-title\">Tack!<\/h2>\n    <!--script>\n        _paq.push(['trackEvent', 'Buy', 'Thankyou EUR', 'Buy Thankyou EUR Credit Card sv']);\n    <\/script-->\n<p>Din betalning har godk\u00e4nts av v\u00e5r kreditkorts sluss.<\/p>\r\n<p><strong>Du har f\u00e5tt (eller kommer snart f\u00e5) ett e-postmeddelande som inneh\u00e5ller din registreringsnyckel\r\neller detaljerade instruktioner f\u00f6r att aktivera produkterna eller tj\u00e4nsterna som du best\u00e4llt<\/strong>.<\/p>\r\n<p>Om du inte f\u00e5tt n\u00e5got e-postmeddelande, <strong>se till att v\u00e5ra meddelanden inte filtreras bort som skr\u00e4ppost!<\/strong><\/p>","protected":false},"excerpt":{"rendered":"","protected":false},"author":2,"featured_media":0,"parent":15450,"menu_order":22,"comment_status":"open","ping_status":"closed","template":"","meta":{"inline_featured_image":false,"_monsterinsights_skip_tracking":false,"_monsterinsights_sitenote_active":false,"_monsterinsights_sitenote_note":"","_monsterinsights_sitenote_category":0,"footnotes":""},"class_list":{"0":"post-15647","1":"page","2":"type-page","3":"status-publish","5":"infinite-scroll-item"},"aioseo_notices":[],"_links":{"self":[{"href":"https:\/\/www.labeljoy.com\/sv\/wp-json\/wp\/v2\/pages\/15647","targetHints":{"allow":["GET"]}}],"collection":[{"href":"https:\/\/www.labeljoy.com\/sv\/wp-json\/wp\/v2\/pages"}],"about":[{"href":"https:\/\/www.labeljoy.com\/sv\/wp-json\/wp\/v2\/types\/page"}],"author":[{"embeddable":true,"href":"https:\/\/www.labeljoy.com\/sv\/wp-json\/wp\/v2\/users\/2"}],"replies":[{"embeddable":true,"href":"https:\/\/www.labeljoy.com\/sv\/wp-json\/wp\/v2\/comments?post=15647"}],"version-history":[{"count":2,"href":"https:\/\/www.labeljoy.com\/sv\/wp-json\/wp\/v2\/pages\/15647\/revisions"}],"predecessor-version":[{"id":33088,"href":"https:\/\/www.labeljoy.com\/sv\/wp-json\/wp\/v2\/pages\/15647\/revisions\/33088"}],"up":[{"embeddable":true,"href":"https:\/\/www.labeljoy.com\/sv\/wp-json\/wp\/v2\/pages\/15450"}],"wp:attachment":[{"href":"https:\/\/www.labeljoy.com\/sv\/wp-json\/wp\/v2\/media?parent=15647"}],"curies":[{"name":"wp","href":"https:\/\/api.w.org\/{rel}","templated":true}]}}