{"id":29167,"date":"2018-04-04T14:56:59","date_gmt":"2018-04-04T14:56:59","guid":{"rendered":"http:\/\/www.labeljoy.com\/sv\/?page_id=29167"},"modified":"2018-04-04T15:01:00","modified_gmt":"2018-04-04T15:01:00","slug":"labeljoy-6-nya-funktioner","status":"publish","type":"page","link":"https:\/\/www.labeljoy.com\/sv\/labeljoy-6-nya-funktioner\/","title":{"rendered":"Labeljoy 6 nya funktioner"},"content":{"rendered":"<div class=\"lj6-new-features\">\n<p style=\"text-align: center;\"><a href=\"\/sv\/download-sv\/\" class=\"jumbo lime-green tt-button\" target=\"_self\"> Ladda ner Labeljoy Demo-version <\/a>\u00a0<a href=\"\/sv\/kop\/\" class=\"jumbo orange tt-button\" target=\"_self\"> V\u00e4lj din version <\/a>\n<div class=\"hr hr-solid\">&nbsp;<\/div>\n<div class=\"one_half\"><div class=\"img-frame full-half\"><img decoding=\"async\" src=\"https:\/\/www.labeljoy.com\/wp-content\/uploads\/2018\/03\/1.png\" alt=\"\" width=\"445\" height=\"273\"\/><\/div><\/div>\n<div class=\"one_half\">\n<h2>Multiformatering inneh\u00e5ll<\/h2>\n<p>Tack vare den nya och kraftfulla inneh\u00e5llsredigeraren kan du <strong>anpassa varje enskilt element<\/strong> med <strong>flera formateringar<\/strong>. V\u00e4lj olika typer av typsnitt, storlekar, f\u00e4rger och attribut inom samma text.<\/p>\n<h3>Kreativitet och design utan begr\u00e4nsningar<\/h3>\n<\/div>\n<div class=\"hr hr-solid\">&nbsp;<\/div>\n<div class=\"one_half\">\n<h2>Interaktiv hantering av f\u00e4lt<\/h2>\n<p>Skapa och fyll i din etikett med n\u00e5gra klick tack vare <strong>fullt dynamiskt gr\u00e4nssnitt<\/strong> f\u00f6r anpassade f\u00e4lt. V\u00e4lj data fr\u00e5n din databas och <strong>placera det varhelst du f\u00f6redrar<\/strong> p\u00e5 din etikett. Du kommer att kunna arbeta med snabbhet och precision.<\/p>\n<h3>Snabb och Exakt Redigering<\/h3>\n<\/div>\n<div class=\"one_half\"><div class=\"img-frame full-half\"><img decoding=\"async\" src=\"https:\/\/www.labeljoy.com\/wp-content\/uploads\/2018\/03\/2.png\" alt=\"\" width=\"445\" height=\"273\"\/><\/div><\/div>\n<div class=\"hr hr-solid\">&nbsp;<\/div>\n<div class=\"one_half\"><div class=\"img-frame full-half\"><img decoding=\"async\" src=\"https:\/\/www.labeljoy.com\/wp-content\/uploads\/2018\/03\/3.png\" alt=\"\" width=\"445\" height=\"273\"\/><\/div><\/div>\n<div class=\"one_half\">\n<h2>Nytt intuitivt gr\u00e4nssnitt<\/h2>\n<p><strong>Nya Labeljoy 6 gr\u00e4nssnitt<\/strong> \u00e4r resultatet av alla dina \u00e5terkopplingar samlade genom \u00e5ren. Erk\u00e4nd av alla, inklusive de mindre experterna p\u00e5 digitala instrumentpaneler, den \u00e4r <strong>enkel<\/strong>, <strong>intuitiv<\/strong> och l\u00e5ter dig anpassa dina etiketter i <strong>p\u00e5 bara n\u00e5gra klick<\/strong>.<\/p>\n<h3>Dynamiskt och interaktivt gr\u00e4nssnitt<\/h3>\n<\/div>\n<div class=\"hr hr-solid\">&nbsp;<\/div>\n<div class=\"one_half\">\n<h2>Praktiskt databasfilter<\/h2>\n<p>Det <strong>nya filterverktyget<\/strong> l\u00e5ter dig <strong>segmentera din databas p\u00e5 n\u00e5gra sekunder<\/strong>, och v\u00e4ljer ut endast anv\u00e4ndbara data f\u00f6r dina etikettsatser. <strong>Skapa dina filter<\/strong> och instrumentpanelen visar kontakterna som motsvarar det antal variabler du har valt.<\/p>\n<h3>Nya segmentverktyg f\u00f6r din databas<\/h3>\n<\/div>\n<div class=\"one_half\"><div class=\"img-frame full-half\"><img decoding=\"async\" src=\"https:\/\/www.labeljoy.com\/wp-content\/uploads\/2018\/03\/4.png\" alt=\"\" width=\"445\" height=\"273\"\/><\/div><\/div>\n<div class=\"hr hr-solid\">&nbsp;<\/div>\n<div class=\"one_half\"><div class=\"img-frame full-half\"><img decoding=\"async\" src=\"https:\/\/www.labeljoy.com\/wp-content\/uploads\/2018\/03\/5.png\" alt=\"\" width=\"445\" height=\"273\"\/><\/div><\/div>\n<div class=\"one_half\">\n<h2>Exportera till PDF<\/h2>\n<p>Skriv ut snabbare \u00e4n n\u00e5gonsin! Det nya pdf-exportverktyget f\u00f6r dina sidor, etiketter och streckkoder garanterar en mycket exakt utskrift. Plus, du kommer att ha <strong>ljusformatfiler<\/strong> som du kan hantera eller eventuellt skicka.<\/p>\n<h3>Arbeta snabbt tack vare ljusfiler<\/h3>\n<\/div>\n<div class=\"hr hr-solid\">&nbsp;<\/div>\n<div class=\"one_half\">\n<h2>Nya Streckkoder<\/h2>\n<p>Labeljoy <strong>listan med streckkoder v\u00e4xer<\/strong>! Nykomlingar inkluderar <strong>MSI Plessey<\/strong> kod, som anv\u00e4nds fr\u00e4mst i bibliotek och p\u00e5 hyllm\u00e4rkning, och <strong>Aztec-kod<\/strong>, anv\u00e4nd f\u00f6r m\u00e4rkning av mindre f\u00f6rem\u00e5l, perfekt f\u00f6r sm\u00e5 f\u00f6rpackningar.<\/p>\n<h3>Streckkoder f\u00f6r alla behov<\/h3>\n<\/div>\n<div class=\"one_half\"><div class=\"img-frame full-half\"><img decoding=\"async\" src=\"https:\/\/www.labeljoy.com\/wp-content\/uploads\/2018\/03\/6.png\" alt=\"\" width=\"445\" height=\"273\"\/><\/div><\/div>\n<div class=\"hr hr-solid\">&nbsp;<\/div>\n<p style=\"text-align: center;\"><a href=\"\/sv\/kop\/\" class=\"jumbo orange tt-button\" target=\"_self\"> V\u00e4lj din version <\/a>\n<\/div>\n","protected":false},"excerpt":{"rendered":"<p>\u00a0<\/p>\n","protected":false},"author":2,"featured_media":0,"parent":0,"menu_order":2,"comment_status":"open","ping_status":"closed","template":"","meta":{"inline_featured_image":false,"_monsterinsights_skip_tracking":false,"_monsterinsights_sitenote_active":false,"_monsterinsights_sitenote_note":"","_monsterinsights_sitenote_category":0,"footnotes":""},"class_list":{"0":"post-29167","1":"page","2":"type-page","3":"status-publish","5":"infinite-scroll-item"},"aioseo_notices":[],"_links":{"self":[{"href":"https:\/\/www.labeljoy.com\/sv\/wp-json\/wp\/v2\/pages\/29167","targetHints":{"allow":["GET"]}}],"collection":[{"href":"https:\/\/www.labeljoy.com\/sv\/wp-json\/wp\/v2\/pages"}],"about":[{"href":"https:\/\/www.labeljoy.com\/sv\/wp-json\/wp\/v2\/types\/page"}],"author":[{"embeddable":true,"href":"https:\/\/www.labeljoy.com\/sv\/wp-json\/wp\/v2\/users\/2"}],"replies":[{"embeddable":true,"href":"https:\/\/www.labeljoy.com\/sv\/wp-json\/wp\/v2\/comments?post=29167"}],"version-history":[{"count":4,"href":"https:\/\/www.labeljoy.com\/sv\/wp-json\/wp\/v2\/pages\/29167\/revisions"}],"predecessor-version":[{"id":29171,"href":"https:\/\/www.labeljoy.com\/sv\/wp-json\/wp\/v2\/pages\/29167\/revisions\/29171"}],"wp:attachment":[{"href":"https:\/\/www.labeljoy.com\/sv\/wp-json\/wp\/v2\/media?parent=29167"}],"curies":[{"name":"wp","href":"https:\/\/api.w.org\/{rel}","templated":true}]}}