{"id":30733,"date":"2018-11-20T23:48:27","date_gmt":"2018-11-20T23:48:27","guid":{"rendered":"https:\/\/www.labeljoy.com\/sv\/?page_id=30733"},"modified":"2022-01-14T14:51:13","modified_gmt":"2022-01-14T14:51:13","slug":"video","status":"publish","type":"page","link":"https:\/\/www.labeljoy.com\/sv\/video\/","title":{"rendered":"Video"},"content":{"rendered":"<h1>Labeljoy 6 Video Guide<\/h1>\n<h2>Hur att skapa, anpassa och skriva ut etiketter<\/h2>\n<div class=\"one_third\"><div class=\"img-frame full-fourth\"><a href=\"\/sv\/video\/hantera-och-vaelja-layouts\/\" target=\"_self\"><img decoding=\"async\" src=\"https:\/\/www.labeljoy.com\/wp-content\/plugins\/sterling-shortcodes\/\/timthumb\/timthumb.php?src=\/images\/video\/lj6-layout.jpg&#038;h=133&#038;w=197\" alt=\"Hantera och v\u00e4lja Layouter\" width=\"197\" height=\"133\"\/><\/a><\/div>\n<p><a title=\"Hantera och v\u00e4lja Layouter\" href=\"\/sv\/video\/hantera-och-vaelja-layouts\/\">Hantera och v\u00e4lja Layouter<\/a><\/div>\n<div class=\"one_third\"><div class=\"img-frame full-fourth\"><a href=\"\/sv\/video\/hur-du-ansluter-externa-datakaellor\/\" target=\"_self\"><img decoding=\"async\" src=\"https:\/\/www.labeljoy.com\/wp-content\/plugins\/sterling-shortcodes\/\/timthumb\/timthumb.php?src=\/images\/video\/database.jpg&#038;h=133&#038;w=197\" alt=\"Hur att Koppla upp Externa Datak\u00e4llor\" width=\"197\" height=\"133\"\/><\/a><\/div>\n<p><a title=\"Hur att Koppla upp Externa Datak\u00e4llor\" href=\"\/sv\/video\/hur-du-ansluter-externa-datakaellor\/\">Hur att Koppla upp Externa Datak\u00e4llor<\/a><\/div>\n<div class=\"one_third\"><div class=\"img-frame full-fourth\"><a href=\"\/sv\/video\/hur-du-laddar-data-fraan-excel\/\" target=\"_self\"><img decoding=\"async\" src=\"https:\/\/www.labeljoy.com\/wp-content\/plugins\/sterling-shortcodes\/\/timthumb\/timthumb.php?src=\/images\/video\/lj6-excel.jpg&#038;h=133&#038;w=197\" alt=\"Hur du laddar data fr\u00e5n Excel\" width=\"197\" height=\"133\"\/><\/a><\/div>\n<p><a title=\"Hur du laddar data fr\u00e5n Excel\" href=\"\/sv\/video\/hur-du-laddar-data-fraan-excel\/\">Hur du laddar data fr\u00e5n Excel<\/a><\/div>\n<div class=\"hr hr-solid\">&nbsp;<\/div>\n<div class=\"one_third\"><div class=\"img-frame full-fourth\"><a href=\"\/sv\/video\/hur-man-skapar-olika-etiketter-med-hjaelp-av-set\/\" target=\"_self\"><img decoding=\"async\" src=\"https:\/\/www.labeljoy.com\/wp-content\/plugins\/sterling-shortcodes\/\/timthumb\/timthumb.php?src=\/images\/video\/lj6-sets.jpg&#038;h=133&#038;w=197\" alt=\"Hur man skapar olika etiketter med hj\u00e4lp av set\" width=\"197\" height=\"133\"\/><\/a><\/div>\n<p><a title=\"Hur man skapar olika etiketter med hj\u00e4lp av set\" href=\"\/sv\/video\/hur-man-skapar-olika-etiketter-med-hjaelp-av-set\/\">Hur man skapar olika etiketter med hj\u00e4lp av set<\/a><\/div>\n<div class=\"one_third\"><div class=\"img-frame full-fourth\"><a href=\"\/sv\/video\/hur-du-skriver-ut-med-rullskrivare\/\" target=\"_self\"><img decoding=\"async\" src=\"https:\/\/www.labeljoy.com\/wp-content\/plugins\/sterling-shortcodes\/\/timthumb\/timthumb.php?src=\/images\/video\/lj6-roll-printer.jpg&#038;h=133&#038;w=197\" alt=\"Hur du skriver ut med rullskrivare\" width=\"197\" height=\"133\"\/><\/a><\/div>\n<p><a title=\"Hur du skriver ut med rullskrivare\" href=\"\/sv\/video\/hur-du-skriver-ut-med-rullskrivare\/\">Hur du skriver ut med rullskrivare<\/a><\/div>\n<div class=\"one_third\"><div class=\"img-frame full-fourth\"><a href=\"\/sv\/video\/generera-streckkod-och-qr-kod\/\" target=\"_self\"><img decoding=\"async\" src=\"https:\/\/www.labeljoy.com\/wp-content\/plugins\/sterling-shortcodes\/\/timthumb\/timthumb.php?src=\/images\/video\/lj6-barcode.jpg&#038;h=133&#038;w=197\" alt=\"Generera streckkod och QR-kod\" width=\"197\" height=\"133\"\/><\/a><\/div>\n<p><a title=\"Generera streckkod och QR-kod\" href=\"\/sv\/video\/generera-streckkod-och-qr-kod\/\">Generera streckkod och QR-kod<\/a><\/div>\n<div class=\"hr hr-solid\">&nbsp;<\/div>\n<div class=\"one_third\"><div class=\"img-frame full-fourth\"><a href=\"\/sv\/video\/dynamisk-datauppdatering\/\" target=\"_self\"><img decoding=\"async\" src=\"https:\/\/www.labeljoy.com\/wp-content\/plugins\/sterling-shortcodes\/\/timthumb\/timthumb.php?src=\/images\/video\/lj6-dynamic.jpg&#038;h=133&#038;w=197\" alt=\"Dynamisk datauppdatering\" width=\"197\" height=\"133\"\/><\/a><\/div>\n<p><a title=\"Dynamisk datauppdatering\" href=\"\/sv\/video\/dynamisk-datauppdatering\/\">Dynamisk datauppdatering<\/a><\/div>\n<div class=\"one_third\"><div class=\"img-frame full-fourth\"><a href=\"\/sv\/video\/hur-man-anvaender-inkrementella-raeknare\/\" target=\"_self\"><img decoding=\"async\" src=\"https:\/\/www.labeljoy.com\/wp-content\/plugins\/sterling-shortcodes\/\/timthumb\/timthumb.php?src=\/images\/video\/lj6-counter.jpg&#038;h=133&#038;w=197\" alt=\"Hur man anv\u00e4nder inkrementella r\u00e4knare\" width=\"197\" height=\"133\"\/><\/a><\/div>\n<p><a title=\"Hur man anv\u00e4nder inkrementella r\u00e4knare\" href=\"\/sv\/video\/hur-man-anvaender-inkrementella-raeknare\/\">Hur man anv\u00e4nder inkrementella r\u00e4knare<\/a><\/div>\n<div class=\"one_third\"><div class=\"img-frame full-fourth\"><a href=\"\/sv\/video\/hur-du-staeller-in-antal-etiketter-fraan-datakaellans-fil\/\" target=\"_self\"><img decoding=\"async\" src=\"https:\/\/www.labeljoy.com\/wp-content\/plugins\/sterling-shortcodes\/\/timthumb\/timthumb.php?src=\/images\/video\/lj6-n-labels.jpg&#038;h=133&#038;w=197\" alt=\"Hur du st\u00e4ller in antal etiketter fr\u00e5n datak\u00e4llans fil\" width=\"197\" height=\"133\"\/><\/a><\/div>\n<p><a title=\"Hur du st\u00e4ller in antal etiketter fr\u00e5n datak\u00e4llans fil\" href=\"\/sv\/video\/hur-du-staeller-in-antal-etiketter-fraan-datakaellans-fil\/\">Hur du st\u00e4ller in antal etiketter fr\u00e5n datak\u00e4llans fil<\/a><\/div>\n<div class=\"hr hr-solid\">&nbsp;<\/div>\n<div class=\"one_third\"><div class=\"img-frame full-fourth\"><a href=\"\/sv\/video\/hur-du-anger-registreringskoden\/\" target=\"_self\"><img decoding=\"async\" src=\"https:\/\/www.labeljoy.com\/wp-content\/plugins\/sterling-shortcodes\/\/timthumb\/timthumb.php?src=\/images\/video\/lj6-registration.jpg&#038;h=133&#038;w=197\" alt=\"Hur du anger registreringskoden\" width=\"197\" height=\"133\"\/><\/a><\/div>\n<p><a title=\"Hur du anger registreringskoden\" href=\"\/sv\/video\/hur-du-anger-registreringskoden\/\">Hur du anger registreringskoden<\/a><\/div>\n<div class=\"one_third\"><div class=\"img-frame full-fourth\"><a href=\"\/sv\/video\/importera-data-fraan-urklipp\/\" target=\"_self\"><img decoding=\"async\" src=\"https:\/\/www.labeljoy.com\/wp-content\/plugins\/sterling-shortcodes\/\/timthumb\/timthumb.php?src=\/images\/video\/lj6-clipboard.jpg&#038;h=133&#038;w=197\" alt=\"Importera data fr\u00e5n urklipp\" width=\"197\" height=\"133\"\/><\/a><\/div>\n<p><a title=\"Importera data fr\u00e5n urklipp\" href=\"\/sv\/video\/importera-data-fraan-urklipp\/\">Importera data fr\u00e5n urklipp<\/a><\/div>\n<div class=\"one_third\"><div class=\"img-frame full-fourth\"><a href=\"\/sv\/video\/hur-du-anger-referenser-paa-etiketter\/\" target=\"_self\"><img decoding=\"async\" src=\"https:\/\/www.labeljoy.com\/wp-content\/plugins\/sterling-shortcodes\/\/timthumb\/timthumb.php?src=\/images\/video\/lj6-references.jpg&#038;h=133&#038;w=197\" alt=\"Hur du anger referenser p\u00e5 etiketter\" width=\"197\" height=\"133\"\/><\/a><\/div>\n<p><a title=\"Hur du anger referenser p\u00e5 etiketter\" href=\"\/sv\/video\/hur-du-anger-referenser-paa-etiketter\/\">Hur du anger referenser p\u00e5 etiketter<\/a><\/div>\n<div class=\"hr hr-solid\">&nbsp;<\/div>\n<div class=\"one_third\"><div class=\"img-frame full-fourth\"><a href=\"\/sv\/video\/hur-du-importerar-bilder-fraan-en-access-databas\/\" target=\"_self\"><img decoding=\"async\" src=\"https:\/\/www.labeljoy.com\/wp-content\/plugins\/sterling-shortcodes\/\/timthumb\/timthumb.php?src=\/images\/video\/lj6-access.jpg&#038;h=133&#038;w=197\" alt=\"Hur du importerar bilder fr\u00e5n en Access-databas\" width=\"197\" height=\"133\"\/><\/a><\/div>\n<p><a title=\"Hur du importerar bilder fr\u00e5n en Access-databas\" href=\"http:\/\/www.labeljoy.com\/video\/how-to-import-images-from-an-access-database\/\">Hur du importerar bilder fr\u00e5n en Access-databas<\/a><\/div>\n<div class=\"one_third\"><div class=\"img-frame full-fourth\"><a href=\"\/sv\/video\/exportera-etiketter-till-vanliga-format\/\" target=\"_self\"><img decoding=\"async\" src=\"https:\/\/www.labeljoy.com\/wp-content\/plugins\/sterling-shortcodes\/\/timthumb\/timthumb.php?src=\/images\/video\/lj6-labels.jpg&#038;h=133&#038;w=197\" alt=\"Exportera etiketter till vanliga format\" width=\"197\" height=\"133\"\/><\/a><\/div>\n<p><a title=\"Exportera etiketter till vanliga format\" href=\"\/sv\/video\/exportera-etiketter-till-vanliga-format\/\">Exportera etiketter till vanliga format<\/a><\/div>\n<div class=\"one_third\"><\/div>\n<div class=\"one_third\"><\/div>\n","protected":false},"excerpt":{"rendered":"<p>Labeljoy 6 Video Guide Hur att skapa, anpassa och skriva ut etiketter<\/p>\n","protected":false},"author":12,"featured_media":0,"parent":0,"menu_order":2,"comment_status":"open","ping_status":"closed","template":"","meta":{"inline_featured_image":false,"_monsterinsights_skip_tracking":false,"_monsterinsights_sitenote_active":false,"_monsterinsights_sitenote_note":"","_monsterinsights_sitenote_category":0,"footnotes":""},"class_list":{"0":"post-30733","1":"page","2":"type-page","3":"status-publish","5":"infinite-scroll-item"},"aioseo_notices":[],"_links":{"self":[{"href":"https:\/\/www.labeljoy.com\/sv\/wp-json\/wp\/v2\/pages\/30733","targetHints":{"allow":["GET"]}}],"collection":[{"href":"https:\/\/www.labeljoy.com\/sv\/wp-json\/wp\/v2\/pages"}],"about":[{"href":"https:\/\/www.labeljoy.com\/sv\/wp-json\/wp\/v2\/types\/page"}],"author":[{"embeddable":true,"href":"https:\/\/www.labeljoy.com\/sv\/wp-json\/wp\/v2\/users\/12"}],"replies":[{"embeddable":true,"href":"https:\/\/www.labeljoy.com\/sv\/wp-json\/wp\/v2\/comments?post=30733"}],"version-history":[{"count":15,"href":"https:\/\/www.labeljoy.com\/sv\/wp-json\/wp\/v2\/pages\/30733\/revisions"}],"predecessor-version":[{"id":30798,"href":"https:\/\/www.labeljoy.com\/sv\/wp-json\/wp\/v2\/pages\/30733\/revisions\/30798"}],"wp:attachment":[{"href":"https:\/\/www.labeljoy.com\/sv\/wp-json\/wp\/v2\/media?parent=30733"}],"curies":[{"name":"wp","href":"https:\/\/api.w.org\/{rel}","templated":true}]}}