{"id":30738,"date":"2018-11-20T23:57:51","date_gmt":"2018-11-20T23:57:51","guid":{"rendered":"https:\/\/www.labeljoy.com\/sv\/?page_id=30738"},"modified":"2025-02-13T15:06:13","modified_gmt":"2025-02-13T15:06:13","slug":"hantera-och-vaelja-layouts","status":"publish","type":"page","link":"https:\/\/www.labeljoy.com\/sv\/video\/hantera-och-vaelja-layouts\/","title":{"rendered":"Hantera och V\u00e4lja Layouts"},"content":{"rendered":"<h2>Hantera och V\u00e4lja Layouts<\/h2>\n<p>Labeljoy l\u00e5ter dig<strong> fullst\u00e4ndigt anpassa papperslayouten<\/strong> till \u00f6nskad storlek.<\/p>\n<p>Du kan anpassa din layout manuellt, genom att \u00e4ndra antal kolumner och rader p\u00e5 bladet, storleken p\u00e5 marginaler och utrymmen mellan etiketterna.<\/p>\n<p>Eller v\u00e4lja mellan de <strong>\u00a0f\u00f6r-installerade layouter<\/strong> fr\u00e5n de st\u00f6rsta etikett-tillverkarna. Med en s\u00f6kning efter produkt kod kan du hitta r\u00e4tt layout inom n\u00e5gra f\u00e5 sekunder..<\/p>\n<div class=\"lyte-wrapper\" title=\"Labeljoy 6 - Hur du hanterar och v&auml;ljer layouter\" style=\"width:640px;max-width:100%;margin:5px;\"><div class=\"lyMe\" id=\"WYL_c_l0Q_1dmQs\" itemprop=\"video\" itemscope itemtype=\"https:\/\/schema.org\/VideoObject\"><div><meta itemprop=\"thumbnailUrl\" content=\"https:\/\/www.labeljoy.com\/wp-content\/plugins\/wp-youtube-lyte\/lyteCache.php?origThumbUrl=https%3A%2F%2Fi.ytimg.com%2Fvi%2Fc_l0Q_1dmQs%2Fhqdefault.jpg\" \/><meta itemprop=\"embedURL\" content=\"https:\/\/www.youtube.com\/embed\/c_l0Q_1dmQs\" \/><meta itemprop=\"duration\" content=\"PT2M41S\" \/><meta itemprop=\"uploadDate\" content=\"2018-11-21T22:39:36Z\" \/><\/div><div id=\"lyte_c_l0Q_1dmQs\" data-src=\"https:\/\/www.labeljoy.com\/wp-content\/plugins\/wp-youtube-lyte\/lyteCache.php?origThumbUrl=https%3A%2F%2Fi.ytimg.com%2Fvi%2Fc_l0Q_1dmQs%2Fhqdefault.jpg\" class=\"pL\"><div class=\"tC\"><div class=\"tT\" itemprop=\"name\">Labeljoy 6 - Hur du hanterar och v\u00e4ljer layouter<\/div><\/div><div class=\"play\"><\/div><div class=\"ctrl\"><div class=\"Lctrl\"><\/div><div class=\"Rctrl\"><\/div><\/div><\/div><noscript><a href=\"https:\/\/youtu.be\/c_l0Q_1dmQs\" rel=\"nofollow\"><img decoding=\"async\" src=\"https:\/\/www.labeljoy.com\/wp-content\/plugins\/wp-youtube-lyte\/lyteCache.php?origThumbUrl=https%3A%2F%2Fi.ytimg.com%2Fvi%2Fc_l0Q_1dmQs%2F0.jpg\" alt=\"Labeljoy 6 - Hur du hanterar och v&auml;ljer layouter\" width=\"640\" height=\"340\" \/><br \/>Watch this video on YouTube<\/a><\/noscript><meta itemprop=\"description\" content=\"Du kan anpassa layouten helt och h\u00e5llet med Labeljoy. Ange pappersformat, antal kolumner och rader p\u00e5 arket, rad- och kolumnavst\u00e5nd samt marginaler manuellt. Eller v\u00e4lj bland 11.000 f\u00f6rinstallerade layouter fr\u00e5n de viktigaste etiketttillverkarna. S\u00f6k efter m\u00e4rke, och modell f\u00f6r att hitta den layout du vill ha p\u00e5 n\u00e5gra sekunder. F\u00f6r mer information: https:\/\/www.labeljoy.com\/sv\/video\/hantera-och-vaelja-layouts\/\"><\/div><\/div><div class=\"lL\" style=\"max-width:100%;width:640px;margin:5px;\"><\/div>\n<div class=\"lj-video-button hide\">\n  <a href=\"https:\/\/www.youtube.com\/embed\/c_l0Q_1dmQs?rel=0&autoplay=1\" data-featherlight=\"iframe\" data-featherlight-iframe-width=\"800\" data-featherlight-iframe-height=\"610\" data-featherlight-iframe-frameborder=\"0\" data-featherlight-iframe-allow=\"autoplay; encrypted-media\" data-featherlight-iframe-allowfullscreen=\"true\" title=\"Spela videohandledningen\">Spela videohandledningen <i class=\"fa fa-play-circle fa-2x\"><\/i><\/a>\n<\/div>\n","protected":false},"excerpt":{"rendered":"<p>Hantera och V\u00e4lja Layouts Labeljoy l\u00e5ter dig fullst\u00e4ndigt anpassa papperslayouten till \u00f6nskad storlek. Du kan anpassa din layout manuellt, genom att \u00e4ndra antal kolumner och rader p\u00e5 bladet, storleken p\u00e5 marginaler och utrymmen mellan etiketterna. Eller v\u00e4lja mellan de \u00a0f\u00f6r-installerade layouter fr\u00e5n de st\u00f6rsta etikett-tillverkarna. Med en s\u00f6kning efter produkt kod kan du hitta r\u00e4tt &#8230; <a title=\"Hantera och V\u00e4lja Layouts\" class=\"read-more\" href=\"https:\/\/www.labeljoy.com\/sv\/video\/hantera-och-vaelja-layouts\/\" aria-label=\"L\u00e4s mer om Hantera och V\u00e4lja Layouts\">Read more<\/a><\/p>\n","protected":false},"author":12,"featured_media":0,"parent":30733,"menu_order":0,"comment_status":"closed","ping_status":"closed","template":"","meta":{"inline_featured_image":false,"_monsterinsights_skip_tracking":false,"_monsterinsights_sitenote_active":false,"_monsterinsights_sitenote_note":"","_monsterinsights_sitenote_category":0,"footnotes":""},"class_list":{"0":"post-30738","1":"page","2":"type-page","3":"status-publish","5":"infinite-scroll-item"},"aioseo_notices":[],"_links":{"self":[{"href":"https:\/\/www.labeljoy.com\/sv\/wp-json\/wp\/v2\/pages\/30738","targetHints":{"allow":["GET"]}}],"collection":[{"href":"https:\/\/www.labeljoy.com\/sv\/wp-json\/wp\/v2\/pages"}],"about":[{"href":"https:\/\/www.labeljoy.com\/sv\/wp-json\/wp\/v2\/types\/page"}],"author":[{"embeddable":true,"href":"https:\/\/www.labeljoy.com\/sv\/wp-json\/wp\/v2\/users\/12"}],"replies":[{"embeddable":true,"href":"https:\/\/www.labeljoy.com\/sv\/wp-json\/wp\/v2\/comments?post=30738"}],"version-history":[{"count":4,"href":"https:\/\/www.labeljoy.com\/sv\/wp-json\/wp\/v2\/pages\/30738\/revisions"}],"predecessor-version":[{"id":42945,"href":"https:\/\/www.labeljoy.com\/sv\/wp-json\/wp\/v2\/pages\/30738\/revisions\/42945"}],"up":[{"embeddable":true,"href":"https:\/\/www.labeljoy.com\/sv\/wp-json\/wp\/v2\/pages\/30733"}],"wp:attachment":[{"href":"https:\/\/www.labeljoy.com\/sv\/wp-json\/wp\/v2\/media?parent=30738"}],"curies":[{"name":"wp","href":"https:\/\/api.w.org\/{rel}","templated":true}]}}