{"id":30743,"date":"2018-11-21T23:31:54","date_gmt":"2018-11-21T23:31:54","guid":{"rendered":"https:\/\/www.labeljoy.com\/sv\/?page_id=30743"},"modified":"2021-05-24T13:04:11","modified_gmt":"2021-05-24T13:04:11","slug":"hur-du-ansluter-externa-datakaellor","status":"publish","type":"page","link":"https:\/\/www.labeljoy.com\/sv\/video\/hur-du-ansluter-externa-datakaellor\/","title":{"rendered":"Hur du ansluter externa datak\u00e4llor"},"content":{"rendered":"<h2>Hur att Koppla upp Externa Datak\u00e4llor<\/h2>\n<p>I detta video kan du se hur enkelt det \u00e4r att <strong>koppla upp Labeljoy 6 mot externa databaser<\/strong>. Videot visar dig hur du kan koppla dina etiketter till en CSV textfil inneh\u00e5llande \u00f6nskad information.<\/p>\n<p>Som komplettering kan du \u00e4ven filtrera eller sortera data p\u00e5 \u00f6nskade parametrar, allt detta p\u00e5 ett enkelt och intuitivt s\u00e4tt.<\/p>\n<p>Du kan skapa professionella <a title=\"produktetiketten\" href=\"https:\/\/www.labeljoy.com\/sv\/mallar\/produktetiketten\/\">produktetiketter<\/a> eller <a title=\"streckkod pris tagg\" href=\"https:\/\/www.labeljoy.com\/sv\/mallar\/streckkod-pris-tagg\/\">streckkod pristaggar!<\/a>!<\/p>\n<div class=\"lyte-wrapper\" title=\"Labeljoy 6 - Hur du ansluter externa datak&auml;llor\" style=\"width:640px;max-width:100%;margin:5px;\"><div class=\"lyMe\" id=\"WYL_bZkipiEs5ro\" itemprop=\"video\" itemscope itemtype=\"https:\/\/schema.org\/VideoObject\"><div><meta itemprop=\"thumbnailUrl\" content=\"https:\/\/www.labeljoy.com\/wp-content\/plugins\/wp-youtube-lyte\/lyteCache.php?origThumbUrl=https%3A%2F%2Fi.ytimg.com%2Fvi%2FbZkipiEs5ro%2Fhqdefault.jpg\" \/><meta itemprop=\"embedURL\" content=\"https:\/\/www.youtube.com\/embed\/bZkipiEs5ro\" \/><meta itemprop=\"duration\" content=\"PT2M41S\" \/><meta itemprop=\"uploadDate\" content=\"2018-11-23T00:11:11Z\" \/><\/div><div id=\"lyte_bZkipiEs5ro\" data-src=\"https:\/\/www.labeljoy.com\/wp-content\/plugins\/wp-youtube-lyte\/lyteCache.php?origThumbUrl=https%3A%2F%2Fi.ytimg.com%2Fvi%2FbZkipiEs5ro%2Fhqdefault.jpg\" class=\"pL\"><div class=\"tC\"><div class=\"tT\" itemprop=\"name\">Labeljoy 6 - Hur du ansluter externa datak\u00e4llor<\/div><\/div><div class=\"play\"><\/div><div class=\"ctrl\"><div class=\"Lctrl\"><\/div><div class=\"Rctrl\"><\/div><\/div><\/div><noscript><a href=\"https:\/\/youtu.be\/bZkipiEs5ro\" rel=\"nofollow\"><img decoding=\"async\" src=\"https:\/\/www.labeljoy.com\/wp-content\/plugins\/wp-youtube-lyte\/lyteCache.php?origThumbUrl=https%3A%2F%2Fi.ytimg.com%2Fvi%2FbZkipiEs5ro%2F0.jpg\" alt=\"Labeljoy 6 - Hur du ansluter externa datak&auml;llor\" width=\"640\" height=\"340\" \/><br \/>Watch this video on YouTube<\/a><\/noscript><meta itemprop=\"description\" content=\"L\u00e4r dig hur enkelt det \u00e4r att ansluta Labeljoy till externa databaser: den h\u00e4r videon visar hur du ansluter dina etiketter till data i en CSV-textfil. Dessutom kan filtrering eller sortering till\u00e4mpas. Se h\u00e4r f\u00f6r mer information: https:\/\/www.labeljoy.com\/video\/how-to-use-a-filter\/\"><\/div><\/div><div class=\"lL\" style=\"max-width:100%;width:640px;margin:5px;\"><\/div>\n<div class=\"lj-video-button hide\">\n  <a href=\"https:\/\/www.youtube.com\/embed\/bZkipiEs5ro?rel=0&autoplay=1\" data-featherlight=\"iframe\" data-featherlight-iframe-width=\"800\" data-featherlight-iframe-height=\"610\" data-featherlight-iframe-frameborder=\"0\" data-featherlight-iframe-allow=\"autoplay; encrypted-media\" data-featherlight-iframe-allowfullscreen=\"true\" title=\"Spela videohandledningen\">Spela videohandledningen <i class=\"fa fa-play-circle fa-2x\"><\/i><\/a>\n<\/div>\n","protected":false},"excerpt":{"rendered":"<p>Hur att Koppla upp Externa Datak\u00e4llor I detta video kan du se hur enkelt det \u00e4r att koppla upp Labeljoy 6 mot externa databaser. Videot visar dig hur du kan koppla dina etiketter till en CSV textfil inneh\u00e5llande \u00f6nskad information. Som komplettering kan du \u00e4ven filtrera eller sortera data p\u00e5 \u00f6nskade parametrar, allt detta p\u00e5 &#8230; <a title=\"Hur du ansluter externa datak\u00e4llor\" class=\"read-more\" href=\"https:\/\/www.labeljoy.com\/sv\/video\/hur-du-ansluter-externa-datakaellor\/\" aria-label=\"L\u00e4s mer om Hur du ansluter externa datak\u00e4llor\">Read more<\/a><\/p>\n","protected":false},"author":12,"featured_media":0,"parent":30733,"menu_order":0,"comment_status":"open","ping_status":"closed","template":"page-template-left-sidebar.php","meta":{"inline_featured_image":false,"_monsterinsights_skip_tracking":false,"_monsterinsights_sitenote_active":false,"_monsterinsights_sitenote_note":"","_monsterinsights_sitenote_category":0,"footnotes":""},"class_list":{"0":"post-30743","1":"page","2":"type-page","3":"status-publish","5":"infinite-scroll-item"},"aioseo_notices":[],"_links":{"self":[{"href":"https:\/\/www.labeljoy.com\/sv\/wp-json\/wp\/v2\/pages\/30743","targetHints":{"allow":["GET"]}}],"collection":[{"href":"https:\/\/www.labeljoy.com\/sv\/wp-json\/wp\/v2\/pages"}],"about":[{"href":"https:\/\/www.labeljoy.com\/sv\/wp-json\/wp\/v2\/types\/page"}],"author":[{"embeddable":true,"href":"https:\/\/www.labeljoy.com\/sv\/wp-json\/wp\/v2\/users\/12"}],"replies":[{"embeddable":true,"href":"https:\/\/www.labeljoy.com\/sv\/wp-json\/wp\/v2\/comments?post=30743"}],"version-history":[{"count":3,"href":"https:\/\/www.labeljoy.com\/sv\/wp-json\/wp\/v2\/pages\/30743\/revisions"}],"predecessor-version":[{"id":35865,"href":"https:\/\/www.labeljoy.com\/sv\/wp-json\/wp\/v2\/pages\/30743\/revisions\/35865"}],"up":[{"embeddable":true,"href":"https:\/\/www.labeljoy.com\/sv\/wp-json\/wp\/v2\/pages\/30733"}],"wp:attachment":[{"href":"https:\/\/www.labeljoy.com\/sv\/wp-json\/wp\/v2\/media?parent=30743"}],"curies":[{"name":"wp","href":"https:\/\/api.w.org\/{rel}","templated":true}]}}