{"id":30747,"date":"2018-11-26T23:01:14","date_gmt":"2018-11-26T23:01:14","guid":{"rendered":"https:\/\/www.labeljoy.com\/sv\/?page_id=30747"},"modified":"2021-05-24T13:09:36","modified_gmt":"2021-05-24T13:09:36","slug":"hur-man-anvaender-inkrementella-raeknare","status":"publish","type":"page","link":"https:\/\/www.labeljoy.com\/sv\/video\/hur-man-anvaender-inkrementella-raeknare\/","title":{"rendered":"Hur man anv\u00e4nder inkrementella r\u00e4knare"},"content":{"rendered":"<h2>Hur man anv\u00e4nder inkrementella r\u00e4knare<\/h2>\n<p>I detta video kan du l\u00e4ra dig hur man anv\u00e4nder <strong>inkrementella r\u00e4knare<\/strong> och <strong>dynamisk text<\/strong> funktioner. Exempelvis anger du datum, tid, antal sidor eller antal etiketter med n\u00e5gra f\u00e5 klick. Dessa <a title=\"funktioner labeljoy\" href=\"https:\/\/www.labeljoy.com\/sv\/funktioner\/\">funktioner<\/a> l\u00e5ter dig enkelt anpassa professionella etiketter och bygga upp din design snabbare.<\/p>\n<div class=\"lyte-wrapper\" title=\"Labeljoy 6 - Hur man anv&auml;nder inkrementella r&auml;knare\" style=\"width:640px;max-width:100%;margin:5px;\"><div class=\"lyMe\" id=\"WYL_YH4Jt2L7Fks\" itemprop=\"video\" itemscope itemtype=\"https:\/\/schema.org\/VideoObject\"><div><meta itemprop=\"thumbnailUrl\" content=\"https:\/\/www.labeljoy.com\/wp-content\/plugins\/wp-youtube-lyte\/lyteCache.php?origThumbUrl=https%3A%2F%2Fi.ytimg.com%2Fvi%2FYH4Jt2L7Fks%2Fhqdefault.jpg\" \/><meta itemprop=\"embedURL\" content=\"https:\/\/www.youtube.com\/embed\/YH4Jt2L7Fks\" \/><meta itemprop=\"duration\" content=\"PT2M7S\" \/><meta itemprop=\"uploadDate\" content=\"2018-11-19T23:10:21Z\" \/><\/div><div id=\"lyte_YH4Jt2L7Fks\" data-src=\"https:\/\/www.labeljoy.com\/wp-content\/plugins\/wp-youtube-lyte\/lyteCache.php?origThumbUrl=https%3A%2F%2Fi.ytimg.com%2Fvi%2FYH4Jt2L7Fks%2Fhqdefault.jpg\" class=\"pL\"><div class=\"tC\"><div class=\"tT\" itemprop=\"name\">Labeljoy 6 - Hur man anv\u00e4nder inkrementella r\u00e4knare<\/div><\/div><div class=\"play\"><\/div><div class=\"ctrl\"><div class=\"Lctrl\"><\/div><div class=\"Rctrl\"><\/div><\/div><\/div><noscript><a href=\"https:\/\/youtu.be\/YH4Jt2L7Fks\" rel=\"nofollow\"><img decoding=\"async\" src=\"https:\/\/www.labeljoy.com\/wp-content\/plugins\/wp-youtube-lyte\/lyteCache.php?origThumbUrl=https%3A%2F%2Fi.ytimg.com%2Fvi%2FYH4Jt2L7Fks%2F0.jpg\" alt=\"Labeljoy 6 - Hur man anv&auml;nder inkrementella r&auml;knare\" width=\"640\" height=\"340\" \/><br \/>Watch this video on YouTube<\/a><\/noscript><meta itemprop=\"description\" content=\"Den h\u00e4r videon visar hur du anv\u00e4nder inkrementella r\u00e4knare och den dynamiska textfunktionen i text- eller streckkodsobjekt. Med inkrementella r\u00e4knare kan du skriva ut hundratals streckkodsetiketter i f\u00f6ljd utan att beh\u00f6va skriva in koderna manuellt. Om du vill l\u00e4ra dig mer kan du titta p\u00e5 den h\u00e4r handledningen: https:\/\/www.labeljoy.com\/sv\/stod\/hur-att\/incremental-counters\/\"><\/div><\/div><div class=\"lL\" style=\"max-width:100%;width:640px;margin:5px;\"><\/div>\n<div class=\"lj-video-button hide\">\n  <a href=\"https:\/\/www.youtube.com\/embed\/YH4Jt2L7Fks?rel=0&autoplay=1\" data-featherlight=\"iframe\" data-featherlight-iframe-width=\"800\" data-featherlight-iframe-height=\"610\" data-featherlight-iframe-frameborder=\"0\" data-featherlight-iframe-allow=\"autoplay; encrypted-media\" data-featherlight-iframe-allowfullscreen=\"true\" title=\"Spela videohandledningen\">Spela videohandledningen <i class=\"fa fa-play-circle fa-2x\"><\/i><\/a>\n<\/div>\n<div style=\"text-align:center\">\nSe \u00e4ven:<br \/>\n<a target=\"_self\" class=\"jumbo grey tt-button\" href=\"https:\/\/www.labeljoy.com\/help-lj6\/manage-counters\/\" title=\"Anv\u00e4nda Inkrementella R\u00e4knare\" rel=\"noopener\">Hj\u00e4lpguide &#8211; Anv\u00e4nda Inkrementella R\u00e4knare <\/a><\/div>\n","protected":false},"excerpt":{"rendered":"<p>Hur man anv\u00e4nder inkrementella r\u00e4knare I detta video kan du l\u00e4ra dig hur man anv\u00e4nder inkrementella r\u00e4knare och dynamisk text funktioner. Exempelvis anger du datum, tid, antal sidor eller antal etiketter med n\u00e5gra f\u00e5 klick. Dessa funktioner l\u00e5ter dig enkelt anpassa professionella etiketter och bygga upp din design snabbare. Se \u00e4ven: Hj\u00e4lpguide &#8211; Anv\u00e4nda Inkrementella &#8230; <a title=\"Hur man anv\u00e4nder inkrementella r\u00e4knare\" class=\"read-more\" href=\"https:\/\/www.labeljoy.com\/sv\/video\/hur-man-anvaender-inkrementella-raeknare\/\" aria-label=\"L\u00e4s mer om Hur man anv\u00e4nder inkrementella r\u00e4knare\">Read more<\/a><\/p>\n","protected":false},"author":12,"featured_media":0,"parent":30733,"menu_order":0,"comment_status":"open","ping_status":"closed","template":"page-template-left-sidebar.php","meta":{"inline_featured_image":false,"_monsterinsights_skip_tracking":false,"_monsterinsights_sitenote_active":false,"_monsterinsights_sitenote_note":"","_monsterinsights_sitenote_category":0,"footnotes":""},"class_list":{"0":"post-30747","1":"page","2":"type-page","3":"status-publish","5":"infinite-scroll-item"},"aioseo_notices":[],"_links":{"self":[{"href":"https:\/\/www.labeljoy.com\/sv\/wp-json\/wp\/v2\/pages\/30747","targetHints":{"allow":["GET"]}}],"collection":[{"href":"https:\/\/www.labeljoy.com\/sv\/wp-json\/wp\/v2\/pages"}],"about":[{"href":"https:\/\/www.labeljoy.com\/sv\/wp-json\/wp\/v2\/types\/page"}],"author":[{"embeddable":true,"href":"https:\/\/www.labeljoy.com\/sv\/wp-json\/wp\/v2\/users\/12"}],"replies":[{"embeddable":true,"href":"https:\/\/www.labeljoy.com\/sv\/wp-json\/wp\/v2\/comments?post=30747"}],"version-history":[{"count":4,"href":"https:\/\/www.labeljoy.com\/sv\/wp-json\/wp\/v2\/pages\/30747\/revisions"}],"predecessor-version":[{"id":35872,"href":"https:\/\/www.labeljoy.com\/sv\/wp-json\/wp\/v2\/pages\/30747\/revisions\/35872"}],"up":[{"embeddable":true,"href":"https:\/\/www.labeljoy.com\/sv\/wp-json\/wp\/v2\/pages\/30733"}],"wp:attachment":[{"href":"https:\/\/www.labeljoy.com\/sv\/wp-json\/wp\/v2\/media?parent=30747"}],"curies":[{"name":"wp","href":"https:\/\/api.w.org\/{rel}","templated":true}]}}