{"id":30751,"date":"2018-11-26T23:06:49","date_gmt":"2018-11-26T23:06:49","guid":{"rendered":"https:\/\/www.labeljoy.com\/sv\/?page_id=30751"},"modified":"2021-05-24T13:10:51","modified_gmt":"2021-05-24T13:10:51","slug":"hur-du-anger-registreringskoden","status":"publish","type":"page","link":"https:\/\/www.labeljoy.com\/sv\/video\/hur-du-anger-registreringskoden\/","title":{"rendered":"Hur du anger registreringskoden"},"content":{"rendered":"<h2>Hur du anger registreringskoden &#8211;  Labeljoy 6<\/h2>\n<p>Hur aktivera Labeljoy 6 och var du ange aktiveringskoden f\u00f6r att anv\u00e4nda programvaran i Light, Basic eller Full-l\u00e4ge. <\/p>\n<div class=\"lyte-wrapper\" title=\"Labeljoy 6 - Hur du anger registreringskoden\" style=\"width:640px;max-width:100%;margin:5px;\"><div class=\"lyMe\" id=\"WYL_KxmobLpnc8c\" itemprop=\"video\" itemscope itemtype=\"https:\/\/schema.org\/VideoObject\"><div><meta itemprop=\"thumbnailUrl\" content=\"https:\/\/www.labeljoy.com\/wp-content\/plugins\/wp-youtube-lyte\/lyteCache.php?origThumbUrl=https%3A%2F%2Fi.ytimg.com%2Fvi%2FKxmobLpnc8c%2Fhqdefault.jpg\" \/><meta itemprop=\"embedURL\" content=\"https:\/\/www.youtube.com\/embed\/KxmobLpnc8c\" \/><meta itemprop=\"duration\" content=\"PT1M44S\" \/><meta itemprop=\"uploadDate\" content=\"2018-11-26T22:59:34Z\" \/><\/div><div id=\"lyte_KxmobLpnc8c\" data-src=\"https:\/\/www.labeljoy.com\/wp-content\/plugins\/wp-youtube-lyte\/lyteCache.php?origThumbUrl=https%3A%2F%2Fi.ytimg.com%2Fvi%2FKxmobLpnc8c%2Fhqdefault.jpg\" class=\"pL\"><div class=\"tC\"><div class=\"tT\" itemprop=\"name\">Labeljoy 6 - Hur du anger registreringskoden<\/div><\/div><div class=\"play\"><\/div><div class=\"ctrl\"><div class=\"Lctrl\"><\/div><div class=\"Rctrl\"><\/div><\/div><\/div><noscript><a href=\"https:\/\/youtu.be\/KxmobLpnc8c\" rel=\"nofollow\"><img decoding=\"async\" src=\"https:\/\/www.labeljoy.com\/wp-content\/plugins\/wp-youtube-lyte\/lyteCache.php?origThumbUrl=https%3A%2F%2Fi.ytimg.com%2Fvi%2FKxmobLpnc8c%2F0.jpg\" alt=\"Labeljoy 6 - Hur du anger registreringskoden\" width=\"640\" height=\"340\" \/><br \/>Watch this video on YouTube<\/a><\/noscript><meta itemprop=\"description\" content=\"Hur du aktiverar Labeljoy och var du ska ange Aktiveringsnyckeln f\u00f6r att anv\u00e4nda programvaran i Basic, Full eller Server mode. L\u00e4s mer om detta: https:\/\/www.labeljoy.com\/help-lj6\/software-registration\/\"><\/div><\/div><div class=\"lL\" style=\"max-width:100%;width:640px;margin:5px;\"><\/div>\n<div class=\"lj-video-button hide\">\n  <a href=\"https:\/\/www.youtube.com\/embed\/KxmobLpnc8c?rel=0&autoplay=1\" data-featherlight=\"iframe\" data-featherlight-iframe-width=\"800\" data-featherlight-iframe-height=\"610\" data-featherlight-iframe-frameborder=\"0\" data-featherlight-iframe-allow=\"autoplay; encrypted-media\" data-featherlight-iframe-allowfullscreen=\"true\" title=\"Spela videohandledningen\">Spela videohandledningen <i class=\"fa fa-play-circle fa-2x\"><\/i><\/a>\n<\/div>\n","protected":false},"excerpt":{"rendered":"<p>Hur du anger registreringskoden &#8211; Labeljoy 6 Hur aktivera Labeljoy 6 och var du ange aktiveringskoden f\u00f6r att anv\u00e4nda programvaran i Light, Basic eller Full-l\u00e4ge.<\/p>\n","protected":false},"author":12,"featured_media":0,"parent":30733,"menu_order":0,"comment_status":"open","ping_status":"closed","template":"page-template-left-sidebar.php","meta":{"inline_featured_image":false,"_monsterinsights_skip_tracking":false,"_monsterinsights_sitenote_active":false,"_monsterinsights_sitenote_note":"","_monsterinsights_sitenote_category":0,"footnotes":""},"class_list":{"0":"post-30751","1":"page","2":"type-page","3":"status-publish","5":"infinite-scroll-item"},"aioseo_notices":[],"_links":{"self":[{"href":"https:\/\/www.labeljoy.com\/sv\/wp-json\/wp\/v2\/pages\/30751","targetHints":{"allow":["GET"]}}],"collection":[{"href":"https:\/\/www.labeljoy.com\/sv\/wp-json\/wp\/v2\/pages"}],"about":[{"href":"https:\/\/www.labeljoy.com\/sv\/wp-json\/wp\/v2\/types\/page"}],"author":[{"embeddable":true,"href":"https:\/\/www.labeljoy.com\/sv\/wp-json\/wp\/v2\/users\/12"}],"replies":[{"embeddable":true,"href":"https:\/\/www.labeljoy.com\/sv\/wp-json\/wp\/v2\/comments?post=30751"}],"version-history":[{"count":2,"href":"https:\/\/www.labeljoy.com\/sv\/wp-json\/wp\/v2\/pages\/30751\/revisions"}],"predecessor-version":[{"id":35874,"href":"https:\/\/www.labeljoy.com\/sv\/wp-json\/wp\/v2\/pages\/30751\/revisions\/35874"}],"up":[{"embeddable":true,"href":"https:\/\/www.labeljoy.com\/sv\/wp-json\/wp\/v2\/pages\/30733"}],"wp:attachment":[{"href":"https:\/\/www.labeljoy.com\/sv\/wp-json\/wp\/v2\/media?parent=30751"}],"curies":[{"name":"wp","href":"https:\/\/api.w.org\/{rel}","templated":true}]}}